{"id":911,"date":"2017-09-23T22:29:26","date_gmt":"2017-09-23T20:29:26","guid":{"rendered":"http:\/\/www.archiwum.diecezjazg.pl\/?page_id=911"},"modified":"2017-09-23T22:30:25","modified_gmt":"2017-09-23T20:30:25","slug":"zuchlow-schuttlau-zespol-281-sygnatura-usczu","status":"publish","type":"page","link":"https:\/\/archiwum.diecezjazg.pl\/index.php\/zasoby-archiwalne\/zuchlow-schuttlau-zespol-281-sygnatura-usczu\/","title":{"rendered":"\u017buchl\u00f3w Sch\u00fcttlau, zesp\u00f3\u0142 281, sygnatura USC\u017bu"},"content":{"rendered":"\n<table id=\"tablepress-1462\" class=\"tablepress tablepress-id-1462\">\n<thead>\n<tr class=\"row-1 odd\">\n\t<th class=\"column-1\">Sygn<\/th><th class=\"column-2\">Zesp\u00f3\u0142 nr 281<\/th><th class=\"column-3\">Tytu\u0142<\/th><th class=\"column-4\">Rok_ant<\/th><th class=\"column-5\">Rok_p<\/th><th class=\"column-6\">Rok_k<\/th><th class=\"column-7\">Rok_pos<\/th><th class=\"column-8\">Opis_fizyczny<\/th><th class=\"column-9\">ilo\u015b\u0107 stron<\/th><th class=\"column-10\">wymiar<\/th><th class=\"column-11\">j\u0119zyk<\/th><th class=\"column-12\">Sygnatury dawne<\/th><th class=\"column-13\">Uwagi<\/th>\n<\/tr>\n<\/thead>\n<tbody class=\"row-hover\">\n<tr class=\"row-2 even\">\n\t<td class=\"column-1\">USC\u017bu 1<\/td><td class=\"column-2\">Urz\u0105d Stanu Cywilnego \u017buchl\u00f3w (Sch\u00fcttlau)<\/td><td class=\"column-3\">\u015aluby<\/td><td class=\"column-4\"><\/td><td class=\"column-5\"><\/td><td class=\"column-6\"><\/td><td class=\"column-7\"><\/td><td class=\"column-8\">akta lu\u017ane - 1 karta<\/td><td class=\"column-9\"><\/td><td class=\"column-10\">250x400<\/td><td class=\"column-11\">niem<\/td><td class=\"column-12\"><\/td><td class=\"column-13\"><\/td>\n<\/tr>\n<tr class=\"row-3 odd\">\n\t<td class=\"column-1\">USC\u017bu 2<\/td><td class=\"column-2\">Urz\u0105d Stanu Cywilnego \u017buchl\u00f3w (Sch\u00fcttlau)<\/td><td class=\"column-3\">Urodzenia Geburts-Neben-Register<\/td><td class=\"column-4\"><\/td><td class=\"column-5\">1877<\/td><td class=\"column-6\">1877<\/td><td class=\"column-7\"><\/td><td class=\"column-8\">ksi\u0119ga<\/td><td class=\"column-9\"><\/td><td class=\"column-10\">240x370<\/td><td class=\"column-11\">niem<\/td><td class=\"column-12\"><\/td><td class=\"column-13\"><\/td>\n<\/tr>\n<tr class=\"row-4 even\">\n\t<td class=\"column-1\">USC\u017bu 3<\/td><td class=\"column-2\">Urz\u0105d Stanu Cywilnego \u017buchl\u00f3w (Sch\u00fcttlau)<\/td><td class=\"column-3\">Urodzenia Geburts-Neben-Register<\/td><td class=\"column-4\"><\/td><td class=\"column-5\">1880<\/td><td class=\"column-6\">1880<\/td><td class=\"column-7\"><\/td><td class=\"column-8\">ksi\u0119ga<\/td><td class=\"column-9\"><\/td><td class=\"column-10\">240x370<\/td><td class=\"column-11\">niem<\/td><td class=\"column-12\"><\/td><td class=\"column-13\"><\/td>\n<\/tr>\n<tr class=\"row-5 odd\">\n\t<td class=\"column-1\">USC\u017bu 4<\/td><td class=\"column-2\">Urz\u0105d Stanu Cywilnego \u017buchl\u00f3w (Sch\u00fcttlau)<\/td><td class=\"column-3\">Urodzenia Geburts-Neben-Register<\/td><td class=\"column-4\"><\/td><td class=\"column-5\">1885<\/td><td class=\"column-6\">1885<\/td><td class=\"column-7\"><\/td><td class=\"column-8\">ksi\u0119ga<\/td><td class=\"column-9\"><\/td><td class=\"column-10\">240x370<\/td><td class=\"column-11\">niem<\/td><td class=\"column-12\"><\/td><td class=\"column-13\"><\/td>\n<\/tr>\n<tr class=\"row-6 even\">\n\t<td class=\"column-1\">USC\u017bu 5<\/td><td class=\"column-2\">Urz\u0105d Stanu Cywilnego \u017buchl\u00f3w (Sch\u00fcttlau)<\/td><td class=\"column-3\">Zgony Sterbe-Neben-Register<\/td><td class=\"column-4\"><\/td><td class=\"column-5\">1909<\/td><td class=\"column-6\">1909<\/td><td class=\"column-7\"><\/td><td class=\"column-8\">poszyt<\/td><td class=\"column-9\"><\/td><td class=\"column-10\">250x400<\/td><td class=\"column-11\">niem<\/td><td class=\"column-12\"><\/td><td class=\"column-13\"><\/td>\n<\/tr>\n<tr class=\"row-7 odd\">\n\t<td class=\"column-1\">USC\u017bu 6<\/td><td class=\"column-2\">Urz\u0105d Stanu Cywilnego \u017buchl\u00f3w (Sch\u00fcttlau)<\/td><td class=\"column-3\">Zgony Sterbe-Neben-Register<\/td><td class=\"column-4\"><\/td><td class=\"column-5\">1928<\/td><td class=\"column-6\">1928<\/td><td class=\"column-7\"><\/td><td class=\"column-8\">poszyt<\/td><td class=\"column-9\"><\/td><td class=\"column-10\">250x390<\/td><td class=\"column-11\">niem<\/td><td class=\"column-12\"><\/td><td class=\"column-13\"><\/td>\n<\/tr>\n<tr class=\"row-8 even\">\n\t<td class=\"column-1\">USC\u017bu 7<\/td><td class=\"column-2\">Urz\u0105d Stanu Cywilnego \u017buchl\u00f3w (Sch\u00fcttlau)<\/td><td class=\"column-3\">Zgony Sterbe-Neben-Register<\/td><td class=\"column-4\"><\/td><td class=\"column-5\">1931<\/td><td class=\"column-6\">1931<\/td><td class=\"column-7\"><\/td><td class=\"column-8\">poszyt<\/td><td class=\"column-9\"><\/td><td class=\"column-10\">210x300<\/td><td class=\"column-11\">niem<\/td><td class=\"column-12\"><\/td><td class=\"column-13\"><\/td>\n<\/tr>\n<tr class=\"row-9 odd\">\n\t<td class=\"column-1\">USC\u017bu 8<\/td><td class=\"column-2\">Urz\u0105d Stanu Cywilnego \u017buchl\u00f3w (Sch\u00fcttlau)<\/td><td class=\"column-3\">Urodzenia Geburts-Neben-Register<\/td><td class=\"column-4\"><\/td><td class=\"column-5\">1935<\/td><td class=\"column-6\">1935<\/td><td class=\"column-7\"><\/td><td class=\"column-8\">poszyt<\/td><td class=\"column-9\"><\/td><td class=\"column-10\">210x301<\/td><td class=\"column-11\">niem<\/td><td class=\"column-12\"><\/td><td class=\"column-13\"><\/td>\n<\/tr>\n<\/tbody>\n<\/table>\n<!-- #tablepress-1462 from cache -->\n","protected":false},"excerpt":{"rendered":"","protected":false},"author":1,"featured_media":0,"parent":46,"menu_order":0,"comment_status":"closed","ping_status":"closed","template":"","meta":{"ngg_post_thumbnail":0},"_links":{"self":[{"href":"https:\/\/archiwum.diecezjazg.pl\/index.php\/wp-json\/wp\/v2\/pages\/911"}],"collection":[{"href":"https:\/\/archiwum.diecezjazg.pl\/index.php\/wp-json\/wp\/v2\/pages"}],"about":[{"href":"https:\/\/archiwum.diecezjazg.pl\/index.php\/wp-json\/wp\/v2\/types\/page"}],"author":[{"embeddable":true,"href":"https:\/\/archiwum.diecezjazg.pl\/index.php\/wp-json\/wp\/v2\/users\/1"}],"replies":[{"embeddable":true,"href":"https:\/\/archiwum.diecezjazg.pl\/index.php\/wp-json\/wp\/v2\/comments?post=911"}],"version-history":[{"count":1,"href":"https:\/\/archiwum.diecezjazg.pl\/index.php\/wp-json\/wp\/v2\/pages\/911\/revisions"}],"predecessor-version":[{"id":912,"href":"https:\/\/archiwum.diecezjazg.pl\/index.php\/wp-json\/wp\/v2\/pages\/911\/revisions\/912"}],"up":[{"embeddable":true,"href":"https:\/\/archiwum.diecezjazg.pl\/index.php\/wp-json\/wp\/v2\/pages\/46"}],"wp:attachment":[{"href":"https:\/\/archiwum.diecezjazg.pl\/index.php\/wp-json\/wp\/v2\/media?parent=911"}],"curies":[{"name":"wp","href":"https:\/\/api.w.org\/{rel}","templated":true}]}}