{"id":860,"date":"2017-09-23T22:09:45","date_gmt":"2017-09-23T20:09:45","guid":{"rendered":"http:\/\/www.archiwum.diecezjazg.pl\/?page_id=860"},"modified":"2017-09-23T22:09:45","modified_gmt":"2017-09-23T20:09:45","slug":"uszczonow-austen-zespol-269-sygnatura-uscu","status":"publish","type":"page","link":"https:\/\/archiwum.diecezjazg.pl\/index.php\/zasoby-archiwalne\/uszczonow-austen-zespol-269-sygnatura-uscu\/","title":{"rendered":"Uszczon\u00f3w Austen, zesp\u00f3\u0142 269, sygnatura USCU"},"content":{"rendered":"\n<table id=\"tablepress-1450\" class=\"tablepress tablepress-id-1450\">\n<thead>\n<tr class=\"row-1 odd\">\n\t<th class=\"column-1\">Sygn<\/th><th class=\"column-2\">Zesp\u00f3\u0142 nr 269<\/th><th class=\"column-3\">Tytu\u0142<\/th><th class=\"column-4\">Rok_ant<\/th><th class=\"column-5\">Rok_p<\/th><th class=\"column-6\">Rok_k<\/th><th class=\"column-7\">Rok_pos<\/th><th class=\"column-8\">Opis_fizyczny<\/th><th class=\"column-9\">ilo\u015b\u0107 stron<\/th><th class=\"column-10\">wymiar<\/th><th class=\"column-11\">j\u0119zyk<\/th><th class=\"column-12\">Sygnatury dawne<\/th><th class=\"column-13\">Uwagi<\/th>\n<\/tr>\n<\/thead>\n<tbody class=\"row-hover\">\n<tr class=\"row-2 even\">\n\t<td class=\"column-1\">USCU 1<\/td><td class=\"column-2\">Urz\u0105d Stanu Cywilnego Uszczon\u00f3w (Austen)<\/td><td class=\"column-3\">\u015aluby Heirats-Neben-Register<\/td><td class=\"column-4\"><\/td><td class=\"column-5\">1879<\/td><td class=\"column-6\">1879<\/td><td class=\"column-7\"><\/td><td class=\"column-8\">ksi\u0119ga<\/td><td class=\"column-9\"><\/td><td class=\"column-10\">260x400<\/td><td class=\"column-11\">niem<\/td><td class=\"column-12\"><\/td><td class=\"column-13\"><\/td>\n<\/tr>\n<tr class=\"row-3 odd\">\n\t<td class=\"column-1\">USCU 2<\/td><td class=\"column-2\">Urz\u0105d Stanu Cywilnego Uszczon\u00f3w (Austen)<\/td><td class=\"column-3\">Urodzenia Geburts-Neben-Register<\/td><td class=\"column-4\"><\/td><td class=\"column-5\">1882<\/td><td class=\"column-6\">1882<\/td><td class=\"column-7\"><\/td><td class=\"column-8\">ksi\u0119ga<\/td><td class=\"column-9\"><\/td><td class=\"column-10\">240x370<\/td><td class=\"column-11\">niem<\/td><td class=\"column-12\"><\/td><td class=\"column-13\"><\/td>\n<\/tr>\n<tr class=\"row-4 even\">\n\t<td class=\"column-1\">USCU 3<\/td><td class=\"column-2\">Urz\u0105d Stanu Cywilnego Uszczon\u00f3w (Austen)<\/td><td class=\"column-3\">Zgony Sterbe-Neben-Register<\/td><td class=\"column-4\"><\/td><td class=\"column-5\">1883<\/td><td class=\"column-6\">1883<\/td><td class=\"column-7\"><\/td><td class=\"column-8\">ksi\u0119ga<\/td><td class=\"column-9\"><\/td><td class=\"column-10\">240x380<\/td><td class=\"column-11\">niem<\/td><td class=\"column-12\"><\/td><td class=\"column-13\"><\/td>\n<\/tr>\n<tr class=\"row-5 odd\">\n\t<td class=\"column-1\">USCU 4<\/td><td class=\"column-2\">Urz\u0105d Stanu Cywilnego Uszczon\u00f3w (Austen)<\/td><td class=\"column-3\">\u015aluby Heirats-Neben-Register<\/td><td class=\"column-4\"><\/td><td class=\"column-5\">1885<\/td><td class=\"column-6\">1885<\/td><td class=\"column-7\"><\/td><td class=\"column-8\">ksi\u0119ga<\/td><td class=\"column-9\"><\/td><td class=\"column-10\">240x370<\/td><td class=\"column-11\">niem<\/td><td class=\"column-12\"><\/td><td class=\"column-13\"><\/td>\n<\/tr>\n<tr class=\"row-6 even\">\n\t<td class=\"column-1\">USCU 5<\/td><td class=\"column-2\">Urz\u0105d Stanu Cywilnego Uszczon\u00f3w (Austen)<\/td><td class=\"column-3\">\u015aluby Heirats-Neben-Register<\/td><td class=\"column-4\"><\/td><td class=\"column-5\">1892<\/td><td class=\"column-6\">1892<\/td><td class=\"column-7\"><\/td><td class=\"column-8\">ksi\u0119ga<\/td><td class=\"column-9\"><\/td><td class=\"column-10\">240x370<\/td><td class=\"column-11\">niem<\/td><td class=\"column-12\"><\/td><td class=\"column-13\"><\/td>\n<\/tr>\n<tr class=\"row-7 odd\">\n\t<td class=\"column-1\">USCU 6<\/td><td class=\"column-2\">Urz\u0105d Stanu Cywilnego Uszczon\u00f3w (Austen)<\/td><td class=\"column-3\">Urodzenia Geburts-Neben-Register<\/td><td class=\"column-4\"><\/td><td class=\"column-5\">1909<\/td><td class=\"column-6\">1909<\/td><td class=\"column-7\"><\/td><td class=\"column-8\">poszyt<\/td><td class=\"column-9\"><\/td><td class=\"column-10\">250x400<\/td><td class=\"column-11\">niem<\/td><td class=\"column-12\"><\/td><td class=\"column-13\"><\/td>\n<\/tr>\n<tr class=\"row-8 even\">\n\t<td class=\"column-1\">USCU 7<\/td><td class=\"column-2\">Urz\u0105d Stanu Cywilnego Uszczon\u00f3w (Austen)<\/td><td class=\"column-3\">Zgony Sterbe-Neben-Register<\/td><td class=\"column-4\"><\/td><td class=\"column-5\">1925<\/td><td class=\"column-6\">1925<\/td><td class=\"column-7\"><\/td><td class=\"column-8\">poszyt<\/td><td class=\"column-9\"><\/td><td class=\"column-10\">250x390<\/td><td class=\"column-11\">niem<\/td><td class=\"column-12\"><\/td><td class=\"column-13\"><\/td>\n<\/tr>\n<tr class=\"row-9 odd\">\n\t<td class=\"column-1\">USCU 8<\/td><td class=\"column-2\">Urz\u0105d Stanu Cywilnego Uszczon\u00f3w (Austen)<\/td><td class=\"column-3\">Urodzenia Geburts-Neben-Register<\/td><td class=\"column-4\"><\/td><td class=\"column-5\">1925<\/td><td class=\"column-6\">1925<\/td><td class=\"column-7\"><\/td><td class=\"column-8\">poszyt<\/td><td class=\"column-9\"><\/td><td class=\"column-10\">250x390<\/td><td class=\"column-11\">niem<\/td><td class=\"column-12\"><\/td><td class=\"column-13\"><\/td>\n<\/tr>\n<tr class=\"row-10 even\">\n\t<td class=\"column-1\">USCU 9<\/td><td class=\"column-2\">Urz\u0105d Stanu Cywilnego Uszczon\u00f3w (Austen)<\/td><td class=\"column-3\">Zgony Sterbe-Neben-Register<\/td><td class=\"column-4\"><\/td><td class=\"column-5\">1929<\/td><td class=\"column-6\">1929<\/td><td class=\"column-7\"><\/td><td class=\"column-8\">poszyt<\/td><td class=\"column-9\"><\/td><td class=\"column-10\">200x290<\/td><td class=\"column-11\">niem<\/td><td class=\"column-12\"><\/td><td class=\"column-13\"><\/td>\n<\/tr>\n<tr class=\"row-11 odd\">\n\t<td class=\"column-1\">USCU 10<\/td><td class=\"column-2\">Urz\u0105d Stanu Cywilnego Uszczon\u00f3w (Austen)<\/td><td class=\"column-3\">\u015aluby Heirats-Neben-Register<\/td><td class=\"column-4\"><\/td><td class=\"column-5\">1932<\/td><td class=\"column-6\">1932<\/td><td class=\"column-7\"><\/td><td class=\"column-8\">poszyt<\/td><td class=\"column-9\"><\/td><td class=\"column-10\">210x300<\/td><td class=\"column-11\">niem<\/td><td class=\"column-12\"><\/td><td class=\"column-13\"><\/td>\n<\/tr>\n<tr class=\"row-12 even\">\n\t<td class=\"column-1\">USCU 11<\/td><td class=\"column-2\">Urz\u0105d Stanu Cywilnego Uszczon\u00f3w (Austen)<\/td><td class=\"column-3\">\u015aluby Heirats-Neben-Register<\/td><td class=\"column-4\"><\/td><td class=\"column-5\">1933<\/td><td class=\"column-6\">1933<\/td><td class=\"column-7\"><\/td><td class=\"column-8\">poszyt<\/td><td class=\"column-9\"><\/td><td class=\"column-10\">210x300<\/td><td class=\"column-11\">niem<\/td><td class=\"column-12\"><\/td><td class=\"column-13\"><\/td>\n<\/tr>\n<\/tbody>\n<\/table>\n<!-- #tablepress-1450 from cache -->\n","protected":false},"excerpt":{"rendered":"","protected":false},"author":1,"featured_media":0,"parent":46,"menu_order":0,"comment_status":"closed","ping_status":"closed","template":"","meta":{"ngg_post_thumbnail":0},"_links":{"self":[{"href":"https:\/\/archiwum.diecezjazg.pl\/index.php\/wp-json\/wp\/v2\/pages\/860"}],"collection":[{"href":"https:\/\/archiwum.diecezjazg.pl\/index.php\/wp-json\/wp\/v2\/pages"}],"about":[{"href":"https:\/\/archiwum.diecezjazg.pl\/index.php\/wp-json\/wp\/v2\/types\/page"}],"author":[{"embeddable":true,"href":"https:\/\/archiwum.diecezjazg.pl\/index.php\/wp-json\/wp\/v2\/users\/1"}],"replies":[{"embeddable":true,"href":"https:\/\/archiwum.diecezjazg.pl\/index.php\/wp-json\/wp\/v2\/comments?post=860"}],"version-history":[{"count":1,"href":"https:\/\/archiwum.diecezjazg.pl\/index.php\/wp-json\/wp\/v2\/pages\/860\/revisions"}],"predecessor-version":[{"id":863,"href":"https:\/\/archiwum.diecezjazg.pl\/index.php\/wp-json\/wp\/v2\/pages\/860\/revisions\/863"}],"up":[{"embeddable":true,"href":"https:\/\/archiwum.diecezjazg.pl\/index.php\/wp-json\/wp\/v2\/pages\/46"}],"wp:attachment":[{"href":"https:\/\/archiwum.diecezjazg.pl\/index.php\/wp-json\/wp\/v2\/media?parent=860"}],"curies":[{"name":"wp","href":"https:\/\/api.w.org\/{rel}","templated":true}]}}