{"id":829,"date":"2017-09-23T21:58:39","date_gmt":"2017-09-23T19:58:39","guid":{"rendered":"http:\/\/www.archiwum.diecezjazg.pl\/?page_id=829"},"modified":"2017-09-23T21:58:39","modified_gmt":"2017-09-23T19:58:39","slug":"siedlnica-swidnica-czerlejewo-zespol-261-sygnatura-uscsi","status":"publish","type":"page","link":"https:\/\/archiwum.diecezjazg.pl\/index.php\/zasoby-archiwalne\/siedlnica-swidnica-czerlejewo-zespol-261-sygnatura-uscsi\/","title":{"rendered":"Siedlnica \u015awidnica Czerlejewo, zesp\u00f3\u0142 261, sygnatura USCSi"},"content":{"rendered":"\n<table id=\"tablepress-1442\" class=\"tablepress tablepress-id-1442\">\n<thead>\n<tr class=\"row-1 odd\">\n\t<th class=\"column-1\">Sygn<\/th><th class=\"column-2\">Zesp\u00f3\u0142 nr 261<\/th><th class=\"column-3\">Tytu\u0142<\/th><th class=\"column-4\">Rok_ant<\/th><th class=\"column-5\">Rok_p<\/th><th class=\"column-6\">Rok_k<\/th><th class=\"column-7\">Rok_pos<\/th><th class=\"column-8\">Opis_fizyczny<\/th><th class=\"column-9\">ilo\u015b\u0107 stron<\/th><th class=\"column-10\">wymiar<\/th><th class=\"column-11\">j\u0119zyk<\/th><th class=\"column-12\">Sygnatury dawne<\/th><th class=\"column-13\">Uwagi<\/th>\n<\/tr>\n<\/thead>\n<tbody class=\"row-hover\">\n<tr class=\"row-2 even\">\n\t<td class=\"column-1\">USCSi 1<\/td><td class=\"column-2\">Akta Stanu Cywilnego Gmina \u015awidnica<\/td><td class=\"column-3\">Akta Stanu Cywilnego [urodzenia, \u015bluby, zgony]<\/td><td class=\"column-4\"><\/td><td class=\"column-5\">1809<\/td><td class=\"column-6\">1811<\/td><td class=\"column-7\"><\/td><td class=\"column-8\">ksi\u0119ga<\/td><td class=\"column-9\"><\/td><td class=\"column-10\">230x370<\/td><td class=\"column-11\">pol, niem<\/td><td class=\"column-12\"><\/td><td class=\"column-13\">AZGWSD<\/td>\n<\/tr>\n<tr class=\"row-3 odd\">\n\t<td class=\"column-1\">USCSi 2<\/td><td class=\"column-2\">Akta Stanu Cywilnego Gmina \u015awidnica i Czerlejewo<\/td><td class=\"column-3\">Akta Stanu Cywilnego [urodzenia, \u015bluby, zgony]<\/td><td class=\"column-4\"><\/td><td class=\"column-5\">1812<\/td><td class=\"column-6\">1813<\/td><td class=\"column-7\"><\/td><td class=\"column-8\">ksi\u0119ga<\/td><td class=\"column-9\"><\/td><td class=\"column-10\">230x350<\/td><td class=\"column-11\">pol, niem<\/td><td class=\"column-12\"><\/td><td class=\"column-13\">AZGWSD<\/td>\n<\/tr>\n<tr class=\"row-4 even\">\n\t<td class=\"column-1\">USCSi 3<\/td><td class=\"column-2\">Akta Stanu Cywilnego Gmina \u015awidnica<\/td><td class=\"column-3\">Akta Stanu Cywilnego [urodzenia, \u015bluby, zgony]<\/td><td class=\"column-4\"><\/td><td class=\"column-5\">1814<\/td><td class=\"column-6\">1814<\/td><td class=\"column-7\"><\/td><td class=\"column-8\">ksi\u0119ga<\/td><td class=\"column-9\"><\/td><td class=\"column-10\">200x340<\/td><td class=\"column-11\">pol, niem<\/td><td class=\"column-12\"><\/td><td class=\"column-13\">AZGWSD<\/td>\n<\/tr>\n<\/tbody>\n<\/table>\n<!-- #tablepress-1442 from cache -->\n","protected":false},"excerpt":{"rendered":"","protected":false},"author":1,"featured_media":0,"parent":46,"menu_order":0,"comment_status":"closed","ping_status":"closed","template":"","meta":{"ngg_post_thumbnail":0},"_links":{"self":[{"href":"https:\/\/archiwum.diecezjazg.pl\/index.php\/wp-json\/wp\/v2\/pages\/829"}],"collection":[{"href":"https:\/\/archiwum.diecezjazg.pl\/index.php\/wp-json\/wp\/v2\/pages"}],"about":[{"href":"https:\/\/archiwum.diecezjazg.pl\/index.php\/wp-json\/wp\/v2\/types\/page"}],"author":[{"embeddable":true,"href":"https:\/\/archiwum.diecezjazg.pl\/index.php\/wp-json\/wp\/v2\/users\/1"}],"replies":[{"embeddable":true,"href":"https:\/\/archiwum.diecezjazg.pl\/index.php\/wp-json\/wp\/v2\/comments?post=829"}],"version-history":[{"count":1,"href":"https:\/\/archiwum.diecezjazg.pl\/index.php\/wp-json\/wp\/v2\/pages\/829\/revisions"}],"predecessor-version":[{"id":830,"href":"https:\/\/archiwum.diecezjazg.pl\/index.php\/wp-json\/wp\/v2\/pages\/829\/revisions\/830"}],"up":[{"embeddable":true,"href":"https:\/\/archiwum.diecezjazg.pl\/index.php\/wp-json\/wp\/v2\/pages\/46"}],"wp:attachment":[{"href":"https:\/\/archiwum.diecezjazg.pl\/index.php\/wp-json\/wp\/v2\/media?parent=829"}],"curies":[{"name":"wp","href":"https:\/\/api.w.org\/{rel}","templated":true}]}}