{"id":80,"date":"2017-08-29T09:48:40","date_gmt":"2017-08-29T07:48:40","guid":{"rendered":"http:\/\/serwer1361595.home.pl\/www\/archiwum-site\/?page_id=80"},"modified":"2023-11-30T09:04:45","modified_gmt":"2023-11-30T08:04:45","slug":"galeria","status":"publish","type":"page","link":"https:\/\/archiwum.diecezjazg.pl\/index.php\/galeria\/","title":{"rendered":"Galeria"},"content":{"rendered":"<h3>Otwarcie Archiwum Diecezjalnego &#8211; 8 lutego 2018<\/h3>\nngg_shortcode_0_placeholder\n<p>Autorem zdj\u0119\u0107 jest ks. Adrian Put.<\/p>\n<h3 style=\"text-align: left;\">Konferencja pt. &#8222;Chrze\u015bcija\u0144skie Dziedzictwo Ziemi Lubuskiej&#8221; w Parady\u017cu &#8211; 2 czerwca 2016<\/h3>\nngg_shortcode_1_placeholder\n<p style=\"text-align: left;\">&nbsp;<\/p>\n<h3 style=\"text-align: left;\">Uroczysto\u015b\u0107 NMP Kr\u00f3lowej Polski w ko\u015bciele \u015aw. Stanis\u0142awa Kostki w Sulechowie &#8211; 3 maja 2016<\/h3>\nngg_shortcode_2_placeholder\n<h3 style=\"text-align: left;\">&nbsp;<\/h3>\n<h3 style=\"text-align: left;\">Wizyta ks. Bpa Tadeusza Lity\u0144skiego w Diecezjalnym Archiwum w Zielonej G\u00f3rze &#8211; 25 lutego 2016<\/h3>\nngg_shortcode_3_placeholder\n<h3 style=\"text-align: left;\">&nbsp;<\/h3>\n<h3 style=\"text-align: left;\">Wizyta ks. Bpa Tadeusza Lity\u0144skiego w Diecezjalnym Archiwum w Zielonej G\u00f3rze &#8211; 1 grudnia 2015<\/h3>\nngg_shortcode_4_placeholder\n<p style=\"text-align: left;\">&nbsp;<\/p>\n<h3 style=\"text-align: left;\">Wizyta ks. bp Mariusza Leszczy\u0144skiego i ks. Tomasza Rybi\u0144skiego z Zamo\u015bcia &#8211; 11 sierpnia 2015<\/h3>\nngg_shortcode_5_placeholder\n<p style=\"text-align: left;\">&nbsp;<\/p>\n<h3 style=\"text-align: left;\">Wrzesi\u0144skie obchody 100. rocznicy \u015bmierci abp Edwarda Likowskiego w Muzeum Regionalnym im. Dzieci Wrzesi\u0144skich &#8211; Wrze\u015bnia 8.05.2015 r.<\/h3>\nngg_shortcode_6_placeholder\n<p style=\"text-align: left;\">&nbsp;<\/p>\n<h3 style=\"text-align: left;\">Konferencja naukowa z okazji 100-lecia \u015bmierci abpa Edwarda Likowskiego w Poznaniu &#8211; 20 lutego 2015<\/h3>\nngg_shortcode_7_placeholder\n<p style=\"text-align: left;\">&nbsp;<\/p>\n<h3 style=\"text-align: left;\">Otwarcie kuli z wie\u017cy ko\u015bcielnej ze Skibic &#8211; 12 listopada 2014<\/h3>\nngg_shortcode_8_placeholder\n<h3 style=\"text-align: left;\">&nbsp;<\/h3>\n<h3 style=\"text-align: left;\">Wizyta na cmentarzu wojennym w Starym Czarnowie<\/h3>\nngg_shortcode_9_placeholder\n<p style=\"text-align: left;\">&nbsp;<\/p>\n<h3 style=\"text-align: left;\">Eksponaty<\/h3>\nngg_shortcode_10_placeholder\n<p style=\"text-align: left;\">&nbsp;<\/p>\n<h3 style=\"text-align: left;\">Galerie fotografii i albumy<\/h3>\nngg_shortcode_11_placeholder\n<p style=\"text-align: left;\">&nbsp;<\/p>\n<p>]<\/p>\n","protected":false},"excerpt":{"rendered":"<p>Otwarcie Archiwum Diecezjalnego &#8211; 8 lutego 2018 &#8221; order_by=&#8221;sortorder&#8221; order_direction=&#8221;ASC&#8221; returns=&#8221;included&#8221; maximum_entity_count=&#8221;500&#8243;] Autorem zdj\u0119\u0107 jest ks. Adrian Put. Konferencja pt. &#8222;Chrze\u015bcija\u0144skie Dziedzictwo Ziemi Lubuskiej&#8221; w Parady\u017cu &#8211; 2 czerwca 2016 &#8221; order_by=&#8221;sortorder&#8221; order_direction=&#8221;ASC&#8221; returns=&#8221;included&#8221; maximum_entity_count=&#8221;500&#8243;] &nbsp; Uroczysto\u015b\u0107 NMP Kr\u00f3lowej Polski w ko\u015bciele \u015aw. Stanis\u0142awa Kostki w Sulechowie &#8211; 3 maja 2016 &#8221; order_by=&#8221;sortorder&#8221; order_direction=&#8221;ASC&#8221; returns=&#8221;included&#8221;&#8230;<\/p>\n<p class=\"more-link\"><a href=\"https:\/\/archiwum.diecezjazg.pl\/index.php\/galeria\/\"><span>Czytaj wi\u0119cej<\/span><i>&#43;<\/i><\/a><\/p>\n","protected":false},"author":1,"featured_media":0,"parent":0,"menu_order":0,"comment_status":"closed","ping_status":"closed","template":"","meta":{"ngg_post_thumbnail":0},"_links":{"self":[{"href":"https:\/\/archiwum.diecezjazg.pl\/index.php\/wp-json\/wp\/v2\/pages\/80"}],"collection":[{"href":"https:\/\/archiwum.diecezjazg.pl\/index.php\/wp-json\/wp\/v2\/pages"}],"about":[{"href":"https:\/\/archiwum.diecezjazg.pl\/index.php\/wp-json\/wp\/v2\/types\/page"}],"author":[{"embeddable":true,"href":"https:\/\/archiwum.diecezjazg.pl\/index.php\/wp-json\/wp\/v2\/users\/1"}],"replies":[{"embeddable":true,"href":"https:\/\/archiwum.diecezjazg.pl\/index.php\/wp-json\/wp\/v2\/comments?post=80"}],"version-history":[{"count":19,"href":"https:\/\/archiwum.diecezjazg.pl\/index.php\/wp-json\/wp\/v2\/pages\/80\/revisions"}],"predecessor-version":[{"id":2898,"href":"https:\/\/archiwum.diecezjazg.pl\/index.php\/wp-json\/wp\/v2\/pages\/80\/revisions\/2898"}],"wp:attachment":[{"href":"https:\/\/archiwum.diecezjazg.pl\/index.php\/wp-json\/wp\/v2\/media?parent=80"}],"curies":[{"name":"wp","href":"https:\/\/api.w.org\/{rel}","templated":true}]}}