{"id":764,"date":"2017-09-23T21:34:08","date_gmt":"2017-09-23T19:34:08","guid":{"rendered":"http:\/\/www.archiwum.diecezjazg.pl\/?page_id=764"},"modified":"2017-09-23T21:34:08","modified_gmt":"2017-09-23T19:34:08","slug":"kalow-kahlau-zespol-245-sygnatura-usck","status":"publish","type":"page","link":"https:\/\/archiwum.diecezjazg.pl\/index.php\/zasoby-archiwalne\/kalow-kahlau-zespol-245-sygnatura-usck\/","title":{"rendered":"Ka\u0142\u00f3w Kahlau, zesp\u00f3\u0142 245, sygnatura USCK"},"content":{"rendered":"\n<table id=\"tablepress-1426\" class=\"tablepress tablepress-id-1426\">\n<thead>\n<tr class=\"row-1 odd\">\n\t<th class=\"column-1\">Sygn<\/th><th class=\"column-2\">Zesp\u00f3\u0142 nr 245 <\/th><th class=\"column-3\">Tytu\u0142<\/th><th class=\"column-4\">Rok_ant<\/th><th class=\"column-5\">Rok_p<\/th><th class=\"column-6\">Rok_k<\/th><th class=\"column-7\">Rok_pos<\/th><th class=\"column-8\">Opis_fizyczny<\/th><th class=\"column-9\">ilo\u015b\u0107 stron<\/th><th class=\"column-10\">wymiar<\/th><th class=\"column-11\">j\u0119zyk<\/th><th class=\"column-12\">Sygnatury dawne<\/th><th class=\"column-13\">Uwagi<\/th>\n<\/tr>\n<\/thead>\n<tbody class=\"row-hover\">\n<tr class=\"row-2 even\">\n\t<td class=\"column-1\">USCK 1<\/td><td class=\"column-2\">Urz\u0105d Stanu Cywilnego Ka\u0142\u00f3w (Kahlau)<\/td><td class=\"column-3\">Chrzty, \u015bluby, zgony<\/td><td class=\"column-4\"><\/td><td class=\"column-5\">1833<\/td><td class=\"column-6\">1833<\/td><td class=\"column-7\"><\/td><td class=\"column-8\">poszyt<\/td><td class=\"column-9\"><\/td><td class=\"column-10\">220x370<\/td><td class=\"column-11\">niem<\/td><td class=\"column-12\"><\/td><td class=\"column-13\"><\/td>\n<\/tr>\n<tr class=\"row-3 odd\">\n\t<td class=\"column-1\">USCK 2<\/td><td class=\"column-2\">Urz\u0105d Stanu Cywilnego Ka\u0142\u00f3w (Kahlau)<\/td><td class=\"column-3\">\u015aluby Heirats-Neben-Register<\/td><td class=\"column-4\"><\/td><td class=\"column-5\">1887<\/td><td class=\"column-6\">1887<\/td><td class=\"column-7\"><\/td><td class=\"column-8\">ksi\u0119ga<\/td><td class=\"column-9\"><\/td><td class=\"column-10\">240x370<\/td><td class=\"column-11\">niem<\/td><td class=\"column-12\"><\/td><td class=\"column-13\"><\/td>\n<\/tr>\n<tr class=\"row-4 even\">\n\t<td class=\"column-1\">USCK 3<\/td><td class=\"column-2\">Urz\u0105d Stanu Cywilnego Ka\u0142\u00f3w (Kahlau)<\/td><td class=\"column-3\">Zgony Sterbe-Neben-register<\/td><td class=\"column-4\"><\/td><td class=\"column-5\">1891<\/td><td class=\"column-6\">1891<\/td><td class=\"column-7\"><\/td><td class=\"column-8\">ksi\u0119ga<\/td><td class=\"column-9\"><\/td><td class=\"column-10\">240x370<\/td><td class=\"column-11\">niem<\/td><td class=\"column-12\"><\/td><td class=\"column-13\"><\/td>\n<\/tr>\n<tr class=\"row-5 odd\">\n\t<td class=\"column-1\">USCK 4<\/td><td class=\"column-2\">Urz\u0105d Stanu Cywilnego Ka\u0142\u00f3w (Kahlau)<\/td><td class=\"column-3\">\u015aluby Heirats-Neben-Register<\/td><td class=\"column-4\"><\/td><td class=\"column-5\">1903<\/td><td class=\"column-6\">1903<\/td><td class=\"column-7\"><\/td><td class=\"column-8\">ksi\u0119ga<\/td><td class=\"column-9\"><\/td><td class=\"column-10\">250x390<\/td><td class=\"column-11\">niem<\/td><td class=\"column-12\"><\/td><td class=\"column-13\"><\/td>\n<\/tr>\n<tr class=\"row-6 even\">\n\t<td class=\"column-1\">USCK 5<\/td><td class=\"column-2\">Urz\u0105d Stanu Cywilnego Ka\u0142\u00f3w (Kahlau)<\/td><td class=\"column-3\">\u015aluby Heirats-Neben-Register<\/td><td class=\"column-4\"><\/td><td class=\"column-5\">1917<\/td><td class=\"column-6\">1917<\/td><td class=\"column-7\"><\/td><td class=\"column-8\">poszyt<\/td><td class=\"column-9\"><\/td><td class=\"column-10\">250x400<\/td><td class=\"column-11\">niem<\/td><td class=\"column-12\"><\/td><td class=\"column-13\"><\/td>\n<\/tr>\n<tr class=\"row-7 odd\">\n\t<td class=\"column-1\">USCK 6<\/td><td class=\"column-2\">Urz\u0105d Stanu Cywilnego Ka\u0142\u00f3w (Kahlau)<\/td><td class=\"column-3\">Zgony Sterbe-Neben-register<\/td><td class=\"column-4\"><\/td><td class=\"column-5\">1918<\/td><td class=\"column-6\">1918<\/td><td class=\"column-7\"><\/td><td class=\"column-8\">poszyt<\/td><td class=\"column-9\"><\/td><td class=\"column-10\">250x400<\/td><td class=\"column-11\">niem<\/td><td class=\"column-12\"><\/td><td class=\"column-13\"><\/td>\n<\/tr>\n<tr class=\"row-8 even\">\n\t<td class=\"column-1\">USCK 7<\/td><td class=\"column-2\">Urz\u0105d Stanu Cywilnego Ka\u0142\u00f3w (Kahlau)<\/td><td class=\"column-3\">Urodzenia Geburts-Neben-register<\/td><td class=\"column-4\"><\/td><td class=\"column-5\">1919<\/td><td class=\"column-6\">1919<\/td><td class=\"column-7\"><\/td><td class=\"column-8\">poszyt<\/td><td class=\"column-9\"><\/td><td class=\"column-10\">250x400<\/td><td class=\"column-11\">niem<\/td><td class=\"column-12\"><\/td><td class=\"column-13\"><\/td>\n<\/tr>\n<tr class=\"row-9 odd\">\n\t<td class=\"column-1\">USCK 8<\/td><td class=\"column-2\">Urz\u0105d Stanu Cywilnego Ka\u0142\u00f3w (Kahlau)<\/td><td class=\"column-3\">Urodzenia Geburts-Neben-register<\/td><td class=\"column-4\"><\/td><td class=\"column-5\">1920<\/td><td class=\"column-6\">1920<\/td><td class=\"column-7\"><\/td><td class=\"column-8\">poszyt<\/td><td class=\"column-9\"><\/td><td class=\"column-10\">240x390<\/td><td class=\"column-11\">niem<\/td><td class=\"column-12\"><\/td><td class=\"column-13\"><\/td>\n<\/tr>\n<\/tbody>\n<\/table>\n<!-- #tablepress-1426 from cache -->\n","protected":false},"excerpt":{"rendered":"","protected":false},"author":1,"featured_media":0,"parent":46,"menu_order":0,"comment_status":"closed","ping_status":"closed","template":"","meta":{"ngg_post_thumbnail":0},"_links":{"self":[{"href":"https:\/\/archiwum.diecezjazg.pl\/index.php\/wp-json\/wp\/v2\/pages\/764"}],"collection":[{"href":"https:\/\/archiwum.diecezjazg.pl\/index.php\/wp-json\/wp\/v2\/pages"}],"about":[{"href":"https:\/\/archiwum.diecezjazg.pl\/index.php\/wp-json\/wp\/v2\/types\/page"}],"author":[{"embeddable":true,"href":"https:\/\/archiwum.diecezjazg.pl\/index.php\/wp-json\/wp\/v2\/users\/1"}],"replies":[{"embeddable":true,"href":"https:\/\/archiwum.diecezjazg.pl\/index.php\/wp-json\/wp\/v2\/comments?post=764"}],"version-history":[{"count":1,"href":"https:\/\/archiwum.diecezjazg.pl\/index.php\/wp-json\/wp\/v2\/pages\/764\/revisions"}],"predecessor-version":[{"id":765,"href":"https:\/\/archiwum.diecezjazg.pl\/index.php\/wp-json\/wp\/v2\/pages\/764\/revisions\/765"}],"up":[{"embeddable":true,"href":"https:\/\/archiwum.diecezjazg.pl\/index.php\/wp-json\/wp\/v2\/pages\/46"}],"wp:attachment":[{"href":"https:\/\/archiwum.diecezjazg.pl\/index.php\/wp-json\/wp\/v2\/media?parent=764"}],"curies":[{"name":"wp","href":"https:\/\/api.w.org\/{rel}","templated":true}]}}