{"id":760,"date":"2017-09-23T21:30:48","date_gmt":"2017-09-23T19:30:48","guid":{"rendered":"http:\/\/www.archiwum.diecezjazg.pl\/?page_id=760"},"modified":"2017-09-23T21:30:48","modified_gmt":"2017-09-23T19:30:48","slug":"jastrzebia-jastersheim-zespol-244-sygnatura-uscja","status":"publish","type":"page","link":"https:\/\/archiwum.diecezjazg.pl\/index.php\/zasoby-archiwalne\/jastrzebia-jastersheim-zespol-244-sygnatura-uscja\/","title":{"rendered":"Jastrz\u0119bia J\u00e4stersheim, zesp\u00f3\u0142 244, sygnatura USCJa"},"content":{"rendered":"\n<table id=\"tablepress-1425\" class=\"tablepress tablepress-id-1425\">\n<thead>\n<tr class=\"row-1 odd\">\n\t<th class=\"column-1\">Sygn<\/th><th class=\"column-2\"> Zesp\u00f3\u0142 nr 244<\/th><th class=\"column-3\">Tytu\u0142<\/th><th class=\"column-4\">Rok_ant<\/th><th class=\"column-5\">Rok_p<\/th><th class=\"column-6\">Rok_k<\/th><th class=\"column-7\">Rok_pos<\/th><th class=\"column-8\">Opis_fizyczny<\/th><th class=\"column-9\">ilo\u015b\u0107 stron<\/th><th class=\"column-10\">wymiar<\/th><th class=\"column-11\">j\u0119zyk<\/th><th class=\"column-12\">Sygnatury dawne<\/th><th class=\"column-13\">Uwagi<\/th>\n<\/tr>\n<\/thead>\n<tbody class=\"row-hover\">\n<tr class=\"row-2 even\">\n\t<td class=\"column-1\">USCJa 1<\/td><td class=\"column-2\">Urz\u0105d Stanu Cywilnego Jastrz\u0119bia (J\u00e4stersheim)<\/td><td class=\"column-3\">\u015aluby<\/td><td class=\"column-4\"><\/td><td class=\"column-5\">1885<\/td><td class=\"column-6\">1885<\/td><td class=\"column-7\"><\/td><td class=\"column-8\">1 karta<\/td><td class=\"column-9\"><\/td><td class=\"column-10\">230x360<\/td><td class=\"column-11\">niem<\/td><td class=\"column-12\"><\/td><td class=\"column-13\"><\/td>\n<\/tr>\n<tr class=\"row-3 odd\">\n\t<td class=\"column-1\">USCJa 2<\/td><td class=\"column-2\">Urz\u0105d Stanu Cywilnego Jastrz\u0119bia (J\u00e4stersheim)<\/td><td class=\"column-3\">Zgony<\/td><td class=\"column-4\"><\/td><td class=\"column-5\">1914<\/td><td class=\"column-6\">1914<\/td><td class=\"column-7\"><\/td><td class=\"column-8\">2 karty<\/td><td class=\"column-9\"><\/td><td class=\"column-10\">250x400<\/td><td class=\"column-11\">niem<\/td><td class=\"column-12\"><\/td><td class=\"column-13\"><\/td>\n<\/tr>\n<\/tbody>\n<\/table>\n<!-- #tablepress-1425 from cache -->\n","protected":false},"excerpt":{"rendered":"","protected":false},"author":1,"featured_media":0,"parent":46,"menu_order":0,"comment_status":"closed","ping_status":"closed","template":"","meta":{"ngg_post_thumbnail":0},"_links":{"self":[{"href":"https:\/\/archiwum.diecezjazg.pl\/index.php\/wp-json\/wp\/v2\/pages\/760"}],"collection":[{"href":"https:\/\/archiwum.diecezjazg.pl\/index.php\/wp-json\/wp\/v2\/pages"}],"about":[{"href":"https:\/\/archiwum.diecezjazg.pl\/index.php\/wp-json\/wp\/v2\/types\/page"}],"author":[{"embeddable":true,"href":"https:\/\/archiwum.diecezjazg.pl\/index.php\/wp-json\/wp\/v2\/users\/1"}],"replies":[{"embeddable":true,"href":"https:\/\/archiwum.diecezjazg.pl\/index.php\/wp-json\/wp\/v2\/comments?post=760"}],"version-history":[{"count":1,"href":"https:\/\/archiwum.diecezjazg.pl\/index.php\/wp-json\/wp\/v2\/pages\/760\/revisions"}],"predecessor-version":[{"id":761,"href":"https:\/\/archiwum.diecezjazg.pl\/index.php\/wp-json\/wp\/v2\/pages\/760\/revisions\/761"}],"up":[{"embeddable":true,"href":"https:\/\/archiwum.diecezjazg.pl\/index.php\/wp-json\/wp\/v2\/pages\/46"}],"wp:attachment":[{"href":"https:\/\/archiwum.diecezjazg.pl\/index.php\/wp-json\/wp\/v2\/media?parent=760"}],"curies":[{"name":"wp","href":"https:\/\/api.w.org\/{rel}","templated":true}]}}