{"id":740,"date":"2017-09-23T18:27:23","date_gmt":"2017-09-23T16:27:23","guid":{"rendered":"http:\/\/www.archiwum.diecezjazg.pl\/?page_id=740"},"modified":"2017-09-23T18:27:23","modified_gmt":"2017-09-23T16:27:23","slug":"gorka-wasoska-gurkau-zespol-240-sygnatura-uscgo","status":"publish","type":"page","link":"https:\/\/archiwum.diecezjazg.pl\/index.php\/zasoby-archiwalne\/gorka-wasoska-gurkau-zespol-240-sygnatura-uscgo\/","title":{"rendered":"G\u00f3rka W\u0105soska Gurkau, zesp\u00f3\u0142 240, sygnatura USCG\u00f3"},"content":{"rendered":"\n<table id=\"tablepress-1421\" class=\"tablepress tablepress-id-1421\">\n<thead>\n<tr class=\"row-1 odd\">\n\t<th class=\"column-1\">Sygn<\/th><th class=\"column-2\">Zesp\u00f3\u0142 nr 240<\/th><th class=\"column-3\">Tytu\u0142<\/th><th class=\"column-4\">Rok_ant<\/th><th class=\"column-5\">Rok_p<\/th><th class=\"column-6\">Rok_k<\/th><th class=\"column-7\">Rok_pos<\/th><th class=\"column-8\">Opis_fizyczny<\/th><th class=\"column-9\">ilo\u015b\u0107 stron<\/th><th class=\"column-10\">wymiar<\/th><th class=\"column-11\">j\u0119zyk<\/th><th class=\"column-12\">Sygnatury dawne<\/th><th class=\"column-13\">Uwagi<\/th>\n<\/tr>\n<\/thead>\n<tbody class=\"row-hover\">\n<tr class=\"row-2 even\">\n\t<td class=\"column-1\">USCG\u00f3 1<\/td><td class=\"column-2\">Urz\u0105d Stanu Cywilnego G\u00f3rka W\u0105soska (Gurkau)<\/td><td class=\"column-3\">\u015aluby Heirats-Neben-Register<\/td><td class=\"column-4\"><\/td><td class=\"column-5\">1876<\/td><td class=\"column-6\">1876<\/td><td class=\"column-7\"><\/td><td class=\"column-8\">ksi\u0119ga<\/td><td class=\"column-9\"><\/td><td class=\"column-10\">240x370<\/td><td class=\"column-11\">niem<\/td><td class=\"column-12\"><\/td><td class=\"column-13\"><\/td>\n<\/tr>\n<tr class=\"row-3 odd\">\n\t<td class=\"column-1\">USCG\u00f3 2<\/td><td class=\"column-2\">Urz\u0105d Stanu Cywilnego G\u00f3rka W\u0105soska (Gurkau)<\/td><td class=\"column-3\">Zgony Sterbe-Neben-Register<\/td><td class=\"column-4\"><\/td><td class=\"column-5\">1880<\/td><td class=\"column-6\">1880<\/td><td class=\"column-7\"><\/td><td class=\"column-8\">ksi\u0119ga<\/td><td class=\"column-9\"><\/td><td class=\"column-10\">240x370<\/td><td class=\"column-11\">niem<\/td><td class=\"column-12\"><\/td><td class=\"column-13\"><\/td>\n<\/tr>\n<tr class=\"row-4 even\">\n\t<td class=\"column-1\">USCG\u00f3 3<\/td><td class=\"column-2\">Urz\u0105d Stanu Cywilnego G\u00f3rka W\u0105soska (Gurkau)<\/td><td class=\"column-3\">Urodzenia Geburts-Neben-Register<\/td><td class=\"column-4\"><\/td><td class=\"column-5\">1889<\/td><td class=\"column-6\">1889<\/td><td class=\"column-7\"><\/td><td class=\"column-8\">ksi\u0119ga<\/td><td class=\"column-9\"><\/td><td class=\"column-10\">240x370<\/td><td class=\"column-11\">niem<\/td><td class=\"column-12\"><\/td><td class=\"column-13\"><\/td>\n<\/tr>\n<tr class=\"row-5 odd\">\n\t<td class=\"column-1\">USCG\u00f3 4<\/td><td class=\"column-2\">Urz\u0105d Stanu Cywilnego G\u00f3rka W\u0105soska (Gurkau)<\/td><td class=\"column-3\">Zgony Sterbe-Neben-Register<\/td><td class=\"column-4\"><\/td><td class=\"column-5\">1890<\/td><td class=\"column-6\">1890<\/td><td class=\"column-7\"><\/td><td class=\"column-8\">ksi\u0119ga<\/td><td class=\"column-9\"><\/td><td class=\"column-10\">240x370<\/td><td class=\"column-11\">niem<\/td><td class=\"column-12\"><\/td><td class=\"column-13\"><\/td>\n<\/tr>\n<tr class=\"row-6 even\">\n\t<td class=\"column-1\">USCG\u00f3 5<\/td><td class=\"column-2\">Urz\u0105d Stanu Cywilnego G\u00f3rka W\u0105soska (Gurkau)<\/td><td class=\"column-3\">\u015aluby Heirats-Neben-Register<\/td><td class=\"column-4\"><\/td><td class=\"column-5\">1892<\/td><td class=\"column-6\">1892<\/td><td class=\"column-7\"><\/td><td class=\"column-8\">ksi\u0119ga<\/td><td class=\"column-9\"><\/td><td class=\"column-10\">240x370<\/td><td class=\"column-11\">niem<\/td><td class=\"column-12\"><\/td><td class=\"column-13\"><\/td>\n<\/tr>\n<tr class=\"row-7 odd\">\n\t<td class=\"column-1\">USCG\u00f3 6<\/td><td class=\"column-2\">Urz\u0105d Stanu Cywilnego G\u00f3rka W\u0105soska (Gurkau)<\/td><td class=\"column-3\">Urodzenia Geburts-Neben-Register<\/td><td class=\"column-4\"><\/td><td class=\"column-5\">1896<\/td><td class=\"column-6\">1896<\/td><td class=\"column-7\"><\/td><td class=\"column-8\">poszyt<\/td><td class=\"column-9\"><\/td><td class=\"column-10\">240x370<\/td><td class=\"column-11\">niem<\/td><td class=\"column-12\"><\/td><td class=\"column-13\"><\/td>\n<\/tr>\n<tr class=\"row-8 even\">\n\t<td class=\"column-1\">USCG\u00f3 7<\/td><td class=\"column-2\">Urz\u0105d Stanu Cywilnego G\u00f3rka W\u0105soska (Gurkau)<\/td><td class=\"column-3\">\u015aluby Heirats-Neben-Register<\/td><td class=\"column-4\"><\/td><td class=\"column-5\">1903<\/td><td class=\"column-6\">1903<\/td><td class=\"column-7\"><\/td><td class=\"column-8\">ksi\u0119ga<\/td><td class=\"column-9\"><\/td><td class=\"column-10\">250x400<\/td><td class=\"column-11\">niem<\/td><td class=\"column-12\"><\/td><td class=\"column-13\"><\/td>\n<\/tr>\n<tr class=\"row-9 odd\">\n\t<td class=\"column-1\">USCG\u00f3 8<\/td><td class=\"column-2\">Urz\u0105d Stanu Cywilnego G\u00f3rka W\u0105soska (Gurkau)<\/td><td class=\"column-3\">Urodzenia Geburts-Neben-Register<\/td><td class=\"column-4\"><\/td><td class=\"column-5\">1922<\/td><td class=\"column-6\">1922<\/td><td class=\"column-7\"><\/td><td class=\"column-8\">poszyt<\/td><td class=\"column-9\"><\/td><td class=\"column-10\">250x390<\/td><td class=\"column-11\">niem<\/td><td class=\"column-12\"><\/td><td class=\"column-13\"><\/td>\n<\/tr>\n<tr class=\"row-10 even\">\n\t<td class=\"column-1\">USCG\u00f3 9<\/td><td class=\"column-2\">Urz\u0105d Stanu Cywilnego G\u00f3rka W\u0105soska (Gurkau)<\/td><td class=\"column-3\">Zgony Sterbe-Neben-Register<\/td><td class=\"column-4\"><\/td><td class=\"column-5\">1933<\/td><td class=\"column-6\">1933<\/td><td class=\"column-7\"><\/td><td class=\"column-8\">poszyt<\/td><td class=\"column-9\"><\/td><td class=\"column-10\">210x290<\/td><td class=\"column-11\">niem<\/td><td class=\"column-12\"><\/td><td class=\"column-13\"><\/td>\n<\/tr>\n<\/tbody>\n<\/table>\n<!-- #tablepress-1421 from cache -->\n","protected":false},"excerpt":{"rendered":"","protected":false},"author":1,"featured_media":0,"parent":46,"menu_order":0,"comment_status":"closed","ping_status":"closed","template":"","meta":{"ngg_post_thumbnail":0},"_links":{"self":[{"href":"https:\/\/archiwum.diecezjazg.pl\/index.php\/wp-json\/wp\/v2\/pages\/740"}],"collection":[{"href":"https:\/\/archiwum.diecezjazg.pl\/index.php\/wp-json\/wp\/v2\/pages"}],"about":[{"href":"https:\/\/archiwum.diecezjazg.pl\/index.php\/wp-json\/wp\/v2\/types\/page"}],"author":[{"embeddable":true,"href":"https:\/\/archiwum.diecezjazg.pl\/index.php\/wp-json\/wp\/v2\/users\/1"}],"replies":[{"embeddable":true,"href":"https:\/\/archiwum.diecezjazg.pl\/index.php\/wp-json\/wp\/v2\/comments?post=740"}],"version-history":[{"count":1,"href":"https:\/\/archiwum.diecezjazg.pl\/index.php\/wp-json\/wp\/v2\/pages\/740\/revisions"}],"predecessor-version":[{"id":741,"href":"https:\/\/archiwum.diecezjazg.pl\/index.php\/wp-json\/wp\/v2\/pages\/740\/revisions\/741"}],"up":[{"embeddable":true,"href":"https:\/\/archiwum.diecezjazg.pl\/index.php\/wp-json\/wp\/v2\/pages\/46"}],"wp:attachment":[{"href":"https:\/\/archiwum.diecezjazg.pl\/index.php\/wp-json\/wp\/v2\/media?parent=740"}],"curies":[{"name":"wp","href":"https:\/\/api.w.org\/{rel}","templated":true}]}}