{"id":729,"date":"2017-09-23T18:19:35","date_gmt":"2017-09-23T16:19:35","guid":{"rendered":"http:\/\/www.archiwum.diecezjazg.pl\/?page_id=729"},"modified":"2017-09-23T18:19:48","modified_gmt":"2017-09-23T16:19:48","slug":"globice-globitschen-zespol-238-sygnatura-uscgl","status":"publish","type":"page","link":"https:\/\/archiwum.diecezjazg.pl\/index.php\/zasoby-archiwalne\/globice-globitschen-zespol-238-sygnatura-uscgl\/","title":{"rendered":"G\u0142obice Globitschen, zesp\u00f3\u0142 238, sygnatura USCG\u0142"},"content":{"rendered":"\n<table id=\"tablepress-1419\" class=\"tablepress tablepress-id-1419\">\n<thead>\n<tr class=\"row-1 odd\">\n\t<th class=\"column-1\">Sygn<\/th><th class=\"column-2\">Zesp\u00f3\u0142 nr 238<\/th><th class=\"column-3\">Tytu\u0142<\/th><th class=\"column-4\">Rok_ant<\/th><th class=\"column-5\">Rok_p<\/th><th class=\"column-6\">Rok_k<\/th><th class=\"column-7\">Rok_pos<\/th><th class=\"column-8\">Opis_fizyczny<\/th><th class=\"column-9\">ilo\u015b\u0107 stron<\/th><th class=\"column-10\">wymiar<\/th><th class=\"column-11\">j\u0119zyk<\/th><th class=\"column-12\">Sygnatury dawne<\/th><th class=\"column-13\">Uwagi<\/th>\n<\/tr>\n<\/thead>\n<tbody class=\"row-hover\">\n<tr class=\"row-2 even\">\n\t<td class=\"column-1\">USCG\u0142 1<\/td><td class=\"column-2\">Urz\u0105d Stanu Cywilnego G\u0142obice (Globitschen)<\/td><td class=\"column-3\">Urodzenia<\/td><td class=\"column-4\"><\/td><td class=\"column-5\">1915<\/td><td class=\"column-6\">1915<\/td><td class=\"column-7\"><\/td><td class=\"column-8\">poszyt<\/td><td class=\"column-9\"><\/td><td class=\"column-10\">250x400<\/td><td class=\"column-11\">niem<\/td><td class=\"column-12\"><\/td><td class=\"column-13\"><\/td>\n<\/tr>\n<\/tbody>\n<\/table>\n<!-- #tablepress-1419 from cache -->\n","protected":false},"excerpt":{"rendered":"","protected":false},"author":1,"featured_media":0,"parent":46,"menu_order":0,"comment_status":"closed","ping_status":"closed","template":"","meta":{"ngg_post_thumbnail":0},"_links":{"self":[{"href":"https:\/\/archiwum.diecezjazg.pl\/index.php\/wp-json\/wp\/v2\/pages\/729"}],"collection":[{"href":"https:\/\/archiwum.diecezjazg.pl\/index.php\/wp-json\/wp\/v2\/pages"}],"about":[{"href":"https:\/\/archiwum.diecezjazg.pl\/index.php\/wp-json\/wp\/v2\/types\/page"}],"author":[{"embeddable":true,"href":"https:\/\/archiwum.diecezjazg.pl\/index.php\/wp-json\/wp\/v2\/users\/1"}],"replies":[{"embeddable":true,"href":"https:\/\/archiwum.diecezjazg.pl\/index.php\/wp-json\/wp\/v2\/comments?post=729"}],"version-history":[{"count":1,"href":"https:\/\/archiwum.diecezjazg.pl\/index.php\/wp-json\/wp\/v2\/pages\/729\/revisions"}],"predecessor-version":[{"id":730,"href":"https:\/\/archiwum.diecezjazg.pl\/index.php\/wp-json\/wp\/v2\/pages\/729\/revisions\/730"}],"up":[{"embeddable":true,"href":"https:\/\/archiwum.diecezjazg.pl\/index.php\/wp-json\/wp\/v2\/pages\/46"}],"wp:attachment":[{"href":"https:\/\/archiwum.diecezjazg.pl\/index.php\/wp-json\/wp\/v2\/media?parent=729"}],"curies":[{"name":"wp","href":"https:\/\/api.w.org\/{rel}","templated":true}]}}