{"id":721,"date":"2017-09-23T18:16:04","date_gmt":"2017-09-23T16:16:04","guid":{"rendered":"http:\/\/www.archiwum.diecezjazg.pl\/?page_id=721"},"modified":"2017-09-23T18:16:04","modified_gmt":"2017-09-23T16:16:04","slug":"gizyn-geischen-zespol-236-sygnatura-uscg","status":"publish","type":"page","link":"https:\/\/archiwum.diecezjazg.pl\/index.php\/zasoby-archiwalne\/gizyn-geischen-zespol-236-sygnatura-uscg\/","title":{"rendered":"Gi\u017cyn Geischen, zesp\u00f3\u0142 236, sygnatura USCG"},"content":{"rendered":"\n<table id=\"tablepress-1417\" class=\"tablepress tablepress-id-1417\">\n<thead>\n<tr class=\"row-1 odd\">\n\t<th class=\"column-1\">Sygn<\/th><th class=\"column-2\">Zesp\u00f3\u0142 nr 236<\/th><th class=\"column-3\">Tytu\u0142<\/th><th class=\"column-4\">Rok_ant<\/th><th class=\"column-5\">Rok_p<\/th><th class=\"column-6\">Rok_k<\/th><th class=\"column-7\">Rok_pos<\/th><th class=\"column-8\">Opis_fizyczny<\/th><th class=\"column-9\">ilo\u015b\u0107 stron<\/th><th class=\"column-10\">wymiar<\/th><th class=\"column-11\">j\u0119zyk<\/th><th class=\"column-12\">Sygnatury dawne<\/th><th class=\"column-13\">Uwagi<\/th>\n<\/tr>\n<\/thead>\n<tbody class=\"row-hover\">\n<tr class=\"row-2 even\">\n\t<td class=\"column-1\">USCG 1<\/td><td class=\"column-2\">Urz\u0105d Stanu Cywilnego Gi\u017cyn (Geischen)<\/td><td class=\"column-3\">Duplikaty \u015bluby, urodzenia, zgony Duplicat Getrauten, Gebohrnen, Gestorbenen<\/td><td class=\"column-4\"><\/td><td class=\"column-5\">1810<\/td><td class=\"column-6\">1810<\/td><td class=\"column-7\"><\/td><td class=\"column-8\">poszyt<\/td><td class=\"column-9\"><\/td><td class=\"column-10\">200x330<\/td><td class=\"column-11\">niem<\/td><td class=\"column-12\"><\/td><td class=\"column-13\"><\/td>\n<\/tr>\n<tr class=\"row-3 odd\">\n\t<td class=\"column-1\">USCG 2<\/td><td class=\"column-2\">Urz\u0105d Stanu Cywilnego Gi\u017cyn (Geischen)<\/td><td class=\"column-3\">Duplikaty \u015bluby, urodzenia, zgony Duplicat Getrauten, Gebohrnen, Gestorbenen<\/td><td class=\"column-4\"><\/td><td class=\"column-5\">1811<\/td><td class=\"column-6\">1811<\/td><td class=\"column-7\"><\/td><td class=\"column-8\">poszyt<\/td><td class=\"column-9\"><\/td><td class=\"column-10\">200x330<\/td><td class=\"column-11\">niem<\/td><td class=\"column-12\"><\/td><td class=\"column-13\"><\/td>\n<\/tr>\n<tr class=\"row-4 even\">\n\t<td class=\"column-1\">USCG3<\/td><td class=\"column-2\">Urz\u0105d Stanu Cywilnego Gi\u017cyn (Geischen)<\/td><td class=\"column-3\">Duplikaty \u015bluby, urodzenia, zgony Duplicat Getrauten, Gebohrnen, Gestorbenen<\/td><td class=\"column-4\"><\/td><td class=\"column-5\">1838<\/td><td class=\"column-6\">1838<\/td><td class=\"column-7\"><\/td><td class=\"column-8\">poszyt<\/td><td class=\"column-9\"><\/td><td class=\"column-10\">220x330<\/td><td class=\"column-11\">niem<\/td><td class=\"column-12\"><\/td><td class=\"column-13\"><\/td>\n<\/tr>\n<tr class=\"row-5 odd\">\n\t<td class=\"column-1\">USCG 4 <\/td><td class=\"column-2\">Urz\u0105d Stanu Cywilnego Gi\u017cyn (Geischen)<\/td><td class=\"column-3\">Duplikaty \u015bluby, urodzenia, zgony Duplicat Getrauten, Gebohrnen, Gestorbenen<\/td><td class=\"column-4\"><\/td><td class=\"column-5\">1839<\/td><td class=\"column-6\">1839<\/td><td class=\"column-7\"><\/td><td class=\"column-8\">poszyt<\/td><td class=\"column-9\"><\/td><td class=\"column-10\">200x340<\/td><td class=\"column-11\">niem<\/td><td class=\"column-12\"><\/td><td class=\"column-13\"><\/td>\n<\/tr>\n<tr class=\"row-6 even\">\n\t<td class=\"column-1\">USCG 5<\/td><td class=\"column-2\">Urz\u0105d Stanu Cywilnego Gi\u017cyn (Geischen)<\/td><td class=\"column-3\">Duplikaty \u015bluby, urodzenia, zgony Duplicat Getrauten, Gebohrnen, Gestorbenen<\/td><td class=\"column-4\"><\/td><td class=\"column-5\">1871<\/td><td class=\"column-6\">1871<\/td><td class=\"column-7\"><\/td><td class=\"column-8\">poszyt<\/td><td class=\"column-9\"><\/td><td class=\"column-10\">240x390<\/td><td class=\"column-11\">niem<\/td><td class=\"column-12\"><\/td><td class=\"column-13\"><\/td>\n<\/tr>\n<tr class=\"row-7 odd\">\n\t<td class=\"column-1\">USCG 6<\/td><td class=\"column-2\">Urz\u0105d Stanu Cywilnego Gi\u017cyn (Geischen)<\/td><td class=\"column-3\">Duplikaty \u015bluby, urodzenia Duplicat Getrauten, Gebohrnen<\/td><td class=\"column-4\"><\/td><td class=\"column-5\">1872<\/td><td class=\"column-6\">1872<\/td><td class=\"column-7\"><\/td><td class=\"column-8\">poszyt<\/td><td class=\"column-9\"><\/td><td class=\"column-10\">240x390<\/td><td class=\"column-11\">niem<\/td><td class=\"column-12\"><\/td><td class=\"column-13\"><\/td>\n<\/tr>\n<\/tbody>\n<\/table>\n<!-- #tablepress-1417 from cache -->\n","protected":false},"excerpt":{"rendered":"","protected":false},"author":1,"featured_media":0,"parent":46,"menu_order":0,"comment_status":"closed","ping_status":"closed","template":"","meta":{"ngg_post_thumbnail":0},"_links":{"self":[{"href":"https:\/\/archiwum.diecezjazg.pl\/index.php\/wp-json\/wp\/v2\/pages\/721"}],"collection":[{"href":"https:\/\/archiwum.diecezjazg.pl\/index.php\/wp-json\/wp\/v2\/pages"}],"about":[{"href":"https:\/\/archiwum.diecezjazg.pl\/index.php\/wp-json\/wp\/v2\/types\/page"}],"author":[{"embeddable":true,"href":"https:\/\/archiwum.diecezjazg.pl\/index.php\/wp-json\/wp\/v2\/users\/1"}],"replies":[{"embeddable":true,"href":"https:\/\/archiwum.diecezjazg.pl\/index.php\/wp-json\/wp\/v2\/comments?post=721"}],"version-history":[{"count":1,"href":"https:\/\/archiwum.diecezjazg.pl\/index.php\/wp-json\/wp\/v2\/pages\/721\/revisions"}],"predecessor-version":[{"id":722,"href":"https:\/\/archiwum.diecezjazg.pl\/index.php\/wp-json\/wp\/v2\/pages\/721\/revisions\/722"}],"up":[{"embeddable":true,"href":"https:\/\/archiwum.diecezjazg.pl\/index.php\/wp-json\/wp\/v2\/pages\/46"}],"wp:attachment":[{"href":"https:\/\/archiwum.diecezjazg.pl\/index.php\/wp-json\/wp\/v2\/media?parent=721"}],"curies":[{"name":"wp","href":"https:\/\/api.w.org\/{rel}","templated":true}]}}