{"id":693,"date":"2017-09-23T18:02:15","date_gmt":"2017-09-23T16:02:15","guid":{"rendered":"http:\/\/www.archiwum.diecezjazg.pl\/?page_id=693"},"modified":"2017-09-23T18:02:15","modified_gmt":"2017-09-23T16:02:15","slug":"chroscina-kraschen-zespol-229-sygnatura-uscch","status":"publish","type":"page","link":"https:\/\/archiwum.diecezjazg.pl\/index.php\/zasoby-archiwalne\/chroscina-kraschen-zespol-229-sygnatura-uscch\/","title":{"rendered":"Chr\u00f3\u015bcina Kraschen, zesp\u00f3\u0142 229, sygnatura USCCh"},"content":{"rendered":"\n<table id=\"tablepress-1410\" class=\"tablepress tablepress-id-1410\">\n<thead>\n<tr class=\"row-1 odd\">\n\t<th class=\"column-1\">Sygn<\/th><th class=\"column-2\">Zesp\u00f3\u0142 nr 229<\/th><th class=\"column-3\">Tytu\u0142<\/th><th class=\"column-4\">Rok_ant<\/th><th class=\"column-5\">Rok_p<\/th><th class=\"column-6\">Rok_k<\/th><th class=\"column-7\">Rok_pos<\/th><th class=\"column-8\">Opis_fizyczny<\/th><th class=\"column-9\">ilo\u015b\u0107 stron<\/th><th class=\"column-10\">wymiar<\/th><th class=\"column-11\">j\u0119zyk<\/th><th class=\"column-12\">Sygnatury dawne<\/th><th class=\"column-13\">Uwagi<\/th>\n<\/tr>\n<\/thead>\n<tbody class=\"row-hover\">\n<tr class=\"row-2 even\">\n\t<td class=\"column-1\">USCCh 1<\/td><td class=\"column-2\">Akta Urz\u0119du Stanu Cywilnego Chr\u00f3\u015bcina (Kraschen)<\/td><td class=\"column-3\">Duplikat Chrzty \u015aluby Zgony Duplicat Tauf Trauungs Todten Buche<\/td><td class=\"column-4\"><\/td><td class=\"column-5\">1837<\/td><td class=\"column-6\">1837<\/td><td class=\"column-7\"><\/td><td class=\"column-8\">poszyt<\/td><td class=\"column-9\"><\/td><td class=\"column-10\">230x380<\/td><td class=\"column-11\">niem<\/td><td class=\"column-12\"><\/td><td class=\"column-13\"><\/td>\n<\/tr>\n<tr class=\"row-3 odd\">\n\t<td class=\"column-1\"><\/td><td class=\"column-2\">Akta Urz\u0119du Stanu Cywilnego Chr\u00f3\u015bcina (Kraschen)<\/td><td class=\"column-3\">Duplikat Chrzty \u015aluby Zgony Duplicat Tauf Trauungs Todten Buche<\/td><td class=\"column-4\"><\/td><td class=\"column-5\"><\/td><td class=\"column-6\"><\/td><td class=\"column-7\"><\/td><td class=\"column-8\">akta lu\u017ane<\/td><td class=\"column-9\"><\/td><td class=\"column-10\">230x381<\/td><td class=\"column-11\">niem<\/td><td class=\"column-12\"><\/td><td class=\"column-13\"><\/td>\n<\/tr>\n<tr class=\"row-4 even\">\n\t<td class=\"column-1\"><\/td><td class=\"column-2\">Akta Urz\u0119du Stanu Cywilnego Chr\u00f3\u015bcina (Kraschen)<\/td><td class=\"column-3\">Duplikat Chrzty \u015aluby Zgony Duplicat Tauf Trauungs Todten Buche<\/td><td class=\"column-4\"><\/td><td class=\"column-5\"><\/td><td class=\"column-6\"><\/td><td class=\"column-7\"><\/td><td class=\"column-8\">akta lu\u017ane<\/td><td class=\"column-9\"><\/td><td class=\"column-10\">230x382<\/td><td class=\"column-11\">niem<\/td><td class=\"column-12\"><\/td><td class=\"column-13\"><\/td>\n<\/tr>\n<tr class=\"row-5 odd\">\n\t<td class=\"column-1\">USCCh 2<\/td><td class=\"column-2\">Akta Urz\u0119du Stanu Cywilnego Chr\u00f3\u015bcina (Kraschen)<\/td><td class=\"column-3\">Duplikat Chrzty \u015aluby Zgony Duplicat Tauf Trauungs Todten Buche<\/td><td class=\"column-4\"><\/td><td class=\"column-5\">1838<\/td><td class=\"column-6\">1838<\/td><td class=\"column-7\"><\/td><td class=\"column-8\">poszyt<\/td><td class=\"column-9\"><\/td><td class=\"column-10\">230x380<\/td><td class=\"column-11\">niem<\/td><td class=\"column-12\"><\/td><td class=\"column-13\"><\/td>\n<\/tr>\n<tr class=\"row-6 even\">\n\t<td class=\"column-1\">USCCh 3<\/td><td class=\"column-2\">Akta Urz\u0119du Stanu Cywilnego Chr\u00f3\u015bcina (Kraschen)<\/td><td class=\"column-3\">Duplikat Chrzty \u015aluby Zgony Duplicat Tauf Trauungs Todten Buche<\/td><td class=\"column-4\"><\/td><td class=\"column-5\">1839<\/td><td class=\"column-6\">1839<\/td><td class=\"column-7\"><\/td><td class=\"column-8\">poszyt<\/td><td class=\"column-9\"><\/td><td class=\"column-10\">230x380<\/td><td class=\"column-11\">niem<\/td><td class=\"column-12\"><\/td><td class=\"column-13\"><\/td>\n<\/tr>\n<tr class=\"row-7 odd\">\n\t<td class=\"column-1\">USCCh 4<\/td><td class=\"column-2\">Akta Urz\u0119du Stanu Cywilnego Chr\u00f3\u015bcina (Kraschen)<\/td><td class=\"column-3\">Duplikat Chrzty \u015aluby Zgony Duplicat Tauf Trauungs Todten Buche<\/td><td class=\"column-4\"><\/td><td class=\"column-5\">1840<\/td><td class=\"column-6\">1840<\/td><td class=\"column-7\"><\/td><td class=\"column-8\">poszyt<\/td><td class=\"column-9\"><\/td><td class=\"column-10\">230x380<\/td><td class=\"column-11\">niem<\/td><td class=\"column-12\"><\/td><td class=\"column-13\"><\/td>\n<\/tr>\n<tr class=\"row-8 even\">\n\t<td class=\"column-1\">USCCh 5<\/td><td class=\"column-2\">Akta Urz\u0119du Stanu Cywilnego Chr\u00f3\u015bcina (Kraschen)<\/td><td class=\"column-3\">Duplikat Chrzty \u015aluby Zgony Duplicat Tauf Trauungs Todten Buche<\/td><td class=\"column-4\"><\/td><td class=\"column-5\">1865<\/td><td class=\"column-6\">1865<\/td><td class=\"column-7\"><\/td><td class=\"column-8\">poszyt<\/td><td class=\"column-9\"><\/td><td class=\"column-10\">230x380<\/td><td class=\"column-11\">niem<\/td><td class=\"column-12\"><\/td><td class=\"column-13\"><\/td>\n<\/tr>\n<tr class=\"row-9 odd\">\n\t<td class=\"column-1\">USCCh 6<\/td><td class=\"column-2\">Akta Urz\u0119du Stanu Cywilnego Chr\u00f3\u015bcina (Kraschen)<\/td><td class=\"column-3\">\u015aluby Heirats Neben Register<\/td><td class=\"column-4\"><\/td><td class=\"column-5\">1886<\/td><td class=\"column-6\">1886<\/td><td class=\"column-7\"><\/td><td class=\"column-8\">poszyt<\/td><td class=\"column-9\"><\/td><td class=\"column-10\">240x370<\/td><td class=\"column-11\">niem<\/td><td class=\"column-12\"><\/td><td class=\"column-13\"><\/td>\n<\/tr>\n<tr class=\"row-10 even\">\n\t<td class=\"column-1\">USCCh 7<\/td><td class=\"column-2\">Akta Urz\u0119du Stanu Cywilnego Chr\u00f3\u015bcina (Kraschen)<\/td><td class=\"column-3\">\u015aluby Heirats Neben Register<\/td><td class=\"column-4\"><\/td><td class=\"column-5\">1900<\/td><td class=\"column-6\">1900<\/td><td class=\"column-7\"><\/td><td class=\"column-8\">poszyt<\/td><td class=\"column-9\"><\/td><td class=\"column-10\">250x400<\/td><td class=\"column-11\">niem<\/td><td class=\"column-12\"><\/td><td class=\"column-13\"><\/td>\n<\/tr>\n<tr class=\"row-11 odd\">\n\t<td class=\"column-1\">USCCh 8<\/td><td class=\"column-2\">Akta Urz\u0119du Stanu Cywilnego Chr\u00f3\u015bcina (Kraschen)<\/td><td class=\"column-3\">\u015aluby Heirats Neben Register<\/td><td class=\"column-4\"><\/td><td class=\"column-5\">1921<\/td><td class=\"column-6\">1921<\/td><td class=\"column-7\"><\/td><td class=\"column-8\">poszyt<\/td><td class=\"column-9\"><\/td><td class=\"column-10\">250x390<\/td><td class=\"column-11\">niem<\/td><td class=\"column-12\"><\/td><td class=\"column-13\"><\/td>\n<\/tr>\n<tr class=\"row-12 even\">\n\t<td class=\"column-1\">USCCh 9<\/td><td class=\"column-2\">Akta Urz\u0119du Stanu Cywilnego Chr\u00f3\u015bcina (Kraschen)<\/td><td class=\"column-3\">Zgony Sterbe Neben Register<\/td><td class=\"column-4\"><\/td><td class=\"column-5\">1920<\/td><td class=\"column-6\">1920<\/td><td class=\"column-7\"><\/td><td class=\"column-8\">poszyt<\/td><td class=\"column-9\"><\/td><td class=\"column-10\">240x390<\/td><td class=\"column-11\">niem<\/td><td class=\"column-12\"><\/td><td class=\"column-13\"><\/td>\n<\/tr>\n<tr class=\"row-13 odd\">\n\t<td class=\"column-1\">USCCh 10<\/td><td class=\"column-2\">Akta Urz\u0119du Stanu Cywilnego Chr\u00f3\u015bcina (Kraschen)<\/td><td class=\"column-3\">Urodzenia Geburts Neben Register<\/td><td class=\"column-4\"><\/td><td class=\"column-5\">1921<\/td><td class=\"column-6\">1921<\/td><td class=\"column-7\"><\/td><td class=\"column-8\">poszyt<\/td><td class=\"column-9\"><\/td><td class=\"column-10\">250x390<\/td><td class=\"column-11\">niem<\/td><td class=\"column-12\"><\/td><td class=\"column-13\"><\/td>\n<\/tr>\n<tr class=\"row-14 even\">\n\t<td class=\"column-1\">USCCh 11<\/td><td class=\"column-2\">Akta Urz\u0119du Stanu Cywilnego Chr\u00f3\u015bcina (Kraschen)<\/td><td class=\"column-3\">\u015aluby Heirats Neben Register<\/td><td class=\"column-4\"><\/td><td class=\"column-5\">1924<\/td><td class=\"column-6\">1924<\/td><td class=\"column-7\"><\/td><td class=\"column-8\">poszyt<\/td><td class=\"column-9\"><\/td><td class=\"column-10\">250x390<\/td><td class=\"column-11\">niem<\/td><td class=\"column-12\"><\/td><td class=\"column-13\"><\/td>\n<\/tr>\n<tr class=\"row-15 odd\">\n\t<td class=\"column-1\">USCCh 12<\/td><td class=\"column-2\">Akta Urz\u0119du Stanu Cywilnego Chr\u00f3\u015bcina (Kraschen)<\/td><td class=\"column-3\">Urodzenia Geburts Neben Register<\/td><td class=\"column-4\"><\/td><td class=\"column-5\">1927<\/td><td class=\"column-6\">1927<\/td><td class=\"column-7\"><\/td><td class=\"column-8\">poszyt<\/td><td class=\"column-9\"><\/td><td class=\"column-10\">210x300<\/td><td class=\"column-11\">niem<\/td><td class=\"column-12\"><\/td><td class=\"column-13\"><\/td>\n<\/tr>\n<tr class=\"row-16 even\">\n\t<td class=\"column-1\">USCCh 13<\/td><td class=\"column-2\">Akta Urz\u0119du Stanu Cywilnego Chr\u00f3\u015bcina (Kraschen)<\/td><td class=\"column-3\">\u015aluby Heirats Neben Register<\/td><td class=\"column-4\"><\/td><td class=\"column-5\">1933<\/td><td class=\"column-6\">1933<\/td><td class=\"column-7\"><\/td><td class=\"column-8\">poszyt<\/td><td class=\"column-9\"><\/td><td class=\"column-10\">210x301<\/td><td class=\"column-11\">niem<\/td><td class=\"column-12\"><\/td><td class=\"column-13\"><\/td>\n<\/tr>\n<tr class=\"row-17 odd\">\n\t<td class=\"column-1\">USCCh 14<\/td><td class=\"column-2\">Akta Urz\u0119du Stanu Cywilnego Chr\u00f3\u015bcina (Kraschen)<\/td><td class=\"column-3\">Zgony Sterbe Neben Register<\/td><td class=\"column-4\"><\/td><td class=\"column-5\">1935<\/td><td class=\"column-6\">1935<\/td><td class=\"column-7\"><\/td><td class=\"column-8\">poszyt<\/td><td class=\"column-9\"><\/td><td class=\"column-10\">210x300<\/td><td class=\"column-11\">niem<\/td><td class=\"column-12\"><\/td><td class=\"column-13\"><\/td>\n<\/tr>\n<\/tbody>\n<\/table>\n<!-- #tablepress-1410 from cache -->\n","protected":false},"excerpt":{"rendered":"","protected":false},"author":1,"featured_media":0,"parent":46,"menu_order":0,"comment_status":"closed","ping_status":"closed","template":"","meta":{"ngg_post_thumbnail":0},"_links":{"self":[{"href":"https:\/\/archiwum.diecezjazg.pl\/index.php\/wp-json\/wp\/v2\/pages\/693"}],"collection":[{"href":"https:\/\/archiwum.diecezjazg.pl\/index.php\/wp-json\/wp\/v2\/pages"}],"about":[{"href":"https:\/\/archiwum.diecezjazg.pl\/index.php\/wp-json\/wp\/v2\/types\/page"}],"author":[{"embeddable":true,"href":"https:\/\/archiwum.diecezjazg.pl\/index.php\/wp-json\/wp\/v2\/users\/1"}],"replies":[{"embeddable":true,"href":"https:\/\/archiwum.diecezjazg.pl\/index.php\/wp-json\/wp\/v2\/comments?post=693"}],"version-history":[{"count":1,"href":"https:\/\/archiwum.diecezjazg.pl\/index.php\/wp-json\/wp\/v2\/pages\/693\/revisions"}],"predecessor-version":[{"id":694,"href":"https:\/\/archiwum.diecezjazg.pl\/index.php\/wp-json\/wp\/v2\/pages\/693\/revisions\/694"}],"up":[{"embeddable":true,"href":"https:\/\/archiwum.diecezjazg.pl\/index.php\/wp-json\/wp\/v2\/pages\/46"}],"wp:attachment":[{"href":"https:\/\/archiwum.diecezjazg.pl\/index.php\/wp-json\/wp\/v2\/media?parent=693"}],"curies":[{"name":"wp","href":"https:\/\/api.w.org\/{rel}","templated":true}]}}