{"id":651,"date":"2017-09-23T17:42:30","date_gmt":"2017-09-23T15:42:30","guid":{"rendered":"http:\/\/www.archiwum.diecezjazg.pl\/?page_id=651"},"modified":"2017-09-23T17:45:07","modified_gmt":"2017-09-23T15:45:07","slug":"belcz-wielki-oderbeltsch-zespol-221-sygnatura-uscbe","status":"publish","type":"page","link":"https:\/\/archiwum.diecezjazg.pl\/index.php\/zasoby-archiwalne\/belcz-wielki-oderbeltsch-zespol-221-sygnatura-uscbe\/","title":{"rendered":"Be\u0142cz Wielki Oderbeltsch, zesp\u00f3\u0142 221, sygnatura USCBe"},"content":{"rendered":"\n<table id=\"tablepress-142\" class=\"tablepress tablepress-id-142\">\n<thead>\n<tr class=\"row-1 odd\">\n\t<th class=\"column-1\">Sygn<\/th><th class=\"column-2\">Zesp\u00f3\u0142 nr 221<\/th><th class=\"column-3\">Tytu\u0142<\/th><th class=\"column-4\">Rok_ant<\/th><th class=\"column-5\">Rok_p<\/th><th class=\"column-6\">Rok_k<\/th><th class=\"column-7\">Rok_pos<\/th><th class=\"column-8\">Opis_fizyczny<\/th><th class=\"column-9\">ilo\u015b\u0107 stron<\/th><th class=\"column-10\">wymiar<\/th><th class=\"column-11\">j\u0119zyk<\/th><th class=\"column-12\">Sygnatury dawne<\/th><th class=\"column-13\">Uwagi<\/th>\n<\/tr>\n<\/thead>\n<tbody class=\"row-hover\">\n<tr class=\"row-2 even\">\n\t<td class=\"column-1\">USCBe 1<\/td><td class=\"column-2\">Akta Urz\u0119du Stanu Cywilnego Be\u0142cz Wielki (Oderbeltsch)<\/td><td class=\"column-3\">Duplicat chrzt\u00f3w, zgon\u00f3w, \u015blub\u00f3w<\/td><td class=\"column-4\"><\/td><td class=\"column-5\">1832<\/td><td class=\"column-6\">1832<\/td><td class=\"column-7\"><\/td><td class=\"column-8\">poszyt<\/td><td class=\"column-9\"><\/td><td class=\"column-10\">220x350<\/td><td class=\"column-11\">niem<\/td><td class=\"column-12\"><\/td><td class=\"column-13\">Lub\u00f3w L \u00fcbchen Zaplau Szaszorowice<\/td>\n<\/tr>\n<tr class=\"row-3 odd\">\n\t<td class=\"column-1\">USCBe 2<\/td><td class=\"column-2\">Akta Urz\u0119du Stanu Cywilnego Be\u0142cz Wielki (Oderbeltsch)<\/td><td class=\"column-3\">\u015aluby<\/td><td class=\"column-4\"><\/td><td class=\"column-5\">1917<\/td><td class=\"column-6\">1917<\/td><td class=\"column-7\"><\/td><td class=\"column-8\">poszyt<\/td><td class=\"column-9\"><\/td><td class=\"column-10\">250x400<\/td><td class=\"column-11\">niem<\/td><td class=\"column-12\"><\/td><td class=\"column-13\"><\/td>\n<\/tr>\n<tr class=\"row-4 even\">\n\t<td class=\"column-1\">USCBe 3<\/td><td class=\"column-2\">Akta Urz\u0119du Stanu Cywilnego Be\u0142cz Wielki (Oderbeltsch)<\/td><td class=\"column-3\">Urodzenia<\/td><td class=\"column-4\"><\/td><td class=\"column-5\">1892<\/td><td class=\"column-6\">1892<\/td><td class=\"column-7\"><\/td><td class=\"column-8\">ksi\u0119ga<\/td><td class=\"column-9\"><\/td><td class=\"column-10\">240x370<\/td><td class=\"column-11\">niem<\/td><td class=\"column-12\"><\/td><td class=\"column-13\"><\/td>\n<\/tr>\n<tr class=\"row-5 odd\">\n\t<td class=\"column-1\">USCBe 4<\/td><td class=\"column-2\">Akta Urz\u0119du Stanu Cywilnego Be\u0142cz Wielki (Oderbeltsch)<\/td><td class=\"column-3\">Urodzenia Geburts-Neben-Register<\/td><td class=\"column-4\"><\/td><td class=\"column-5\">1895<\/td><td class=\"column-6\">1895<\/td><td class=\"column-7\"><\/td><td class=\"column-8\">ksi\u0119ga<\/td><td class=\"column-9\"><\/td><td class=\"column-10\">240x380<\/td><td class=\"column-11\">niem<\/td><td class=\"column-12\"><\/td><td class=\"column-13\"><\/td>\n<\/tr>\n<\/tbody>\n<\/table>\n\n","protected":false},"excerpt":{"rendered":"","protected":false},"author":1,"featured_media":0,"parent":46,"menu_order":0,"comment_status":"closed","ping_status":"closed","template":"","meta":{"ngg_post_thumbnail":0},"_links":{"self":[{"href":"https:\/\/archiwum.diecezjazg.pl\/index.php\/wp-json\/wp\/v2\/pages\/651"}],"collection":[{"href":"https:\/\/archiwum.diecezjazg.pl\/index.php\/wp-json\/wp\/v2\/pages"}],"about":[{"href":"https:\/\/archiwum.diecezjazg.pl\/index.php\/wp-json\/wp\/v2\/types\/page"}],"author":[{"embeddable":true,"href":"https:\/\/archiwum.diecezjazg.pl\/index.php\/wp-json\/wp\/v2\/users\/1"}],"replies":[{"embeddable":true,"href":"https:\/\/archiwum.diecezjazg.pl\/index.php\/wp-json\/wp\/v2\/comments?post=651"}],"version-history":[{"count":2,"href":"https:\/\/archiwum.diecezjazg.pl\/index.php\/wp-json\/wp\/v2\/pages\/651\/revisions"}],"predecessor-version":[{"id":656,"href":"https:\/\/archiwum.diecezjazg.pl\/index.php\/wp-json\/wp\/v2\/pages\/651\/revisions\/656"}],"up":[{"embeddable":true,"href":"https:\/\/archiwum.diecezjazg.pl\/index.php\/wp-json\/wp\/v2\/pages\/46"}],"wp:attachment":[{"href":"https:\/\/archiwum.diecezjazg.pl\/index.php\/wp-json\/wp\/v2\/media?parent=651"}],"curies":[{"name":"wp","href":"https:\/\/api.w.org\/{rel}","templated":true}]}}