{"id":635,"date":"2017-09-23T13:29:54","date_gmt":"2017-09-23T11:29:54","guid":{"rendered":"http:\/\/www.archiwum.diecezjazg.pl\/?page_id=635"},"modified":"2017-09-23T13:29:54","modified_gmt":"2017-09-23T11:29:54","slug":"wykaz-ksiegozbioru-biblioteki-instytutu-bpa-wilhelma-pluty-w-gorzowie-wlkp","status":"publish","type":"page","link":"https:\/\/archiwum.diecezjazg.pl\/index.php\/zasoby-archiwalne\/wykaz-ksiegozbioru-biblioteki-instytutu-bpa-wilhelma-pluty-w-gorzowie-wlkp\/","title":{"rendered":"Wykaz ksi\u0119gozbioru biblioteki Instytutu Bpa Wilhelma Pluty w Gorzowie Wlkp"},"content":{"rendered":"\n<table id=\"tablepress-63\" class=\"tablepress tablepress-id-63\">\n<thead>\n<tr class=\"row-1 odd\">\n\t<th class=\"column-1\">Sygn<\/th><th class=\"column-2\">185<\/th><th class=\"column-3\">Tytu\u0142<\/th><th class=\"column-4\">Rok_ant<\/th><th class=\"column-5\">Rok_p<\/th><th class=\"column-6\">Rok_k<\/th><th class=\"column-7\">Rok_pos<\/th><th class=\"column-8\">Opis_fizyczny<\/th><th class=\"column-9\">ilo\u015b\u0107 stron<\/th><th class=\"column-10\">wymiar<\/th><th class=\"column-11\">j\u0119zyk<\/th><th class=\"column-12\">Sygnatury dawne<\/th><th class=\"column-13\">Uwagi<\/th>\n<\/tr>\n<\/thead>\n<tbody class=\"row-hover\">\n<tr class=\"row-2 even\">\n\t<td class=\"column-1\">kat.1<\/td><td class=\"column-2\">Biblioteka IBWP<\/td><td class=\"column-3\">Katalog 1. Bibliografia LWOK I,II,III<\/td><td class=\"column-4\"><\/td><td class=\"column-5\">1950<\/td><td class=\"column-6\">1983<\/td><td class=\"column-7\"><\/td><td class=\"column-8\">segregator<\/td><td class=\"column-9\"><\/td><td class=\"column-10\"><\/td><td class=\"column-11\">pol<\/td><td class=\"column-12\"><\/td><td class=\"column-13\">Instytut Bpa W.Pluty IBWP<\/td>\n<\/tr>\n<tr class=\"row-3 odd\">\n\t<td class=\"column-1\">kat.2<\/td><td class=\"column-2\">Biblioteka IBWP<\/td><td class=\"column-3\">Katalog 2. Bibliografia 1 opracowanie wydane drukiem<\/td><td class=\"column-4\"><\/td><td class=\"column-5\">1970<\/td><td class=\"column-6\">1974<\/td><td class=\"column-7\"><\/td><td class=\"column-8\">segregator<\/td><td class=\"column-9\"><\/td><td class=\"column-10\"><\/td><td class=\"column-11\">pol<\/td><td class=\"column-12\"><\/td><td class=\"column-13\">Instytut Bpa W.Pluty IBWP<\/td>\n<\/tr>\n<tr class=\"row-4 even\">\n\t<td class=\"column-1\">kat.3<\/td><td class=\"column-2\">Biblioteka IBWP<\/td><td class=\"column-3\">Katalog 3. Bibliografia 2 opracowanie wydane drukiem<\/td><td class=\"column-4\"><\/td><td class=\"column-5\">1975<\/td><td class=\"column-6\">1986<\/td><td class=\"column-7\">2011<\/td><td class=\"column-8\">segregator<\/td><td class=\"column-9\"><\/td><td class=\"column-10\"><\/td><td class=\"column-11\">pol<\/td><td class=\"column-12\"><\/td><td class=\"column-13\">Instytut Bpa W.Pluty IBWP<\/td>\n<\/tr>\n<tr class=\"row-5 odd\">\n\t<td class=\"column-1\">kat.4<\/td><td class=\"column-2\">Biblioteka IBWP<\/td><td class=\"column-3\">Katalog 4. Bibliografia 1 przedmiotowa (wyb\u00f3r)<\/td><td class=\"column-4\"><\/td><td class=\"column-5\"><\/td><td class=\"column-6\"><\/td><td class=\"column-7\"><\/td><td class=\"column-8\">segregator<\/td><td class=\"column-9\"><\/td><td class=\"column-10\"><\/td><td class=\"column-11\">pol<\/td><td class=\"column-12\"><\/td><td class=\"column-13\">Instytut Bpa W.Pluty IBWP<\/td>\n<\/tr>\n<tr class=\"row-6 even\">\n\t<td class=\"column-1\">kat.5<\/td><td class=\"column-2\">Biblioteka IBWP<\/td><td class=\"column-3\">Katalog 5. Bibliografia 2 przedmiotowa (wyb\u00f3r)<\/td><td class=\"column-4\"><\/td><td class=\"column-5\"><\/td><td class=\"column-6\"><\/td><td class=\"column-7\"><\/td><td class=\"column-8\">segregator<\/td><td class=\"column-9\"><\/td><td class=\"column-10\"><\/td><td class=\"column-11\">pol<\/td><td class=\"column-12\"><\/td><td class=\"column-13\">Instytut Bpa W.Pluty IBWP<\/td>\n<\/tr>\n<tr class=\"row-7 odd\">\n\t<td class=\"column-1\">kat.6<\/td><td class=\"column-2\">Biblioteka IBWP<\/td><td class=\"column-3\">Katalog 6. Kserokopie maszynopis\u00f3w 1-3<\/td><td class=\"column-4\"><\/td><td class=\"column-5\"><\/td><td class=\"column-6\"><\/td><td class=\"column-7\"><\/td><td class=\"column-8\">segregator<\/td><td class=\"column-9\"><\/td><td class=\"column-10\"><\/td><td class=\"column-11\">pol<\/td><td class=\"column-12\"><\/td><td class=\"column-13\">Instytut Bpa W.Pluty IBWP<\/td>\n<\/tr>\n<tr class=\"row-8 even\">\n\t<td class=\"column-1\">kat.7<\/td><td class=\"column-2\">Biblioteka IBWP<\/td><td class=\"column-3\">Katalog 7. Kserokopie maszynopis\u00f3w 4<\/td><td class=\"column-4\"><\/td><td class=\"column-5\"><\/td><td class=\"column-6\"><\/td><td class=\"column-7\"><\/td><td class=\"column-8\">segregator<\/td><td class=\"column-9\"><\/td><td class=\"column-10\"><\/td><td class=\"column-11\">pol<\/td><td class=\"column-12\"><\/td><td class=\"column-13\">Instytut Bpa W.Pluty IBWP<\/td>\n<\/tr>\n<tr class=\"row-9 odd\">\n\t<td class=\"column-1\">kat.8<\/td><td class=\"column-2\">Biblioteka IBWP<\/td><td class=\"column-3\">Katalog 8. Kserokopie maszynopis\u00f3w 5<\/td><td class=\"column-4\"><\/td><td class=\"column-5\"><\/td><td class=\"column-6\"><\/td><td class=\"column-7\"><\/td><td class=\"column-8\">segregator<\/td><td class=\"column-9\"><\/td><td class=\"column-10\"><\/td><td class=\"column-11\">pol<\/td><td class=\"column-12\"><\/td><td class=\"column-13\">Instytut Bpa W.Pluty IBWP<\/td>\n<\/tr>\n<tr class=\"row-10 even\">\n\t<td class=\"column-1\">kat.9<\/td><td class=\"column-2\">Biblioteka IBWP<\/td><td class=\"column-3\">Katalog 9. Kserokopie maszynopis\u00f3w 6<\/td><td class=\"column-4\"><\/td><td class=\"column-5\"><\/td><td class=\"column-6\"><\/td><td class=\"column-7\"><\/td><td class=\"column-8\">segregator<\/td><td class=\"column-9\"><\/td><td class=\"column-10\"><\/td><td class=\"column-11\">pol<\/td><td class=\"column-12\"><\/td><td class=\"column-13\">Instytut Bpa W.Pluty IBWP<\/td>\n<\/tr>\n<tr class=\"row-11 odd\">\n\t<td class=\"column-1\">kat.10<\/td><td class=\"column-2\">Biblioteka IBWP<\/td><td class=\"column-3\">Katalog 10. Kserokopie maszynopis\u00f3w 7-8<\/td><td class=\"column-4\"><\/td><td class=\"column-5\"><\/td><td class=\"column-6\"><\/td><td class=\"column-7\"><\/td><td class=\"column-8\">segregator<\/td><td class=\"column-9\"><\/td><td class=\"column-10\"><\/td><td class=\"column-11\">pol<\/td><td class=\"column-12\"><\/td><td class=\"column-13\">Instytut Bpa W.Pluty IBWP<\/td>\n<\/tr>\n<tr class=\"row-12 even\">\n\t<td class=\"column-1\">1<\/td><td class=\"column-2\">Biblioteka IBWP<\/td><td class=\"column-3\">Materia\u0142y na kurs przedma\u0142\u017ce\u0144ski Gorz\u00f3w Wlkp (Bp WP)<\/td><td class=\"column-4\"><\/td><td class=\"column-5\">1970<\/td><td class=\"column-6\"><\/td><td class=\"column-7\"><\/td><td class=\"column-8\">kserokopia<\/td><td class=\"column-9\"><\/td><td class=\"column-10\"><\/td><td class=\"column-11\">pol<\/td><td class=\"column-12\"><\/td><td class=\"column-13\">Instytut Bpa W.Pluty IBWP<\/td>\n<\/tr>\n<tr class=\"row-13 odd\">\n\t<td class=\"column-1\">2<\/td><td class=\"column-2\">Biblioteka IBWP<\/td><td class=\"column-3\">Refleksje teologiczne i skonkretyzowanie z nich wskaza\u0144 ascetycznych i samowychowawczych dla dojrza\u0142o\u015bci duszpasterskiej os\u00f3b w s\u0142u\u017cbie apostolskiej i duszpasterskiej Ko\u015bcio\u0142a (Bp WP)<\/td><td class=\"column-4\"><\/td><td class=\"column-5\"><\/td><td class=\"column-6\"><\/td><td class=\"column-7\"><\/td><td class=\"column-8\">kserokopia<\/td><td class=\"column-9\"><\/td><td class=\"column-10\"><\/td><td class=\"column-11\">pol<\/td><td class=\"column-12\"><\/td><td class=\"column-13\">Instytut Bpa W.Pluty IBWP<\/td>\n<\/tr>\n<tr class=\"row-14 even\">\n\t<td class=\"column-1\">3<\/td><td class=\"column-2\">Biblioteka IBWP<\/td><td class=\"column-3\">Wczesna Komunia \u015awi\u0119ta. Cz\u0119\u015b\u0107 I Przygotowanie rodzic\u00f3w Gorz\u00f3w Wlkp (Bp WP)<\/td><td class=\"column-4\"><\/td><td class=\"column-5\">1966<\/td><td class=\"column-6\"><\/td><td class=\"column-7\"><\/td><td class=\"column-8\">kserokopia<\/td><td class=\"column-9\"><\/td><td class=\"column-10\"><\/td><td class=\"column-11\">pol<\/td><td class=\"column-12\"><\/td><td class=\"column-13\">Instytut Bpa W.Pluty IBWP<\/td>\n<\/tr>\n<tr class=\"row-15 odd\">\n\t<td class=\"column-1\">4<\/td><td class=\"column-2\">Biblioteka IBWP<\/td><td class=\"column-3\">Dom Biskup\u00f3w Gorzowskich. Red. Ks. Ryszard Tomczak i ks. Wojciech Jurek. Gorz\u00f3w Wlkp.<\/td><td class=\"column-4\"><\/td><td class=\"column-5\">2012<\/td><td class=\"column-6\"><\/td><td class=\"column-7\"><\/td><td class=\"column-8\">ksi\u0105zka<\/td><td class=\"column-9\"><\/td><td class=\"column-10\"><\/td><td class=\"column-11\">pol<\/td><td class=\"column-12\"><\/td><td class=\"column-13\">Instytut Bpa W.Pluty IBWP<\/td>\n<\/tr>\n<tr class=\"row-16 even\">\n\t<td class=\"column-1\">5<\/td><td class=\"column-2\">Biblioteka IBWP<\/td><td class=\"column-3\">O \u017cyciu Bo\u017cym w cz\u0142owieku. Gorz\u00f3w Wlkp (Bp WP)<\/td><td class=\"column-4\"><\/td><td class=\"column-5\">1985<\/td><td class=\"column-6\"><\/td><td class=\"column-7\"><\/td><td class=\"column-8\">ksi\u0105zka<\/td><td class=\"column-9\"><\/td><td class=\"column-10\"><\/td><td class=\"column-11\">pol<\/td><td class=\"column-12\"><\/td><td class=\"column-13\">Instytut Bpa W.Pluty IBWP<\/td>\n<\/tr>\n<tr class=\"row-17 odd\">\n\t<td class=\"column-1\">6<\/td><td class=\"column-2\">Biblioteka IBWP<\/td><td class=\"column-3\">Uzasadnienie, motywacja dla dzieci i m\u0142odzie\u017cy przed cz\u0119st\u0105 Komuni\u0105 \u015bw. (Bp WP)<\/td><td class=\"column-4\"><\/td><td class=\"column-5\"><\/td><td class=\"column-6\"><\/td><td class=\"column-7\"><\/td><td class=\"column-8\">kserokopia<\/td><td class=\"column-9\"><\/td><td class=\"column-10\"><\/td><td class=\"column-11\">pol<\/td><td class=\"column-12\"><\/td><td class=\"column-13\">Instytut Bpa W.Pluty IBWP<\/td>\n<\/tr>\n<tr class=\"row-18 even\">\n\t<td class=\"column-1\">7<\/td><td class=\"column-2\">Biblioteka IBWP<\/td><td class=\"column-3\">Pomoce dla duszpasterstwa sakramentalnego w parafii. Sakramenty wtajemniczenia chrze\u015bcija\u0144skiego. II Sakrament Bierzmowania. Gorz\u00f3w Wlkp. (Bp WP)<\/td><td class=\"column-4\"><\/td><td class=\"column-5\">1981<\/td><td class=\"column-6\"><\/td><td class=\"column-7\"><\/td><td class=\"column-8\">kserokopia<\/td><td class=\"column-9\"><\/td><td class=\"column-10\"><\/td><td class=\"column-11\">pol<\/td><td class=\"column-12\"><\/td><td class=\"column-13\">Instytut Bpa W.Pluty IBWP<\/td>\n<\/tr>\n<tr class=\"row-19 odd\">\n\t<td class=\"column-1\">8<\/td><td class=\"column-2\">Biblioteka IBWP<\/td><td class=\"column-3\">Pomoce dla duszpasterstwa sakramentalnego w parafii. Sakramenty wtajemniczenia chrze\u015bcija\u0144skiego. I Chrzest \u015bw. Gorz\u00f3w Wlkp. (Bp WP)<\/td><td class=\"column-4\"><\/td><td class=\"column-5\">1979<\/td><td class=\"column-6\"><\/td><td class=\"column-7\"><\/td><td class=\"column-8\">kserokopia<\/td><td class=\"column-9\"><\/td><td class=\"column-10\"><\/td><td class=\"column-11\">pol<\/td><td class=\"column-12\"><\/td><td class=\"column-13\">Instytut Bpa W.Pluty IBWP<\/td>\n<\/tr>\n<tr class=\"row-20 even\">\n\t<td class=\"column-1\">9<\/td><td class=\"column-2\">Biblioteka IBWP<\/td><td class=\"column-3\">Vademecum wsp\u00f3\u0142pracy ludu Bo\u017cego i duszpasterza. (Bp WP). Wyd. Zielona G\u00f3ra <\/td><td class=\"column-4\"><\/td><td class=\"column-5\">2009<\/td><td class=\"column-6\"><\/td><td class=\"column-7\"><\/td><td class=\"column-8\">kserokopia<\/td><td class=\"column-9\"><\/td><td class=\"column-10\"><\/td><td class=\"column-11\">pol<\/td><td class=\"column-12\"><\/td><td class=\"column-13\">Instytut Bpa W.Pluty IBWP<\/td>\n<\/tr>\n<tr class=\"row-21 odd\">\n\t<td class=\"column-1\">10<\/td><td class=\"column-2\">Biblioteka IBWP<\/td><td class=\"column-3\">Rozporz\u0105dzenia duszpasterskie (Bp WP). Wyd. Zielona G\u00f3ra<\/td><td class=\"column-4\"><\/td><td class=\"column-5\">2010<\/td><td class=\"column-6\"><\/td><td class=\"column-7\"><\/td><td class=\"column-8\">ksi\u0105zka<\/td><td class=\"column-9\"><\/td><td class=\"column-10\"><\/td><td class=\"column-11\">pol<\/td><td class=\"column-12\"><\/td><td class=\"column-13\">Instytut Bpa W.Pluty IBWP<\/td>\n<\/tr>\n<tr class=\"row-22 even\">\n\t<td class=\"column-1\">11<\/td><td class=\"column-2\">Biblioteka IBWP<\/td><td class=\"column-3\">Aneksy do rozporz\u0105dze\u0144 duszpasterskich (Bp WP). Wyd. Zielona G\u00f3ra<\/td><td class=\"column-4\"><\/td><td class=\"column-5\">2010<\/td><td class=\"column-6\"><\/td><td class=\"column-7\"><\/td><td class=\"column-8\">ksi\u0105zka<\/td><td class=\"column-9\"><\/td><td class=\"column-10\"><\/td><td class=\"column-11\">pol<\/td><td class=\"column-12\"><\/td><td class=\"column-13\">Instytut Bpa W.Pluty IBWP<\/td>\n<\/tr>\n<tr class=\"row-23 odd\">\n\t<td class=\"column-1\">12<\/td><td class=\"column-2\">Biblioteka IBWP<\/td><td class=\"column-3\">Wychowanie do czysto\u015bci dzieci i m\u0142odzie\u017cy. Cz\u0119\u015b\u0107 A i B. (Bp WP)<\/td><td class=\"column-4\"><\/td><td class=\"column-5\"><\/td><td class=\"column-6\"><\/td><td class=\"column-7\"><\/td><td class=\"column-8\">kserokopia<\/td><td class=\"column-9\"><\/td><td class=\"column-10\"><\/td><td class=\"column-11\">pol<\/td><td class=\"column-12\"><\/td><td class=\"column-13\">Instytut Bpa W.Pluty IBWP<\/td>\n<\/tr>\n<tr class=\"row-24 even\">\n\t<td class=\"column-1\">13<\/td><td class=\"column-2\">Biblioteka IBWP<\/td><td class=\"column-3\">Przygotowanie m\u0142odzie\u017cy do ma\u0142\u017ce\u0144stwa i rodziny jako zadanie duszpasterskie. Gorz\u00f3w Wlkp. (Bp WP)<\/td><td class=\"column-4\"><\/td><td class=\"column-5\"><\/td><td class=\"column-6\"><\/td><td class=\"column-7\"><\/td><td class=\"column-8\">kserokopia<\/td><td class=\"column-9\"><\/td><td class=\"column-10\"><\/td><td class=\"column-11\">pol<\/td><td class=\"column-12\"><\/td><td class=\"column-13\">Instytut Bpa W.Pluty IBWP<\/td>\n<\/tr>\n<tr class=\"row-25 odd\">\n\t<td class=\"column-1\">14<\/td><td class=\"column-2\">Biblioteka IBWP<\/td><td class=\"column-3\">Dalszy ok\u00f3lnik w sprawie wczesnej Komunii \u015awi\u0119tej (Bp WP)<\/td><td class=\"column-4\"><\/td><td class=\"column-5\"><\/td><td class=\"column-6\"><\/td><td class=\"column-7\"><\/td><td class=\"column-8\">kserokopia<\/td><td class=\"column-9\"><\/td><td class=\"column-10\"><\/td><td class=\"column-11\">pol<\/td><td class=\"column-12\"><\/td><td class=\"column-13\">Instytut Bpa W.Pluty IBWP<\/td>\n<\/tr>\n<tr class=\"row-26 even\">\n\t<td class=\"column-1\">15<\/td><td class=\"column-2\">Biblioteka IBWP<\/td><td class=\"column-3\">Podr\u0119cznik duszpasterstwa m\u0142odych ma\u0142\u017ce\u0144stw i rodzin. Gorz\u00f3w Wlkp. (Bp WP)<\/td><td class=\"column-4\"><\/td><td class=\"column-5\">1971<\/td><td class=\"column-6\"><\/td><td class=\"column-7\"><\/td><td class=\"column-8\">kserokopia<\/td><td class=\"column-9\"><\/td><td class=\"column-10\"><\/td><td class=\"column-11\">pol<\/td><td class=\"column-12\"><\/td><td class=\"column-13\">Instytut Bpa W.Pluty IBWP<\/td>\n<\/tr>\n<tr class=\"row-27 odd\">\n\t<td class=\"column-1\">16<\/td><td class=\"column-2\">Biblioteka IBWP<\/td><td class=\"column-3\">Ma\u0142a summa aktywno\u015bci modlitewnej ksi\u0119dza. Gorz\u00f3w Wlkp. (Bp WP)<\/td><td class=\"column-4\"><\/td><td class=\"column-5\"><\/td><td class=\"column-6\"><\/td><td class=\"column-7\"><\/td><td class=\"column-8\">kserokopia<\/td><td class=\"column-9\"><\/td><td class=\"column-10\"><\/td><td class=\"column-11\">pol<\/td><td class=\"column-12\"><\/td><td class=\"column-13\">Instytut Bpa W.Pluty IBWP<\/td>\n<\/tr>\n<tr class=\"row-28 even\">\n\t<td class=\"column-1\">17<\/td><td class=\"column-2\">Biblioteka IBWP<\/td><td class=\"column-3\">Nauki dla nowo\u017ce\u0144c\u00f3w. Gorz\u00f3w Wlkp. <\/td><td class=\"column-4\"><\/td><td class=\"column-5\">1972<\/td><td class=\"column-6\"><\/td><td class=\"column-7\"><\/td><td class=\"column-8\">materia\u0142y powielane<\/td><td class=\"column-9\">104<\/td><td class=\"column-10\"><\/td><td class=\"column-11\">pol<\/td><td class=\"column-12\"><\/td><td class=\"column-13\">Instytut Bpa W.Pluty IBWP<\/td>\n<\/tr>\n<tr class=\"row-29 odd\">\n\t<td class=\"column-1\">18<\/td><td class=\"column-2\">Biblioteka IBWP<\/td><td class=\"column-3\">Rozmy\u015blania dla aposto\u0142\u00f3w \u015bwieckich z dziedziny ascetyki. Gorz\u00f3w Wlkp. (Bp WP)<\/td><td class=\"column-4\"><\/td><td class=\"column-5\">1985<\/td><td class=\"column-6\"><\/td><td class=\"column-7\"><\/td><td class=\"column-8\">materia\u0142y powielane<\/td><td class=\"column-9\">109<\/td><td class=\"column-10\"><\/td><td class=\"column-11\">pol<\/td><td class=\"column-12\"><\/td><td class=\"column-13\">Instytut Bpa W.Pluty IBWP<\/td>\n<\/tr>\n<tr class=\"row-30 even\">\n\t<td class=\"column-1\">19<\/td><td class=\"column-2\">Biblioteka IBWP<\/td><td class=\"column-3\">Pomoce dla duszpasterstwa sakramentalnego w parafii. Sakramenty wtajemniczenia chrze\u015bcija\u0144skiego. I Chrzest \u015bw. Gorz\u00f3w Wlkp. (Bp WP)<\/td><td class=\"column-4\"><\/td><td class=\"column-5\">1985<\/td><td class=\"column-6\"><\/td><td class=\"column-7\"><\/td><td class=\"column-8\">materia\u0142y powielane<\/td><td class=\"column-9\">81<\/td><td class=\"column-10\"><\/td><td class=\"column-11\">pol<\/td><td class=\"column-12\"><\/td><td class=\"column-13\">Instytut Bpa W.Pluty IBWP<\/td>\n<\/tr>\n<tr class=\"row-31 odd\">\n\t<td class=\"column-1\">20<\/td><td class=\"column-2\">Biblioteka IBWP<\/td><td class=\"column-3\">\u017bycie i pos\u0142uga pasterska biskupa Wilhelma Pluty. Red. Ks. Ryszard Tomczak i ks. Andrzej Oczachowski. Gorz\u00f3w Wlkp.<\/td><td class=\"column-4\"><\/td><td class=\"column-5\">2011<\/td><td class=\"column-6\"><\/td><td class=\"column-7\"><\/td><td class=\"column-8\">ksi\u0105zka<\/td><td class=\"column-9\">255<\/td><td class=\"column-10\"><\/td><td class=\"column-11\">pol<\/td><td class=\"column-12\"><\/td><td class=\"column-13\">Instytut Bpa W.Pluty IBWP<\/td>\n<\/tr>\n<tr class=\"row-32 even\">\n\t<td class=\"column-1\">21<\/td><td class=\"column-2\">Biblioteka IBWP<\/td><td class=\"column-3\">Bp Wilhelm Pluta, Ascetyka dla \u015bwieckich, red. Ks. Henryk Grz\u0105dko<\/td><td class=\"column-4\"><\/td><td class=\"column-5\">2009<\/td><td class=\"column-6\"><\/td><td class=\"column-7\"><\/td><td class=\"column-8\">ksi\u0105zka<\/td><td class=\"column-9\">212<\/td><td class=\"column-10\"><\/td><td class=\"column-11\">pol<\/td><td class=\"column-12\"><\/td><td class=\"column-13\">Gorz\u00f3w Wlkp.<\/td>\n<\/tr>\n<tr class=\"row-33 odd\">\n\t<td class=\"column-1\">22<\/td><td class=\"column-2\">Biblioteka IBWP<\/td><td class=\"column-3\">Bp Wilhelm Pluta, Aby byli jedno. Listy pasterskie<\/td><td class=\"column-4\"><\/td><td class=\"column-5\">1985<\/td><td class=\"column-6\"><\/td><td class=\"column-7\"><\/td><td class=\"column-8\">ksi\u0105zka<\/td><td class=\"column-9\">421<\/td><td class=\"column-10\"><\/td><td class=\"column-11\">pol<\/td><td class=\"column-12\"><\/td><td class=\"column-13\">Opole<\/td>\n<\/tr>\n<tr class=\"row-34 even\">\n\t<td class=\"column-1\">23<\/td><td class=\"column-2\">Biblioteka IBWP<\/td><td class=\"column-3\">Bp Wilhelm Pluta, Vademecum wsp\u00f3\u0142pracy Ludu Bo\u017cego i duszpasterza<\/td><td class=\"column-4\"><\/td><td class=\"column-5\">1974<\/td><td class=\"column-6\"><\/td><td class=\"column-7\"><\/td><td class=\"column-8\">maszynopis<\/td><td class=\"column-9\">64<\/td><td class=\"column-10\"><\/td><td class=\"column-11\">pol<\/td><td class=\"column-12\"><\/td><td class=\"column-13\">Gorz\u00f3w Wlkp.<\/td>\n<\/tr>\n<tr class=\"row-35 odd\">\n\t<td class=\"column-1\">24<\/td><td class=\"column-2\">Biblioteka IBWP<\/td><td class=\"column-3\">Pauli VI, Littere apostolicae motu proprio datae Quibus normae de matrimonii mixtis [odr\u0119czna notatka bpa W. Pluty]<\/td><td class=\"column-4\"><\/td><td class=\"column-5\">1970<\/td><td class=\"column-6\"><\/td><td class=\"column-7\"><\/td><td class=\"column-8\"><\/td><td class=\"column-9\">8<\/td><td class=\"column-10\"><\/td><td class=\"column-11\">\u0142ac<\/td><td class=\"column-12\"><\/td><td class=\"column-13\">Vaticano<\/td>\n<\/tr>\n<tr class=\"row-36 even\">\n\t<td class=\"column-1\">25<\/td><td class=\"column-2\">Biblioteka IBWP<\/td><td class=\"column-3\">Normae pastorales circa absolutionem sacramentalem [odr\u0119czna notatka bpa W. Pluty]<\/td><td class=\"column-4\"><\/td><td class=\"column-5\">1972<\/td><td class=\"column-6\"><\/td><td class=\"column-7\"><\/td><td class=\"column-8\"><\/td><td class=\"column-9\">8<\/td><td class=\"column-10\"><\/td><td class=\"column-11\">\u0142ac<\/td><td class=\"column-12\"><\/td><td class=\"column-13\">Vaticano<\/td>\n<\/tr>\n<tr class=\"row-37 odd\">\n\t<td class=\"column-1\">26<\/td><td class=\"column-2\">Biblioteka IBWP<\/td><td class=\"column-3\">Missale parvum [w\u0142asno\u015b\u0107 bpa W. Pluty]<\/td><td class=\"column-4\"><\/td><td class=\"column-5\">1974<\/td><td class=\"column-6\"><\/td><td class=\"column-7\"><\/td><td class=\"column-8\">ksi\u0105zka<\/td><td class=\"column-9\">174<\/td><td class=\"column-10\"><\/td><td class=\"column-11\">\u0142ac<\/td><td class=\"column-12\"><\/td><td class=\"column-13\">Vaticano<\/td>\n<\/tr>\n<tr class=\"row-38 even\">\n\t<td class=\"column-1\">27<\/td><td class=\"column-2\">Biblioteka IBWP<\/td><td class=\"column-3\">Zatroskany pasterz. Ksi\u0119ga wpis\u00f3w<\/td><td class=\"column-4\"><\/td><td class=\"column-5\">2001<\/td><td class=\"column-6\"><\/td><td class=\"column-7\"><\/td><td class=\"column-8\"><\/td><td class=\"column-9\"><\/td><td class=\"column-10\"><\/td><td class=\"column-11\">pol<\/td><td class=\"column-12\"><\/td><td class=\"column-13\"><\/td>\n<\/tr>\n<tr class=\"row-39 odd\">\n\t<td class=\"column-1\">28<\/td><td class=\"column-2\">Biblioteka IBWP<\/td><td class=\"column-3\">Bp Wilhelm Pluta. Biografia. Oprac. Ks. Dariusz Gronowski<\/td><td class=\"column-4\"><\/td><td class=\"column-5\">2015<\/td><td class=\"column-6\"><\/td><td class=\"column-7\"><\/td><td class=\"column-8\">ksi\u0105\u017cka<\/td><td class=\"column-9\">367<\/td><td class=\"column-10\"><\/td><td class=\"column-11\">pol<\/td><td class=\"column-12\"><\/td><td class=\"column-13\">Gorz\u00f3w Wlkp.-Zielona G\u00f3ra<\/td>\n<\/tr>\n<tr class=\"row-40 even\">\n\t<td class=\"column-1\">29<\/td><td class=\"column-2\">Biblioteka IBWP<\/td><td class=\"column-3\">Ordo Missae. [Biskup Gorzowski]<\/td><td class=\"column-4\"><\/td><td class=\"column-5\">1969<\/td><td class=\"column-6\"><\/td><td class=\"column-7\"><\/td><td class=\"column-8\">ksi\u0105\u017cka<\/td><td class=\"column-9\">171<\/td><td class=\"column-10\"><\/td><td class=\"column-11\">\u0142ac<\/td><td class=\"column-12\"><\/td><td class=\"column-13\">Vaticano<\/td>\n<\/tr>\n<\/tbody>\n<\/table>\n<!-- #tablepress-63 from cache -->\n","protected":false},"excerpt":{"rendered":"","protected":false},"author":1,"featured_media":0,"parent":46,"menu_order":0,"comment_status":"closed","ping_status":"closed","template":"","meta":{"ngg_post_thumbnail":0},"_links":{"self":[{"href":"https:\/\/archiwum.diecezjazg.pl\/index.php\/wp-json\/wp\/v2\/pages\/635"}],"collection":[{"href":"https:\/\/archiwum.diecezjazg.pl\/index.php\/wp-json\/wp\/v2\/pages"}],"about":[{"href":"https:\/\/archiwum.diecezjazg.pl\/index.php\/wp-json\/wp\/v2\/types\/page"}],"author":[{"embeddable":true,"href":"https:\/\/archiwum.diecezjazg.pl\/index.php\/wp-json\/wp\/v2\/users\/1"}],"replies":[{"embeddable":true,"href":"https:\/\/archiwum.diecezjazg.pl\/index.php\/wp-json\/wp\/v2\/comments?post=635"}],"version-history":[{"count":1,"href":"https:\/\/archiwum.diecezjazg.pl\/index.php\/wp-json\/wp\/v2\/pages\/635\/revisions"}],"predecessor-version":[{"id":637,"href":"https:\/\/archiwum.diecezjazg.pl\/index.php\/wp-json\/wp\/v2\/pages\/635\/revisions\/637"}],"up":[{"embeddable":true,"href":"https:\/\/archiwum.diecezjazg.pl\/index.php\/wp-json\/wp\/v2\/pages\/46"}],"wp:attachment":[{"href":"https:\/\/archiwum.diecezjazg.pl\/index.php\/wp-json\/wp\/v2\/media?parent=635"}],"curies":[{"name":"wp","href":"https:\/\/api.w.org\/{rel}","templated":true}]}}