{"id":631,"date":"2017-09-23T13:26:20","date_gmt":"2017-09-23T11:26:20","guid":{"rendered":"http:\/\/www.archiwum.diecezjazg.pl\/?page_id=631"},"modified":"2017-09-23T13:26:20","modified_gmt":"2017-09-23T11:26:20","slug":"akta-krolewskiego-seminarium-nauczycielskiego-w-paradyzu-1836-1904-zespol-20-sygnatura-aksnp","status":"publish","type":"page","link":"https:\/\/archiwum.diecezjazg.pl\/index.php\/zasoby-archiwalne\/akta-krolewskiego-seminarium-nauczycielskiego-w-paradyzu-1836-1904-zespol-20-sygnatura-aksnp\/","title":{"rendered":"Akta Kr\u00f3lewskiego Seminarium Nauczycielskiego w Parady\u017cu (1836-1904), zesp\u00f3\u0142 20, sygnatura AKSNP"},"content":{"rendered":"\n<table id=\"tablepress-521\" class=\"tablepress tablepress-id-521\">\n<thead>\n<tr class=\"row-1 odd\">\n\t<th class=\"column-1\">Sygn<\/th><th class=\"column-2\">Zesp\u00f3\u0142 20<\/th><th class=\"column-3\">Tytu\u0142<\/th><th class=\"column-4\">Rok_ant<\/th><th class=\"column-5\">Rok_p<\/th><th class=\"column-6\">Rok_k<\/th><th class=\"column-7\">Rok_pos<\/th><th class=\"column-8\">Opis_fizyczny<\/th><th class=\"column-9\">ilo\u015b\u0107 stron<\/th><th class=\"column-10\">wymiar<\/th><th class=\"column-11\">j\u0119zyk<\/th><th class=\"column-12\">Sygnatury dawne<\/th><th class=\"column-13\">Uwagi<\/th>\n<\/tr>\n<\/thead>\n<tbody class=\"row-hover\">\n<tr class=\"row-2 even\">\n\t<td class=\"column-1\">AKSNP 1<\/td><td class=\"column-2\">Kr\u00f3lewskie Seminarium nauczycielskie Parady\u017c (1836-1926)<\/td><td class=\"column-3\">Acten des K\u00f6niglichen Schullehrer Seminar Paradies betreffend die Utensilien f\u00fcr die Seminar-Kirche<\/td><td class=\"column-4\"><\/td><td class=\"column-5\">1836<\/td><td class=\"column-6\">1899<\/td><td class=\"column-7\"><\/td><td class=\"column-8\">poszyt<\/td><td class=\"column-9\"><\/td><td class=\"column-10\">230x360<\/td><td class=\"column-11\">niem<\/td><td class=\"column-12\"><\/td><td class=\"column-13\">AP Mi\u0119dzyrzecz<\/td>\n<\/tr>\n<tr class=\"row-3 odd\">\n\t<td class=\"column-1\">AKSNP 2<\/td><td class=\"column-2\">Kr\u00f3lewskie Seminarium nauczycielskie Parady\u017c (1836-1926)<\/td><td class=\"column-3\">[Korespondencja]<\/td><td class=\"column-4\"><\/td><td class=\"column-5\">1887<\/td><td class=\"column-6\">1904<\/td><td class=\"column-7\"><\/td><td class=\"column-8\">akta lu\u017ane<\/td><td class=\"column-9\">brak pag.<\/td><td class=\"column-10\">230x360<\/td><td class=\"column-11\">niem<\/td><td class=\"column-12\"><\/td><td class=\"column-13\">AP Mi\u0119dzyrzecz<\/td>\n<\/tr>\n<tr class=\"row-4 even\">\n\t<td class=\"column-1\">AKSNP 3<\/td><td class=\"column-2\">Kr\u00f3lewskie Seminarium nauczycielskie Parady\u017c (1836-1926)<\/td><td class=\"column-3\">Seminarium Nauczycielskie w Parady\u017cu<\/td><td class=\"column-4\"><\/td><td class=\"column-5\">1889<\/td><td class=\"column-6\">1897<\/td><td class=\"column-7\"><\/td><td class=\"column-8\">akta lu\u017ane<\/td><td class=\"column-9\">brak pag.<\/td><td class=\"column-10\">230x360<\/td><td class=\"column-11\">niem<\/td><td class=\"column-12\"><\/td><td class=\"column-13\">AP Mi\u0119dzyrzecz<\/td>\n<\/tr>\n<\/tbody>\n<\/table>\n<!-- #tablepress-521 from cache -->\n","protected":false},"excerpt":{"rendered":"","protected":false},"author":1,"featured_media":0,"parent":46,"menu_order":0,"comment_status":"closed","ping_status":"closed","template":"","meta":{"ngg_post_thumbnail":0},"_links":{"self":[{"href":"https:\/\/archiwum.diecezjazg.pl\/index.php\/wp-json\/wp\/v2\/pages\/631"}],"collection":[{"href":"https:\/\/archiwum.diecezjazg.pl\/index.php\/wp-json\/wp\/v2\/pages"}],"about":[{"href":"https:\/\/archiwum.diecezjazg.pl\/index.php\/wp-json\/wp\/v2\/types\/page"}],"author":[{"embeddable":true,"href":"https:\/\/archiwum.diecezjazg.pl\/index.php\/wp-json\/wp\/v2\/users\/1"}],"replies":[{"embeddable":true,"href":"https:\/\/archiwum.diecezjazg.pl\/index.php\/wp-json\/wp\/v2\/comments?post=631"}],"version-history":[{"count":1,"href":"https:\/\/archiwum.diecezjazg.pl\/index.php\/wp-json\/wp\/v2\/pages\/631\/revisions"}],"predecessor-version":[{"id":632,"href":"https:\/\/archiwum.diecezjazg.pl\/index.php\/wp-json\/wp\/v2\/pages\/631\/revisions\/632"}],"up":[{"embeddable":true,"href":"https:\/\/archiwum.diecezjazg.pl\/index.php\/wp-json\/wp\/v2\/pages\/46"}],"wp:attachment":[{"href":"https:\/\/archiwum.diecezjazg.pl\/index.php\/wp-json\/wp\/v2\/media?parent=631"}],"curies":[{"name":"wp","href":"https:\/\/api.w.org\/{rel}","templated":true}]}}