{"id":600,"date":"2017-09-23T13:10:39","date_gmt":"2017-09-23T11:10:39","guid":{"rendered":"http:\/\/www.archiwum.diecezjazg.pl\/?page_id=600"},"modified":"2017-09-23T13:10:39","modified_gmt":"2017-09-23T11:10:39","slug":"akta-dekanatu-lwowek-1901-1939-zespol-282-sygnatura-adlw","status":"publish","type":"page","link":"https:\/\/archiwum.diecezjazg.pl\/index.php\/zasoby-archiwalne\/akta-dekanatu-lwowek-1901-1939-zespol-282-sygnatura-adlw\/","title":{"rendered":"Akta Dekanatu Lw\u00f3wek (1901-1939), zesp\u00f3\u0142 282, sygnatura ADLw"},"content":{"rendered":"\n<table id=\"tablepress-527\" class=\"tablepress tablepress-id-527\">\n<thead>\n<tr class=\"row-1 odd\">\n\t<th class=\"column-1\">Sygn<\/th><th class=\"column-2\">Zesp\u00f3\u0142 282<\/th><th class=\"column-3\">Tytu\u0142<\/th><th class=\"column-4\">Rok_ant<\/th><th class=\"column-5\">Rok_p<\/th><th class=\"column-6\">Rok_k<\/th><th class=\"column-7\">Rok_pos<\/th><th class=\"column-8\">Opis_fizyczny<\/th><th class=\"column-9\">ilo\u015b\u0107 stron<\/th><th class=\"column-10\">wymiar<\/th><th class=\"column-11\">j\u0119zyk<\/th><th class=\"column-12\">Sygnatury dawne<\/th>\n<\/tr>\n<\/thead>\n<tbody class=\"row-hover\">\n<tr class=\"row-2 even\">\n\t<td class=\"column-1\">ADLu 1<\/td><td class=\"column-2\">Dekanat Lw\u00f3wek<\/td><td class=\"column-3\">Onus fabricae ko\u015bcio\u0142a i budynk\u00f3w Pleba\u0144skich w Wierzbnie<\/td><td class=\"column-4\"><\/td><td class=\"column-5\">1901<\/td><td class=\"column-6\">1939<\/td><td class=\"column-7\"><\/td><td class=\"column-8\">poszyt<\/td><td class=\"column-9\">brak pag.<\/td><td class=\"column-10\">230x360<\/td><td class=\"column-11\">\u0142ac, pol, niem<\/td><td class=\"column-12\">AZGWSD Parady\u017c<\/td>\n<\/tr>\n<\/tbody>\n<\/table>\n<!-- #tablepress-527 from cache -->\n","protected":false},"excerpt":{"rendered":"","protected":false},"author":1,"featured_media":0,"parent":46,"menu_order":0,"comment_status":"closed","ping_status":"closed","template":"","meta":{"ngg_post_thumbnail":0},"_links":{"self":[{"href":"https:\/\/archiwum.diecezjazg.pl\/index.php\/wp-json\/wp\/v2\/pages\/600"}],"collection":[{"href":"https:\/\/archiwum.diecezjazg.pl\/index.php\/wp-json\/wp\/v2\/pages"}],"about":[{"href":"https:\/\/archiwum.diecezjazg.pl\/index.php\/wp-json\/wp\/v2\/types\/page"}],"author":[{"embeddable":true,"href":"https:\/\/archiwum.diecezjazg.pl\/index.php\/wp-json\/wp\/v2\/users\/1"}],"replies":[{"embeddable":true,"href":"https:\/\/archiwum.diecezjazg.pl\/index.php\/wp-json\/wp\/v2\/comments?post=600"}],"version-history":[{"count":1,"href":"https:\/\/archiwum.diecezjazg.pl\/index.php\/wp-json\/wp\/v2\/pages\/600\/revisions"}],"predecessor-version":[{"id":602,"href":"https:\/\/archiwum.diecezjazg.pl\/index.php\/wp-json\/wp\/v2\/pages\/600\/revisions\/602"}],"up":[{"embeddable":true,"href":"https:\/\/archiwum.diecezjazg.pl\/index.php\/wp-json\/wp\/v2\/pages\/46"}],"wp:attachment":[{"href":"https:\/\/archiwum.diecezjazg.pl\/index.php\/wp-json\/wp\/v2\/media?parent=600"}],"curies":[{"name":"wp","href":"https:\/\/api.w.org\/{rel}","templated":true}]}}