{"id":585,"date":"2017-09-23T12:31:53","date_gmt":"2017-09-23T10:31:53","guid":{"rendered":"http:\/\/www.archiwum.diecezjazg.pl\/?page_id=585"},"modified":"2017-09-23T12:33:35","modified_gmt":"2017-09-23T10:33:35","slug":"slajdy-zespol-58-sygnatura-ks","status":"publish","type":"page","link":"https:\/\/archiwum.diecezjazg.pl\/index.php\/zasoby-archiwalne\/slajdy-zespol-58-sygnatura-ks\/","title":{"rendered":"Slajdy, zesp\u00f3\u0142 58, sygnatura KS"},"content":{"rendered":"\n<table id=\"tablepress-311\" class=\"tablepress tablepress-id-311\">\n<thead>\n<tr class=\"row-1 odd\">\n\t<th class=\"column-1\">Sygn<\/th><th class=\"column-2\">Zesp\u00f3\u0142 58<\/th><th class=\"column-3\">Tytu\u0142<\/th><th class=\"column-4\">Rok produkcji<\/th><th class=\"column-5\">Miejsce produkcji<\/th><th class=\"column-6\">liczba slajd\u00f3w<\/th><th class=\"column-7\">wymiar<\/th><th class=\"column-8\">materia\u0142<\/th><th class=\"column-9\">Opis<\/th><th class=\"column-10\">Uwagi<\/th>\n<\/tr>\n<\/thead>\n<tbody class=\"row-hover\">\n<tr class=\"row-2 even\">\n\t<td class=\"column-1\">ZS 1<\/td><td class=\"column-2\">Zbi\u00f3r slajd\u00f3w<\/td><td class=\"column-3\">Klasztor i ko\u015bci\u00f3\u0142 Chorin<\/td><td class=\"column-4\"><\/td><td class=\"column-5\">Niemcy<\/td><td class=\"column-6\">23<\/td><td class=\"column-7\"><\/td><td class=\"column-8\"><\/td><td class=\"column-9\">23 slajdy w pude\u0142ku plastikowym. Opis na ma\u0142ej kartce<\/td><td class=\"column-10\"><\/td>\n<\/tr>\n<tr class=\"row-3 odd\">\n\t<td class=\"column-1\">ZS 2<\/td><td class=\"column-2\">Zbi\u00f3r slajd\u00f3w<\/td><td class=\"column-3\">Klasztor i ko\u015bci\u00f3\u0142 Lehnin<\/td><td class=\"column-4\"><\/td><td class=\"column-5\">Niemcy<\/td><td class=\"column-6\">24<\/td><td class=\"column-7\"><\/td><td class=\"column-8\"><\/td><td class=\"column-9\">24 slajdy w pude\u0142ku plastikowym<\/td><td class=\"column-10\"><\/td>\n<\/tr>\n<\/tbody>\n<\/table>\n<!-- #tablepress-311 from cache -->\n","protected":false},"excerpt":{"rendered":"","protected":false},"author":1,"featured_media":0,"parent":46,"menu_order":0,"comment_status":"closed","ping_status":"closed","template":"","meta":{"ngg_post_thumbnail":0},"_links":{"self":[{"href":"https:\/\/archiwum.diecezjazg.pl\/index.php\/wp-json\/wp\/v2\/pages\/585"}],"collection":[{"href":"https:\/\/archiwum.diecezjazg.pl\/index.php\/wp-json\/wp\/v2\/pages"}],"about":[{"href":"https:\/\/archiwum.diecezjazg.pl\/index.php\/wp-json\/wp\/v2\/types\/page"}],"author":[{"embeddable":true,"href":"https:\/\/archiwum.diecezjazg.pl\/index.php\/wp-json\/wp\/v2\/users\/1"}],"replies":[{"embeddable":true,"href":"https:\/\/archiwum.diecezjazg.pl\/index.php\/wp-json\/wp\/v2\/comments?post=585"}],"version-history":[{"count":1,"href":"https:\/\/archiwum.diecezjazg.pl\/index.php\/wp-json\/wp\/v2\/pages\/585\/revisions"}],"predecessor-version":[{"id":586,"href":"https:\/\/archiwum.diecezjazg.pl\/index.php\/wp-json\/wp\/v2\/pages\/585\/revisions\/586"}],"up":[{"embeddable":true,"href":"https:\/\/archiwum.diecezjazg.pl\/index.php\/wp-json\/wp\/v2\/pages\/46"}],"wp:attachment":[{"href":"https:\/\/archiwum.diecezjazg.pl\/index.php\/wp-json\/wp\/v2\/media?parent=585"}],"curies":[{"name":"wp","href":"https:\/\/api.w.org\/{rel}","templated":true}]}}