{"id":565,"date":"2017-09-23T12:23:05","date_gmt":"2017-09-23T10:23:05","guid":{"rendered":"http:\/\/www.archiwum.diecezjazg.pl\/?page_id=565"},"modified":"2017-09-23T12:23:30","modified_gmt":"2017-09-23T10:23:30","slug":"kasety-magnetofonowe-zespol-57-sygnatura-kkm","status":"publish","type":"page","link":"https:\/\/archiwum.diecezjazg.pl\/index.php\/zasoby-archiwalne\/kasety-magnetofonowe-zespol-57-sygnatura-kkm\/","title":{"rendered":"Kasety magnetofonowe, zesp\u00f3\u0142 57, sygnatura KKM"},"content":{"rendered":"\n<table id=\"tablepress-310\" class=\"tablepress tablepress-id-310\">\n<thead>\n<tr class=\"row-1 odd\">\n\t<th class=\"column-1\">S\u0142owo Klucz<\/th><th class=\"column-2\">Zesp\u00f3\u0142 57<\/th><th class=\"column-3\">Tre\u015b\u0107 tematu<\/th><th class=\"column-4\">Autor foto<\/th><th class=\"column-5\">Data wykonania<\/th><th class=\"column-6\">Miejsce wyk.<\/th><th class=\"column-7\">Rozmiar negatywu<\/th><th class=\"column-8\">Ilo\u015b\u0107 odbitek<\/th><th class=\"column-9\">Publikacje<\/th><th class=\"column-10\">Opis zewn.<\/th><th class=\"column-11\">opis c.d.<\/th><th class=\"column-12\">Sygnatura<\/th><th class=\"column-13\">Uwagi<\/th>\n<\/tr>\n<\/thead>\n<tbody class=\"row-hover\">\n<tr class=\"row-2 even\">\n\t<td class=\"column-1\">Stanis\u0142awa Golec<\/td><td class=\"column-2\">ZBI\u00d3R KASET MAGNETOFONOWYCH <\/td><td class=\"column-3\">Matka Ksieni Stanis\u0142awa Golec m\u00f3wi dla sekcji polskiej Radia Watyka\u0144skiego 11.08.1996<\/td><td class=\"column-4\"><\/td><td class=\"column-5\">1996<\/td><td class=\"column-6\"><\/td><td class=\"column-7\"><\/td><td class=\"column-8\"><\/td><td class=\"column-9\"><\/td><td class=\"column-10\"><\/td><td class=\"column-11\"><\/td><td class=\"column-12\">ZKM 1<\/td><td class=\"column-13\"><\/td>\n<\/tr>\n<tr class=\"row-3 odd\">\n\t<td class=\"column-1\">Rokitno, Zielona G\u00f3ra<\/td><td class=\"column-2\">ZBI\u00d3R KASET MAGNETOFONOWYCH <\/td><td class=\"column-3\">Pie\u015bni Rokitnia\u0144skie. Chwa\u0142o Wzg\u00f3rza Rokitnia\u0144skiego<\/td><td class=\"column-4\">Ch\u00f3r \"Cantemus Domino\"<\/td><td class=\"column-5\"><\/td><td class=\"column-6\"><\/td><td class=\"column-7\"><\/td><td class=\"column-8\"><\/td><td class=\"column-9\"><\/td><td class=\"column-10\"><\/td><td class=\"column-11\"><\/td><td class=\"column-12\">ZKM 2<\/td><td class=\"column-13\"><\/td>\n<\/tr>\n<tr class=\"row-4 even\">\n\t<td class=\"column-1\">Gorz\u00f3w Wlkp.<\/td><td class=\"column-2\">ZBI\u00d3R KASET MAGNETOFONOWYCH <\/td><td class=\"column-3\">Rozpocz\u0119cie peregrynacji obrazu Matki Bo\u017cej Cz\u0119stochowskiej cz. 1<\/td><td class=\"column-4\"><\/td><td class=\"column-5\">1991<\/td><td class=\"column-6\"><\/td><td class=\"column-7\"><\/td><td class=\"column-8\"><\/td><td class=\"column-9\"><\/td><td class=\"column-10\"><\/td><td class=\"column-11\"><\/td><td class=\"column-12\">ZKM 3<\/td><td class=\"column-13\"><\/td>\n<\/tr>\n<tr class=\"row-5 odd\">\n\t<td class=\"column-1\">Gorz\u00f3w Wlkp.<\/td><td class=\"column-2\">ZBI\u00d3R KASET MAGNETOFONOWYCH <\/td><td class=\"column-3\">Rozpocz\u0119cie peregrynacji obrazu Matki Bo\u017cej Cz\u0119stochowskiej cz. 2<\/td><td class=\"column-4\"><\/td><td class=\"column-5\">1991<\/td><td class=\"column-6\"><\/td><td class=\"column-7\"><\/td><td class=\"column-8\"><\/td><td class=\"column-9\"><\/td><td class=\"column-10\"><\/td><td class=\"column-11\"><\/td><td class=\"column-12\">ZKM 4<\/td><td class=\"column-13\"><\/td>\n<\/tr>\n<tr class=\"row-6 even\">\n\t<td class=\"column-1\">Gorz\u00f3w Wlkp.<\/td><td class=\"column-2\">ZBI\u00d3R KASET MAGNETOFONOWYCH <\/td><td class=\"column-3\">Rozpocz\u0119cie peregrynacji obrazu Matki Bo\u017cej Cz\u0119stochowskiej cz. 3<\/td><td class=\"column-4\"><\/td><td class=\"column-5\">1991<\/td><td class=\"column-6\"><\/td><td class=\"column-7\"><\/td><td class=\"column-8\"><\/td><td class=\"column-9\"><\/td><td class=\"column-10\"><\/td><td class=\"column-11\"><\/td><td class=\"column-12\">ZKM 5<\/td><td class=\"column-13\"><\/td>\n<\/tr>\n<\/tbody>\n<\/table>\n<!-- #tablepress-310 from cache -->\n","protected":false},"excerpt":{"rendered":"","protected":false},"author":1,"featured_media":0,"parent":46,"menu_order":0,"comment_status":"closed","ping_status":"closed","template":"","meta":{"ngg_post_thumbnail":0},"_links":{"self":[{"href":"https:\/\/archiwum.diecezjazg.pl\/index.php\/wp-json\/wp\/v2\/pages\/565"}],"collection":[{"href":"https:\/\/archiwum.diecezjazg.pl\/index.php\/wp-json\/wp\/v2\/pages"}],"about":[{"href":"https:\/\/archiwum.diecezjazg.pl\/index.php\/wp-json\/wp\/v2\/types\/page"}],"author":[{"embeddable":true,"href":"https:\/\/archiwum.diecezjazg.pl\/index.php\/wp-json\/wp\/v2\/users\/1"}],"replies":[{"embeddable":true,"href":"https:\/\/archiwum.diecezjazg.pl\/index.php\/wp-json\/wp\/v2\/comments?post=565"}],"version-history":[{"count":1,"href":"https:\/\/archiwum.diecezjazg.pl\/index.php\/wp-json\/wp\/v2\/pages\/565\/revisions"}],"predecessor-version":[{"id":566,"href":"https:\/\/archiwum.diecezjazg.pl\/index.php\/wp-json\/wp\/v2\/pages\/565\/revisions\/566"}],"up":[{"embeddable":true,"href":"https:\/\/archiwum.diecezjazg.pl\/index.php\/wp-json\/wp\/v2\/pages\/46"}],"wp:attachment":[{"href":"https:\/\/archiwum.diecezjazg.pl\/index.php\/wp-json\/wp\/v2\/media?parent=565"}],"curies":[{"name":"wp","href":"https:\/\/api.w.org\/{rel}","templated":true}]}}