{"id":559,"date":"2017-09-23T12:21:24","date_gmt":"2017-09-23T10:21:24","guid":{"rendered":"http:\/\/www.archiwum.diecezjazg.pl\/?page_id=559"},"modified":"2017-09-23T12:21:24","modified_gmt":"2017-09-23T10:21:24","slug":"dyskietki-zespol-56-sygnatura-kd","status":"publish","type":"page","link":"https:\/\/archiwum.diecezjazg.pl\/index.php\/zasoby-archiwalne\/dyskietki-zespol-56-sygnatura-kd\/","title":{"rendered":"Dyskietki, zesp\u00f3\u0142 56, sygnatura KD"},"content":{"rendered":"\n<table id=\"tablepress-39\" class=\"tablepress tablepress-id-39\">\n<thead>\n<tr class=\"row-1 odd\">\n\t<th class=\"column-1\">S\u0142owo Klucz<\/th><th class=\"column-2\">Zesp\u00f3\u0142 56<\/th><th class=\"column-3\">Tre\u015b\u0107 tematu<\/th><th class=\"column-4\">Autor foto<\/th><th class=\"column-5\">Data wykonania<\/th><th class=\"column-6\">Miejsce wyk.<\/th><th class=\"column-7\">Rozmiar negatywu<\/th><th class=\"column-8\">Ilo\u015b\u0107 odbitek<\/th><th class=\"column-9\">Publikacje<\/th><th class=\"column-10\">Opis zewn.<\/th><th class=\"column-11\">opis c.d.<\/th><th class=\"column-12\">Sygnatura<\/th><th class=\"column-13\">Uwagi<\/th>\n<\/tr>\n<\/thead>\n<tbody class=\"row-hover\">\n<tr class=\"row-2 even\">\n\t<td class=\"column-1\">Andrzej Sobieraj<\/td><td class=\"column-2\">Zbi\u00f3r dyskietek KD<\/td><td class=\"column-3\">Konserwatyzm i liberalizm w Ko\u015bciele i teologii. Dla Ks. Bp dr Pawe\u0142 Socha<\/td><td class=\"column-4\"><\/td><td class=\"column-5\">1996<\/td><td class=\"column-6\">Gorz\u00f3w Wlkp.<\/td><td class=\"column-7\"><\/td><td class=\"column-8\"><\/td><td class=\"column-9\"><\/td><td class=\"column-10\"><\/td><td class=\"column-11\"><\/td><td class=\"column-12\">ZD1<\/td><td class=\"column-13\"><\/td>\n<\/tr>\n<tr class=\"row-3 odd\">\n\t<td class=\"column-1\">Krosno Odrz.<\/td><td class=\"column-2\">Zbi\u00f3r dyskietek KD<\/td><td class=\"column-3\">Zdj\u0119cia z Wojew\u00f3dzkiej Inauguracji Roku Szkolnego 2005\/06<\/td><td class=\"column-4\"><\/td><td class=\"column-5\">2005<\/td><td class=\"column-6\">Krosno Odrz.<\/td><td class=\"column-7\"><\/td><td class=\"column-8\"><\/td><td class=\"column-9\"><\/td><td class=\"column-10\"><\/td><td class=\"column-11\"><\/td><td class=\"column-12\">ZD2<\/td><td class=\"column-13\">Dyskietka wraz z pismem przewodnim przekazana przez Damiana Piosika Komendanta Powiatowego Policji w Kro\u015bnie Odrz.<\/td>\n<\/tr>\n<tr class=\"row-4 even\">\n\t<td class=\"column-1\">ks. Piotr Kubiak<\/td><td class=\"column-2\">Zbi\u00f3r dyskietek KD<\/td><td class=\"column-3\">Materia\u0142y ks. P. Kubiaka do \"Ecclesiastica\" nr 1\/2006 cz.1<\/td><td class=\"column-4\"><\/td><td class=\"column-5\">2006<\/td><td class=\"column-6\">Zielona G\u00f3ra<\/td><td class=\"column-7\"><\/td><td class=\"column-8\"><\/td><td class=\"column-9\"><\/td><td class=\"column-10\"><\/td><td class=\"column-11\"><\/td><td class=\"column-12\">ZD3<\/td><td class=\"column-13\"><\/td>\n<\/tr>\n<tr class=\"row-5 odd\">\n\t<td class=\"column-1\">ks. Andrzej Sapieha<\/td><td class=\"column-2\">Zbi\u00f3r dyskietek KD<\/td><td class=\"column-3\">Materia\u0142y ks. A. Sapiehy do \"Ecclesiastica\" nr 1\/2006 cz.2<\/td><td class=\"column-4\"><\/td><td class=\"column-5\">2006<\/td><td class=\"column-6\">Zielona G\u00f3ra<\/td><td class=\"column-7\"><\/td><td class=\"column-8\"><\/td><td class=\"column-9\"><\/td><td class=\"column-10\"><\/td><td class=\"column-11\"><\/td><td class=\"column-12\">ZD4<\/td><td class=\"column-13\"><\/td>\n<\/tr>\n<tr class=\"row-6 even\">\n\t<td class=\"column-1\">ks. Mieczys\u0142aw Miko\u0142ajczak<\/td><td class=\"column-2\">Zbi\u00f3r dyskietek KD<\/td><td class=\"column-3\">Artyku\u0142 \"\u015awi\u0105tynia miejscem wierno\u015bci synowskiej\" ks. Mieczys\u0142aw Miko\u0142ajczak<\/td><td class=\"column-4\"><\/td><td class=\"column-5\"><\/td><td class=\"column-6\">Zielona G\u00f3ra<\/td><td class=\"column-7\"><\/td><td class=\"column-8\"><\/td><td class=\"column-9\"><\/td><td class=\"column-10\"><\/td><td class=\"column-11\"><\/td><td class=\"column-12\">ZD5<\/td><td class=\"column-13\"><\/td>\n<\/tr>\n<tr class=\"row-7 odd\">\n\t<td class=\"column-1\">ks. Henryk Guzowski<\/td><td class=\"column-2\">Zbi\u00f3r dyskietek KD<\/td><td class=\"column-3\">Obrazek jubileuszowy z okazji 50 lecia kap\u0142a\u0144stwa 29.06.2004<\/td><td class=\"column-4\"><\/td><td class=\"column-5\">2004<\/td><td class=\"column-6\">Mi\u0119dzyrzecz<\/td><td class=\"column-7\"><\/td><td class=\"column-8\"><\/td><td class=\"column-9\"><\/td><td class=\"column-10\"><\/td><td class=\"column-11\"><\/td><td class=\"column-12\">ZD6<\/td><td class=\"column-13\"><\/td>\n<\/tr>\n<tr class=\"row-8 even\">\n\t<td class=\"column-1\">Zielona G\u00f3ra<\/td><td class=\"column-2\">Zbi\u00f3r dyskietek KD<\/td><td class=\"column-3\">Klub Inteligencji Katolickiej. Bilans, preliminarz<\/td><td class=\"column-4\"><\/td><td class=\"column-5\"><\/td><td class=\"column-6\">Zielona G\u00f3ra<\/td><td class=\"column-7\"><\/td><td class=\"column-8\"><\/td><td class=\"column-9\"><\/td><td class=\"column-10\"><\/td><td class=\"column-11\"><\/td><td class=\"column-12\">ZD7<\/td><td class=\"column-13\"><\/td>\n<\/tr>\n<tr class=\"row-9 odd\">\n\t<td class=\"column-1\">Zielona G\u00f3ra<\/td><td class=\"column-2\">Zbi\u00f3r dyskietek KD<\/td><td class=\"column-3\">KIK<\/td><td class=\"column-4\"><\/td><td class=\"column-5\"><\/td><td class=\"column-6\">Zielona G\u00f3ra<\/td><td class=\"column-7\"><\/td><td class=\"column-8\"><\/td><td class=\"column-9\"><\/td><td class=\"column-10\"><\/td><td class=\"column-11\"><\/td><td class=\"column-12\">ZD8<\/td><td class=\"column-13\"><\/td>\n<\/tr>\n<\/tbody>\n<\/table>\n<!-- #tablepress-39 from cache -->\n","protected":false},"excerpt":{"rendered":"","protected":false},"author":1,"featured_media":0,"parent":46,"menu_order":0,"comment_status":"closed","ping_status":"closed","template":"","meta":{"ngg_post_thumbnail":0},"_links":{"self":[{"href":"https:\/\/archiwum.diecezjazg.pl\/index.php\/wp-json\/wp\/v2\/pages\/559"}],"collection":[{"href":"https:\/\/archiwum.diecezjazg.pl\/index.php\/wp-json\/wp\/v2\/pages"}],"about":[{"href":"https:\/\/archiwum.diecezjazg.pl\/index.php\/wp-json\/wp\/v2\/types\/page"}],"author":[{"embeddable":true,"href":"https:\/\/archiwum.diecezjazg.pl\/index.php\/wp-json\/wp\/v2\/users\/1"}],"replies":[{"embeddable":true,"href":"https:\/\/archiwum.diecezjazg.pl\/index.php\/wp-json\/wp\/v2\/comments?post=559"}],"version-history":[{"count":1,"href":"https:\/\/archiwum.diecezjazg.pl\/index.php\/wp-json\/wp\/v2\/pages\/559\/revisions"}],"predecessor-version":[{"id":561,"href":"https:\/\/archiwum.diecezjazg.pl\/index.php\/wp-json\/wp\/v2\/pages\/559\/revisions\/561"}],"up":[{"embeddable":true,"href":"https:\/\/archiwum.diecezjazg.pl\/index.php\/wp-json\/wp\/v2\/pages\/46"}],"wp:attachment":[{"href":"https:\/\/archiwum.diecezjazg.pl\/index.php\/wp-json\/wp\/v2\/media?parent=559"}],"curies":[{"name":"wp","href":"https:\/\/api.w.org\/{rel}","templated":true}]}}