{"id":550,"date":"2017-09-23T11:58:35","date_gmt":"2017-09-23T09:58:35","guid":{"rendered":"http:\/\/www.archiwum.diecezjazg.pl\/?page_id=550"},"modified":"2017-09-23T11:58:35","modified_gmt":"2017-09-23T09:58:35","slug":"medale-i-monety-zespol-62-sygnatura-kme","status":"publish","type":"page","link":"https:\/\/archiwum.diecezjazg.pl\/index.php\/zasoby-archiwalne\/medale-i-monety-zespol-62-sygnatura-kme\/","title":{"rendered":"Medale i monety, zesp\u00f3\u0142 62, sygnatura KME"},"content":{"rendered":"\n<table id=\"tablepress-315\" class=\"tablepress tablepress-id-315\">\n<thead>\n<tr class=\"row-1 odd\">\n\t<th class=\"column-1\">Sygna <\/th><th class=\"column-2\">Zesp\u00f3\u0142 62<\/th><th class=\"column-3\">Tytu\u0142 (awers)<\/th><th class=\"column-4\">Rewers<\/th><th class=\"column-5\">Rok<\/th><th class=\"column-6\">Opis<\/th><th class=\"column-7\">Odznaczaj\u0105cy<\/th><th class=\"column-8\">Dekorowany<\/th><th class=\"column-9\">Wykonawca<\/th>\n<\/tr>\n<\/thead>\n<tbody class=\"row-hover\">\n<tr class=\"row-2 even\">\n\t<td class=\"column-1\">ZME 1<\/td><td class=\"column-2\">Zbi\u00f3r medali<\/td><td class=\"column-3\">Zas\u0142u\u017cony dla Diecezji Zielonog\u00f3rsko-Gorzowskiej<\/td><td class=\"column-4\">Sursum corda (bp Adam Dyczkowski)<\/td><td class=\"column-5\"><\/td><td class=\"column-6\">Medal w formie krzy\u017ca z tasiemk\u0105 w bordo etui<\/td><td class=\"column-7\">bp Aadam Dyczkowski<\/td><td class=\"column-8\"><\/td><td class=\"column-9\"><\/td>\n<\/tr>\n<tr class=\"row-3 odd\">\n\t<td class=\"column-1\">ZME 2<\/td><td class=\"column-2\">Zbi\u00f3r medali<\/td><td class=\"column-3\">Zas\u0142u\u017cony dla Diecezji Zielonog\u00f3rsko-Gorzowskiej<\/td><td class=\"column-4\">Servire in caritate (bp Stefan Regmunt)<\/td><td class=\"column-5\">2008<\/td><td class=\"column-6\">Medal w formie krzy\u017ca z tasiemk\u0105 w czarn etui<\/td><td class=\"column-7\">bp Stefan Regmunt<\/td><td class=\"column-8\"><\/td><td class=\"column-9\"><\/td>\n<\/tr>\n<tr class=\"row-4 even\">\n\t<td class=\"column-1\">ZME 3<\/td><td class=\"column-2\">Zbi\u00f3r medali<\/td><td class=\"column-3\">Koronacja 18 VI 1989<\/td><td class=\"column-4\">Udziel pokoju dniom naszym. Rokitno<\/td><td class=\"column-5\">1989<\/td><td class=\"column-6\">Medal pami\u0105tkowy<\/td><td class=\"column-7\"><\/td><td class=\"column-8\"><\/td><td class=\"column-9\"><\/td>\n<\/tr>\n<tr class=\"row-5 odd\">\n\t<td class=\"column-1\">ZME 4<\/td><td class=\"column-2\">Zbi\u00f3r medali<\/td><td class=\"column-3\">Ojciec \u015awi\u0119ty Jan Pawe\u0142 II w Diecezji Zielonog\u00f3rsko-Gorzowskiej 1997<\/td><td class=\"column-4\">\u015awi\u0119ci Bracia M\u0119czennicy z Mi\u0119dzyrzecza<\/td><td class=\"column-5\">1997<\/td><td class=\"column-6\">Medal pami\u0105tkowy w bia\u0142ym etui<\/td><td class=\"column-7\"><\/td><td class=\"column-8\"><\/td><td class=\"column-9\"><\/td>\n<\/tr>\n<tr class=\"row-6 even\">\n\t<td class=\"column-1\">ZME 5<\/td><td class=\"column-2\">Zbi\u00f3r medali<\/td><td class=\"column-3\">60 lat archiw\u00f3w ziem zachodnich i p\u00f3\u0142nocnych Polski<\/td><td class=\"column-4\">60 lat Archiwum Pa\u0144stwowego w Szczecinie<\/td><td class=\"column-5\">2005<\/td><td class=\"column-6\">Medal pami\u0105tkowy w br\u0105z etui<\/td><td class=\"column-7\">AP Szczecin<\/td><td class=\"column-8\"><\/td><td class=\"column-9\"><\/td>\n<\/tr>\n<tr class=\"row-7 odd\">\n\t<td class=\"column-1\">ZME 6<\/td><td class=\"column-2\">Zbi\u00f3r medali<\/td><td class=\"column-3\">Mi\u0119dzyrzecz 1248-1998<\/td><td class=\"column-4\">750 lat<\/td><td class=\"column-5\">1998<\/td><td class=\"column-6\">Medal pami\u0105tkowy w br\u0105z etui<\/td><td class=\"column-7\"><\/td><td class=\"column-8\">Bp Adam Dyczkowski<\/td><td class=\"column-9\"><\/td>\n<\/tr>\n<tr class=\"row-8 even\">\n\t<td class=\"column-1\">ZME 7<\/td><td class=\"column-2\">Zbi\u00f3r medali<\/td><td class=\"column-3\"> CONSERWATOR ECCLESIAE<\/td><td class=\"column-4\">Wojewoda Lubuski. Lubuski Wojew\u00f3dzki Konserwator Zabytk\u00f3w. Zielona G\u00f3ra 2000<\/td><td class=\"column-5\">2000<\/td><td class=\"column-6\">Medal pami\u0105tkowy br\u0105z bez etui<\/td><td class=\"column-7\"><\/td><td class=\"column-8\">Ks. Edward Grudziecki<\/td><td class=\"column-9\"><\/td>\n<\/tr>\n<tr class=\"row-9 odd\">\n\t<td class=\"column-1\">ZME 8<\/td><td class=\"column-2\">Zbi\u00f3r medali<\/td><td class=\"column-3\">600-lecie PARAFII PW. TR\u00d3JCY \u015aWI\u0118TEJ W PRZYTOCZNEJ 1410-2010<\/td><td class=\"column-4\"><\/td><td class=\"column-5\">2010<\/td><td class=\"column-6\">Medal pami\u0105tkowy br\u0105z w etui<\/td><td class=\"column-7\">Parafia Przytoczna<\/td><td class=\"column-8\"><\/td><td class=\"column-9\"><\/td>\n<\/tr>\n<tr class=\"row-10 even\">\n\t<td class=\"column-1\">ZME 9<\/td><td class=\"column-2\">Zbi\u00f3r medali<\/td><td class=\"column-3\">50 lat pos\u0142ugi Braci Mniejszych Kaucyn\u00f3w w Nowej Soli 1947-1997<\/td><td class=\"column-4\">POK\u00d3J I DOBRO<\/td><td class=\"column-5\">1997<\/td><td class=\"column-6\">Medal pami\u0105tkowy br\u0105z<\/td><td class=\"column-7\">Parafia Nowa S\u00f3l<\/td><td class=\"column-8\"><\/td><td class=\"column-9\"><\/td>\n<\/tr>\n<tr class=\"row-11 odd\">\n\t<td class=\"column-1\">ZME 10<\/td><td class=\"column-2\">Zbi\u00f3r medali<\/td><td class=\"column-3\">XV-lecie PSP w G\u0142ogowie 1992-2007<\/td><td class=\"column-4\">NADANIE SZTANDARU KP PSP W G\u0141OGOWIE 07.09.2007<\/td><td class=\"column-5\">2007<\/td><td class=\"column-6\">Medal pami\u0105tkowy w etui<\/td><td class=\"column-7\">PSP G\u0142og\u00f3w<\/td><td class=\"column-8\"><\/td><td class=\"column-9\"><\/td>\n<\/tr>\n<tr class=\"row-12 even\">\n\t<td class=\"column-1\">ZME 11<\/td><td class=\"column-2\">Zbi\u00f3r medali<\/td><td class=\"column-3\">WYDARZENIA ZIELONOG\u00d3RSKIE MAJ 1960 DOM KATOLICKI<\/td><td class=\"column-4\">PREZYDENT MIASTA ZIELONA G\u00d3RA 30 MAJA 2010<\/td><td class=\"column-5\">2010<\/td><td class=\"column-6\">Medal pami\u0105tkowy br\u0105z w etui<\/td><td class=\"column-7\">Prezydent Miasta <\/td><td class=\"column-8\"><\/td><td class=\"column-9\"><\/td>\n<\/tr>\n<tr class=\"row-13 odd\">\n\t<td class=\"column-1\">ZME 12<\/td><td class=\"column-2\">Zbi\u00f3r medali<\/td><td class=\"column-3\">X LAT POWIATU ZIELONOG\u00d3RSKIEGO<\/td><td class=\"column-4\">POWIAT ZIELONOG\u00d3RSKI<\/td><td class=\"column-5\">2010<\/td><td class=\"column-6\">Medal pami\u0105tkowy w granatowym etui<\/td><td class=\"column-7\"><\/td><td class=\"column-8\"><\/td><td class=\"column-9\"><\/td>\n<\/tr>\n<tr class=\"row-14 even\">\n\t<td class=\"column-1\">ZME 13<\/td><td class=\"column-2\">Zbi\u00f3r medali<\/td><td class=\"column-3\">CZUWAJ. NIEZ\u0141OMNI. TOBIE OJCZYZNO<\/td><td class=\"column-4\">ZAWSZE WIERNI<\/td><td class=\"column-5\"><\/td><td class=\"column-6\">Krzy\u017c harcerski<\/td><td class=\"column-7\"><\/td><td class=\"column-8\"><\/td><td class=\"column-9\"><\/td>\n<\/tr>\n<tr class=\"row-15 odd\">\n\t<td class=\"column-1\">ZME 14<\/td><td class=\"column-2\">Zbi\u00f3r medali<\/td><td class=\"column-3\">ZA ZAS\u0141UGI DLA ZKRPiBWP<\/td><td class=\"column-4\"><\/td><td class=\"column-5\">1999<\/td><td class=\"column-6\">Odznaka w formie krzy\u017ca wraz z legitymacj\u0105<\/td><td class=\"column-7\"><\/td><td class=\"column-8\">Ks. Antoni Mackiewicz<\/td><td class=\"column-9\"><\/td>\n<\/tr>\n<tr class=\"row-16 even\">\n\t<td class=\"column-1\">ZME 15<\/td><td class=\"column-2\">Zbi\u00f3r medali<\/td><td class=\"column-3\">ZA OPIEK\u0118 NAD ZABYTKAMI<\/td><td class=\"column-4\"><\/td><td class=\"column-5\">2010<\/td><td class=\"column-6\">Z\u0142ota Odznaka w granatowym etui wraz z legitymacj\u0105<\/td><td class=\"column-7\">Minister Kultury i Dziedzictwa Narodowego<\/td><td class=\"column-8\">Ks. Antoni Mackiewicz<\/td><td class=\"column-9\"><\/td>\n<\/tr>\n<tr class=\"row-17 odd\">\n\t<td class=\"column-1\">ZME 16<\/td><td class=\"column-2\">Zbi\u00f3r medali<\/td><td class=\"column-3\">5 PA 1699, 1808, 1830, 1918, 1944<\/td><td class=\"column-4\"><\/td><td class=\"column-5\">1996<\/td><td class=\"column-6\">Odznaka Pu\u0142kowa w formie pi\u0119cioramiennego krzy\u017ca w zielonym etui wraz z legitymacj\u0105<\/td><td class=\"column-7\"><\/td><td class=\"column-8\">Ks. Antoni Mackiewicz<\/td><td class=\"column-9\">A. Panasiuk Warszawa<\/td>\n<\/tr>\n<tr class=\"row-18 even\">\n\t<td class=\"column-1\">ZME 17<\/td><td class=\"column-2\">Zbi\u00f3r medali<\/td><td class=\"column-3\">VIRTUTI MILITARI<\/td><td class=\"column-4\">HONOR I OJCZYZNA 1792<\/td><td class=\"column-5\"><\/td><td class=\"column-6\">Medal w formie krzy\u017ca w bordowym etiu<\/td><td class=\"column-7\"><\/td><td class=\"column-8\">Ks. Antoni Mackiewicz<\/td><td class=\"column-9\"><\/td>\n<\/tr>\n<tr class=\"row-19 odd\">\n\t<td class=\"column-1\">ZME 18<\/td><td class=\"column-2\">Zbi\u00f3r medali<\/td><td class=\"column-3\">ZA ZAS\u0141UGI DLA ZWI\u0104ZKU \u017bO\u0141NIERZY WP 1981<\/td><td class=\"column-4\"><\/td><td class=\"column-5\"><\/td><td class=\"column-6\">Z\u0142ota odznaka ze wst\u0119g\u0105 w zielonym etui<\/td><td class=\"column-7\"><\/td><td class=\"column-8\">Ks. Antoni Mackiewicz<\/td><td class=\"column-9\"><\/td>\n<\/tr>\n<tr class=\"row-20 even\">\n\t<td class=\"column-1\">ZME 19<\/td><td class=\"column-2\">Zbi\u00f3r medali<\/td><td class=\"column-3\">ZAS\u0141U\u017bONY DLA PU\u0141KU SULECH\u00d3W<\/td><td class=\"column-4\">5 PU\u0141K ARTYLERII MIESZANEJ<\/td><td class=\"column-5\"><\/td><td class=\"column-6\">Medal w opakowaniu<\/td><td class=\"column-7\"><\/td><td class=\"column-8\">Ks. Antoni Mackiewicz<\/td><td class=\"column-9\">Chronos Praecision Gorz\u00f3w Wlkp.<\/td>\n<\/tr>\n<tr class=\"row-21 odd\">\n\t<td class=\"column-1\">ZME 20<\/td><td class=\"column-2\">Zbi\u00f3r medali<\/td><td class=\"column-3\">SYBIR<\/td><td class=\"column-4\"><\/td><td class=\"column-5\">2004<\/td><td class=\"column-6\">Odznaka honorowa Sybiraka wraz z legitymacj\u0105<\/td><td class=\"column-7\">Zwi\u0105zek Sybirak\u00f3w<\/td><td class=\"column-8\">Ks. Antoni Mackiewicz<\/td><td class=\"column-9\"><\/td>\n<\/tr>\n<tr class=\"row-22 even\">\n\t<td class=\"column-1\">ZME 21<\/td><td class=\"column-2\">Zbi\u00f3r medali<\/td><td class=\"column-3\">5 PA 1699, 1808, 1830, 1918, 1944 Od Dow\u00f3dcy 5 pam<\/td><td class=\"column-4\"><\/td><td class=\"column-5\">1996<\/td><td class=\"column-6\">Odznaka Pu\u0142kowa na deseczce w ramce <\/td><td class=\"column-7\"><\/td><td class=\"column-8\">Ks. Antoni Mackiewicz<\/td><td class=\"column-9\">Chronos Praecision Gorz\u00f3w Wlkp.<\/td>\n<\/tr>\n<tr class=\"row-23 odd\">\n\t<td class=\"column-1\">ZME 22<\/td><td class=\"column-2\">Zbi\u00f3r medali<\/td><td class=\"column-3\">6 PA 1699, 1808, 1830, 1918, 1944 Od Dow\u00f3dcy 5 Lubuskiego Pu\u0142ku Artylerii<\/td><td class=\"column-4\"><\/td><td class=\"column-5\">1996<\/td><td class=\"column-6\">Odznaka Pu\u0142kowa na deseczce w ramce <\/td><td class=\"column-7\"><\/td><td class=\"column-8\">Ks. Antoni Mackiewicz<\/td><td class=\"column-9\">Pracownia Ilona Schultz<\/td>\n<\/tr>\n<tr class=\"row-24 even\">\n\t<td class=\"column-1\">ZME 23<\/td><td class=\"column-2\">Zbi\u00f3r medali<\/td><td class=\"column-3\">1003-2003 1000-LECIE M\u0118CZE\u0143SKIEJ \u015aMIERCI 5 BRACI MI\u0118DZYRZECKICH<\/td><td class=\"column-4\"><\/td><td class=\"column-5\">2003<\/td><td class=\"column-6\">Medal pami\u0105tkowy w drewnianym etui<\/td><td class=\"column-7\"><\/td><td class=\"column-8\"><\/td><td class=\"column-9\"><\/td>\n<\/tr>\n<tr class=\"row-25 odd\">\n\t<td class=\"column-1\">ZME 24<\/td><td class=\"column-2\">Zbi\u00f3r medali<\/td><td class=\"column-3\">70 ROCZNICA WYBUCHU II WOJNY \u015aWIATOWEJ 1939-2009<\/td><td class=\"column-4\">DOBIEGNIEW 2009 WOLDENBERG 1939<\/td><td class=\"column-5\">2009<\/td><td class=\"column-6\">Medal pami\u0105tkowy w zielonym etui<\/td><td class=\"column-7\"><\/td><td class=\"column-8\"><\/td><td class=\"column-9\"><\/td>\n<\/tr>\n<tr class=\"row-26 even\">\n\t<td class=\"column-1\">ZME 25<\/td><td class=\"column-2\">Zbi\u00f3r medali<\/td><td class=\"column-3\">ZAS\u0141U\u017bONY DLA DIECEZJI ZIELONOG\u00d3RSKO-GORZOWSKIEJ<\/td><td class=\"column-4\">ADVENIAT REGNUM TUUM (bp Tadeusz Lity\u0144ski)<\/td><td class=\"column-5\">2017<\/td><td class=\"column-6\">Medal pami\u0105tkowy w  granatowym etui<\/td><td class=\"column-7\">bp Tadeusz Lity\u0144ski<\/td><td class=\"column-8\"><\/td><td class=\"column-9\"><\/td>\n<\/tr>\n<tr class=\"row-27 odd\">\n\t<td class=\"column-1\">ZME 26<\/td><td class=\"column-2\">Zbi\u00f3r medali<\/td><td class=\"column-3\">Zas\u0142u\u017cony dla Parafii \u015bw. Urbana I. \u015aw. Urban I Patron Parafii i Miasta Zielona G\u00f3ra<\/td><td class=\"column-4\"><\/td><td class=\"column-5\">2017<\/td><td class=\"column-6\">Medal pami\u0105tkowy w  zielonym etui wraz z dyplomem \"Zas\u0142u\u017cony dla Parafii\"<\/td><td class=\"column-7\">Parafia \u015bw. Urbana I Zielona G\u00f3ra<\/td><td class=\"column-8\"><\/td><td class=\"column-9\"><\/td>\n<\/tr>\n<tr class=\"row-28 even\">\n\t<td class=\"column-1\">ZME 27<\/td><td class=\"column-2\">Zbi\u00f3r medali<\/td><td class=\"column-3\">\"Gdzie Chrzest tam Nadzieja\" Sztafetowy Rajd Rowerowy 1050 km na 1050-lecie Chrztu Polski Strzelce Kraje\u0144skie 16-18.09.2016<\/td><td class=\"column-4\">Znaki firmowe sponsor\u00f3w<\/td><td class=\"column-5\">2016<\/td><td class=\"column-6\">Medal pami\u0105tkowy ze bia\u0142o-czerwon\u0105 wst\u0119g\u0105 <\/td><td class=\"column-7\"><\/td><td class=\"column-8\"><\/td><td class=\"column-9\"><\/td>\n<\/tr>\n<tr class=\"row-29 odd\">\n\t<td class=\"column-1\">ZME 28<\/td><td class=\"column-2\">Zbi\u00f3r medali<\/td><td class=\"column-3\">KO\u015aCI\u00d3\u0141 OO. AUGUSTIAN\u00d3W \u015aW. KATARZYNY ALEKSANDRYJSKIEJ W KRAKOWIE A. D. 2000<\/td><td class=\"column-4\">\u015aw. Augustyn, Matka Bo\u017ca z Dzieci\u0105tkiem i Isaias Boner<\/td><td class=\"column-5\">2000<\/td><td class=\"column-6\">Medal pami\u0105tkowy w  czarno-granatowym etui<\/td><td class=\"column-7\"><\/td><td class=\"column-8\"><\/td><td class=\"column-9\"><\/td>\n<\/tr>\n<tr class=\"row-30 even\">\n\t<td class=\"column-1\">ZME 29<\/td><td class=\"column-2\">Zbi\u00f3r medali<\/td><td class=\"column-3\">ZA ZAS\u0141UGI W ROZWOJU WOJEW\u00d3DZTWA ZIELONOG\u00d3RSKIEGO<\/td><td class=\"column-4\"><\/td><td class=\"column-5\"><\/td><td class=\"column-6\">Z\u0142ota odznaka z baretk\u0105<\/td><td class=\"column-7\"><\/td><td class=\"column-8\"><\/td><td class=\"column-9\"><\/td>\n<\/tr>\n<tr class=\"row-31 odd\">\n\t<td class=\"column-1\">ZME 30<\/td><td class=\"column-2\">Zbi\u00f3r medali<\/td><td class=\"column-3\">SI\u0141Y ZBROJNE W S\u0141U\u017bBIE OJCZYZNY V<\/td><td class=\"column-4\"><\/td><td class=\"column-5\"><\/td><td class=\"column-6\">Medal z czerwono-bia\u0142\u0105 wst\u0119g\u0105<\/td><td class=\"column-7\"><\/td><td class=\"column-8\"><\/td><td class=\"column-9\"><\/td>\n<\/tr>\n<tr class=\"row-32 even\">\n\t<td class=\"column-1\">ZME 31<\/td><td class=\"column-2\">Zbi\u00f3r medali<\/td><td class=\"column-3\">ZAS\u0141U\u017bONEMU DZIA\u0141ACZOWI ORMO<\/td><td class=\"column-4\"><\/td><td class=\"column-5\"><\/td><td class=\"column-6\">Medal z baretk\u0105<\/td><td class=\"column-7\"><\/td><td class=\"column-8\"><\/td><td class=\"column-9\"><\/td>\n<\/tr>\n<tr class=\"row-33 odd\">\n\t<td class=\"column-1\">ZME 32<\/td><td class=\"column-2\">Zbi\u00f3r medali<\/td><td class=\"column-3\">POMNIK MATKI POLKI NA DRODZE KRZY\u017bOWEJ HISTORII 3 V 1981<\/td><td class=\"column-4\">PRAGN\u0118 TU NA TYM MIEJSCU ODDA\u0106 HO\u0141D POLSKIEJ MATCE, ODDA\u0106 HO\u0141D POLSKIEJ KOBIECIE W WYMIARACH TYSI\u0104CLECIA JAN PAWE\u0141 II GNIEZNO 3 VI 1979 r.<\/td><td class=\"column-5\">1981<\/td><td class=\"column-6\">Medal pami\u0105tkowy okrag\u0142y w plastikowym etui<\/td><td class=\"column-7\"><\/td><td class=\"column-8\"><\/td><td class=\"column-9\">Autor pomys\u0142u ks. Henryk Nowik<\/td>\n<\/tr>\n<tr class=\"row-34 even\">\n\t<td class=\"column-1\">ZME 33<\/td><td class=\"column-2\">Zbi\u00f3r medali<\/td><td class=\"column-3\">POMNIK MATKI POLKI NA DRODZE KRZY\u017bOWEJ HISTORII 3 V 1981<\/td><td class=\"column-4\">PRAGN\u0118 W IMI\u0118 TEJ NASZEJ WSP\u00d3LNEJ MATKI OJCZYZNY JESZCZE RAZ ODDA\u0106 HO\u0141D KA\u017bDEJ POLSKIEJ MATCE, MOJEJ W\u0141ASNEJ MATCE, KA\u017bDEJ POLSKIEJ KOBIECIE, KA\u017bDEJ POLSKIEJ DZIEWCZYNIE JAN PAWE\u0141 II <\/td><td class=\"column-5\">1981<\/td><td class=\"column-6\">Medal pamiatkowy ok\u0105g\u0142y <\/td><td class=\"column-7\"><\/td><td class=\"column-8\"><\/td><td class=\"column-9\">Autor pomys\u0142u ks. Henryk Nowik<\/td>\n<\/tr>\n<tr class=\"row-35 odd\">\n\t<td class=\"column-1\">ZME 34<\/td><td class=\"column-2\">Zbi\u00f3r medali<\/td><td class=\"column-3\">Ks. Jerzy Popie\u0142uszko<\/td><td class=\"column-4\">KSI\u0118DZU JERZEMU POPIE\u0141USZCE UM\u0118CZONEMU ZA BOGA PRAWD\u0118 I OJCZYZN\u0118. TYLKO PO KRZY\u017bEM TYLKO POD TYM ZNAKIEM POLSKA JEST POLSK\u0104 A POLAK POLAKIEM A. MICKIEWICZ<\/td><td class=\"column-5\">1984<\/td><td class=\"column-6\">Medal pami\u0105tkowy<\/td><td class=\"column-7\"><\/td><td class=\"column-8\"><\/td><td class=\"column-9\">Projekt Krzyszowski. Autor pomys\u0142u ks. Henryk Nowik<\/td>\n<\/tr>\n<tr class=\"row-36 even\">\n\t<td class=\"column-1\"><\/td><td class=\"column-2\"><\/td><td class=\"column-3\"><\/td><td class=\"column-4\"><\/td><td class=\"column-5\"><\/td><td class=\"column-6\"><\/td><td class=\"column-7\"><\/td><td class=\"column-8\"><\/td><td class=\"column-9\"><\/td>\n<\/tr>\n<tr class=\"row-37 odd\">\n\t<td class=\"column-1\"><\/td><td class=\"column-2\"><\/td><td class=\"column-3\"><\/td><td class=\"column-4\"><\/td><td class=\"column-5\"><\/td><td class=\"column-6\"><\/td><td class=\"column-7\"><\/td><td class=\"column-8\"><\/td><td class=\"column-9\"><\/td>\n<\/tr>\n<tr class=\"row-38 even\">\n\t<td class=\"column-1\">ZME 1m<\/td><td class=\"column-2\">Zbi\u00f3r monet<\/td><td class=\"column-3\">Wojew\u00f3dztwo Lubuskie<\/td><td class=\"column-4\">Rzeczpospolita Polska<\/td><td class=\"column-5\">2004<\/td><td class=\"column-6\">Moneta 2 z\u0142<\/td><td class=\"column-7\"><\/td><td class=\"column-8\"><\/td><td class=\"column-9\"><\/td>\n<\/tr>\n<tr class=\"row-39 odd\">\n\t<td class=\"column-1\">ZME 2m<\/td><td class=\"column-2\">Zbi\u00f3r monet<\/td><td class=\"column-3\">\u017baga\u0144<\/td><td class=\"column-4\">Rzeczpospolita Polska<\/td><td class=\"column-5\">2006<\/td><td class=\"column-6\">Moneta 2 z\u0142<\/td><td class=\"column-7\"><\/td><td class=\"column-8\"><\/td><td class=\"column-9\"><\/td>\n<\/tr>\n<tr class=\"row-40 even\">\n\t<td class=\"column-1\">ZME 3m<\/td><td class=\"column-2\">Zbi\u00f3r monet<\/td><td class=\"column-3\">Gorz\u00f3w Wielkopolski<\/td><td class=\"column-4\">Rzeczpospolita Polska<\/td><td class=\"column-5\">2007<\/td><td class=\"column-6\">Moneta 2 z\u0142<\/td><td class=\"column-7\"><\/td><td class=\"column-8\"><\/td><td class=\"column-9\"><\/td>\n<\/tr>\n<tr class=\"row-41 odd\">\n\t<td class=\"column-1\">ZME 4m<\/td><td class=\"column-2\">Zbi\u00f3r monet<\/td><td class=\"column-3\">Winobranie Zielonog\u00f3rskie 4 talary<\/td><td class=\"column-4\">Honorowany do 30.11.2009<\/td><td class=\"column-5\">2009<\/td><td class=\"column-6\">4 talary<\/td><td class=\"column-7\"><\/td><td class=\"column-8\"><\/td><td class=\"column-9\"><\/td>\n<\/tr>\n<tr class=\"row-42 even\">\n\t<td class=\"column-1\">ZME 5m<\/td><td class=\"column-2\">Zbi\u00f3r monet<\/td><td class=\"column-3\">3 krosna<\/td><td class=\"column-4\">Krosno Odrza\u0144skie honorowane do 15.08.2009<\/td><td class=\"column-5\">2009<\/td><td class=\"column-6\">3 krosna<\/td><td class=\"column-7\"><\/td><td class=\"column-8\"><\/td><td class=\"column-9\"><\/td>\n<\/tr>\n<\/tbody>\n<\/table>\n<!-- #tablepress-315 from cache -->\n","protected":false},"excerpt":{"rendered":"","protected":false},"author":1,"featured_media":0,"parent":46,"menu_order":0,"comment_status":"closed","ping_status":"closed","template":"","meta":{"ngg_post_thumbnail":0},"_links":{"self":[{"href":"https:\/\/archiwum.diecezjazg.pl\/index.php\/wp-json\/wp\/v2\/pages\/550"}],"collection":[{"href":"https:\/\/archiwum.diecezjazg.pl\/index.php\/wp-json\/wp\/v2\/pages"}],"about":[{"href":"https:\/\/archiwum.diecezjazg.pl\/index.php\/wp-json\/wp\/v2\/types\/page"}],"author":[{"embeddable":true,"href":"https:\/\/archiwum.diecezjazg.pl\/index.php\/wp-json\/wp\/v2\/users\/1"}],"replies":[{"embeddable":true,"href":"https:\/\/archiwum.diecezjazg.pl\/index.php\/wp-json\/wp\/v2\/comments?post=550"}],"version-history":[{"count":1,"href":"https:\/\/archiwum.diecezjazg.pl\/index.php\/wp-json\/wp\/v2\/pages\/550\/revisions"}],"predecessor-version":[{"id":551,"href":"https:\/\/archiwum.diecezjazg.pl\/index.php\/wp-json\/wp\/v2\/pages\/550\/revisions\/551"}],"up":[{"embeddable":true,"href":"https:\/\/archiwum.diecezjazg.pl\/index.php\/wp-json\/wp\/v2\/pages\/46"}],"wp:attachment":[{"href":"https:\/\/archiwum.diecezjazg.pl\/index.php\/wp-json\/wp\/v2\/media?parent=550"}],"curies":[{"name":"wp","href":"https:\/\/api.w.org\/{rel}","templated":true}]}}