{"id":540,"date":"2017-09-23T11:50:32","date_gmt":"2017-09-23T09:50:32","guid":{"rendered":"http:\/\/www.archiwum.diecezjazg.pl\/?page_id=540"},"modified":"2017-09-23T11:50:32","modified_gmt":"2017-09-23T09:50:32","slug":"akta-hotelu-orbis-polan-w-zielonej-gorze-1970-1981-zespol-27-sygnatura-ahp","status":"publish","type":"page","link":"https:\/\/archiwum.diecezjazg.pl\/index.php\/zasoby-archiwalne\/akta-hotelu-orbis-polan-w-zielonej-gorze-1970-1981-zespol-27-sygnatura-ahp\/","title":{"rendered":"Akta Hotelu \u201eOrbis Polan\u201d w Zielonej G\u00f3rze (1970-1981), zesp\u00f3\u0142 27, sygnatura AHP"},"content":{"rendered":"\n<table id=\"tablepress-529\" class=\"tablepress tablepress-id-529\">\n<thead>\n<tr class=\"row-1 odd\">\n\t<th class=\"column-1\">Sygn<\/th><th class=\"column-2\">Zesp\u00f3\u0142 27<\/th><th class=\"column-3\">Tytu\u0142<\/th><th class=\"column-4\">Rok_ant<\/th><th class=\"column-5\">Rok_p<\/th><th class=\"column-6\">Rok_k<\/th><th class=\"column-7\">Rok_pos<\/th><th class=\"column-8\">Opis_fizyczny<\/th><th class=\"column-9\">ilo\u015b\u0107 stron<\/th><th class=\"column-10\">wymiar<\/th><th class=\"column-11\">j\u0119zyk<\/th><th class=\"column-12\">Sygnatury dawne<\/th><th class=\"column-13\">Uwagi<\/th>\n<\/tr>\n<\/thead>\n<tbody class=\"row-hover\">\n<tr class=\"row-2 even\">\n\t<td class=\"column-1\">AHP 1<\/td><td class=\"column-2\">Hotel \"Orbis Polan\" Zielona G\u00f3ra<\/td><td class=\"column-3\">Z\u0142ota Ksi\u0119ga [Wpisy go\u015bci hotelowych]<\/td><td class=\"column-4\"><\/td><td class=\"column-5\">1970<\/td><td class=\"column-6\">1981<\/td><td class=\"column-7\"><\/td><td class=\"column-8\">ksi\u0119ga<\/td><td class=\"column-9\">brak pag.<\/td><td class=\"column-10\">340x370<\/td><td class=\"column-11\">pol., ros., niem., franc.<\/td><td class=\"column-12\">Darowizna prywatna<\/td><td class=\"column-13\"><\/td>\n<\/tr>\n<\/tbody>\n<\/table>\n<!-- #tablepress-529 from cache -->\n","protected":false},"excerpt":{"rendered":"","protected":false},"author":1,"featured_media":0,"parent":46,"menu_order":0,"comment_status":"closed","ping_status":"closed","template":"","meta":{"ngg_post_thumbnail":0},"_links":{"self":[{"href":"https:\/\/archiwum.diecezjazg.pl\/index.php\/wp-json\/wp\/v2\/pages\/540"}],"collection":[{"href":"https:\/\/archiwum.diecezjazg.pl\/index.php\/wp-json\/wp\/v2\/pages"}],"about":[{"href":"https:\/\/archiwum.diecezjazg.pl\/index.php\/wp-json\/wp\/v2\/types\/page"}],"author":[{"embeddable":true,"href":"https:\/\/archiwum.diecezjazg.pl\/index.php\/wp-json\/wp\/v2\/users\/1"}],"replies":[{"embeddable":true,"href":"https:\/\/archiwum.diecezjazg.pl\/index.php\/wp-json\/wp\/v2\/comments?post=540"}],"version-history":[{"count":1,"href":"https:\/\/archiwum.diecezjazg.pl\/index.php\/wp-json\/wp\/v2\/pages\/540\/revisions"}],"predecessor-version":[{"id":541,"href":"https:\/\/archiwum.diecezjazg.pl\/index.php\/wp-json\/wp\/v2\/pages\/540\/revisions\/541"}],"up":[{"embeddable":true,"href":"https:\/\/archiwum.diecezjazg.pl\/index.php\/wp-json\/wp\/v2\/pages\/46"}],"wp:attachment":[{"href":"https:\/\/archiwum.diecezjazg.pl\/index.php\/wp-json\/wp\/v2\/media?parent=540"}],"curies":[{"name":"wp","href":"https:\/\/api.w.org\/{rel}","templated":true}]}}