{"id":530,"date":"2017-09-23T11:44:00","date_gmt":"2017-09-23T09:44:00","guid":{"rendered":"http:\/\/www.archiwum.diecezjazg.pl\/?page_id=530"},"modified":"2017-09-23T11:44:00","modified_gmt":"2017-09-23T09:44:00","slug":"kartografia-zespol-65-sygnatura-kk","status":"publish","type":"page","link":"https:\/\/archiwum.diecezjazg.pl\/index.php\/zasoby-archiwalne\/kartografia-zespol-65-sygnatura-kk\/","title":{"rendered":"Kartografia, zesp\u00f3\u0142 65, sygnatura KK"},"content":{"rendered":"\n<table id=\"tablepress-318\" class=\"tablepress tablepress-id-318\">\n<thead>\n<tr class=\"row-1 odd\">\n\t<th class=\"column-1\">Sygn<\/th><th class=\"column-2\">Seria<\/th><th class=\"column-3\">Zesp\u00f3\u0142 65<\/th><th class=\"column-4\">Rok_ant<\/th><th class=\"column-5\">Rok_p<\/th><th class=\"column-6\">Rok_k<\/th><th class=\"column-7\">Rok_pos<\/th><th class=\"column-8\">Opis_fizyczny<\/th><th class=\"column-9\">ilo\u015b\u0107 stron<\/th><th class=\"column-10\">wymiar<\/th><th class=\"column-11\">j\u0119zyk<\/th><th class=\"column-12\">Producent<\/th><th class=\"column-13\">Miejsce, rok wydania<\/th>\n<\/tr>\n<\/thead>\n<tbody class=\"row-hover\">\n<tr class=\"row-2 even\">\n\t<td class=\"column-1\">ZK 1<\/td><td class=\"column-2\">Zbi\u00f3r Kartografii<\/td><td class=\"column-3\">Eugeniusz Romer. Polska. Mapa administracyjna 1:800 000<\/td><td class=\"column-4\"><\/td><td class=\"column-5\"><\/td><td class=\"column-6\"><\/td><td class=\"column-7\"><\/td><td class=\"column-8\"><\/td><td class=\"column-9\"><\/td><td class=\"column-10\"><\/td><td class=\"column-11\"><\/td><td class=\"column-12\">Centralny Urz\u0105d Geodezji i Kartografii<\/td><td class=\"column-13\">Warszawa 1953<\/td>\n<\/tr>\n<tr class=\"row-3 odd\">\n\t<td class=\"column-1\">ZK 2<\/td><td class=\"column-2\">Zbi\u00f3r Kartografii<\/td><td class=\"column-3\">Mapa Polski 1:500 000<\/td><td class=\"column-4\"><\/td><td class=\"column-5\"><\/td><td class=\"column-6\"><\/td><td class=\"column-7\"><\/td><td class=\"column-8\"><\/td><td class=\"column-9\"><\/td><td class=\"column-10\"><\/td><td class=\"column-11\"><\/td><td class=\"column-12\">Pa\u0144stwowe Przedsi\u0119biorstwo Wydawnictw Kartograficznych<\/td><td class=\"column-13\">Warszawa 1966<\/td>\n<\/tr>\n<tr class=\"row-4 even\">\n\t<td class=\"column-1\">ZK 3<\/td><td class=\"column-2\">Zbi\u00f3r Kartografii<\/td><td class=\"column-3\">Wojew\u00f3dztwo lubuskie. Mapa administracyjno-drogowa 1:155 000<\/td><td class=\"column-4\"><\/td><td class=\"column-5\"><\/td><td class=\"column-6\"><\/td><td class=\"column-7\"><\/td><td class=\"column-8\"><\/td><td class=\"column-9\"><\/td><td class=\"column-10\"><\/td><td class=\"column-11\"><\/td><td class=\"column-12\">Wydawnictwo Kartograficzne<\/td><td class=\"column-13\">Katowice<\/td>\n<\/tr>\n<tr class=\"row-5 odd\">\n\t<td class=\"column-1\">ZK 4<\/td><td class=\"column-2\">Zbi\u00f3r Kartografii<\/td><td class=\"column-3\">Zielona G\u00f3ra z podzia\u0142em na dekanaty i parafie<\/td><td class=\"column-4\"><\/td><td class=\"column-5\"><\/td><td class=\"column-6\"><\/td><td class=\"column-7\"><\/td><td class=\"column-8\"><\/td><td class=\"column-9\"><\/td><td class=\"column-10\"><\/td><td class=\"column-11\"><\/td><td class=\"column-12\">ks. dr hab. Robert Kufel<\/td><td class=\"column-13\">Zielona G\u00f3ra 2012<\/td>\n<\/tr>\n<tr class=\"row-6 even\">\n\t<td class=\"column-1\">ZK 5<\/td><td class=\"column-2\">Zbi\u00f3r Kartografii<\/td><td class=\"column-3\">Polska. Mapa fizyczna 1:500 000<\/td><td class=\"column-4\"><\/td><td class=\"column-5\"><\/td><td class=\"column-6\"><\/td><td class=\"column-7\"><\/td><td class=\"column-8\"><\/td><td class=\"column-9\"><\/td><td class=\"column-10\"><\/td><td class=\"column-11\"><\/td><td class=\"column-12\">Pa\u0144stwowe Przedsi\u0119biorstwo Wydawnictw Kartograficznych<\/td><td class=\"column-13\">Warszawa 1967<\/td>\n<\/tr>\n<tr class=\"row-7 odd\">\n\t<td class=\"column-1\">ZK 6<\/td><td class=\"column-2\">Zbi\u00f3r Kartografii<\/td><td class=\"column-3\">Mapa \u015bcienna historyczna \"Imperium Rzymskie pod koniec II w.\" 1:3<\/td><td class=\"column-4\"><\/td><td class=\"column-5\"><\/td><td class=\"column-6\"><\/td><td class=\"column-7\"><\/td><td class=\"column-8\"><\/td><td class=\"column-9\"><\/td><td class=\"column-10\"><\/td><td class=\"column-11\"><\/td><td class=\"column-12\">Pa\u0144stwowe Przedsi\u0119biorstwo Wydawnictw Kartograficznych<\/td><td class=\"column-13\">Wroc\u0142aw <\/td>\n<\/tr>\n<tr class=\"row-8 even\">\n\t<td class=\"column-1\">ZK 7<\/td><td class=\"column-2\">Zbi\u00f3r Kartografii<\/td><td class=\"column-3\">Archidiecezja Wroc\u0142awska. Podzia\u0142 na dekanaty z wyszczeg\u00f3lnieniem parafii<\/td><td class=\"column-4\"><\/td><td class=\"column-5\"><\/td><td class=\"column-6\"><\/td><td class=\"column-7\"><\/td><td class=\"column-8\"><\/td><td class=\"column-9\"><\/td><td class=\"column-10\"><\/td><td class=\"column-11\"><\/td><td class=\"column-12\">Kuria Archidiecezji Wroc\u0142awskiej<\/td><td class=\"column-13\">Wroc\u0142aw <\/td>\n<\/tr>\n<tr class=\"row-9 odd\">\n\t<td class=\"column-1\">ZK 8<\/td><td class=\"column-2\">Zbi\u00f3r Kartografii<\/td><td class=\"column-3\">Nowa S\u00f3l 1:5000<\/td><td class=\"column-4\"><\/td><td class=\"column-5\"><\/td><td class=\"column-6\"><\/td><td class=\"column-7\"><\/td><td class=\"column-8\"><\/td><td class=\"column-9\"><\/td><td class=\"column-10\"><\/td><td class=\"column-11\"><\/td><td class=\"column-12\"><\/td><td class=\"column-13\">Nowa S\u00f3l<\/td>\n<\/tr>\n<\/tbody>\n<\/table>\n<!-- #tablepress-318 from cache -->\n","protected":false},"excerpt":{"rendered":"","protected":false},"author":1,"featured_media":0,"parent":46,"menu_order":0,"comment_status":"closed","ping_status":"closed","template":"","meta":{"ngg_post_thumbnail":0},"_links":{"self":[{"href":"https:\/\/archiwum.diecezjazg.pl\/index.php\/wp-json\/wp\/v2\/pages\/530"}],"collection":[{"href":"https:\/\/archiwum.diecezjazg.pl\/index.php\/wp-json\/wp\/v2\/pages"}],"about":[{"href":"https:\/\/archiwum.diecezjazg.pl\/index.php\/wp-json\/wp\/v2\/types\/page"}],"author":[{"embeddable":true,"href":"https:\/\/archiwum.diecezjazg.pl\/index.php\/wp-json\/wp\/v2\/users\/1"}],"replies":[{"embeddable":true,"href":"https:\/\/archiwum.diecezjazg.pl\/index.php\/wp-json\/wp\/v2\/comments?post=530"}],"version-history":[{"count":1,"href":"https:\/\/archiwum.diecezjazg.pl\/index.php\/wp-json\/wp\/v2\/pages\/530\/revisions"}],"predecessor-version":[{"id":531,"href":"https:\/\/archiwum.diecezjazg.pl\/index.php\/wp-json\/wp\/v2\/pages\/530\/revisions\/531"}],"up":[{"embeddable":true,"href":"https:\/\/archiwum.diecezjazg.pl\/index.php\/wp-json\/wp\/v2\/pages\/46"}],"wp:attachment":[{"href":"https:\/\/archiwum.diecezjazg.pl\/index.php\/wp-json\/wp\/v2\/media?parent=530"}],"curies":[{"name":"wp","href":"https:\/\/api.w.org\/{rel}","templated":true}]}}