{"id":52,"date":"2017-08-24T09:51:02","date_gmt":"2017-08-24T07:51:02","guid":{"rendered":"http:\/\/serwer1361595.home.pl\/www\/archiwum-site\/?page_id=52"},"modified":"2026-01-07T09:26:43","modified_gmt":"2026-01-07T08:26:43","slug":"kontakt","status":"publish","type":"page","link":"https:\/\/archiwum.diecezjazg.pl\/index.php\/kontakt\/","title":{"rendered":"Kontakt"},"content":{"rendered":"<header class=\"article-header clearfix\">\n<h1 class=\"article-title\">Kontakt<\/h1>\n<\/header>\n<section class=\"article-content clearfix\">\n<hr>\n<h3>Archiwum Diecezjalne w Zielonej G\u00f3rze<br \/>\nThe Diocesan Archive in Zielona G\u00f3ra<br \/>\nOsiedle Kaszubskie 8, 65-548 Zielona G\u00f3ra<\/h3>\n<h3>Dyrektor:<strong> ks. prof. dr hab. Robert Romuald Kufel<\/strong><br \/>\ne-mail: <span id=\"cloak66fb9e4284897514cf45492c91c357c1\"><a href=\"mailto:R.Kufel@kuria.zg.pl\">R.Kufel@diecezjazg.pl<\/a><\/span><\/h3>\n<h3>&nbsp;<\/h3>\n<h3><strong>Sekretariat:<\/strong><\/h3>\n<h3>Beata Mykiet\u00f3w<\/h3>\n<h3>tel: +48 728 443 414<\/h3>\n<h3>e-mail: <a href=\"mailto:archiwum@diecezjazg.pl\">archiwum@diecezjazg.pl <\/a><\/h3>\n<h3>&nbsp;<\/h3>\n<h3>Archiwum jest czynne od poniedzia\u0142ku do pi\u0105tku w godzinach od 9:00 do 14:00<br \/>\nPrzyjmowanie interesant\u00f3w od poniedzia\u0142ku do pi\u0105tku w godzinach od 9:30 do 13:30<br \/>\n(po uprzednim uzgodnieniu z sekretariatem).<\/h3>\n<p>&nbsp;<\/p>\n<\/section>\n<p>&nbsp;<\/p>\n<p><iframe loading=\"lazy\" style=\"border: 0;\" src=\"https:\/\/www.google.com\/maps\/embed?pb=!1m18!1m12!1m3!1d2459.8897294754033!2d15.55818831578577!3d51.9359648797078!2m3!1f0!2f0!3f0!3m2!1i1024!2i768!4f13.1!3m3!1m2!1s0x4706122320ec722d%3A0x2b17efd7af99b7f8!2sOsiedle+Kaszubskie+8%2C+Zielona+G%C3%B3ra!5e0!3m2!1spl!2spl!4v1504482411406\" width=\"600\" height=\"450\" frameborder=\"0\" allowfullscreen=\"allowfullscreen\"><\/iframe><\/p>\n<p>&nbsp;<\/p>\n","protected":false},"excerpt":{"rendered":"<p>Kontakt Archiwum Diecezjalne w Zielonej G\u00f3rze The Diocesan Archive in Zielona G\u00f3ra Osiedle Kaszubskie 8, 65-548 Zielona G\u00f3ra Dyrektor: ks. prof. dr hab. Robert Romuald Kufel e-mail: R.Kufel@diecezjazg.pl &nbsp; Sekretariat: Beata Mykiet\u00f3w tel: +48 728 443 414 e-mail: archiwum@diecezjazg.pl &nbsp; Archiwum jest czynne od poniedzia\u0142ku do pi\u0105tku w godzinach od 9:00 do 14:00 Przyjmowanie interesant\u00f3w&#8230;<\/p>\n<p class=\"more-link\"><a href=\"https:\/\/archiwum.diecezjazg.pl\/index.php\/kontakt\/\"><span>Czytaj wi\u0119cej<\/span><i>&#43;<\/i><\/a><\/p>\n","protected":false},"author":1,"featured_media":0,"parent":0,"menu_order":4,"comment_status":"closed","ping_status":"closed","template":"","meta":{"ngg_post_thumbnail":0},"_links":{"self":[{"href":"https:\/\/archiwum.diecezjazg.pl\/index.php\/wp-json\/wp\/v2\/pages\/52"}],"collection":[{"href":"https:\/\/archiwum.diecezjazg.pl\/index.php\/wp-json\/wp\/v2\/pages"}],"about":[{"href":"https:\/\/archiwum.diecezjazg.pl\/index.php\/wp-json\/wp\/v2\/types\/page"}],"author":[{"embeddable":true,"href":"https:\/\/archiwum.diecezjazg.pl\/index.php\/wp-json\/wp\/v2\/users\/1"}],"replies":[{"embeddable":true,"href":"https:\/\/archiwum.diecezjazg.pl\/index.php\/wp-json\/wp\/v2\/comments?post=52"}],"version-history":[{"count":20,"href":"https:\/\/archiwum.diecezjazg.pl\/index.php\/wp-json\/wp\/v2\/pages\/52\/revisions"}],"predecessor-version":[{"id":3458,"href":"https:\/\/archiwum.diecezjazg.pl\/index.php\/wp-json\/wp\/v2\/pages\/52\/revisions\/3458"}],"wp:attachment":[{"href":"https:\/\/archiwum.diecezjazg.pl\/index.php\/wp-json\/wp\/v2\/media?parent=52"}],"curies":[{"name":"wp","href":"https:\/\/api.w.org\/{rel}","templated":true}]}}