{"id":513,"date":"2017-09-23T11:27:18","date_gmt":"2017-09-23T09:27:18","guid":{"rendered":"http:\/\/www.archiwum.diecezjazg.pl\/?page_id=513"},"modified":"2017-09-23T11:27:18","modified_gmt":"2017-09-23T09:27:18","slug":"znaleziska-zespol-64-sygnatura-kz","status":"publish","type":"page","link":"https:\/\/archiwum.diecezjazg.pl\/index.php\/zasoby-archiwalne\/znaleziska-zespol-64-sygnatura-kz\/","title":{"rendered":"Znaleziska, zesp\u00f3\u0142 64, sygnatura KZ"},"content":{"rendered":"\n<table id=\"tablepress-317\" class=\"tablepress tablepress-id-317\">\n<thead>\n<tr class=\"row-1 odd\">\n\t<th class=\"column-1\">Sygn<\/th><th class=\"column-2\">Zesp\u00f3\u0142 64<\/th><th class=\"column-3\">Tytu\u0142<\/th><th class=\"column-4\">Rok_ant<\/th><th class=\"column-5\">Rok_p<\/th><th class=\"column-6\">Rok_k<\/th><th class=\"column-7\">Rok_pos<\/th><th class=\"column-8\">Opis_fizyczny<\/th><th class=\"column-9\">ilo\u015b\u0107 stron<\/th><th class=\"column-10\">wymiar<\/th><th class=\"column-11\">materia\u0142<\/th><th class=\"column-12\">Uwagi<\/th>\n<\/tr>\n<\/thead>\n<tbody class=\"row-hover\">\n<tr class=\"row-2 even\">\n\t<td class=\"column-1\">ZZ 1<\/td><td class=\"column-2\">Zbi\u00f3r znalezisk <\/td><td class=\"column-3\">Prz\u0119slik<\/td><td class=\"column-4\"><\/td><td class=\"column-5\"><\/td><td class=\"column-6\"><\/td><td class=\"column-7\"><\/td><td class=\"column-8\">bardzo dobry<\/td><td class=\"column-9\"><\/td><td class=\"column-10\">2,4 cm<\/td><td class=\"column-11\">glina<\/td><td class=\"column-12\">Znalaz\u0142 ks. Robert Kufel we Wschowie<\/td>\n<\/tr>\n<tr class=\"row-3 odd\">\n\t<td class=\"column-1\">ZZ 2<\/td><td class=\"column-2\">Zbi\u00f3r znalezisk <\/td><td class=\"column-3\">Po\u0142\u00f3wka pocisku<\/td><td class=\"column-4\"><\/td><td class=\"column-5\">XVII<\/td><td class=\"column-6\">XVIII<\/td><td class=\"column-7\"><\/td><td class=\"column-8\">bardzo dobry<\/td><td class=\"column-9\"><\/td><td class=\"column-10\">3,4 cm<\/td><td class=\"column-11\">\u017celazo<\/td><td class=\"column-12\">Znalaz\u0142 ks. Robert Kufel przy ko\u015bciele \u015bw. Wawrzy\u0144ca w Babimo\u015bcie 2002<\/td>\n<\/tr>\n<tr class=\"row-4 even\">\n\t<td class=\"column-1\">ZZ 3<\/td><td class=\"column-2\">Zbi\u00f3r znalezisk <\/td><td class=\"column-3\">Guzik<\/td><td class=\"column-4\"><\/td><td class=\"column-5\">XVIII<\/td><td class=\"column-6\">XIX<\/td><td class=\"column-7\"><\/td><td class=\"column-8\">dobry<\/td><td class=\"column-9\"><\/td><td class=\"column-10\">2,3 cm<\/td><td class=\"column-11\">mied\u017a<\/td><td class=\"column-12\">Znalaz\u0142 ks. Robert Kufel przy ko\u015bciele ewangelickim w Bytomiu Odrz. 2012<\/td>\n<\/tr>\n<tr class=\"row-5 odd\">\n\t<td class=\"column-1\">ZZ 4<\/td><td class=\"column-2\">Zbi\u00f3r znalezisk <\/td><td class=\"column-3\">Kula do muszkietu<\/td><td class=\"column-4\"><\/td><td class=\"column-5\">XVIII<\/td><td class=\"column-6\">XIX<\/td><td class=\"column-7\"><\/td><td class=\"column-8\">bardzo dobry<\/td><td class=\"column-9\"><\/td><td class=\"column-10\">1,5 cm<\/td><td class=\"column-11\">o\u0142\u00f3w<\/td><td class=\"column-12\">Okolice Grodowca 2014<\/td>\n<\/tr>\n<tr class=\"row-6 even\">\n\t<td class=\"column-1\">ZZ 5<\/td><td class=\"column-2\">Zbi\u00f3r znalezisk <\/td><td class=\"column-3\">Fragment fajki<\/td><td class=\"column-4\"><\/td><td class=\"column-5\">XIX<\/td><td class=\"column-6\">XIX<\/td><td class=\"column-7\"><\/td><td class=\"column-8\">dobry<\/td><td class=\"column-9\"><\/td><td class=\"column-10\">4,5 cm<\/td><td class=\"column-11\">fajans<\/td><td class=\"column-12\">Znalaz\u0142 ks. Robert Kufel na ogrodzie plebani Parafii Podwy\u017cszenia Krzy\u017ca \u015aw. Sulech\u00f3w 2015<\/td>\n<\/tr>\n<tr class=\"row-7 odd\">\n\t<td class=\"column-1\">ZZ 6<\/td><td class=\"column-2\">Zbi\u00f3r znalezisk <\/td><td class=\"column-3\">Stempel z butelki szklanej<\/td><td class=\"column-4\"><\/td><td class=\"column-5\">XIX<\/td><td class=\"column-6\">XX<\/td><td class=\"column-7\"><\/td><td class=\"column-8\">dobry<\/td><td class=\"column-9\"><\/td><td class=\"column-10\">2,7 cm<\/td><td class=\"column-11\">szk\u0142o<\/td><td class=\"column-12\">Znalaz\u0142 ks. Robert Kufel na ogrodzie plebani Parafii Podwy\u017cszenia Krzy\u017ca \u015aw. Sulech\u00f3w 2015<\/td>\n<\/tr>\n<tr class=\"row-8 even\">\n\t<td class=\"column-1\">ZZ 7<\/td><td class=\"column-2\">Zbi\u00f3r znalezisk <\/td><td class=\"column-3\">Fragment ceramiki z okresu late\u0144skiej kulktury przeworskiej III-I w.p.n.e. lub z okresu wp\u0142yw\u00f3w rzymskich II-IV w. Datowa\u0142 Jaros\u0142aw Lewczuk<\/td><td class=\"column-4\"><\/td><td class=\"column-5\"><\/td><td class=\"column-6\"><\/td><td class=\"column-7\"><\/td><td class=\"column-8\">dobry<\/td><td class=\"column-9\"><\/td><td class=\"column-10\">4,2 cm<\/td><td class=\"column-11\">glina<\/td><td class=\"column-12\">Znalaz\u0142 ks. Robert Kufel przy ko\u015bciele \u015bw. Wawrzy\u0144ca w Babimo\u015bcie 2015<\/td>\n<\/tr>\n<tr class=\"row-9 odd\">\n\t<td class=\"column-1\">ZZ 8<\/td><td class=\"column-2\">Zbi\u00f3r znalezisk <\/td><td class=\"column-3\">Kula do muszkietu<\/td><td class=\"column-4\"><\/td><td class=\"column-5\">XVIII<\/td><td class=\"column-6\">XIX<\/td><td class=\"column-7\"><\/td><td class=\"column-8\">dobry<\/td><td class=\"column-9\"><\/td><td class=\"column-10\">1,6 cm<\/td><td class=\"column-11\">o\u0142\u00f3w<\/td><td class=\"column-12\">mi\u0119dzy Letnic\u0105 a Grabowcem 2016<\/td>\n<\/tr>\n<tr class=\"row-10 even\">\n\t<td class=\"column-1\">ZZ 9<\/td><td class=\"column-2\">Zbi\u00f3r znalezisk <\/td><td class=\"column-3\">fragment dzwoneczka zawieszanego zwierz\u0119tom<\/td><td class=\"column-4\"><\/td><td class=\"column-5\">XIX<\/td><td class=\"column-6\">XX<\/td><td class=\"column-7\"><\/td><td class=\"column-8\">uszkodzony<\/td><td class=\"column-9\"><\/td><td class=\"column-10\"><\/td><td class=\"column-11\">mosi\u0105dz<\/td><td class=\"column-12\">znaleziony w okolicy \u017bar 2018<\/td>\n<\/tr>\n<tr class=\"row-11 odd\">\n\t<td class=\"column-1\">ZZ 10<\/td><td class=\"column-2\">Zbi\u00f3r znalezisk <\/td><td class=\"column-3\"><\/td><td class=\"column-4\"><\/td><td class=\"column-5\"><\/td><td class=\"column-6\"><\/td><td class=\"column-7\"><\/td><td class=\"column-8\">dobry<\/td><td class=\"column-9\"><\/td><td class=\"column-10\"><\/td><td class=\"column-11\"><\/td><td class=\"column-12\"><\/td>\n<\/tr>\n<\/tbody>\n<\/table>\n<!-- #tablepress-317 from cache -->\n","protected":false},"excerpt":{"rendered":"","protected":false},"author":1,"featured_media":0,"parent":46,"menu_order":0,"comment_status":"closed","ping_status":"closed","template":"","meta":{"ngg_post_thumbnail":0},"_links":{"self":[{"href":"https:\/\/archiwum.diecezjazg.pl\/index.php\/wp-json\/wp\/v2\/pages\/513"}],"collection":[{"href":"https:\/\/archiwum.diecezjazg.pl\/index.php\/wp-json\/wp\/v2\/pages"}],"about":[{"href":"https:\/\/archiwum.diecezjazg.pl\/index.php\/wp-json\/wp\/v2\/types\/page"}],"author":[{"embeddable":true,"href":"https:\/\/archiwum.diecezjazg.pl\/index.php\/wp-json\/wp\/v2\/users\/1"}],"replies":[{"embeddable":true,"href":"https:\/\/archiwum.diecezjazg.pl\/index.php\/wp-json\/wp\/v2\/comments?post=513"}],"version-history":[{"count":1,"href":"https:\/\/archiwum.diecezjazg.pl\/index.php\/wp-json\/wp\/v2\/pages\/513\/revisions"}],"predecessor-version":[{"id":514,"href":"https:\/\/archiwum.diecezjazg.pl\/index.php\/wp-json\/wp\/v2\/pages\/513\/revisions\/514"}],"up":[{"embeddable":true,"href":"https:\/\/archiwum.diecezjazg.pl\/index.php\/wp-json\/wp\/v2\/pages\/46"}],"wp:attachment":[{"href":"https:\/\/archiwum.diecezjazg.pl\/index.php\/wp-json\/wp\/v2\/media?parent=513"}],"curies":[{"name":"wp","href":"https:\/\/api.w.org\/{rel}","templated":true}]}}