{"id":500,"date":"2017-09-23T11:13:01","date_gmt":"2017-09-23T09:13:01","guid":{"rendered":"http:\/\/www.archiwum.diecezjazg.pl\/?page_id=500"},"modified":"2017-09-23T11:15:04","modified_gmt":"2017-09-23T09:15:04","slug":"akta-miejscowosci-gerthen-1876-1895-zespol-19-sygnatura-ag","status":"publish","type":"page","link":"https:\/\/archiwum.diecezjazg.pl\/index.php\/zasoby-archiwalne\/akta-miejscowosci-gerthen-1876-1895-zespol-19-sygnatura-ag\/","title":{"rendered":"Akta Miejscowo\u015bci Gerthen (1876-1895), zesp\u00f3\u0142 19, sygnatura AG"},"content":{"rendered":"\n<table id=\"tablepress-520\" class=\"tablepress tablepress-id-520\">\n<thead>\n<tr class=\"row-1 odd\">\n\t<th class=\"column-1\">Sygn<\/th><th class=\"column-2\">Zesp\u00f3\u0142 19<\/th><th class=\"column-3\">Tytu\u0142<\/th><th class=\"column-4\">Rok_ant<\/th><th class=\"column-5\">Rok_p<\/th><th class=\"column-6\">Rok_k<\/th><th class=\"column-7\">Rok_pos<\/th><th class=\"column-8\">Opis_fizyczny<\/th><th class=\"column-9\">ilo\u015b\u0107 stron<\/th><th class=\"column-10\">wymiar<\/th><th class=\"column-11\">j\u0119zyk<\/th><th class=\"column-12\">Sygnatury dawne<\/th>\n<\/tr>\n<\/thead>\n<tbody class=\"row-hover\">\n<tr class=\"row-2 even\">\n\t<td class=\"column-1\">AG 1<\/td><td class=\"column-2\">Akta miejscowo\u015bci Gerthen (Kokoszewo)<\/td><td class=\"column-3\">Preussischer Hypothekenbrief  \u00fc ber die in dem Grundbuch von Gerthen Band 18b Blatt No. 6 auf dem im Kreise Roessel im Dorf Gerthen <\/td><td class=\"column-4\"><\/td><td class=\"column-5\">1876<\/td><td class=\"column-6\">1895<\/td><td class=\"column-7\"><\/td><td class=\"column-8\">poszyt<\/td><td class=\"column-9\"><\/td><td class=\"column-10\">220x340<\/td><td class=\"column-11\">niem<\/td><td class=\"column-12\">AP Mi\u0119dzyrzecz<\/td>\n<\/tr>\n<\/tbody>\n<\/table>\n<!-- #tablepress-520 from cache -->\n","protected":false},"excerpt":{"rendered":"","protected":false},"author":1,"featured_media":0,"parent":46,"menu_order":0,"comment_status":"closed","ping_status":"closed","template":"","meta":{"ngg_post_thumbnail":0},"_links":{"self":[{"href":"https:\/\/archiwum.diecezjazg.pl\/index.php\/wp-json\/wp\/v2\/pages\/500"}],"collection":[{"href":"https:\/\/archiwum.diecezjazg.pl\/index.php\/wp-json\/wp\/v2\/pages"}],"about":[{"href":"https:\/\/archiwum.diecezjazg.pl\/index.php\/wp-json\/wp\/v2\/types\/page"}],"author":[{"embeddable":true,"href":"https:\/\/archiwum.diecezjazg.pl\/index.php\/wp-json\/wp\/v2\/users\/1"}],"replies":[{"embeddable":true,"href":"https:\/\/archiwum.diecezjazg.pl\/index.php\/wp-json\/wp\/v2\/comments?post=500"}],"version-history":[{"count":2,"href":"https:\/\/archiwum.diecezjazg.pl\/index.php\/wp-json\/wp\/v2\/pages\/500\/revisions"}],"predecessor-version":[{"id":504,"href":"https:\/\/archiwum.diecezjazg.pl\/index.php\/wp-json\/wp\/v2\/pages\/500\/revisions\/504"}],"up":[{"embeddable":true,"href":"https:\/\/archiwum.diecezjazg.pl\/index.php\/wp-json\/wp\/v2\/pages\/46"}],"wp:attachment":[{"href":"https:\/\/archiwum.diecezjazg.pl\/index.php\/wp-json\/wp\/v2\/media?parent=500"}],"curies":[{"name":"wp","href":"https:\/\/api.w.org\/{rel}","templated":true}]}}