{"id":49,"date":"2017-08-24T09:50:22","date_gmt":"2017-08-24T07:50:22","guid":{"rendered":"http:\/\/serwer1361595.home.pl\/www\/archiwum-site\/?page_id=49"},"modified":"2023-11-22T18:38:52","modified_gmt":"2023-11-22T17:38:52","slug":"rocznik-adhibenda","status":"publish","type":"page","link":"https:\/\/archiwum.diecezjazg.pl\/index.php\/rocznik-adhibenda\/","title":{"rendered":"Rocznik ADHIBENDA"},"content":{"rendered":"<p><a href=\"http:\/\/archiwum.diecezjazg.pl\/index.php\/rocznik-adhibenda\/\">J\u0119zyk polski<\/a><\/p>\n<p><a href=\"http:\/\/archiwum.diecezjazg.pl\/index.php\/rocznik-adhibenda\/annual-journal-adhibenda\/\">J\u0119zyk angielski<\/a><\/p>\n<h1 style=\"text-align: center;\">ADHIBENDA<\/h1>\n<h3 style=\"text-align: center;\">Rocznik Archiwum Diecezji w Zielonej G\u00f3rze<\/h3>\n<p>&nbsp;<\/p>\n<table>\n<tbody>\n<tr>\n<td>\n<h3><a href=\"http:\/\/archiwum.diecezjazg.pl\/index.php\/rocznik-adhibenda\/pl_adhibenda_aktualny\/\"><strong>Aktualny numer<\/strong><\/a><\/h3>\n<\/td>\n<td>\n<h3><a href=\"http:\/\/archiwum.diecezjazg.pl\/index.php\/rocznik-adhibenda\/pl_adhibenda_archiwum\/\"><strong>Archiwum<\/strong><\/a><\/h3>\n<\/td>\n<td>\n<h3><a href=\"http:\/\/archiwum.diecezjazg.pl\/index.php\/pl_adhibenda_oczasopismie\/\"><strong>O czasopi\u015bmie<\/strong><\/a><\/h3>\n<\/td>\n<td>\n<h3><a href=\"http:\/\/archiwum.diecezjazg.pl\/index.php\/rocznik-adhibenda\/pl_adhibenda_przesylanie\/\"><strong>Przesy\u0142anie tekstu<\/strong><\/a><\/h3>\n<\/td>\n<td>\n<h3><a href=\"http:\/\/archiwum.diecezjazg.pl\/index.php\/rocznik-adhibenda\/pl_adhibenda_kontakt\/\"><strong>Kontakt<\/strong><\/a><\/h3>\n<\/td>\n<\/tr>\n<\/tbody>\n<\/table>\n<h4 style=\"text-align: left;\">ADHIBENDA jest rocznikiem publikowanym od 2014 roku przez Archiwum Diecezjalne w Zielonej G\u00f3rze. Profil czasopisma obejmuje badania z dziedzin nauk humanistycznych, a w szczeg\u00f3lno\u015bci z zakresu historii Ko\u015bcio\u0142a, nauk pomocniczych historii oraz historii regionu. Na \u0142amach \u201eAdhibendy\u201d publikowane s\u0105 artyku\u0142y naukowe, artyku\u0142y recenzyjne, recenzje, i sprawozdania, zar\u00f3wno w j\u0119zyku polskim, jak i angielskim. Zg\u0142aszane artyku\u0142y naukowe podlegaj\u0105 procedurze recenzyjnej bazuj\u0105cej na zasadach double-blind peer review. Publikacje ukazuj\u0105 si\u0119 zar\u00f3wno formie tradycyjnej, jak i elektronicznej, udost\u0119pnionej otwarcie za po\u015brednictwem platformy. Dzia\u0142alno\u015b\u0107 redakcyjna czasopisma bazuje na zasadach etyki wydawniczej okre\u015blonych w Kodeksie Post\u0119powania Komitetu ds. Etyki Publikacyjnej (Committee on Publication Ethics \u2013 COPE). Czasopismo jest indeksowane w BazHum, a wydawane przez Agencj\u0119 Wydawnicz\u0105 PDN w Zielonej G\u00f3rze.<\/h4>\n<h2>Rocznik Archiwum Diecezjalnego w Zielonej G\u00f3rze ADHIBENDA indeksowany jest na li\u015bcie czasopism humanistycznych<\/h2>\n<p><a href=\"http:\/\/bazhum.pl\/bib\/list\/\"><img loading=\"lazy\" class=\"alignleft wp-image-1895 size-medium\" src=\"http:\/\/serwer1361595.home.pl\/www\/archiwum-site\/wp-content\/uploads\/2017\/08\/bazhum_logo-300x72.png\" alt=\"\" width=\"300\" height=\"72\" srcset=\"https:\/\/archiwum.diecezjazg.pl\/wp-content\/uploads\/2017\/08\/bazhum_logo-300x72.png 300w, https:\/\/archiwum.diecezjazg.pl\/wp-content\/uploads\/2017\/08\/bazhum_logo.png 536w\" sizes=\"(max-width: 300px) 100vw, 300px\" \/><\/a><\/p>\n<p>&nbsp;<\/p>\n<p>&nbsp;<\/p>\n<p>&nbsp;<\/p>\n","protected":false},"excerpt":{"rendered":"<p>J\u0119zyk polski J\u0119zyk angielski ADHIBENDA Rocznik Archiwum Diecezji w Zielonej G\u00f3rze &nbsp; Aktualny numer Archiwum O czasopi\u015bmie Przesy\u0142anie tekstu Kontakt ADHIBENDA jest rocznikiem publikowanym od 2014 roku przez Archiwum Diecezjalne w Zielonej G\u00f3rze. Profil czasopisma obejmuje badania z dziedzin nauk humanistycznych, a w szczeg\u00f3lno\u015bci z zakresu historii Ko\u015bcio\u0142a, nauk pomocniczych historii oraz historii regionu. Na&#8230;<\/p>\n<p class=\"more-link\"><a href=\"https:\/\/archiwum.diecezjazg.pl\/index.php\/rocznik-adhibenda\/\"><span>Czytaj wi\u0119cej<\/span><i>&#43;<\/i><\/a><\/p>\n","protected":false},"author":1,"featured_media":0,"parent":0,"menu_order":3,"comment_status":"closed","ping_status":"closed","template":"","meta":{"ngg_post_thumbnail":0},"_links":{"self":[{"href":"https:\/\/archiwum.diecezjazg.pl\/index.php\/wp-json\/wp\/v2\/pages\/49"}],"collection":[{"href":"https:\/\/archiwum.diecezjazg.pl\/index.php\/wp-json\/wp\/v2\/pages"}],"about":[{"href":"https:\/\/archiwum.diecezjazg.pl\/index.php\/wp-json\/wp\/v2\/types\/page"}],"author":[{"embeddable":true,"href":"https:\/\/archiwum.diecezjazg.pl\/index.php\/wp-json\/wp\/v2\/users\/1"}],"replies":[{"embeddable":true,"href":"https:\/\/archiwum.diecezjazg.pl\/index.php\/wp-json\/wp\/v2\/comments?post=49"}],"version-history":[{"count":41,"href":"https:\/\/archiwum.diecezjazg.pl\/index.php\/wp-json\/wp\/v2\/pages\/49\/revisions"}],"predecessor-version":[{"id":2886,"href":"https:\/\/archiwum.diecezjazg.pl\/index.php\/wp-json\/wp\/v2\/pages\/49\/revisions\/2886"}],"wp:attachment":[{"href":"https:\/\/archiwum.diecezjazg.pl\/index.php\/wp-json\/wp\/v2\/media?parent=49"}],"curies":[{"name":"wp","href":"https:\/\/api.w.org\/{rel}","templated":true}]}}