{"id":486,"date":"2017-09-23T10:59:09","date_gmt":"2017-09-23T08:59:09","guid":{"rendered":"http:\/\/www.archiwum.diecezjazg.pl\/?page_id=486"},"modified":"2017-09-23T10:59:09","modified_gmt":"2017-09-23T08:59:09","slug":"akta-magistratu-w-brodach-1923-1926-zespol-18-sygnatura-amb","status":"publish","type":"page","link":"https:\/\/archiwum.diecezjazg.pl\/index.php\/zasoby-archiwalne\/akta-magistratu-w-brodach-1923-1926-zespol-18-sygnatura-amb\/","title":{"rendered":"Akta Magistratu w Brodach (1923-1926), zesp\u00f3\u0142 18, sygnatura AMB"},"content":{"rendered":"\n<table id=\"tablepress-519\" class=\"tablepress tablepress-id-519\">\n<thead>\n<tr class=\"row-1 odd\">\n\t<th class=\"column-1\">Sygn<\/th><th class=\"column-2\">Zesp\u00f3\u0142 18<\/th><th class=\"column-3\">Tytu\u0142<\/th><th class=\"column-4\">Rok_ant<\/th><th class=\"column-5\">Rok_p<\/th><th class=\"column-6\">Rok_k<\/th><th class=\"column-7\">Rok_pos<\/th><th class=\"column-8\">Opis_fizyczny<\/th><th class=\"column-9\">ilo\u015b\u0107 stron<\/th><th class=\"column-10\">wymiar<\/th><th class=\"column-11\">j\u0119zyk<\/th><th class=\"column-12\">Sygnatury dawne<\/th><th class=\"column-13\">Uwagi<\/th>\n<\/tr>\n<\/thead>\n<tbody class=\"row-hover\">\n<tr class=\"row-2 even\">\n\t<td class=\"column-1\">AMB 1<\/td><td class=\"column-2\">Magistrat Brody (Pf\u00f6rten)<\/td><td class=\"column-3\">Volkszaelung-Statistik<\/td><td class=\"column-4\"><\/td><td class=\"column-5\">1923<\/td><td class=\"column-6\">1923<\/td><td class=\"column-7\"><\/td><td class=\"column-8\">poszyt<\/td><td class=\"column-9\"><\/td><td class=\"column-10\"><\/td><td class=\"column-11\">niem<\/td><td class=\"column-12\"><\/td><td class=\"column-13\"><\/td>\n<\/tr>\n<tr class=\"row-3 odd\">\n\t<td class=\"column-1\">AMB 2<\/td><td class=\"column-2\">Magistrat Brody (Pf\u00f6rten)<\/td><td class=\"column-3\">Polizei-Verwaltung<\/td><td class=\"column-4\"><\/td><td class=\"column-5\">1924<\/td><td class=\"column-6\">1926<\/td><td class=\"column-7\"><\/td><td class=\"column-8\">poszyt<\/td><td class=\"column-9\"><\/td><td class=\"column-10\"><\/td><td class=\"column-11\">niem<\/td><td class=\"column-12\"><\/td><td class=\"column-13\"><\/td>\n<\/tr>\n<tr class=\"row-4 even\">\n\t<td class=\"column-1\">AMB 3<\/td><td class=\"column-2\">Magistrat Brody (Pf\u00f6rten)<\/td><td class=\"column-3\">Wohnungsfuersorge<\/td><td class=\"column-4\"><\/td><td class=\"column-5\">1926<\/td><td class=\"column-6\">1929<\/td><td class=\"column-7\"><\/td><td class=\"column-8\">poszyt<\/td><td class=\"column-9\"><\/td><td class=\"column-10\"><\/td><td class=\"column-11\">niem<\/td><td class=\"column-12\"><\/td><td class=\"column-13\"><\/td>\n<\/tr>\n<tr class=\"row-5 odd\">\n\t<td class=\"column-1\">AMB 4<\/td><td class=\"column-2\">Magistrat Brody (Pf\u00f6rten)<\/td><td class=\"column-3\">Eisenbahn--Kraftfahr<\/td><td class=\"column-4\"><\/td><td class=\"column-5\">1926<\/td><td class=\"column-6\">1929<\/td><td class=\"column-7\"><\/td><td class=\"column-8\">poszyt<\/td><td class=\"column-9\"><\/td><td class=\"column-10\"><\/td><td class=\"column-11\">niem<\/td><td class=\"column-12\"><\/td><td class=\"column-13\"><\/td>\n<\/tr>\n<tr class=\"row-6 even\">\n\t<td class=\"column-1\">AMB 5<\/td><td class=\"column-2\">Magistrat Brody (Pf\u00f6rten)<\/td><td class=\"column-3\">Gas-Ferversorgung<\/td><td class=\"column-4\"><\/td><td class=\"column-5\">1928<\/td><td class=\"column-6\">1928<\/td><td class=\"column-7\"><\/td><td class=\"column-8\">poszyt<\/td><td class=\"column-9\"><\/td><td class=\"column-10\"><\/td><td class=\"column-11\">niem<\/td><td class=\"column-12\"><\/td><td class=\"column-13\"><\/td>\n<\/tr>\n<tr class=\"row-7 odd\">\n\t<td class=\"column-1\">AMB 6<\/td><td class=\"column-2\">Magistrat Brody (Pf\u00f6rten)<\/td><td class=\"column-3\">[Korespondencja o r\u00f3\u017cnej tre\u015bci]<\/td><td class=\"column-4\"><\/td><td class=\"column-5\">1924<\/td><td class=\"column-6\">1928<\/td><td class=\"column-7\"><\/td><td class=\"column-8\">akta lu\u017ane<\/td><td class=\"column-9\"><\/td><td class=\"column-10\"><\/td><td class=\"column-11\">niem<\/td><td class=\"column-12\"><\/td><td class=\"column-13\"><\/td>\n<\/tr>\n<\/tbody>\n<\/table>\n<!-- #tablepress-519 from cache -->\n","protected":false},"excerpt":{"rendered":"","protected":false},"author":1,"featured_media":0,"parent":46,"menu_order":0,"comment_status":"closed","ping_status":"closed","template":"","meta":{"ngg_post_thumbnail":0},"_links":{"self":[{"href":"https:\/\/archiwum.diecezjazg.pl\/index.php\/wp-json\/wp\/v2\/pages\/486"}],"collection":[{"href":"https:\/\/archiwum.diecezjazg.pl\/index.php\/wp-json\/wp\/v2\/pages"}],"about":[{"href":"https:\/\/archiwum.diecezjazg.pl\/index.php\/wp-json\/wp\/v2\/types\/page"}],"author":[{"embeddable":true,"href":"https:\/\/archiwum.diecezjazg.pl\/index.php\/wp-json\/wp\/v2\/users\/1"}],"replies":[{"embeddable":true,"href":"https:\/\/archiwum.diecezjazg.pl\/index.php\/wp-json\/wp\/v2\/comments?post=486"}],"version-history":[{"count":1,"href":"https:\/\/archiwum.diecezjazg.pl\/index.php\/wp-json\/wp\/v2\/pages\/486\/revisions"}],"predecessor-version":[{"id":487,"href":"https:\/\/archiwum.diecezjazg.pl\/index.php\/wp-json\/wp\/v2\/pages\/486\/revisions\/487"}],"up":[{"embeddable":true,"href":"https:\/\/archiwum.diecezjazg.pl\/index.php\/wp-json\/wp\/v2\/pages\/46"}],"wp:attachment":[{"href":"https:\/\/archiwum.diecezjazg.pl\/index.php\/wp-json\/wp\/v2\/media?parent=486"}],"curies":[{"name":"wp","href":"https:\/\/api.w.org\/{rel}","templated":true}]}}