{"id":464,"date":"2017-09-23T09:42:52","date_gmt":"2017-09-23T07:42:52","guid":{"rendered":"http:\/\/www.archiwum.diecezjazg.pl\/?page_id=464"},"modified":"2017-09-23T09:55:03","modified_gmt":"2017-09-23T07:55:03","slug":"akta-caritas-administracji-apostolskiej-w-gorzowie-wlkp-1946-1956-zespol-7-sygnatura-aca","status":"publish","type":"page","link":"https:\/\/archiwum.diecezjazg.pl\/index.php\/zasoby-archiwalne\/akta-caritas-administracji-apostolskiej-w-gorzowie-wlkp-1946-1956-zespol-7-sygnatura-aca\/","title":{"rendered":"Akta Caritas Administracji Apostolskiej w Gorzowie Wlkp. (1946-1956), zesp\u00f3\u0142 7, sygnatura ACA"},"content":{"rendered":"\n<table id=\"tablepress-58\" class=\"tablepress tablepress-id-58\">\n<thead>\n<tr class=\"row-1 odd\">\n\t<th class=\"column-1\">Sygn<\/th><th class=\"column-2\">Zesp\u00f3\u0142 7<\/th><th class=\"column-3\">Tytu\u0142<\/th><th class=\"column-4\">Rok_ant<\/th><th class=\"column-5\">Rok_p<\/th><th class=\"column-6\">Rok_k<\/th><th class=\"column-7\">Rok_pos<\/th><th class=\"column-8\">Opis_fizyczny<\/th><th class=\"column-9\">ilo\u015b\u0107 stron<\/th><th class=\"column-10\">wymiar<\/th><th class=\"column-11\">j\u0119zyk<\/th><th class=\"column-12\">Sygnatury dawne<\/th><th class=\"column-13\">Uwagi<\/th>\n<\/tr>\n<\/thead>\n<tbody class=\"row-hover\">\n<tr class=\"row-2 even\">\n\t<td class=\"column-1\">ACA 1<\/td><td class=\"column-2\">\"Caritas\" Administracji Apostolskiej<\/td><td class=\"column-3\">Sprawozdanie komisji kontroluj\u0105cej Zwi\u0105zku \"Caritas\" Adm.Ap.<\/td><td class=\"column-4\"><\/td><td class=\"column-5\">1949<\/td><td class=\"column-6\">1949<\/td><td class=\"column-7\"><\/td><td class=\"column-8\">akta lu\u017ane w teczce<\/td><td class=\"column-9\"><\/td><td class=\"column-10\"><\/td><td class=\"column-11\">pol<\/td><td class=\"column-12\"><\/td><td class=\"column-13\">Archiwum Parafii w Jordanowie<\/td>\n<\/tr>\n<tr class=\"row-3 odd\">\n\t<td class=\"column-1\">ACA 2<\/td><td class=\"column-2\">\"Caritas\" Administracji Apostolskiej<\/td><td class=\"column-3\">Kwestionariusz \u017ce\u0144skich zgromadze\u0144 zakonnych, dzia\u0142aj\u0105cych na terenie Gorzowskiej Administracji Apost.<\/td><td class=\"column-4\"><\/td><td class=\"column-5\">1949<\/td><td class=\"column-6\">1949<\/td><td class=\"column-7\"><\/td><td class=\"column-8\">akta lu\u017ane w teczce<\/td><td class=\"column-9\"><\/td><td class=\"column-10\"><\/td><td class=\"column-11\">pol<\/td><td class=\"column-12\"><\/td><td class=\"column-13\">Archiwum Parafii w Jordanowie<\/td>\n<\/tr>\n<tr class=\"row-4 even\">\n\t<td class=\"column-1\">ACA 3<\/td><td class=\"column-2\">\"Caritas\" Administracji Apostolskiej<\/td><td class=\"column-3\">[Dane dot. Powstania klasztoru franciszkanek w S\u0142upsku, list s. M.Magdaleny FNS do ks. Profesora, S\u0142upsk 13.09.1956, Odpowied\u017a Jordanowo, 21.09.1956]<\/td><td class=\"column-4\"><\/td><td class=\"column-5\">1956<\/td><td class=\"column-6\">1956<\/td><td class=\"column-7\"><\/td><td class=\"column-8\">akta lu\u017ane w teczce<\/td><td class=\"column-9\"><\/td><td class=\"column-10\"><\/td><td class=\"column-11\">pol<\/td><td class=\"column-12\"><\/td><td class=\"column-13\">Archiwum Parafii w Jordanowie<\/td>\n<\/tr>\n<tr class=\"row-5 odd\">\n\t<td class=\"column-1\">ACA 4<\/td><td class=\"column-2\">\"Caritas\" Administracji Apostolskiej<\/td><td class=\"column-3\">[Pisma ok\u00f3lne, matria\u0142y formacyjne]<\/td><td class=\"column-4\"><\/td><td class=\"column-5\">1946<\/td><td class=\"column-6\">1951<\/td><td class=\"column-7\"><\/td><td class=\"column-8\">akta lu\u017ane w teczce<\/td><td class=\"column-9\"><\/td><td class=\"column-10\"><\/td><td class=\"column-11\">pol<\/td><td class=\"column-12\"><\/td><td class=\"column-13\">AP \u015amieszkowo<\/td>\n<\/tr>\n<\/tbody>\n<\/table>\n<!-- #tablepress-58 from cache -->\n","protected":false},"excerpt":{"rendered":"","protected":false},"author":1,"featured_media":0,"parent":46,"menu_order":0,"comment_status":"closed","ping_status":"closed","template":"","meta":{"ngg_post_thumbnail":0},"_links":{"self":[{"href":"https:\/\/archiwum.diecezjazg.pl\/index.php\/wp-json\/wp\/v2\/pages\/464"}],"collection":[{"href":"https:\/\/archiwum.diecezjazg.pl\/index.php\/wp-json\/wp\/v2\/pages"}],"about":[{"href":"https:\/\/archiwum.diecezjazg.pl\/index.php\/wp-json\/wp\/v2\/types\/page"}],"author":[{"embeddable":true,"href":"https:\/\/archiwum.diecezjazg.pl\/index.php\/wp-json\/wp\/v2\/users\/1"}],"replies":[{"embeddable":true,"href":"https:\/\/archiwum.diecezjazg.pl\/index.php\/wp-json\/wp\/v2\/comments?post=464"}],"version-history":[{"count":3,"href":"https:\/\/archiwum.diecezjazg.pl\/index.php\/wp-json\/wp\/v2\/pages\/464\/revisions"}],"predecessor-version":[{"id":470,"href":"https:\/\/archiwum.diecezjazg.pl\/index.php\/wp-json\/wp\/v2\/pages\/464\/revisions\/470"}],"up":[{"embeddable":true,"href":"https:\/\/archiwum.diecezjazg.pl\/index.php\/wp-json\/wp\/v2\/pages\/46"}],"wp:attachment":[{"href":"https:\/\/archiwum.diecezjazg.pl\/index.php\/wp-json\/wp\/v2\/media?parent=464"}],"curies":[{"name":"wp","href":"https:\/\/api.w.org\/{rel}","templated":true}]}}