{"id":461,"date":"2017-09-23T09:38:27","date_gmt":"2017-09-23T07:38:27","guid":{"rendered":"http:\/\/www.archiwum.diecezjazg.pl\/?page_id=461"},"modified":"2017-09-23T09:40:51","modified_gmt":"2017-09-23T07:40:51","slug":"bulle-zespol-48-sygnatura-kb","status":"publish","type":"page","link":"https:\/\/archiwum.diecezjazg.pl\/index.php\/zasoby-archiwalne\/bulle-zespol-48-sygnatura-kb\/","title":{"rendered":"Bulle, zesp\u00f3\u0142 48, sygnatura KB"},"content":{"rendered":"\n<table id=\"tablepress-31\" class=\"tablepress tablepress-id-31\">\n<thead>\n<tr class=\"row-1 odd\">\n\t<th class=\"column-1\">Sygn<\/th><th class=\"column-2\">Zesp\u00f3\u0142 48<\/th><th class=\"column-3\">Tytu\u0142<\/th><th class=\"column-4\">Rok_ant<\/th><th class=\"column-5\">Rok_p<\/th><th class=\"column-6\">Rok_k<\/th><th class=\"column-7\">Rok_pos<\/th><th class=\"column-8\">Opis_fizyczny<\/th><th class=\"column-9\">ilo\u015b\u0107 stron<\/th><th class=\"column-10\">wymiar<\/th><th class=\"column-11\">j\u0119zyk<\/th><th class=\"column-12\">Sygnatury dawne<\/th><th class=\"column-13\">Uwagi<\/th>\n<\/tr>\n<\/thead>\n<tbody class=\"row-hover\">\n<tr class=\"row-2 even\">\n\t<td class=\"column-1\">ZB 1<\/td><td class=\"column-2\">Zbi\u00f3r bulli<\/td><td class=\"column-3\">Pawe\u0142 VI. Bulla nominacyjna biskupa Wilhelma Pluty na Ordynariusza Gorzowskiego. Rzym 28 czerwca 1972<\/td><td class=\"column-4\"><\/td><td class=\"column-5\">1972<\/td><td class=\"column-6\">1972<\/td><td class=\"column-7\"><\/td><td class=\"column-8\">Pergamin + piecz\u0119\u0107 o\u0142owiana, awers: Paulus Papa VI, rewers: S.Paulus S.Petrus, tuba 32cm<\/td><td class=\"column-9\"><\/td><td class=\"column-10\"><\/td><td class=\"column-11\">\u0142ac<\/td><td class=\"column-12\">49x33<\/td><td class=\"column-13\"><\/td>\n<\/tr>\n<tr class=\"row-3 odd\">\n\t<td class=\"column-1\">ZB 2<\/td><td class=\"column-2\">Zbi\u00f3r bulli<\/td><td class=\"column-3\">Pawe\u0142 VI. Bulla erekcyjna Gorzowskiej Kapitu\u0142y Katedralnej. Rzym 28 listopada 1972<\/td><td class=\"column-4\"><\/td><td class=\"column-5\">1972<\/td><td class=\"column-6\">1972<\/td><td class=\"column-7\"><\/td><td class=\"column-8\">Pergamin + piecz\u0119\u0107 o\u0142owiana, awers: Paulus Papa VI, rewers: S.Paulus S.Petrus, tuba 42cm<\/td><td class=\"column-9\"><\/td><td class=\"column-10\"><\/td><td class=\"column-11\">\u0142ac<\/td><td class=\"column-12\">49x36<\/td><td class=\"column-13\">Wys\u0142ano dnia 11 sierpnia, w X roku Pontyfikatu, M. Orsini, Piecz\u0119tuj\u0105cy, W archiwum Kanc.Apostolskiej, tom 141, n. 88 [Kopia i t\u0142um.w: Ksi\u0119ga pami\u0105tkowa, s. 644-645]<\/td>\n<\/tr>\n<tr class=\"row-4 even\">\n\t<td class=\"column-1\">ZB 3<\/td><td class=\"column-2\">Zbi\u00f3r bulli<\/td><td class=\"column-3\">Jan Pawe\u0142 II. Bulla nominacyjna J\u00f3zefa Michalika na Biskupa Gorzowskiego. Rzym 1 pa\u017adziernika 1986<\/td><td class=\"column-4\"><\/td><td class=\"column-5\">1986<\/td><td class=\"column-6\">1986<\/td><td class=\"column-7\"><\/td><td class=\"column-8\">Pergamin + piecz\u0119\u0107 o\u0142owiana, awers: Joannes Paulus PP II, rewers: S.Paulus S.Petrus, tuba 38cm<\/td><td class=\"column-9\"><\/td><td class=\"column-10\"><\/td><td class=\"column-11\">\u0142ac<\/td><td class=\"column-12\">44,5x34<\/td><td class=\"column-13\">Wys\u0142ano dnia 1grudnia, w X roku Pontyfikatu, M. Orsini, Piecz\u0119tuj\u0105cy, W archiwum Kanc.Apostolskiej, tom 142, n. 49 [Kopia i t\u0142um.w: Ksi\u0119ga pami\u0105tkowa, s. 645-647]<\/td>\n<\/tr>\n<tr class=\"row-5 odd\">\n\t<td class=\"column-1\">ZB 4<\/td><td class=\"column-2\">Zbi\u00f3r bulli<\/td><td class=\"column-3\">Jana Pawe\u0142 II. Breve apostolskie zezwalaj\u0105ce na koronacj\u0119 Cudownego Obrazu Matki Bo\u017cej Rokitnia\u0144skiej. Rzym 22 stycznia 1988<\/td><td class=\"column-4\"><\/td><td class=\"column-5\">1988<\/td><td class=\"column-6\">1988<\/td><td class=\"column-7\"><\/td><td class=\"column-8\">Pergamin, tuba 38cm<\/td><td class=\"column-9\"><\/td><td class=\"column-10\"><\/td><td class=\"column-11\">\u0142ac<\/td><td class=\"column-12\">44,5x34,5<\/td><td class=\"column-13\">[Kopia i t\u0142um.w: Ksi\u0119ga pami\u0105tkowa, s. 655-656]<\/td>\n<\/tr>\n<tr class=\"row-6 even\">\n\t<td class=\"column-1\">ZB 5<\/td><td class=\"column-2\">Zbi\u00f3r bulli<\/td><td class=\"column-3\">Jan Pawe\u0142 II. Bulla nominacyjna ks. Mieczys\u0142awa Marszalika na protonotariusza apostolskiego. Rzym 18 pa\u017adziernika 1984<\/td><td class=\"column-4\"><\/td><td class=\"column-5\">1984<\/td><td class=\"column-6\">1984<\/td><td class=\"column-7\"><\/td><td class=\"column-8\">Pergamin, tuba 37,5 cm<\/td><td class=\"column-9\"><\/td><td class=\"column-10\"><\/td><td class=\"column-11\">\u0142ac<\/td><td class=\"column-12\">39,5x25<\/td><td class=\"column-13\"><\/td>\n<\/tr>\n<\/tbody>\n<\/table>\n<!-- #tablepress-31 from cache -->\n","protected":false},"excerpt":{"rendered":"","protected":false},"author":1,"featured_media":0,"parent":46,"menu_order":0,"comment_status":"closed","ping_status":"closed","template":"","meta":{"ngg_post_thumbnail":0},"_links":{"self":[{"href":"https:\/\/archiwum.diecezjazg.pl\/index.php\/wp-json\/wp\/v2\/pages\/461"}],"collection":[{"href":"https:\/\/archiwum.diecezjazg.pl\/index.php\/wp-json\/wp\/v2\/pages"}],"about":[{"href":"https:\/\/archiwum.diecezjazg.pl\/index.php\/wp-json\/wp\/v2\/types\/page"}],"author":[{"embeddable":true,"href":"https:\/\/archiwum.diecezjazg.pl\/index.php\/wp-json\/wp\/v2\/users\/1"}],"replies":[{"embeddable":true,"href":"https:\/\/archiwum.diecezjazg.pl\/index.php\/wp-json\/wp\/v2\/comments?post=461"}],"version-history":[{"count":1,"href":"https:\/\/archiwum.diecezjazg.pl\/index.php\/wp-json\/wp\/v2\/pages\/461\/revisions"}],"predecessor-version":[{"id":462,"href":"https:\/\/archiwum.diecezjazg.pl\/index.php\/wp-json\/wp\/v2\/pages\/461\/revisions\/462"}],"up":[{"embeddable":true,"href":"https:\/\/archiwum.diecezjazg.pl\/index.php\/wp-json\/wp\/v2\/pages\/46"}],"wp:attachment":[{"href":"https:\/\/archiwum.diecezjazg.pl\/index.php\/wp-json\/wp\/v2\/media?parent=461"}],"curies":[{"name":"wp","href":"https:\/\/api.w.org\/{rel}","templated":true}]}}