{"id":43,"date":"2017-08-24T09:48:41","date_gmt":"2017-08-24T07:48:41","guid":{"rendered":"http:\/\/serwer1361595.home.pl\/www\/archiwum-site\/?page_id=43"},"modified":"2026-03-17T10:34:59","modified_gmt":"2026-03-17T09:34:59","slug":"o-archiwum","status":"publish","type":"page","link":"https:\/\/archiwum.diecezjazg.pl\/index.php\/o-archiwum\/","title":{"rendered":"O Archiwum"},"content":{"rendered":"<h3>Zapraszam wszystkich zainteresowanych do korzystania z zasob\u00f3w naszego archiwum. Jednocze\u015bnie informuj\u0119 \u017ce archiwum mie\u015bci si\u0119 w budynku Domu Ksi\u0119\u017cy Emeryt\u00f3w, Osiedle Kaszubskie nr 8.<\/h3>\n<h3>Dyrektor archiwum: <strong>ks. prof. dr hab. Robert Romuald Kufel<\/strong><\/h3>\n<h3>&nbsp;<\/h3>\n<h3>Przy Archiwum Diecezjalnym w Zielonej G\u00f3rze powo\u0142ane zosta\u0142o Archiwum Kresowe. Stanowi odr\u0119bny dzia\u0142 archiwalny Archiwum Diecezjalnego w Zielonej G\u00f3rze. Gromadzi i udost\u0119pnia materia\u0142y dotycz\u0105ce przesz\u0142o\u015bci Kresowian mieszkaj\u0105cych na terenie diecezji zielonog\u00f3rsko-gorzowskiej a tak\u017ce niemieckiego dziedzictwa obszaru na kt\u00f3rym zamieszkali.<\/h3>\n<h3 style=\"text-align: center;\"><a href=\"http:\/\/archiwumkresowe.pl\" target=\"_blank\" rel=\"noopener noreferrer\">http:\/\/archiwumkresowe.pl<\/a><\/h3>\n<p>&nbsp;<\/p>\n<h3><a href=\"http:\/\/archiwum.diecezjazg.pl\/wp-content\/uploads\/2017\/08\/dekret_eryguj\u0105cy.jpg\" target=\"_blank\" rel=\"noopener\">Dekret eryguj\u0105cy archiwum<\/a><\/h3>\n<h3><a href=\"http:\/\/archiwum.diecezjazg.pl\/wp-content\/uploads\/2017\/08\/statut.jpg\" target=\"_blank\" rel=\"noopener\">Statut archiwum cz.1<\/a> &nbsp;&nbsp; <a href=\"http:\/\/archiwum.diecezjazg.pl\/wp-content\/uploads\/2017\/08\/statut1.jpg\" target=\"_blank\" rel=\"noopener\">cz.2<\/a><\/h3>\n<h3><a href=\"http:\/\/archiwum.diecezjazg.pl\/wp-content\/uploads\/2017\/08\/REGULAMIN-ARCHIWUM-DIECEZJALNEGO-W-ZIELONEJ-G\u00d3RZE-1.pdf\" target=\"_blank\" rel=\"noopener noreferrer\">Regulamin archiwum<\/a><\/h3>\n<h3><a href=\"http:\/\/archiwum.diecezjazg.pl\/wp-content\/uploads\/2017\/08\/Informacja-dla-autorow.pdf\" target=\"_blank\" rel=\"noopener noreferrer\">Informacja dla autor\u00f3w<\/a><\/h3>\n<h3><a href=\"http:\/\/archiwum.diecezjazg.pl\/wp-content\/uploads\/2017\/08\/dekretdyr.jpg\" target=\"_blank\" rel=\"noopener\">Dekret powo\u0142uj\u0105cy ks. dr hab. Roberta Romualda Kufla na Archiwist\u0119<\/a><\/h3>\n<h3><a href=\"http:\/\/archiwum.diecezjazg.pl\/wp-content\/uploads\/2017\/08\/dekret_przekazanie.jpg\" target=\"_blank\" rel=\"noopener\">Dekret o obowi\u0105zku przekazania archiwali\u00f3w na rzecz Archiwum Diecezjalnego<\/a><\/h3>\n<h3><a href=\"http:\/\/archiwum.diecezjazg.pl\/wp-content\/uploads\/2023\/05\/Zgloszenie-uzytkownika-zasobu-archiwalnego-plik-doc..doc\" target=\"_blank\" rel=\"noopener\">Zg\u0142oszenie u\u017cytkownika zasobu archiwalnego &#8211; plik doc.<\/a><\/h3>\n<h3><a href=\"http:\/\/archiwum.diecezjazg.pl\/wp-content\/uploads\/2023\/05\/zgloszenie-uzytkownika-zasobu-archiwalnego.pdf\" target=\"_blank\" rel=\"noopener\">Zg\u0142oszenie u\u017cytkownika zasobu archiwalnego<\/a><\/h3>\n<h3><a href=\"http:\/\/archiwum.diecezjazg.pl\/wp-content\/uploads\/2017\/08\/Zgloszenie_DE.pdf\" target=\"_blank\" rel=\"noopener noreferrer\">REGISTRIERUNG zur Nutzung von Archivbest\u00e4nden des Di\u00f6zesan-Archivs in Zielona G\u00f3ra (DE)<\/a><\/h3>\n<h3><a href=\"http:\/\/archiwum.diecezjazg.pl\/wp-content\/uploads\/2017\/08\/Rewers.pdf\" target=\"_blank\" rel=\"noopener noreferrer\">Rewers archiwalno-biblioteczny<\/a><\/h3>\n<h3><a href=\"http:\/\/archiwum.diecezjazg.pl\/wp-content\/uploads\/2023\/01\/ZAMOWIENIE-na-wykonanie-skanow-fotokopii-reprodukcji-i-kserokopii-word.doc\" target=\"_blank\" rel=\"noopener\">ZAM\u00d3WIENIE na wykonanie skan\u00f3w, fotokopii, reprodukcji i kserokopii Word<\/a><\/h3>\n<h3><a href=\"http:\/\/archiwum.diecezjazg.pl\/wp-content\/uploads\/2023\/01\/ZAMOWIENIE-na-wykonanie-skanow-fotokopii-reprodukcji-i-kserokopii.pdf\" target=\"_blank\" rel=\"noopener\">ZAM\u00d3WIENIE na wykonanie skan\u00f3w, fotokopii, reprodukcji i kserokopii<\/a><\/h3>\n","protected":false},"excerpt":{"rendered":"<p>Zapraszam wszystkich zainteresowanych do korzystania z zasob\u00f3w naszego archiwum. Jednocze\u015bnie informuj\u0119 \u017ce archiwum mie\u015bci si\u0119 w budynku Domu Ksi\u0119\u017cy Emeryt\u00f3w, Osiedle Kaszubskie nr 8. Dyrektor archiwum: ks. prof. dr hab. Robert Romuald Kufel &nbsp; Przy Archiwum Diecezjalnym w Zielonej G\u00f3rze powo\u0142ane zosta\u0142o Archiwum Kresowe. Stanowi odr\u0119bny dzia\u0142 archiwalny Archiwum Diecezjalnego w Zielonej G\u00f3rze. Gromadzi i&#8230;<\/p>\n<p class=\"more-link\"><a href=\"https:\/\/archiwum.diecezjazg.pl\/index.php\/o-archiwum\/\"><span>Czytaj wi\u0119cej<\/span><i>&#43;<\/i><\/a><\/p>\n","protected":false},"author":1,"featured_media":0,"parent":0,"menu_order":1,"comment_status":"closed","ping_status":"closed","template":"","meta":{"ngg_post_thumbnail":0},"_links":{"self":[{"href":"https:\/\/archiwum.diecezjazg.pl\/index.php\/wp-json\/wp\/v2\/pages\/43"}],"collection":[{"href":"https:\/\/archiwum.diecezjazg.pl\/index.php\/wp-json\/wp\/v2\/pages"}],"about":[{"href":"https:\/\/archiwum.diecezjazg.pl\/index.php\/wp-json\/wp\/v2\/types\/page"}],"author":[{"embeddable":true,"href":"https:\/\/archiwum.diecezjazg.pl\/index.php\/wp-json\/wp\/v2\/users\/1"}],"replies":[{"embeddable":true,"href":"https:\/\/archiwum.diecezjazg.pl\/index.php\/wp-json\/wp\/v2\/comments?post=43"}],"version-history":[{"count":28,"href":"https:\/\/archiwum.diecezjazg.pl\/index.php\/wp-json\/wp\/v2\/pages\/43\/revisions"}],"predecessor-version":[{"id":3538,"href":"https:\/\/archiwum.diecezjazg.pl\/index.php\/wp-json\/wp\/v2\/pages\/43\/revisions\/3538"}],"wp:attachment":[{"href":"https:\/\/archiwum.diecezjazg.pl\/index.php\/wp-json\/wp\/v2\/media?parent=43"}],"curies":[{"name":"wp","href":"https:\/\/api.w.org\/{rel}","templated":true}]}}