{"id":3423,"date":"2025-11-18T10:19:49","date_gmt":"2025-11-18T09:19:49","guid":{"rendered":"https:\/\/archiwum.diecezjazg.pl\/?page_id=3423"},"modified":"2026-02-11T11:19:58","modified_gmt":"2026-02-11T10:19:58","slug":"konkurs-nowa-edycja-2026-kresowe-korzenie-historia-kultura-pamiec","status":"publish","type":"page","link":"https:\/\/archiwum.diecezjazg.pl\/index.php\/konkurs-nowa-edycja-2026-kresowe-korzenie-historia-kultura-pamiec\/","title":{"rendered":"KONKURS &#8211; NOWA EDYCJA 2026: Kresowe Korzenie \u2013 historia, kultura, pami\u0119\u0107"},"content":{"rendered":"<h2 style=\"text-align: center;\"><span style=\"color: #000000;\"><strong>KONKURS &#8211; NOWA EDYCJA 2026: Kresowe Korzenie \u2013 historia, kultura, pami\u0119\u0107<\/strong><\/span><\/h2>\n<h3 style=\"text-align: center;\"><span style=\"color: #000000;\">Zapraszamy do udzia\u0142u w konkursie kresowym. Poni\u017cej mo\u017cna zapozna\u0107 si\u0119 z regulaminem:<\/span><\/h3>\n<hr>\n<h3 class=\"western\" align=\"center\"><span style=\"color: #000000;\"><span style=\"font-family: Times New Roman, serif;\"><span style=\"font-size: medium;\"><span lang=\"pl-PL\">REGULAMIN KONKURSU<\/span><\/span><\/span><\/span><\/h3>\n<h3 style=\"text-align: center;\" align=\"center\"><span style=\"color: #000000;\"><span style=\"font-family: Times New Roman, serif;\"><span style=\"font-size: medium;\"><span lang=\"pl-PL\">dla uczni\u00f3w szk\u00f3\u0142 podstawowych, szk\u00f3\u0142 ponadpodstawowych <\/span><\/span><\/span><span style=\"font-family: Times New Roman, serif;\"><span style=\"font-size: medium;\"><span lang=\"pl-PL\">oraz os\u00f3b doros\u0142ych wojew\u00f3dztwa lubuskiego<\/span><\/span><\/span><\/span><\/h3>\n<h3 align=\"center\"><span style=\"color: #000000;\">\u201e<span style=\"font-family: Times New Roman, serif;\"><span style=\"font-size: large;\"><span lang=\"pl-PL\"><b>Kresowe Korzenie \u2013 historia, kultura, pami\u0119\u0107\u201d <\/b><\/span><\/span><\/span><span style=\"font-family: Times New Roman, serif;\"><span style=\"font-size: large;\"><span lang=\"pl-PL\"><b>(edycja II rozszerzona)<\/b><\/span><\/span><\/span><\/span><\/h3>\n<h3 align=\"justify\"><span style=\"color: #000000;\"><span style=\"font-family: Times New Roman, serif;\"><span style=\"font-size: medium;\"><span lang=\"pl-PL\">&nbsp;<\/span><\/span><\/span><\/span><\/h3>\n<h3 style=\"text-align: center;\">Plik pdf do pobrania:&nbsp;<a href=\"https:\/\/archiwum.diecezjazg.pl\/index.php\/konkurs-nowa-edycja-2026-kresowe-korzenie-historia-kultura-pamiec\/regulamin_kresowe_korzenie_2026_uczniowie-i-dorosli-aktualny\/\" rel=\"attachment wp-att-3443\">Regulamin_Kresowe_Korzenie_2026_uczniowie i dorosli AKTUALNY<\/a><\/h3>\n<hr>\n<h3 align=\"justify\"><a href=\"https:\/\/archiwum.diecezjazg.pl\/plakat-kresowy-konkurs-2026\/\"><img loading=\"lazy\" class=\"aligncenter wp-image-3533 size-large\" src=\"https:\/\/archiwum.diecezjazg.pl\/wp-content\/uploads\/2026\/02\/plakat-kresowy-konkurs-2026-724x1024.jpg\" alt=\"\" width=\"724\" height=\"1024\" srcset=\"https:\/\/archiwum.diecezjazg.pl\/wp-content\/uploads\/2026\/02\/plakat-kresowy-konkurs-2026-724x1024.jpg 724w, https:\/\/archiwum.diecezjazg.pl\/wp-content\/uploads\/2026\/02\/plakat-kresowy-konkurs-2026-212x300.jpg 212w, https:\/\/archiwum.diecezjazg.pl\/wp-content\/uploads\/2026\/02\/plakat-kresowy-konkurs-2026-768x1086.jpg 768w, https:\/\/archiwum.diecezjazg.pl\/wp-content\/uploads\/2026\/02\/plakat-kresowy-konkurs-2026-1086x1536.jpg 1086w, https:\/\/archiwum.diecezjazg.pl\/wp-content\/uploads\/2026\/02\/plakat-kresowy-konkurs-2026-1448x2048.jpg 1448w, https:\/\/archiwum.diecezjazg.pl\/wp-content\/uploads\/2026\/02\/plakat-kresowy-konkurs-2026-scaled.jpg 1810w\" sizes=\"(max-width: 724px) 100vw, 724px\" \/><\/a><\/h3>\n<h3>&nbsp;<\/h3>\n","protected":false},"excerpt":{"rendered":"<p>KONKURS &#8211; NOWA EDYCJA 2026: Kresowe Korzenie \u2013 historia, kultura, pami\u0119\u0107 Zapraszamy do udzia\u0142u w konkursie kresowym. Poni\u017cej mo\u017cna zapozna\u0107 si\u0119 z regulaminem: REGULAMIN KONKURSU dla uczni\u00f3w szk\u00f3\u0142 podstawowych, szk\u00f3\u0142 ponadpodstawowych oraz os\u00f3b doros\u0142ych wojew\u00f3dztwa lubuskiego \u201eKresowe Korzenie \u2013 historia, kultura, pami\u0119\u0107\u201d (edycja II rozszerzona) &nbsp; Plik pdf do pobrania:&nbsp;Regulamin_Kresowe_Korzenie_2026_uczniowie i dorosli AKTUALNY &nbsp;<\/p>\n","protected":false},"author":1,"featured_media":0,"parent":0,"menu_order":0,"comment_status":"closed","ping_status":"closed","template":"","meta":{"ngg_post_thumbnail":0},"_links":{"self":[{"href":"https:\/\/archiwum.diecezjazg.pl\/index.php\/wp-json\/wp\/v2\/pages\/3423"}],"collection":[{"href":"https:\/\/archiwum.diecezjazg.pl\/index.php\/wp-json\/wp\/v2\/pages"}],"about":[{"href":"https:\/\/archiwum.diecezjazg.pl\/index.php\/wp-json\/wp\/v2\/types\/page"}],"author":[{"embeddable":true,"href":"https:\/\/archiwum.diecezjazg.pl\/index.php\/wp-json\/wp\/v2\/users\/1"}],"replies":[{"embeddable":true,"href":"https:\/\/archiwum.diecezjazg.pl\/index.php\/wp-json\/wp\/v2\/comments?post=3423"}],"version-history":[{"count":20,"href":"https:\/\/archiwum.diecezjazg.pl\/index.php\/wp-json\/wp\/v2\/pages\/3423\/revisions"}],"predecessor-version":[{"id":3535,"href":"https:\/\/archiwum.diecezjazg.pl\/index.php\/wp-json\/wp\/v2\/pages\/3423\/revisions\/3535"}],"wp:attachment":[{"href":"https:\/\/archiwum.diecezjazg.pl\/index.php\/wp-json\/wp\/v2\/media?parent=3423"}],"curies":[{"name":"wp","href":"https:\/\/api.w.org\/{rel}","templated":true}]}}