{"id":3225,"date":"2024-12-23T10:39:35","date_gmt":"2024-12-23T09:39:35","guid":{"rendered":"https:\/\/archiwum.diecezjazg.pl\/?page_id=3225"},"modified":"2024-12-23T10:41:48","modified_gmt":"2024-12-23T09:41:48","slug":"akcja-pomocy-w-uzyskaniu-wpisu-do-ewidencji-grobow-weteranow-walk-o-wolnosc-i-niepodleglosc-polski","status":"publish","type":"page","link":"https:\/\/archiwum.diecezjazg.pl\/index.php\/akcja-pomocy-w-uzyskaniu-wpisu-do-ewidencji-grobow-weteranow-walk-o-wolnosc-i-niepodleglosc-polski\/","title":{"rendered":"Akcja pomocy w uzyskaniu wpisu do ewidencji grob\u00f3w weteran\u00f3w walk o wolno\u015b\u0107 i niepodleg\u0142o\u015b\u0107 Polski"},"content":{"rendered":"<p class=\"western\"><span style=\"font-family: Times New Roman, serif; color: #000080;\"><span style=\"font-size: large;\"><b>W ramach projektu Archiwum Diecezjalnego w Zielonej G\u00f3rze \u201eDumni z Przodk\u00f3w\u201d rozpoczynamy akcj\u0119 pomocy w uzyskaniu wpisu do ewidencji grob\u00f3w weteran\u00f3w walk o wolno\u015b\u0107 i niepodleg\u0142o\u015b\u0107 Polski (jest to m.in. specjalne oznaczenie grobu weterana).<\/b><\/span><\/span><\/p>\n<p align=\"justify\"><span style=\"font-family: Times New Roman, serif; color: #000080;\"><span style=\"font-size: large;\">W oparciu o zapisy ustawy z dnia 22 listopada 2018 r. o grobach weteran\u00f3w walk o wolno\u015b\u0107 i niepodleg\u0142o\u015b\u0107 Polski, Instytut Pami\u0119ci Narodowej \u2013 Komisja \u015acigania Zbrodni przeciwko Narodowi Polskiemu realizuje zadania zwi\u0105zane z:<\/span><\/span><\/p>\n<p align=\"justify\"><span style=\"font-family: Times New Roman, serif; color: #000080;\"><span style=\"font-size: large;\">&#8211; prowadzeniem ewidencji grob\u00f3w weteran\u00f3w walk o wolno\u015b\u0107 i niepodleg\u0142o\u015b\u0107 Polski;<\/span><\/span><\/p>\n<p align=\"justify\"><span style=\"font-family: Times New Roman, serif; color: #000080;\"><span style=\"font-size: large;\">&#8211; podejmowaniem dzia\u0142a\u0144 dotycz\u0105cych opieki nad grobami weteran\u00f3w walk o wolno\u015b\u0107 i niepodleg\u0142o\u015b\u0107 Polski, w szczeg\u00f3lno\u015bci poprzez dofinansowanie zada\u0144 zwi\u0105zanych z opiek\u0105 nad tymi grobami;<\/span><\/span><\/p>\n<p align=\"justify\"><span style=\"font-family: Times New Roman, serif; color: #000080;\"><span style=\"font-size: large;\">&#8211; udzielaniem dotacji celowych oraz przyznawaniem \u015bwiadcze\u0144 pieni\u0119\u017cnych na pokrycie koszt\u00f3w sprawowanej opieki nad grobami weteran\u00f3w walk o wolno\u015b\u0107 i niepodleg\u0142o\u015b\u0107 Polski.<\/span><\/span><\/p>\n<p class=\"western\"><span style=\"color: #000080;\"><span style=\"font-family: Times New Roman, serif;\"><span style=\"font-size: large;\">W ZWI\u0104ZKU Z TYM zaczynamy akcj\u0119 pomocy w zbieraniu dokument\u00f3w, kt\u00f3re pozwol\u0105 na z\u0142o\u017cenie wniosku do IPN w celu wpisania danego grobu do rejestru mogi\u0142 weteran\u00f3w walk o wolno\u015b\u0107 i niepodleg\u0142o\u015b\u0107 Polski<\/span><\/span><span style=\"font-family: Times New Roman, serif;\"><span style=\"font-size: large;\"> (i specjalnego oznaczenia takiego miejsca spoczynku).<\/span><\/span><\/span><\/p>\n<p class=\"western\"><span style=\"font-family: Times New Roman, serif; color: #000080;\"><span style=\"font-size: large;\">Kolejno\u015b\u0107 dzia\u0142a\u0144:<\/span><\/span><\/p>\n<p class=\"western\"><span style=\"color: #000080;\"><span style=\"font-family: Times New Roman, serif;\"><span style=\"font-size: large;\"><b>Krok 1:<\/b><\/span><\/span><span style=\"font-family: Times New Roman, serif;\"><span style=\"font-size: large;\"> Zainteresowani (rodzina, krewni, osoby niespokrewnione w wypadku braku rodziny weterana) powinni przes\u0142a\u0107 na adres:&nbsp;<\/span><\/span><a style=\"color: #000080;\" href=\"mailto:archiwum@diecezjazg.pl\" target=\"_top\" rel=\"noopener\"><span style=\"font-family: Times New Roman, serif;\"><span style=\"font-size: large;\"><u>archiwum@diecezjazg.pl<\/u><\/span><\/span><\/a><span style=\"font-family: Times New Roman, serif;\"><span style=\"font-size: large;\"> dane weterana <\/span><\/span><span style=\"font-family: Times New Roman, serif;\"><span style=\"font-size: large;\"><u>wg nast\u0119puj\u0105cego&nbsp;schematu:<\/u><\/span><\/span><\/span><\/p>\n<p align=\"justify\"><span style=\"font-family: Times New Roman, serif; color: #000080;\"><span style=\"font-size: large;\">&#8211; imi\u0119, nazwisko (tak\u017ce nazwisko panie\u0144skie \u2013 je\u015bli dotyczy),<\/span><\/span><\/p>\n<p align=\"justify\"><span style=\"font-family: Times New Roman, serif; color: #000080;\"><span style=\"font-size: large;\">&#8211; dok\u0142adna data i miejsce urodzenia,<\/span><\/span><\/p>\n<p align=\"justify\"><span style=\"font-family: Times New Roman, serif; color: #000080;\"><span style=\"font-size: large;\">&#8211; imi\u0119 ojca,<\/span><\/span><\/p>\n<p align=\"justify\"><span style=\"font-family: Times New Roman, serif; color: #000080;\"><span style=\"font-size: large;\">&#8211; imi\u0119 matki i nazwisko panie\u0144skie,<\/span><\/span><\/p>\n<p align=\"justify\"><span style=\"font-family: Times New Roman, serif; color: #000080;\"><span style=\"font-size: large;\">&#8211; ostatni adres zamieszkania,<\/span><\/span><\/p>\n<p align=\"justify\"><span style=\"font-family: Times New Roman, serif; color: #000080;\"><span style=\"font-size: large;\">&#8211; data \u015bmierci,<\/span><\/span><\/p>\n<p align=\"justify\"><span style=\"font-family: Times New Roman, serif; color: #000080;\"><span style=\"font-size: large;\">&#8211; miejsce poch\u00f3wku,<\/span><\/span><\/p>\n<p align=\"justify\"><span style=\"font-family: Times New Roman, serif; color: #000080;\"><span style=\"font-size: large;\">&#8211; sk\u0105d, z kim i kiedy przyjecha\u0142 na Ziemie Zachodnie<\/span><\/span><\/p>\n<p align=\"justify\"><span style=\"font-family: Times New Roman, serif; color: #000080;\"><span style=\"font-size: large;\">&#8211; czy istniej\u0105 dokumenty po\u015bwiadczaj\u0105ce dzia\u0142alno\u015b\u0107 w konspiracji lub wojsku w czasie wojny (jakie?).<\/span><\/span><\/p>\n<p align=\"justify\"><span style=\"font-family: Times New Roman, serif; color: #000080;\"><span style=\"font-size: large;\">Gdy kombatant\/kombatantka zmar\u0142\/a jako wdowiec\/wdowa lub rozwiedziony\/a nale\u017cy ten fakt poda\u0107.<\/span><\/span><\/p>\n<p class=\"western\"><span style=\"color: #ff0000;\"><strong><span style=\"font-family: Times New Roman, serif;\"><span style=\"font-size: large;\">Mo\u017cna te\u017c przynie\u015b\u0107 spisane czytelnie dane do os\u00f3b, kt\u00f3re z nami wsp\u00f3\u0142pracuj\u0105 i przeka\u017c\u0105 nam ww. dokumenty. S\u0105 to: w Mo\u015bcicach \u2013 Andrzej Wysocza\u0144ski, w Pyrzanach \u2013 Henryk Stojanowski.<\/span><\/span> <\/strong><\/span><\/p>\n<p class=\"western\"><span style=\"color: #000080;\"><span style=\"font-family: Times New Roman, serif;\"><span style=\"font-size: large;\"><b>Krok 2:<\/b><\/span><\/span><span style=\"font-family: Times New Roman, serif;\"><span style=\"font-size: large;\"> Archiwum Diecezjalne w Zielonej G\u00f3rze, maj\u0105c dane weterana, przeprowadzi kwerend\u0119 i po otrzymaniu materia\u0142\u00f3w po\u015bwiadczaj\u0105cych uczestnictwo w ruchu oporu (s\u0142u\u017cby w wojsku w czasie wojny) skontaktuje si\u0119 z wnioskodawc\u0105, a tak\u017ce pomo\u017ce z\u0142o\u017cy\u0107 odpowiedni wniosek do IPN.<\/span><\/span><\/span><\/p>\n<p align=\"justify\"><span style=\"font-family: Times New Roman, serif; color: #000080;\"><span style=\"font-size: large;\"><b>GROBY WETERAN\u00d3W MO\u017bNA OZNACZY\u0106 SPECJALN\u0104 TABLICZK\u0104 OTRZYMAN\u0104 PO POZYTYWNEJ WERYFIKACJI WNIOSKU.<\/b><\/span><\/span><\/p>\n<p align=\"justify\"><span style=\"color: #000080;\"><span style=\"font-family: Times New Roman, serif;\"><span style=\"font-size: large;\">Administracja cmentarza dostaje powiadomienie o wpisaniu grobu do <\/span><\/span><span style=\"font-size: large;\">rejestru miejsc spoczynku weteran\u00f3w walk o wolno\u015b\u0107 i niepodleg\u0142o\u015b\u0107 Polski.<\/span><\/span><\/p>\n<p align=\"justify\"><span style=\"font-family: Times New Roman, serif; color: #000080;\"><span style=\"font-size: large;\"><b>Zebrane dane zostan\u0105 tak\u017ce opracowane w specjalnych rocznicowych publikacjach o osadnikach-kresowianach na Ziemi Lubuskiej.<\/b><\/span><\/span><\/p>\n<p align=\"justify\"><span style=\"font-family: Times New Roman, serif; color: #000080;\"><span style=\"font-size: large;\">Przy\u0142\u0105cz si\u0119 do naszej akcji! Nawet je\u015bli nie jeste\u015b pewien, czy Tw\u00f3j przodek lub krewny dzia\u0142a\u0142 w ruchu oporu \u2013 sprawdzimy to. Wielu z \u017co\u0142nierzy w czasach PRL nie ujawnia\u0142o swej wojennej dzia\u0142alno\u015bci, boj\u0105c si\u0119 represji.<\/span><\/span><\/p>\n<p align=\"justify\"><span style=\"font-family: Times New Roman, serif; color: #ff0000;\"><span style=\"font-size: large;\"><b>Dla przyk\u0142adu: z przeprowadzonych ostatnio bada\u0144, zamieszczanych w \u017ar\u00f3d\u0142ach dotychczas niepublikowanych, wiemy, \u017ce nasza II kompania AK Obw\u00f3d Z\u0142ocz\u00f3w Rejon Kozaki liczy\u0142a 70 zaprzysi\u0119\u017conych \u017co\u0142nierzy oraz 15 kobiet w Pomocniczej S\u0142u\u017cbie Wojskowej Kobiet (sam oddzia\u0142 dywersyjny z Kozak\u00f3w o kryptonimie X5 liczy\u0142 23 osoby).<\/b><\/span><\/span><\/p>\n<p align=\"justify\"><span style=\"font-family: Times New Roman, serif; color: #000080;\"><span style=\"font-size: large;\">Nasza pomoc jest BEZP\u0141ATNA.<\/span><\/span><\/p>\n<p align=\"justify\"><span style=\"font-family: Times New Roman, serif; color: #000080;\"><span style=\"font-size: large;\">Dane weterana:<\/span><\/span><\/p>\n<p align=\"justify\"><span style=\"color: #000080;\">&nbsp;\u2026\u2026\u2026\u2026\u2026\u2026\u2026\u2026\u2026\u2026\u2026\u2026\u2026\u2026\u2026\u2026\u2026\u2026\u2026\u2026\u2026\u2026\u2026\u2026\u2026\u2026\u2026\u2026\u2026\u2026\u2026\u2026\u2026<span style=\"font-family: Times New Roman, serif;\"><span style=\"font-size: large;\">.<\/span><\/span><\/span><\/p>\n<p align=\"justify\"><span style=\"font-family: Times New Roman, serif; color: #000080;\"><span style=\"font-size: large;\">&#8211; imi\u0119, nazwisko, (tak\u017ce nazwisko panie\u0144skie \u2013 je\u015bli dotyczy),<\/span><\/span><\/p>\n<p align=\"justify\"><span style=\"color: #000080;\">&nbsp;\u2026\u2026\u2026\u2026\u2026\u2026\u2026\u2026\u2026\u2026\u2026\u2026\u2026\u2026\u2026\u2026\u2026\u2026\u2026\u2026\u2026\u2026\u2026\u2026\u2026\u2026\u2026\u2026\u2026\u2026\u2026\u2026\u2026<span style=\"font-family: Times New Roman, serif;\"><span style=\"font-size: large;\">.<\/span><\/span><\/span><\/p>\n<p align=\"justify\"><span style=\"font-family: Times New Roman, serif; color: #000080;\"><span style=\"font-size: large;\">&#8211; dok\u0142adna data i miejsce urodzenia,<\/span><\/span><\/p>\n<p align=\"justify\"><span style=\"color: #000080;\">&nbsp;\u2026\u2026\u2026\u2026\u2026\u2026\u2026\u2026\u2026\u2026\u2026\u2026\u2026\u2026\u2026\u2026\u2026\u2026\u2026\u2026\u2026\u2026\u2026\u2026\u2026\u2026\u2026\u2026\u2026\u2026\u2026\u2026\u2026<span style=\"font-family: Times New Roman, serif;\"><span style=\"font-size: large;\">.<\/span><\/span><\/span><\/p>\n<p align=\"justify\"><span style=\"font-family: Times New Roman, serif; color: #000080;\"><span style=\"font-size: large;\">&#8211; imi\u0119 ojca,<\/span><\/span><\/p>\n<p align=\"justify\"><span style=\"color: #000080;\">&nbsp;\u2026\u2026\u2026\u2026\u2026\u2026\u2026\u2026\u2026\u2026\u2026\u2026\u2026\u2026\u2026\u2026\u2026\u2026\u2026\u2026\u2026\u2026\u2026\u2026\u2026\u2026\u2026\u2026\u2026\u2026\u2026\u2026\u2026<span style=\"font-family: Times New Roman, serif;\"><span style=\"font-size: large;\">.<\/span><\/span><\/span><\/p>\n<p align=\"justify\"><span style=\"font-family: Times New Roman, serif; color: #000080;\"><span style=\"font-size: large;\">&#8211; imi\u0119 matki i nazwisko panie\u0144skie,<\/span><\/span><\/p>\n<p align=\"justify\"><span style=\"color: #000080;\">&nbsp;\u2026\u2026\u2026\u2026\u2026\u2026\u2026\u2026\u2026\u2026\u2026\u2026\u2026\u2026\u2026\u2026\u2026\u2026\u2026\u2026\u2026\u2026\u2026\u2026\u2026\u2026\u2026\u2026\u2026\u2026\u2026\u2026\u2026<span style=\"font-family: Times New Roman, serif;\"><span style=\"font-size: large;\">.<\/span><\/span><\/span><\/p>\n<p align=\"justify\"><span style=\"font-family: Times New Roman, serif; color: #000080;\"><span style=\"font-size: large;\">&#8211; ostatni adres zamieszkania,<\/span><\/span><\/p>\n<p align=\"justify\"><span style=\"color: #000080;\">&nbsp;\u2026\u2026\u2026\u2026\u2026\u2026\u2026\u2026\u2026\u2026\u2026\u2026\u2026\u2026\u2026\u2026\u2026\u2026\u2026\u2026\u2026\u2026\u2026\u2026\u2026\u2026\u2026\u2026\u2026\u2026\u2026\u2026\u2026<span style=\"font-family: Times New Roman, serif;\"><span style=\"font-size: large;\">.<\/span><\/span><\/span><\/p>\n<p align=\"justify\"><span style=\"font-family: Times New Roman, serif; color: #000080;\"><span style=\"font-size: large;\">&#8211; data \u015bmierci,<\/span><\/span><\/p>\n<p align=\"justify\"><span style=\"color: #000080;\">&nbsp;\u2026\u2026\u2026\u2026\u2026\u2026\u2026\u2026\u2026\u2026\u2026\u2026\u2026\u2026\u2026\u2026\u2026\u2026\u2026\u2026\u2026\u2026\u2026\u2026\u2026\u2026\u2026\u2026\u2026\u2026\u2026\u2026\u2026<span style=\"font-family: Times New Roman, serif;\"><span style=\"font-size: large;\">.<\/span><\/span><\/span><\/p>\n<p align=\"justify\"><span style=\"font-family: Times New Roman, serif; color: #000080;\"><span style=\"font-size: large;\">&#8211; miejsce poch\u00f3wku,<\/span><\/span><\/p>\n<p align=\"justify\"><span style=\"color: #000080;\">&nbsp;\u2026\u2026\u2026\u2026\u2026\u2026\u2026\u2026\u2026\u2026\u2026\u2026\u2026\u2026\u2026\u2026\u2026\u2026\u2026\u2026\u2026\u2026\u2026\u2026\u2026\u2026\u2026\u2026\u2026\u2026\u2026\u2026\u2026<span style=\"font-family: Times New Roman, serif;\"><span style=\"font-size: large;\">.<\/span><\/span><\/span><\/p>\n<p align=\"justify\"><span style=\"font-family: Times New Roman, serif; color: #000080;\"><span style=\"font-size: large;\">&#8211; sk\u0105d, z kim i kiedy przyjecha\u0142 na Ziemie Zachodnie,<\/span><\/span><\/p>\n<p align=\"justify\"><span style=\"color: #000080;\">&nbsp;\u2026\u2026\u2026\u2026\u2026\u2026\u2026\u2026\u2026\u2026\u2026\u2026\u2026\u2026\u2026\u2026\u2026\u2026\u2026\u2026\u2026\u2026\u2026\u2026\u2026\u2026\u2026\u2026\u2026\u2026\u2026\u2026\u2026<span style=\"font-family: Times New Roman, serif;\"><span style=\"font-size: large;\">.<\/span><\/span><\/span><\/p>\n<p align=\"justify\"><span style=\"color: #000080;\">\u2026\u2026\u2026\u2026\u2026\u2026\u2026\u2026\u2026\u2026\u2026\u2026\u2026\u2026\u2026\u2026\u2026\u2026\u2026\u2026\u2026\u2026\u2026\u2026\u2026\u2026\u2026\u2026\u2026\u2026\u2026\u2026\u2026<span style=\"font-family: Times New Roman, serif;\"><span style=\"font-size: large;\">&#8230;<\/span><\/span><\/span><\/p>\n<p align=\"justify\"><span style=\"font-family: Times New Roman, serif; color: #000080;\"><span style=\"font-size: large;\">&#8211; czy istniej\u0105 dokumenty po\u015bwiadczaj\u0105ce dzia\u0142alno\u015b\u0107 w konspiracji lub wojsku w czasie wojny (jakie?)<\/span><\/span><\/p>\n<p align=\"justify\"><span style=\"color: #000080;\">\u2026\u2026\u2026\u2026\u2026\u2026\u2026\u2026\u2026\u2026\u2026\u2026\u2026\u2026\u2026\u2026\u2026\u2026\u2026\u2026\u2026\u2026\u2026\u2026\u2026\u2026\u2026\u2026\u2026\u2026\u2026\u2026\u2026<span style=\"font-family: Times New Roman, serif;\"><span style=\"font-size: large;\">.<\/span><\/span><\/span><\/p>\n<p align=\"justify\"><span style=\"color: #000080;\">&nbsp;\u2026\u2026\u2026\u2026\u2026\u2026\u2026\u2026\u2026\u2026\u2026\u2026\u2026\u2026\u2026\u2026\u2026\u2026\u2026\u2026\u2026\u2026\u2026\u2026\u2026\u2026\u2026\u2026\u2026\u2026\u2026\u2026\u2026<span style=\"font-family: Times New Roman, serif;\"><span style=\"font-size: large;\">.<\/span><\/span><\/span><\/p>\n<p align=\"justify\"><span style=\"color: #000080;\">&nbsp;\u2026\u2026\u2026\u2026\u2026\u2026\u2026\u2026\u2026\u2026\u2026\u2026\u2026\u2026\u2026\u2026\u2026\u2026\u2026\u2026\u2026\u2026\u2026\u2026\u2026\u2026\u2026\u2026\u2026\u2026\u2026\u2026\u2026<span style=\"font-family: Times New Roman, serif;\"><span style=\"font-size: large;\">.<\/span><\/span><\/span><\/p>\n<p align=\"justify\"><span style=\"color: #000080;\">&nbsp;\u2026\u2026\u2026\u2026\u2026\u2026\u2026\u2026\u2026\u2026\u2026\u2026\u2026\u2026\u2026\u2026\u2026\u2026\u2026\u2026\u2026\u2026\u2026\u2026\u2026\u2026\u2026\u2026\u2026\u2026\u2026\u2026\u2026<span style=\"font-family: Times New Roman, serif;\"><span style=\"font-size: large;\">.<\/span><\/span><\/span><\/p>\n<p align=\"justify\"><span style=\"font-family: Times New Roman, serif; color: #000080;\"><span style=\"font-size: large;\">Gdy kombatant\/kombatantka zmar\u0142\/a jako wdowiec\/wdowa lub rozwiedziony\/a nale\u017cy ten fakt poda\u0107.<\/span><\/span><\/p>\n<p align=\"justify\"><span style=\"color: #000080;\">&nbsp;\u2026\u2026\u2026\u2026\u2026\u2026\u2026\u2026\u2026\u2026\u2026\u2026\u2026\u2026\u2026\u2026\u2026\u2026\u2026\u2026\u2026\u2026\u2026\u2026\u2026\u2026\u2026\u2026\u2026\u2026\u2026\u2026\u2026<span style=\"font-family: Times New Roman, serif;\"><span style=\"font-size: large;\">.<\/span><\/span><\/span><\/p>\n","protected":false},"excerpt":{"rendered":"<p>W ramach projektu Archiwum Diecezjalnego w Zielonej G\u00f3rze \u201eDumni z Przodk\u00f3w\u201d rozpoczynamy akcj\u0119 pomocy w uzyskaniu wpisu do ewidencji grob\u00f3w weteran\u00f3w walk o wolno\u015b\u0107 i niepodleg\u0142o\u015b\u0107 Polski (jest to m.in. specjalne oznaczenie grobu weterana). W oparciu o zapisy ustawy z dnia 22 listopada 2018 r. o grobach weteran\u00f3w walk o wolno\u015b\u0107 i niepodleg\u0142o\u015b\u0107 Polski, Instytut&#8230;<\/p>\n<p class=\"more-link\"><a href=\"https:\/\/archiwum.diecezjazg.pl\/index.php\/akcja-pomocy-w-uzyskaniu-wpisu-do-ewidencji-grobow-weteranow-walk-o-wolnosc-i-niepodleglosc-polski\/\"><span>Czytaj wi\u0119cej<\/span><i>&#43;<\/i><\/a><\/p>\n","protected":false},"author":1,"featured_media":0,"parent":0,"menu_order":0,"comment_status":"closed","ping_status":"closed","template":"","meta":{"ngg_post_thumbnail":0},"_links":{"self":[{"href":"https:\/\/archiwum.diecezjazg.pl\/index.php\/wp-json\/wp\/v2\/pages\/3225"}],"collection":[{"href":"https:\/\/archiwum.diecezjazg.pl\/index.php\/wp-json\/wp\/v2\/pages"}],"about":[{"href":"https:\/\/archiwum.diecezjazg.pl\/index.php\/wp-json\/wp\/v2\/types\/page"}],"author":[{"embeddable":true,"href":"https:\/\/archiwum.diecezjazg.pl\/index.php\/wp-json\/wp\/v2\/users\/1"}],"replies":[{"embeddable":true,"href":"https:\/\/archiwum.diecezjazg.pl\/index.php\/wp-json\/wp\/v2\/comments?post=3225"}],"version-history":[{"count":4,"href":"https:\/\/archiwum.diecezjazg.pl\/index.php\/wp-json\/wp\/v2\/pages\/3225\/revisions"}],"predecessor-version":[{"id":3230,"href":"https:\/\/archiwum.diecezjazg.pl\/index.php\/wp-json\/wp\/v2\/pages\/3225\/revisions\/3230"}],"wp:attachment":[{"href":"https:\/\/archiwum.diecezjazg.pl\/index.php\/wp-json\/wp\/v2\/media?parent=3225"}],"curies":[{"name":"wp","href":"https:\/\/api.w.org\/{rel}","templated":true}]}}