{"id":3130,"date":"2024-09-02T10:59:00","date_gmt":"2024-09-02T08:59:00","guid":{"rendered":"https:\/\/archiwum.diecezjazg.pl\/?page_id=3130"},"modified":"2026-02-05T12:58:17","modified_gmt":"2026-02-05T11:58:17","slug":"dumni-z-przodkow-1945-2025-80-rocznica-wysiedlen-z-kresow","status":"publish","type":"page","link":"https:\/\/archiwum.diecezjazg.pl\/index.php\/dumni-z-przodkow-1945-2025-80-rocznica-wysiedlen-z-kresow\/","title":{"rendered":"Dumni z Przodk\u00f3w. 1945-2025. 80. rocznica wysiedle\u0144 z Kres\u00f3w."},"content":{"rendered":"<p style=\"text-align: center;\"><strong><span style=\"color: #000000;\"><span style=\"font-family: Times New Roman, serif;\"><span style=\"font-size: large;\">Dumni z Przodk\u00f3w. <\/span><\/span><\/span><\/strong><\/p>\n<p style=\"text-align: center;\"><strong><span style=\"color: #000000;\"><span style=\"font-family: Times New Roman, serif;\"><span style=\"font-size: large;\">1945-2025. 80. rocznica wysiedle\u0144 z Kres\u00f3w.<\/span><\/span><\/span><\/strong>&nbsp;&nbsp;<\/p>\n<p><a href=\"https:\/\/archiwum.diecezjazg.pl\/dumni-z-przodkow-logo_dp\/\"><img loading=\"lazy\" class=\"aligncenter size-medium wp-image-3517\" src=\"https:\/\/archiwum.diecezjazg.pl\/wp-content\/uploads\/2026\/02\/Dumni-z-Przodkow-LOGO_dp-300x114.gif\" alt=\"\" width=\"300\" height=\"114\"><\/a><\/p>\n<p><span style=\"font-family: Times New Roman, serif;\"><span style=\"font-size: large;\"><span style=\"color: #000000;\">Projekt naukowo-badawczy maj\u0105cy na celu zachowanie i popularyzacj\u0119 dziej\u00f3w wysiedlonych <\/span><span style=\"color: #000000;\">Kresowian<\/span><span style=\"color: #000000;\"> na ziemie zachodnie.<\/span> <\/span><\/span><br \/>\n&nbsp;&nbsp;<\/p>\n<p><span style=\"font-family: Times New Roman, serif;\"><span style=\"font-size: large;\"><span style=\"color: #000000;\">Zesp\u00f3\u0142 badawczy Archiwum Kresowego \u2013 dzia\u0142u Archiwum Diecezjalnego w Zielonej G\u00f3rze, pod kierunkiem ks. prof. dr hab. Roberta R. Kufla, ma na celu sporz\u0105dzenie <\/span><span style=\"color: #000000;\">wykaz\u00f3w<\/span><span style=\"color: #000000;\"> pierwszych osadnik\u00f3w (1945-1950) z informacj\u0105, sk\u0105d przybyli, zebrania skan\u00f3w fotografii i dokument\u00f3w, wspomnie\u0144 Kresowian i ich potomk\u00f3w. Ze zgromadzonego materia\u0142u powstanie seria recenzowanych naukowych i popularnonaukowych ksi\u0105\u017cek o tematyce kresowej.<\/span> <\/span><\/span><\/p>\n<p><span style=\"color: #000000;\"><span style=\"font-family: Times New Roman, serif;\"><span style=\"font-size: large;\">Powo\u0142anie zespo\u0142u naukowo-badawczego i jego prace maj\u0105 te\u017c na celu zmian\u0119 podej\u015bcia urz\u0119dnik\u00f3w, kt\u00f3rzy odmawiaj\u0105 dost\u0119pu do materia\u0142\u00f3w \u017ar\u00f3d\u0142owych pasjonatom Kres\u00f3w, prowadz\u0105cym poszukiwania. <\/span><\/span><\/span><strong><span style=\"color: #000000;\"><span style=\"font-family: Times New Roman, serif;\"><span style=\"font-size: large;\">Opisanie rodzin pierwszych polskich <\/span><\/span><\/span><\/strong><strong><span style=\"color: #000000;\"><span style=\"font-family: Times New Roman, serif;\"><span style=\"font-size: large;\">ekspatriant\u00f3w<\/span><\/span><\/span><\/strong><strong><span style=\"color: #000000;\"><span style=\"font-family: Times New Roman, serif;\"><span style=\"font-size: large;\"> \u2013 mieszka\u0144c\u00f3w <\/span><\/span><\/span><\/strong><strong><span style=\"color: #000000;\"><span style=\"font-family: Times New Roman, serif;\"><span style=\"font-size: large;\">obecnych<\/span><\/span><\/span><\/strong><strong><span style=\"color: #000000;\"><span style=\"font-family: Times New Roman, serif;\"><span style=\"font-size: large;\"> ziem zachodnich jest fundamentem historii regionalnej <\/span><\/span><\/span><\/strong><strong><span style=\"color: #000000;\"><span style=\"font-family: Times New Roman, serif;\"><span style=\"font-size: large;\">oraz<\/span><\/span><\/span><\/strong><strong><span style=\"color: #000000;\"><span style=\"font-family: Times New Roman, serif;\"><span style=\"font-size: large;\"> podstaw\u0105 dziedzictwa kulturowego i narodowego wysiedlonych. S\u0142u\u017cy dobru publicznemu. Sporz\u0105dzenie szczeg\u00f3\u0142owych list osadnik\u00f3w jest ich uhonorowaniem.<\/span><\/span><\/span><\/strong><\/p>\n<p><span style=\"font-family: Times New Roman, serif;\"><span style=\"font-size: large;\"><span style=\"color: #000000;\">Zapraszamy do wsp\u00f3\u0142pracy.<\/span> <\/span><\/span><\/p>\n<p class=\"western\"><span style=\"font-family: Times New Roman, serif; color: #ff0000;\"><span style=\"font-size: large;\"><b><a href=\"https:\/\/archiwum.diecezjazg.pl\/index.php\/akcja-pomocy-w-uzyskaniu-wpisu-do-ewidencji-grobow-weteranow-walk-o-wolnosc-i-niepodleglosc-polski\/\" target=\"_blank\" rel=\"noopener\">W ramach projektu \u201eDumni z Przodk\u00f3w\u201d rozpoczynamy akcj\u0119 pomocy w uzyskaniu wpisu do ewidencji grob\u00f3w weteran\u00f3w walk o wolno\u015b\u0107 i niepodleg\u0142o\u015b\u0107 Polski (jest to m.in. specjalne oznaczenie grobu weterana)<\/a>.<\/b><\/span><\/span><\/p>\n<hr>\n<p><strong><span style=\"font-family: Times New Roman, serif;\"><span style=\"font-size: large;\"><span style=\"color: #000000;\">Zesp\u00f3\u0142 naukowo-badawczy pod auspicjami Archiwum Diecezjalnego w Zielonej G\u00f3rze.<\/span> <\/span><\/span><\/strong><\/p>\n<p><span style=\"font-family: Times New Roman, serif;\"><span style=\"font-size: large;\"><span style=\"color: #000000;\">Nadz\u00f3r naukowy i merytoryczny: ks. prof. dr hab. Robert R. Kufel \u2013 dyrektor Archiwum Diecezjalnego w Zielonej G\u00f3rze.<\/span> <\/span><\/span><\/p>\n<p><span style=\"color: #000000;\"><span style=\"font-family: Times New Roman, serif;\"><span style=\"font-size: large;\">Bogus\u0142aw Mykiet\u00f3w \u2013 Archiwum Kresowe \u2013 koordynator: tel. 669453066, e-mail: <\/span><\/span><\/span><a href=\"mailto:aka@mykietow.pl\"><span style=\"color: #000000;\"><span style=\"font-family: Times New Roman, serif;\"><span style=\"font-size: large;\"><u>aka@mykietow.pl<\/u><\/span><\/span><\/span><\/a><\/p>\n<p><span style=\"font-family: Times New Roman, serif;\"><span style=\"font-size: large;\"><span style=\"color: #000000;\">Alina Binda, Czerwionka-Leszczyny,<\/span><\/span><\/span><\/p>\n<p><span style=\"font-family: Times New Roman, serif;\"><span style=\"font-size: large;\"><span style=\"color: #000000;\">Anna Dereszowska, Chrzan\u00f3w,&nbsp;<\/span> <\/span><\/span><\/p>\n<p><span style=\"font-family: Times New Roman, serif;\"><span style=\"font-size: large;\"><span style=\"color: #000000;\">Jerzy Dubiel, Janczewo,<\/span> <\/span><\/span><\/p>\n<p><span style=\"font-family: Times New Roman, serif;\"><span style=\"font-size: large;\"><span style=\"color: #000000;\">Krzysztof Janiga, Legnica,<\/span><\/span><\/span><\/p>\n<p><span style=\"font-family: Times New Roman, serif;\"><span style=\"font-size: large;\"><span style=\"color: #000000;\"> Maciej Filip Kubiak, Berlin, <\/span><\/span><\/span><\/p>\n<p><span style=\"font-family: Times New Roman, serif;\"><span style=\"font-size: large;\"><span style=\"color: #000000;\">Paulina Le\u015bniak, Szczecin, <\/span><\/span><\/span><\/p>\n<p><span style=\"font-family: Times New Roman, serif;\"><span style=\"font-size: large;\"><span style=\"color: #000000;\">Jolanta \u0141ubczonek, Szczecin,<\/span> <\/span><\/span><\/p>\n<p><span style=\"font-family: Times New Roman, serif;\"><span style=\"font-size: large;\"><span style=\"color: #000000;\">Lidia Opaczewska, Pi\u0142a,<\/span><\/span><\/span><\/p>\n<p><span style=\"font-family: Times New Roman, serif;\"><span style=\"font-size: large;\"><span style=\"color: #000000;\">Renata Orzech, Jaros\u0142aw,<br \/>\n<\/span><\/span><\/span><\/p>\n<p><span style=\"font-family: Times New Roman, serif;\"><span style=\"font-size: large;\"><span style=\"color: #000000;\">Magdalena Pochrz\u0105szcz, Pozna\u0144, <\/span><\/span><\/span><\/p>\n<p><span style=\"font-family: Times New Roman, serif;\"><span style=\"font-size: large;\"><span style=\"color: #000000;\">Paulina Radomska, Recz,<\/span> <\/span><\/span><\/p>\n<p><span style=\"color: #000000;\"><span style=\"font-family: Times New Roman, serif;\"><span style=\"font-size: large;\">Magdalena Rzeczycka-Wi\u0119ckowska, Janczewo, <\/span><\/span><\/span><\/p>\n<p><span style=\"color: #000000;\"><span style=\"font-family: Times New Roman, serif;\"><span style=\"font-size: large;\">Mieczys\u0142awa Skar\u017cy\u0144ska, Wroc\u0142aw, <\/span><\/span><\/span><\/p>\n<p><span style=\"color: #000000;\"><span style=\"font-family: Times New Roman, serif;\"><span style=\"font-size: large;\">Katarzyna Smyk-Doma\u0144ska, Duszniki-Zdr\u00f3j,<\/span><\/span><\/span><\/p>\n<p><span style=\"color: #000000;\"><span style=\"font-family: Times New Roman, serif;\"><span style=\"font-size: large;\">Ma\u0142gorzata Stelmaszczyk, Opole,<br \/>\n<\/span><\/span><\/span><\/p>\n<p><span style=\"color: #000000;\"><span style=\"font-family: Times New Roman, serif;\"><span style=\"font-size: large;\">Henryk Stojanowski, Pyrzany, <\/span><\/span><\/span><\/p>\n<p><span style=\"color: #000000;\"><span style=\"font-family: Times New Roman, serif;\"><span style=\"font-size: large;\">dr in\u017c. Ewa Agnieszka \u015aliwi\u0144ska, P\u0119pice &#8211; Wroc\u0142aw,<\/span><\/span><\/span><\/p>\n<p><span style=\"font-family: Times New Roman, serif;\"><span style=\"font-size: large;\"><span style=\"color: #000000;\">dr in\u017c. Ma\u0142gorzata \u015aliwka, Krak\u00f3w, <\/span><\/span><\/span><\/p>\n<p><span style=\"font-family: Times New Roman, serif;\"><span style=\"font-size: large;\"><span style=\"color: #000000;\">Anna Weryszko, \u017baga\u0144,<\/span><br \/>\n<\/span><\/span><\/p>\n<p><span style=\"font-family: Times New Roman, serif;\"><span style=\"font-size: large;\"><span style=\"color: #000000;\">Beata Wo\u017aniak, Mieszkowice,<\/span> <\/span><\/span><\/p>\n<p><span style=\"font-family: Times New Roman, serif;\"><span style=\"font-size: large;\"><span style=\"color: #000000;\">Renata Wysocza\u0144ska, Mo\u015bcice,<\/span><\/span><\/span><\/p>\n<p><span style=\"font-family: Times New Roman, serif;\"><span style=\"font-size: large;\"><span style=\"color: #000000;\">Andrzej Wysocza\u0144ski, Mo\u015bcice, <\/span><\/span><\/span><\/p>\n<p><span style=\"font-family: Times New Roman, serif;\"><span style=\"font-size: large;\"><span style=\"color: #000000;\">Wojciech Zachariasz, Kowal\u00f3w, <\/span><\/span><\/span><\/p>\n<p><span style=\"font-family: Times New Roman, serif;\"><span style=\"font-size: large;\"><span style=\"color: #000000;\">Danuta Zieli\u0144ska, Gorz\u00f3w Wlkp. <\/span><\/span><\/span><\/p>\n<p>&nbsp;<\/p>\n<p><strong><span style=\"font-family: Times New Roman, serif;\"><span style=\"font-size: large;\"><span style=\"color: #000000;\">Publikacje wydane \/ w druku: <\/span><\/span><\/span><\/strong><\/p>\n<h4 class=\"western\"><strong><a href=\"https:\/\/mykietow.pl\/r-r-kufel-b-mykietow-metrykalia-w-zasobie-archiwum-diecezjalnego-w-zielonej-gorze-zielona-gora-2024\/\" target=\"_blank\" rel=\"noopener\"><em><span style=\"color: #0000ff;\"><span style=\"font-family: Times New Roman, serif;\"><span style=\"font-size: large;\">Metrykalia w zasobie Archiwum Diecezjalnego w Zielonej G\u00f3rze<\/span><\/span><\/span><\/em><span style=\"color: #0000ff;\"><span style=\"font-family: Times New Roman, serif;\"><span style=\"font-size: large;\"> (ks. R.R. Kufel, B. Mykiet\u00f3w)<\/span><\/span><\/span><\/a><span style=\"color: #0000ff;\"><span style=\"font-family: Times New Roman, serif;\"><span style=\"font-size: large;\"> \u2013 <\/span><\/span><\/span><span style=\"color: #0000ff;\"><span style=\"font-family: Times New Roman, serif;\"><span style=\"font-size: large;\">tu m.in. wykazy ocalonych z wojennej po\u017cogi ksi\u0105g metrykalnych z Kres\u00f3w.<\/span><\/span><\/span><\/strong><\/h4>\n<h4 class=\"western\" align=\"left\"><strong><em><a href=\"https:\/\/mykietow.pl\/anna-dereszowska-boguslaw-mykietow-malgorzata-sliwka-beata-wozniak-od-chusty-sw-weroniki-do-oltarza-wita-stwosza-sladami-profesora-mariana-sloneckiego-1886-1969-lwow-wilno-grodno-warsza\/\" target=\"_blank\" rel=\"noopener\"><span style=\"color: #0000ff;\"><span style=\"font-family: Times New Roman, serif;\"><span style=\"font-size: large;\">Od \u201eChusty \u015bw. Weroniki\u201d do \u201eO\u0142tarza Wita Stwosza\u201d. \u015aladami Profesora Mariana S\u0142oneckiego (1886-1969), Lw\u00f3w \u2013 Wilno \u2013 Grodno \u2013 Warszawa \u2013 Krak\u00f3w. Podlipce \u2013 Z\u0142ocz\u00f3w \u2013 Pyrzany. <\/span><\/span><\/span><\/a><\/em><span style=\"color: #0000ff;\"><span style=\"font-family: Times New Roman, serif;\"><span style=\"font-size: large;\">(A. Dereszowska, B. Mykiet\u00f3w, M. \u015aliwka, B. Wo\u017aniak), <\/span><\/span><\/span><\/strong><\/h4>\n<h4 class=\"western\" align=\"left\"><strong><em><a href=\"https:\/\/mykietow.pl\/beata-wozniak-zielona-wioska-hnilcze-na-tarnopolszczyznie-od-zarania-do-wygnania-1374-1944-mieszkowice-2025\/\" target=\"_blank\" rel=\"noopener\"><span style=\"color: #0000ff;\"><span style=\"font-family: Times New Roman, serif;\"><span style=\"font-size: large;\">Zielona wioska. Hnilcze na tarnopolszczy\u017anie. Od zarania do wygnania (1374-1944). <\/span><\/span><\/span><\/a><\/em><span style=\"color: #0000ff;\"><span style=\"font-family: Times New Roman, serif;\"><span style=\"font-size: large;\">(B. Wo\u017aniak),<\/span><\/span><\/span><\/strong><\/h4>\n<h4 class=\"western\" align=\"left\"><strong><em><a href=\"https:\/\/mykietow.pl\/alina-binda-tam-gdzie-zamilkly-anioly-rodzinna-stryjowka-mani-barylskiej-historie-znane-i-nieznane-2025\/\" target=\"_blank\" rel=\"noopener\"><span style=\"color: #0000ff;\"><span style=\"font-family: Times New Roman, serif;\"><span style=\"font-size: large;\">Tam, gdzie zamilk\u0142y anio\u0142y. Rodzinna Stryj\u00f3wka Mani Barylskiej. Historie znane i nieznane.&nbsp;<\/span><\/span><\/span><\/a><\/em><span style=\"color: #0000ff;\"><span style=\"font-family: Times New Roman, serif;\"><span style=\"font-size: large;\">(A. Binda), <\/span><\/span><\/span><\/strong><\/h4>\n<h4 class=\"western\" align=\"left\"><strong><a href=\"https:\/\/mykietow.pl\/katarzyna-domanska-i-tak-nas-przywiezli-na-ziemie-odzyskane-pod-czeska-granice-dzieje-rodziny-kolodziejow-chmielnik-troscianiec-maly-zloczow\/\" target=\"_blank\" rel=\"noopener\"><span style=\"color: #0000ff;\"><span style=\"font-family: Times New Roman, serif;\"><span style=\"font-size: large;\">.<\/span><\/span><\/span><em><span style=\"color: #0000ff;\"><span style=\"font-family: Times New Roman, serif;\"><span style=\"font-size: large;\">\u201eI tak nas przywie\u017ali na Ziemie Odzyskane, pod czesk\u0105 granic\u0119\u2026\u201d. Dzieje rodziny Ko\u0142odziej\u00f3w. Chmielnik \u2013 Tro\u015bcianiec Ma\u0142y \u2013 Z\u0142ocz\u00f3w \u2013 Syberia \u2013 Lewin K\u0142odzki,<\/span><\/span><\/span><\/em><\/a> <span style=\"color: #0000ff;\"><span style=\"font-family: Times New Roman, serif;\"><span style=\"font-size: large;\">(Katarzyna Smyk-Doma\u0144ska),<\/span><\/span><\/span><\/strong><\/h4>\n<p>&nbsp;<\/p>\n<ul>\n<li style=\"list-style-type: none;\"><strong><span style=\"color: #000000;\"><span style=\"font-family: Liberation Serif, serif;\"><span style=\"font-size: large;\">Publikacje w przygotowaniu:<\/span><\/span><\/span><\/strong>\n<ul>\n<li style=\"list-style-type: none;\">\n<ul>\n<li style=\"list-style-type: none;\">\n<ul>\n<li style=\"list-style-type: none;\">\n<ul>\n<li>&nbsp;<\/li>\n<\/ul>\n<\/li>\n<\/ul>\n<\/li>\n<\/ul>\n<\/li>\n<\/ul>\n<p><span style=\"color: #000000;\">&nbsp; <\/span><\/p>\n<p><span style=\"color: #000000;\"><span style=\"font-family: Liberation Serif, serif;\"><span style=\"font-size: large;\"><b>Paulina Radomska<\/b>, <b>Mi\u0119dzy utrat\u0105 a nadziej\u0105. Opowie\u015b\u0107 o kresowej pami\u0119ci, drodze i nowym pocz\u0105tku rodziny G\u0142owiak\u00f3w spod Z\u0142oczowa,<\/b> <\/span><\/span><\/span><\/p>\n<ul>\n<li style=\"list-style-type: none;\">\n<ul>\n<li style=\"list-style-type: none;\">\n<ul>\n<li style=\"list-style-type: none;\">\n<ul>\n<li>&nbsp;<\/li>\n<\/ul>\n<\/li>\n<\/ul>\n<\/li>\n<\/ul>\n<\/li>\n<\/ul>\n<p><span style=\"color: #000000;\">&nbsp; <\/span><\/p>\n<p><strong><span style=\"color: #000000;\"><span style=\"font-family: Liberation Serif, serif;\"><span style=\"font-size: large;\">Maciej Filip Kubiak, \u015awiat, kt\u00f3rego nie ma\u2026 Przesiedle\u0144cza droga od Stryj\u00f3wki do Przec\u0142awia,<\/span><\/span><\/span><\/strong><\/p>\n<ul>\n<li style=\"list-style-type: none;\">\n<ul>\n<li style=\"list-style-type: none;\">\n<ul>\n<li style=\"list-style-type: none;\">\n<ul>\n<li>&nbsp;<\/li>\n<\/ul>\n<\/li>\n<\/ul>\n<\/li>\n<\/ul>\n<\/li>\n<\/ul>\n<p><span style=\"color: #000000;\">&nbsp; <\/span><\/p>\n<p><strong><span style=\"color: #000000;\"><span style=\"font-family: Liberation Serif, serif;\"><span style=\"font-size: large;\">Bronis\u0142aw S\u0142onecki herbu Korab \u2013 \u017co\u0142nierz i nauczyciel. Lw\u00f3w 1888 \u2013 1945 \u2013 Brzeg 1972 (tytu\u0142 roboczy), (E. A. \u015aliwi\u0144ska),<\/span><\/span><\/span><\/strong><\/p>\n<ul>\n<li style=\"list-style-type: none;\">\n<ul>\n<li style=\"list-style-type: none;\">\n<ul>\n<li style=\"list-style-type: none;\">\n<ul>\n<li>&nbsp;<\/li>\n<\/ul>\n<\/li>\n<\/ul>\n<\/li>\n<\/ul>\n<\/li>\n<\/ul>\n<p><span style=\"color: #000000;\">&nbsp; <\/span><\/p>\n<p><strong><span style=\"color: #000000;\"><span style=\"font-family: Liberation Serif, serif;\"><span style=\"font-size: large;\">O Wilkach mowa\u2026 \u2013 tytu\u0142 roboczy ksi\u0105\u017cki o rodzie Wilk\u00f3w spod Z\u0142oczowa (J. Wilk + potomkowie z Wilk\u00f3w),<\/span><\/span><\/span><\/strong><\/p>\n<ul>\n<li style=\"list-style-type: none;\">\n<ul>\n<li style=\"list-style-type: none;\">\n<ul>\n<li style=\"list-style-type: none;\">\n<ul>\n<li>&nbsp;<\/li>\n<\/ul>\n<\/li>\n<\/ul>\n<\/li>\n<\/ul>\n<\/li>\n<\/ul>\n<p><span style=\"color: #000000;\">&nbsp; <\/span><\/p>\n<p><strong><span style=\"color: #000000;\"><span style=\"font-family: Liberation Serif, serif;\"><span style=\"font-size: large;\">Przygraniczni. Historia rodziny Makar\u00f3w. Smo\u0142owa \u2013 W\u0142odzimierz Wo\u0142y\u0144ski \u2013 Witnica. (M. Pochrz\u0105szcz),<\/span><\/span><\/span><\/strong><\/p>\n<ul>\n<li style=\"list-style-type: none;\">\n<ul>\n<li style=\"list-style-type: none;\">\n<ul>\n<li style=\"list-style-type: none;\">\n<ul>\n<li>&nbsp;<\/li>\n<\/ul>\n<\/li>\n<\/ul>\n<\/li>\n<\/ul>\n<\/li>\n<\/ul>\n<p><span style=\"color: #000000;\">&nbsp; <\/span><\/p>\n<p><strong><span style=\"color: #000000;\"><span style=\"font-family: Liberation Serif, serif;\"><span style=\"font-size: large;\">Mieszka\u0144cy wsi Bogdan\u00f3wka ko\u0142o Zborowa w zapisach Status animarum parafii \u0142aci\u0144skiej (K. Janiga) ,<\/span><\/span><\/span><\/strong><\/p>\n<ul>\n<li style=\"list-style-type: none;\">\n<ul>\n<li style=\"list-style-type: none;\">\n<ul>\n<li style=\"list-style-type: none;\">\n<ul>\n<li>&nbsp;<\/li>\n<\/ul>\n<\/li>\n<\/ul>\n<\/li>\n<\/ul>\n<\/li>\n<\/ul>\n<p><span style=\"color: #000000;\">&nbsp; <\/span><\/p>\n<p><strong><span style=\"color: #000000;\"><span style=\"font-family: Liberation Serif, serif;\"><span style=\"font-size: large;\">Mieszka\u0144cy wsi Podlipce w powiecie z\u0142oczowskim w \u015bwietle zapis\u00f3w archiwalnych (A. Czekinda, B. Mykiet\u00f3w, L. Opaczewska),<\/span><\/span><\/span><\/strong><\/p>\n<ul>\n<li style=\"list-style-type: none;\">\n<ul>\n<li style=\"list-style-type: none;\">\n<ul>\n<li style=\"list-style-type: none;\">\n<ul>\n<li>&nbsp;<\/li>\n<\/ul>\n<\/li>\n<\/ul>\n<\/li>\n<\/ul>\n<\/li>\n<\/ul>\n<p><span style=\"color: #000000;\">&nbsp; <\/span><\/p>\n<p><strong><span style=\"color: #000000;\"><span style=\"font-family: Liberation Serif, serif;\"><span style=\"font-size: large;\">Kozaki \u2013 Pyrzany 1613-1945-2025. Kalendarium historyczne (B. Mykiet\u00f3w, L. Opaczewska, D. Zieli\u0144ska),<\/span><\/span><\/span><\/strong><\/p>\n<ul>\n<li style=\"list-style-type: none;\">\n<ul>\n<li style=\"list-style-type: none;\">\n<ul>\n<li style=\"list-style-type: none;\">\n<ul>\n<li>&nbsp;<\/li>\n<\/ul>\n<\/li>\n<\/ul>\n<\/li>\n<\/ul>\n<\/li>\n<\/ul>\n<p><span style=\"color: #000000;\">&nbsp; <\/span><\/p>\n<p><strong><span style=\"color: #000000;\"><span style=\"font-family: Liberation Serif, serif;\"><span style=\"font-size: large;\">Opowie\u015b\u0107 o dw\u00f3ch ziemiach mieszka\u0144c\u00f3w Pyrzan, Z. Czarnuch (nowe, poprawione i uzupe\u0142nione wydanie publikacji z 1991 r.),<\/span><\/span><\/span><\/strong><\/p>\n<ul>\n<li style=\"list-style-type: none;\">\n<ul>\n<li style=\"list-style-type: none;\">\n<ul>\n<li style=\"list-style-type: none;\">\n<ul>\n<li>&nbsp;<\/li>\n<\/ul>\n<\/li>\n<\/ul>\n<\/li>\n<\/ul>\n<\/li>\n<\/ul>\n<p><span style=\"color: #000000;\">&nbsp; <\/span><\/p>\n<p><strong><span style=\"color: #000000;\"><span style=\"font-family: Liberation Serif, serif;\"><span style=\"font-size: large;\">Kresowe opowie\u015bci. Z\u0142ocz\u00f3w i okolice w rodzinnych wspomnieniach (tytu\u0142 roboczy) (R. Orzech),<\/span><\/span><\/span><\/strong><\/p>\n<ul>\n<li style=\"list-style-type: none;\">\n<ul>\n<li style=\"list-style-type: none;\">\n<ul>\n<li style=\"list-style-type: none;\">\n<ul>\n<li>&nbsp;<\/li>\n<\/ul>\n<\/li>\n<\/ul>\n<\/li>\n<\/ul>\n<\/li>\n<\/ul>\n<p><span style=\"color: #000000;\">&nbsp; <\/span><\/p>\n<p><strong><span style=\"color: #000000;\">\u201e<span style=\"font-family: Liberation Serif, serif;\"><span style=\"font-size: large;\">Wasz \u015bwiat prawdziwy, ale m\u00f3j pi\u0119kniejszy\u201d \u2013 wiersze zebrane. (Alina Kozina z domu Ferensowicz),<\/span><\/span><\/span><\/strong><\/li>\n<\/ul>\n<p>&nbsp;<\/p>\n<h4><strong><span style=\"color: #0000ff;\">Projekt logo projektu i plakatu:&nbsp;<span style=\"font-family: Liberation Serif, serif;\"><span style=\"font-size: large;\">\u00a9<\/span><\/span>&nbsp;Ma\u0142gorzata \u015aliwka<\/span><\/strong><\/h4>\n<hr>\n<p><a href=\"https:\/\/archiwum.diecezjazg.pl\/wp-content\/uploads\/2024\/09\/Plakat-Dumni-z-Przodkow-18.09.2024-scaled.jpg\"><img loading=\"lazy\" class=\"aligncenter size-full wp-image-3159\" src=\"https:\/\/archiwum.diecezjazg.pl\/wp-content\/uploads\/2024\/09\/Plakat-Dumni-z-Przodkow-18.09.2024-scaled.jpg\" alt=\"\" width=\"1821\" height=\"2560\" srcset=\"https:\/\/archiwum.diecezjazg.pl\/wp-content\/uploads\/2024\/09\/Plakat-Dumni-z-Przodkow-18.09.2024-scaled.jpg 1821w, https:\/\/archiwum.diecezjazg.pl\/wp-content\/uploads\/2024\/09\/Plakat-Dumni-z-Przodkow-18.09.2024-213x300.jpg 213w, https:\/\/archiwum.diecezjazg.pl\/wp-content\/uploads\/2024\/09\/Plakat-Dumni-z-Przodkow-18.09.2024-729x1024.jpg 729w, https:\/\/archiwum.diecezjazg.pl\/wp-content\/uploads\/2024\/09\/Plakat-Dumni-z-Przodkow-18.09.2024-768x1080.jpg 768w, https:\/\/archiwum.diecezjazg.pl\/wp-content\/uploads\/2024\/09\/Plakat-Dumni-z-Przodkow-18.09.2024-1093x1536.jpg 1093w, https:\/\/archiwum.diecezjazg.pl\/wp-content\/uploads\/2024\/09\/Plakat-Dumni-z-Przodkow-18.09.2024-1457x2048.jpg 1457w\" sizes=\"(max-width: 1821px) 100vw, 1821px\" \/><\/a><\/p>\n<p>&nbsp;<\/p>\n","protected":false},"excerpt":{"rendered":"<p>Dumni z Przodk\u00f3w. 1945-2025. 80. rocznica wysiedle\u0144 z Kres\u00f3w.&nbsp;&nbsp; Projekt naukowo-badawczy maj\u0105cy na celu zachowanie i popularyzacj\u0119 dziej\u00f3w wysiedlonych Kresowian na ziemie zachodnie. &nbsp;&nbsp; Zesp\u00f3\u0142 badawczy Archiwum Kresowego \u2013 dzia\u0142u Archiwum Diecezjalnego w Zielonej G\u00f3rze, pod kierunkiem ks. prof. dr hab. Roberta R. Kufla, ma na celu sporz\u0105dzenie wykaz\u00f3w pierwszych osadnik\u00f3w (1945-1950) z informacj\u0105, sk\u0105d&#8230;<\/p>\n<p class=\"more-link\"><a href=\"https:\/\/archiwum.diecezjazg.pl\/index.php\/dumni-z-przodkow-1945-2025-80-rocznica-wysiedlen-z-kresow\/\"><span>Czytaj wi\u0119cej<\/span><i>&#43;<\/i><\/a><\/p>\n","protected":false},"author":1,"featured_media":0,"parent":0,"menu_order":0,"comment_status":"closed","ping_status":"closed","template":"","meta":{"ngg_post_thumbnail":0},"_links":{"self":[{"href":"https:\/\/archiwum.diecezjazg.pl\/index.php\/wp-json\/wp\/v2\/pages\/3130"}],"collection":[{"href":"https:\/\/archiwum.diecezjazg.pl\/index.php\/wp-json\/wp\/v2\/pages"}],"about":[{"href":"https:\/\/archiwum.diecezjazg.pl\/index.php\/wp-json\/wp\/v2\/types\/page"}],"author":[{"embeddable":true,"href":"https:\/\/archiwum.diecezjazg.pl\/index.php\/wp-json\/wp\/v2\/users\/1"}],"replies":[{"embeddable":true,"href":"https:\/\/archiwum.diecezjazg.pl\/index.php\/wp-json\/wp\/v2\/comments?post=3130"}],"version-history":[{"count":117,"href":"https:\/\/archiwum.diecezjazg.pl\/index.php\/wp-json\/wp\/v2\/pages\/3130\/revisions"}],"predecessor-version":[{"id":3531,"href":"https:\/\/archiwum.diecezjazg.pl\/index.php\/wp-json\/wp\/v2\/pages\/3130\/revisions\/3531"}],"wp:attachment":[{"href":"https:\/\/archiwum.diecezjazg.pl\/index.php\/wp-json\/wp\/v2\/media?parent=3130"}],"curies":[{"name":"wp","href":"https:\/\/api.w.org\/{rel}","templated":true}]}}