{"id":2314,"date":"2021-08-22T11:39:02","date_gmt":"2021-08-22T09:39:02","guid":{"rendered":"https:\/\/archiwum.diecezjazg.pl\/?page_id=2314"},"modified":"2026-02-02T10:34:25","modified_gmt":"2026-02-02T09:34:25","slug":"aktualnosci","status":"publish","type":"page","link":"https:\/\/archiwum.diecezjazg.pl\/","title":{"rendered":"Aktualno\u015bci"},"content":{"rendered":"<h1 style=\"text-align: center;\"><a href=\"https:\/\/archiwum.diecezjazg.pl\/index.php\/konserwacja-zachowawcza-87-ksiag-metrykalnych\/\" target=\"_blank\" rel=\"noopener\"><span style=\"color: #008000;\">Konserwacja zachowawcza 87 ksi\u0105g metrykalnych z zasobu Archiwum Diecezjalnego w Zielonej G\u00f3rze. Podsumowanie projektu w ramach konkursu Wspieranie Dzia\u0142a\u0144 Archiwalnych 2025 dofinansowanego przez Naczeln\u0105 Dyrekcj\u0119 Archiw\u00f3w Pa\u0144stwowych.<\/span><\/a><\/h1>\n<p style=\"text-align: center;\">&nbsp;<\/p>\n<hr>\n<h1 style=\"text-align: center;\"><a href=\"https:\/\/archiwum.diecezjazg.pl\/index.php\/konkurs-nowa-edycja-2026-kresowe-korzenie-historia-kultura-pamiec\/\" target=\"_blank\" rel=\"noopener\"><strong><span style=\"color: #ff0000;\">KONKURS &#8211; NOWA EDYCJA 2026: Kresowe Korzenie \u2013 historia, kultura, pami\u0119\u0107<\/span><\/strong><\/a><\/h1>\n<p>&nbsp;<\/p>\n<hr>\n<h1 style=\"text-align: center;\"><a href=\"https:\/\/archiwum.diecezjazg.pl\/index.php\/konkurs-kresowy-dla-uczniow-kresowe-korzenie-historia-kultura-pamiec\/\" target=\"_blank\" rel=\"noopener\">Laureaci konkursu kresowego dla uczni\u00f3w: \u201eKresowe Korzenie \u2013 historia, kultura, pami\u0119\u0107\u201d<\/a><\/h1>\n<p>&nbsp;<\/p>\n<hr>\n<h1 style=\"text-align: center;\"><a href=\"https:\/\/archiwum.diecezjazg.pl\/index.php\/dumni-z-przodkow-1945-2025-80-rocznica-wysiedlen-z-kresow\/\" target=\"_blank\" rel=\"noopener\"><span style=\"color: #0000ff;\"><strong>Dumni z Przodk\u00f3w.<\/strong><\/span><\/a><\/h1>\n<h1 style=\"text-align: center;\"><a href=\"https:\/\/archiwum.diecezjazg.pl\/index.php\/dumni-z-przodkow-1945-2025-80-rocznica-wysiedlen-z-kresow\/\" target=\"_blank\" rel=\"noopener\"><span style=\"color: #0000ff;\"><strong>1945-2025. 80. rocznica wysiedle\u0144 z Kres\u00f3w.<\/strong> <\/span><\/a><\/h1>\n<h1 style=\"text-align: center;\">Projekt naukowo-badawczy maj\u0105cy na celu zachowanie i popularyzacj\u0119 dziej\u00f3w wysiedlonych Kresowian na ziemie zachodnie.<\/h1>\n<hr>\n<h1 align=\"center\"><a href=\"https:\/\/archiwum.diecezjazg.pl\/index.php\/konserwacja-trzech-dudek-ksiag-metrykalnych-z-xvii-i-xviii-wieku-z-zasobu-archiwum-diecezjalnego-w-zielonej-gorze-2024-r\/\" target=\"_blank\" rel=\"noopener\">Konserwacja trzech dudek \u2013 ksi\u0105g metrykalnych z XVII i XVIII wieku z zasobu Archiwum Diecezjalnego w Zielonej G\u00f3rze (2024 r.)<\/a><\/h1>\n<hr>\n<h1 align=\"center\"><a href=\"https:\/\/archiwum.diecezjazg.pl\/index.php\/konserwacja-trzech-dokumentow-pergaminowych-z-xvii-i-xviii-wieku-z-zasobu-archiwum-diecezjalnego-w-zielonej-gorze\/\" target=\"_blank\" rel=\"noopener\">Konserwacja trzech dokument\u00f3w pergaminowych z XVII i XVIII wieku z zasobu Archiwum Diecezjalnego w Zielonej G\u00f3rze (2023 r.)<\/a><\/h1>\n<p align=\"center\">&nbsp;<\/p>\n<hr>\n<h1 style=\"text-align: center;\"><strong><span style=\"color: #000080;\">Konferencja 14.12.2023 r. &#8211; fotorelacja:<br \/>\n<\/span><\/strong><\/h1>\n<h1 style=\"text-align: center;\"><a href=\"https:\/\/archiwum.diecezjazg.pl\/index.php\/konferencja-konserwatorska-14-12-2023-r\/\">Konserwacja i opracowanie historyczne trzech dokument\u00f3w pergaminowych <\/a><\/h1>\n<h1 style=\"text-align: center;\"><a href=\"https:\/\/archiwum.diecezjazg.pl\/index.php\/konferencja-konserwatorska-14-12-2023-r\/\">z zasobu Archiwum Diecezjalnego w Zielonej G\u00f3rze<\/a><\/h1>\n<p style=\"text-align: center;\"><strong><a href=\"https:\/\/archiwum.diecezjazg.pl\/wp-content\/uploads\/2023\/11\/plakat-Archiwum-Diecezjalne-wspieranie-dzialan-archiwalnych-2023.jpg\"><img loading=\"lazy\" class=\"aligncenter wp-image-2866 size-large\" src=\"https:\/\/archiwum.diecezjazg.pl\/wp-content\/uploads\/2023\/11\/plakat-Archiwum-Diecezjalne-wspieranie-dzialan-archiwalnych-2023-724x1024.jpg\" alt=\"\" width=\"724\" height=\"1024\" srcset=\"https:\/\/archiwum.diecezjazg.pl\/wp-content\/uploads\/2023\/11\/plakat-Archiwum-Diecezjalne-wspieranie-dzialan-archiwalnych-2023-724x1024.jpg 724w, https:\/\/archiwum.diecezjazg.pl\/wp-content\/uploads\/2023\/11\/plakat-Archiwum-Diecezjalne-wspieranie-dzialan-archiwalnych-2023-212x300.jpg 212w, https:\/\/archiwum.diecezjazg.pl\/wp-content\/uploads\/2023\/11\/plakat-Archiwum-Diecezjalne-wspieranie-dzialan-archiwalnych-2023-768x1087.jpg 768w, https:\/\/archiwum.diecezjazg.pl\/wp-content\/uploads\/2023\/11\/plakat-Archiwum-Diecezjalne-wspieranie-dzialan-archiwalnych-2023.jpg 1000w\" sizes=\"(max-width: 724px) 100vw, 724px\" \/><\/a><\/strong><\/p>\n<h1 style=\"text-align: center;\">&nbsp;<\/h1>\n<hr>\n<h3 align=\"center\"><a href=\"https:\/\/archiwum.diecezjazg.pl\/wp-content\/uploads\/2023\/08\/Juliusz-Dinder-scaled.jpg\"><img loading=\"lazy\" class=\"aligncenter wp-image-2806 size-large\" src=\"https:\/\/archiwum.diecezjazg.pl\/wp-content\/uploads\/2023\/08\/Juliusz-Dinder-715x1024.jpg\" alt=\"\" width=\"715\" height=\"1024\" srcset=\"https:\/\/archiwum.diecezjazg.pl\/wp-content\/uploads\/2023\/08\/Juliusz-Dinder-715x1024.jpg 715w, https:\/\/archiwum.diecezjazg.pl\/wp-content\/uploads\/2023\/08\/Juliusz-Dinder-210x300.jpg 210w, https:\/\/archiwum.diecezjazg.pl\/wp-content\/uploads\/2023\/08\/Juliusz-Dinder-768x1099.jpg 768w, https:\/\/archiwum.diecezjazg.pl\/wp-content\/uploads\/2023\/08\/Juliusz-Dinder-1073x1536.jpg 1073w, https:\/\/archiwum.diecezjazg.pl\/wp-content\/uploads\/2023\/08\/Juliusz-Dinder-1431x2048.jpg 1431w, https:\/\/archiwum.diecezjazg.pl\/wp-content\/uploads\/2023\/08\/Juliusz-Dinder-scaled.jpg 1788w\" sizes=\"(max-width: 715px) 100vw, 715px\" \/><\/a><\/h3>\n<h3 align=\"center\">Nowo\u015b\u0107 wydawnicza<\/h3>\n<h3 align=\"center\">ks. dr hab. Robert Romuald Kufel<\/h3>\n<h3 align=\"center\"><b>JULIUSZ DINDER 1830-1890 ARCYBISKUP GNIE\u0179NIE\u0143SKI I POZNA\u0143SKI.<\/b><\/h3>\n<h3 align=\"center\"><b>NIEMIEC NA STOLICY PRYMAS\u00d3W POLSKI<\/b><\/h3>\n<h3 align=\"center\">Lublin 2023, s. 517<\/h3>\n<h3 align=\"center\">Wi\u0119cej szczeg\u00f3\u0142\u00f3w: <a href=\"https:\/\/archiwum.diecezjazg.pl\/index.php\/juliusz-dinder-1830-1890-arcybiskup-gnieznienski-i-poznanski-niemiec-na-stolicy-prymasow-polski\/\">Juliusz Dinder 1830-1890 arcybiskup gnie\u017anie\u0144ski i pozna\u0144ski. Niemiec na stolicy prymas\u00f3w Polski<\/a><\/h3>\n<h3 align=\"center\">&nbsp;<\/h3>\n<hr>\n<h3 align=\"center\">&nbsp;<\/h3>\n<h3 align=\"center\">Z wielk\u0105 rado\u015bci\u0105 informuj\u0119, \u017ce nasz rocznik &#8222;Adhibenda&#8221; otrzyma\u0142 20 punkt\u00f3w<\/h3>\n<h3 align=\"center\">od ministra nauki i szkolnictwa wy\u017cszego Przemys\u0142awa Czarnka<\/h3>\n<h3 align=\"center\">i tym samym do\u0142\u0105czy\u0142 do czasopism naukowych.<\/h3>\n<h3 align=\"center\">Zapraszam ch\u0119tnych do publikowania na jego \u0142amach.<\/h3>\n<h5><span style=\"font-size: small;\">ks. dr hab. Robert R. Kufel<\/span><\/h5>\n<h5><span style=\"font-size: small;\">redaktor naczelny<\/span><\/h5>\n<h3 align=\"center\"><strong>&nbsp;<\/strong><\/h3>\n<p>&nbsp;<\/p>\n<h5>&nbsp;<\/h5>\n","protected":false},"excerpt":{"rendered":"<p>Konserwacja zachowawcza 87 ksi\u0105g metrykalnych z zasobu Archiwum Diecezjalnego w Zielonej G\u00f3rze. Podsumowanie projektu w ramach konkursu Wspieranie Dzia\u0142a\u0144 Archiwalnych 2025 dofinansowanego przez Naczeln\u0105 Dyrekcj\u0119 Archiw\u00f3w Pa\u0144stwowych. &nbsp; KONKURS &#8211; NOWA EDYCJA 2026: Kresowe Korzenie \u2013 historia, kultura, pami\u0119\u0107 &nbsp; Laureaci konkursu kresowego dla uczni\u00f3w: \u201eKresowe Korzenie \u2013 historia, kultura, pami\u0119\u0107\u201d &nbsp; Dumni z Przodk\u00f3w.&#8230;<\/p>\n<p class=\"more-link\"><a href=\"https:\/\/archiwum.diecezjazg.pl\/\"><span>Czytaj wi\u0119cej<\/span><i>&#43;<\/i><\/a><\/p>\n","protected":false},"author":1,"featured_media":0,"parent":0,"menu_order":0,"comment_status":"closed","ping_status":"closed","template":"","meta":{"ngg_post_thumbnail":0},"_links":{"self":[{"href":"https:\/\/archiwum.diecezjazg.pl\/index.php\/wp-json\/wp\/v2\/pages\/2314"}],"collection":[{"href":"https:\/\/archiwum.diecezjazg.pl\/index.php\/wp-json\/wp\/v2\/pages"}],"about":[{"href":"https:\/\/archiwum.diecezjazg.pl\/index.php\/wp-json\/wp\/v2\/types\/page"}],"author":[{"embeddable":true,"href":"https:\/\/archiwum.diecezjazg.pl\/index.php\/wp-json\/wp\/v2\/users\/1"}],"replies":[{"embeddable":true,"href":"https:\/\/archiwum.diecezjazg.pl\/index.php\/wp-json\/wp\/v2\/comments?post=2314"}],"version-history":[{"count":66,"href":"https:\/\/archiwum.diecezjazg.pl\/index.php\/wp-json\/wp\/v2\/pages\/2314\/revisions"}],"predecessor-version":[{"id":3475,"href":"https:\/\/archiwum.diecezjazg.pl\/index.php\/wp-json\/wp\/v2\/pages\/2314\/revisions\/3475"}],"wp:attachment":[{"href":"https:\/\/archiwum.diecezjazg.pl\/index.php\/wp-json\/wp\/v2\/media?parent=2314"}],"curies":[{"name":"wp","href":"https:\/\/api.w.org\/{rel}","templated":true}]}}