{"id":2246,"date":"2020-09-14T03:50:09","date_gmt":"2020-09-14T01:50:09","guid":{"rendered":"http:\/\/www.archiwum.diecezjazg.pl\/?page_id=2246"},"modified":"2020-09-14T03:50:09","modified_gmt":"2020-09-14T01:50:09","slug":"darowizny-nieprzydzielone-do-innych-zespolow-zespol-70-sygnatura-dz","status":"publish","type":"page","link":"https:\/\/archiwum.diecezjazg.pl\/index.php\/zasoby-archiwalne\/darowizny-nieprzydzielone-do-innych-zespolow-zespol-70-sygnatura-dz\/","title":{"rendered":"Darowizny nieprzydzielone do innych zespo\u0142\u00f3w, zesp\u00f3\u0142 70, sygnatura DZ"},"content":{"rendered":"\n<table id=\"tablepress-367\" class=\"tablepress tablepress-id-367\">\n<thead>\n<tr class=\"row-1 odd\">\n\t<th class=\"column-1\">Lp.<\/th><th class=\"column-2\"> Nazwa archiwum<\/th><th class=\"column-3\">Nazwa i numer zespo\u0142u (zbioru)<\/th><th class=\"column-4\">Sygnatura<\/th><th class=\"column-5\">Tytu\u0142 jednostki<\/th><th class=\"column-6\">Daty skrajne i autor<\/th><th class=\"column-7\">Opis zewn\u0119trzny<\/th><th class=\"column-8\">Sygnatury dawne<\/th><th class=\"column-9\">Uwagi<\/th>\n<\/tr>\n<\/thead>\n<tbody class=\"row-hover\">\n<tr class=\"row-2 even\">\n\t<td class=\"column-1\">1<\/td><td class=\"column-2\">Archiwum Diecezjalne Zielona G\u00f3ra<\/td><td class=\"column-3\">Darowizny nieprzydzielone do innych zespo\u0142\u00f3w,  zesp\u00f3\u0142 70<\/td><td class=\"column-4\">ZDZ 1<\/td><td class=\"column-5\">Wspomnienie. Rok 1962 [przekaza\u0142 Zdzis\u0142aw Karamara]<\/td><td class=\"column-6\">1962 Zdzis\u0142aw Karamara Zielona G\u00f3ra<\/td><td class=\"column-7\">Komputeropis 1 strona, dwie kopie fotografii z 1962<\/td><td class=\"column-8\">ADZG 22-1\/07<\/td><td class=\"column-9\">Wspomnienie napisane w Zielonej G\u00f3rze, 10.04.2007, podpisane przez autora, przekazane 4.05.2007<\/td>\n<\/tr>\n<tr class=\"row-3 odd\">\n\t<td class=\"column-1\">2<\/td><td class=\"column-2\">Archiwum Diecezjalne Zielona G\u00f3ra<\/td><td class=\"column-3\">Darowizny nieprzydzielone do innych zespo\u0142\u00f3w,  zesp\u00f3\u0142 70<\/td><td class=\"column-4\">ZDZ 2<\/td><td class=\"column-5\">Kr\u00f3tkie wspomnienia spisane dla moich c\u00f3rek i wnuk\u00f3w [przekaza\u0142a Stanis\u0142awa Ignatowicz]<\/td><td class=\"column-6\">1940-1959, Stanis\u0142awa Ignatowicz z domu Tyburczy, zamieszka\u0142a w Gorzowie Wlkp.<\/td><td class=\"column-7\">Komputeropis 11 stron, dwie kopie fotografii z 1940, fotografia tablicy pami\u0105tkowej wmurowanej w ko\u015bciele w Nomboli<\/td><td class=\"column-8\">ADZG 22-2\/07<\/td><td class=\"column-9\">Wspomnienia przekazane 8.08.2007<\/td>\n<\/tr>\n<tr class=\"row-4 even\">\n\t<td class=\"column-1\">3<\/td><td class=\"column-2\">Archiwum Diecezjalne Zielona G\u00f3ra<\/td><td class=\"column-3\">Darowizny nieprzydzielone do innych zespo\u0142\u00f3w,  zesp\u00f3\u0142 70<\/td><td class=\"column-4\">ZDZ 3<\/td><td class=\"column-5\">Wspomnienia z pobytu w obozie koncentracyjnym w ZSRR w okresie od 18 listopada 1944 do 12 lutego 1946 roku<\/td><td class=\"column-6\">1944-1945 Roman Kaszyca Gorz\u00f3w Wlkp.<\/td><td class=\"column-7\">Kserokopia maszynopisu 33 strony<\/td><td class=\"column-8\"><\/td><td class=\"column-9\"><\/td>\n<\/tr>\n<tr class=\"row-5 odd\">\n\t<td class=\"column-1\">4<\/td><td class=\"column-2\">Archiwum Diecezjalne Zielona G\u00f3ra<\/td><td class=\"column-3\">Darowizny nieprzydzielone do innych zespo\u0142\u00f3w,  zesp\u00f3\u0142 70<\/td><td class=\"column-4\">ZDZ 4<\/td><td class=\"column-5\">Msza wi\u0119zienna, Mi\u0144sk 15 maja cela wi\u0119zienna 163, A. Ciesielski, Katy\u0144, [przekaza\u0142 ks. Leon Andrys]<\/td><td class=\"column-6\"><\/td><td class=\"column-7\">R\u0119kopis ss. 15; broszura ss. 32 przedarta przez \u015brodek, gdy\u017c by\u0142a z\u0142o\u017cona na p\u00f3\u0142 i schowana pod dachem<\/td><td class=\"column-8\"><\/td><td class=\"column-9\">R\u0119kopis by\u0142 w zbiorach ks. Ruty, broszura nale\u017ca\u0142a do ojca ks. Leona Andrysa<\/td>\n<\/tr>\n<\/tbody>\n<\/table>\n<!-- #tablepress-367 from cache -->\n","protected":false},"excerpt":{"rendered":"","protected":false},"author":1,"featured_media":0,"parent":46,"menu_order":0,"comment_status":"closed","ping_status":"closed","template":"","meta":{"ngg_post_thumbnail":0},"_links":{"self":[{"href":"https:\/\/archiwum.diecezjazg.pl\/index.php\/wp-json\/wp\/v2\/pages\/2246"}],"collection":[{"href":"https:\/\/archiwum.diecezjazg.pl\/index.php\/wp-json\/wp\/v2\/pages"}],"about":[{"href":"https:\/\/archiwum.diecezjazg.pl\/index.php\/wp-json\/wp\/v2\/types\/page"}],"author":[{"embeddable":true,"href":"https:\/\/archiwum.diecezjazg.pl\/index.php\/wp-json\/wp\/v2\/users\/1"}],"replies":[{"embeddable":true,"href":"https:\/\/archiwum.diecezjazg.pl\/index.php\/wp-json\/wp\/v2\/comments?post=2246"}],"version-history":[{"count":1,"href":"https:\/\/archiwum.diecezjazg.pl\/index.php\/wp-json\/wp\/v2\/pages\/2246\/revisions"}],"predecessor-version":[{"id":2247,"href":"https:\/\/archiwum.diecezjazg.pl\/index.php\/wp-json\/wp\/v2\/pages\/2246\/revisions\/2247"}],"up":[{"embeddable":true,"href":"https:\/\/archiwum.diecezjazg.pl\/index.php\/wp-json\/wp\/v2\/pages\/46"}],"wp:attachment":[{"href":"https:\/\/archiwum.diecezjazg.pl\/index.php\/wp-json\/wp\/v2\/media?parent=2246"}],"curies":[{"name":"wp","href":"https:\/\/api.w.org\/{rel}","templated":true}]}}