{"id":2245,"date":"2020-09-14T03:50:47","date_gmt":"2020-09-14T01:50:47","guid":{"rendered":"http:\/\/www.archiwum.diecezjazg.pl\/?page_id=2245"},"modified":"2020-09-14T03:51:57","modified_gmt":"2020-09-14T01:51:57","slug":"depozyty-nieprzydzielone-do-innych-zespolow-zespol-299-sygnatura-depo","status":"publish","type":"page","link":"https:\/\/archiwum.diecezjazg.pl\/index.php\/zasoby-archiwalne\/depozyty-nieprzydzielone-do-innych-zespolow-zespol-299-sygnatura-depo\/","title":{"rendered":"Depozyty nieprzydzielone do innych zespo\u0142\u00f3w, zesp\u00f3\u0142 299, sygnatura DEPO"},"content":{"rendered":"\n<table id=\"tablepress-368\" class=\"tablepress tablepress-id-368\">\n<thead>\n<tr class=\"row-1 odd\">\n\t<th class=\"column-1\">Lp.<\/th><th class=\"column-2\"> Nazwa archiwum<\/th><th class=\"column-3\">Nazwa i numer zespo\u0142u (zbioru)<\/th><th class=\"column-4\">Sygnatura<\/th><th class=\"column-5\">Tytu\u0142 jednostki<\/th><th class=\"column-6\">Daty skrajne i autor<\/th><th class=\"column-7\">Opis zewn\u0119trzny<\/th><th class=\"column-8\">Sygnatury dawne<\/th><th class=\"column-9\">Uwagi<\/th>\n<\/tr>\n<\/thead>\n<tbody class=\"row-hover\">\n<tr class=\"row-2 even\">\n\t<td class=\"column-1\">1<\/td><td class=\"column-2\">Archiwum Diecezjalne Zielona G\u00f3ra<\/td><td class=\"column-3\">Depozyty nieprzydzielone do innych zespo\u0142\u00f3w, nr zespo\u0142u 299<\/td><td class=\"column-4\">DEPO 1<\/td><td class=\"column-5\">Tablice memoratywne z krypty ko\u015bcio\u0142a w Jab\u0142o\u0144cu. Depozyt Parafii w Jasieniu (od 2015)<\/td><td class=\"column-6\">1970<\/td><td class=\"column-7\">poszyt i rysunki w obwolucie; papier; k. 30, rys. 36 brak k. 12 i rys. 23 przetarcia na zgi\u0119ciach<\/td><td class=\"column-8\"><\/td><td class=\"column-9\">nazwa wykonawcy, nazwa obiektu, nawa bran\u017cy, nazwa stadium, lokalizacja obiektu (adres)<\/td>\n<\/tr>\n<\/tbody>\n<\/table>\n<!-- #tablepress-368 from cache -->\n","protected":false},"excerpt":{"rendered":"","protected":false},"author":1,"featured_media":0,"parent":46,"menu_order":0,"comment_status":"closed","ping_status":"closed","template":"","meta":{"ngg_post_thumbnail":0},"_links":{"self":[{"href":"https:\/\/archiwum.diecezjazg.pl\/index.php\/wp-json\/wp\/v2\/pages\/2245"}],"collection":[{"href":"https:\/\/archiwum.diecezjazg.pl\/index.php\/wp-json\/wp\/v2\/pages"}],"about":[{"href":"https:\/\/archiwum.diecezjazg.pl\/index.php\/wp-json\/wp\/v2\/types\/page"}],"author":[{"embeddable":true,"href":"https:\/\/archiwum.diecezjazg.pl\/index.php\/wp-json\/wp\/v2\/users\/1"}],"replies":[{"embeddable":true,"href":"https:\/\/archiwum.diecezjazg.pl\/index.php\/wp-json\/wp\/v2\/comments?post=2245"}],"version-history":[{"count":1,"href":"https:\/\/archiwum.diecezjazg.pl\/index.php\/wp-json\/wp\/v2\/pages\/2245\/revisions"}],"predecessor-version":[{"id":2248,"href":"https:\/\/archiwum.diecezjazg.pl\/index.php\/wp-json\/wp\/v2\/pages\/2245\/revisions\/2248"}],"up":[{"embeddable":true,"href":"https:\/\/archiwum.diecezjazg.pl\/index.php\/wp-json\/wp\/v2\/pages\/46"}],"wp:attachment":[{"href":"https:\/\/archiwum.diecezjazg.pl\/index.php\/wp-json\/wp\/v2\/media?parent=2245"}],"curies":[{"name":"wp","href":"https:\/\/api.w.org\/{rel}","templated":true}]}}