{"id":2098,"date":"2020-09-14T01:08:35","date_gmt":"2020-09-13T23:08:35","guid":{"rendered":"http:\/\/www.archiwum.diecezjazg.pl\/?page_id=2098"},"modified":"2023-11-22T18:41:19","modified_gmt":"2023-11-22T17:41:19","slug":"how-to-publish","status":"publish","type":"page","link":"https:\/\/archiwum.diecezjazg.pl\/index.php\/rocznik-adhibenda\/how-to-publish\/","title":{"rendered":"How to publish"},"content":{"rendered":"<p><a href=\"http:\/\/archiwum.diecezjazg.pl\/index.php\/rocznik-adhibenda\/\">J\u0119zyk polski<\/a><\/p>\n<p><a href=\"http:\/\/archiwum.diecezjazg.pl\/index.php\/rocznik-adhibenda\/annual-journal-adhibenda\/\">J\u0119zyk angielski<\/a><\/p>\n<h1 style=\"text-align: center;\">ADHIBENDA<\/h1>\n<h3 style=\"text-align: center;\">The Annual Journal of the Diocesan Archive in Zielona G\u00f3ra<\/h3>\n<p>&nbsp;<\/p>\n<table>\n<tbody>\n<tr>\n<td>\n<h3><a href=\"http:\/\/archiwum.diecezjazg.pl\/index.php\/rocznik-adhibenda\/current-issue\/\"><strong>Current issue<\/strong><\/a><\/h3>\n<\/td>\n<td>\n<h3><a href=\"http:\/\/archiwum.diecezjazg.pl\/index.php\/rocznik-adhibenda\/archives\/\"><strong>Archives<\/strong><\/a><\/h3>\n<\/td>\n<td>\n<h3><a href=\"http:\/\/archiwum.diecezjazg.pl\/index.php\/rocznik-adhibenda\/editors\/\"><strong>Editors<\/strong><\/a><\/h3>\n<\/td>\n<td>\n<h3><a href=\"http:\/\/archiwum.diecezjazg.pl\/index.php\/rocznik-adhibenda\/how-to-publish\/\"><strong>How to publish<\/strong><\/a><\/h3>\n<\/td>\n<td>\n<h3><a href=\"http:\/\/archiwum.diecezjazg.pl\/index.php\/rocznik-adhibenda\/contact\/\"><strong>Contact<\/strong><\/a><\/h3>\n<\/td>\n<\/tr>\n<\/tbody>\n<\/table>\n<h4><a href=\"http:\/\/serwer1361595.home.pl\/www\/archiwum-site\/wp-content\/uploads\/2020\/09\/en-ADHIBENDA-zgloszenie-i-zgody.doc\" target=\"_blank\" rel=\"noopener noreferrer\"><strong><span style=\"color: #000000;\">AUTHOR SUBMISSION OF AN ARTICLE TO ADHIBENDA, PERMISSION TO USE PHOTOGRAPHS, IMAGE USE PERMISSION, INFORMATION ON THE PROCESSING OF PERSONAL DATA &#8211; download<\/span><\/strong><\/a><\/h4>\n<p>&nbsp;<\/p>\n<p class=\"western\"><span style=\"font-family: Calibri, sans-serif; color: #000000;\"><span style=\"font-size: medium;\"><span lang=\"en-US\"><i><b>ADHIBENDA<\/b><\/i><\/span><span lang=\"en-US\"><b> Annual Journal of the Diocesan Archive in Zielona G\u00f3ra<\/b><\/span><\/span><\/span><\/p>\n<h1 class=\"western\"><span style=\"color: #000000;\"><span style=\"font-family: Calibri, sans-serif;\"><span style=\"font-size: medium;\"><span lang=\"en-US\">Instructions for authors:<\/span><\/span><\/span><span style=\"font-family: Calibri, sans-serif;\"><span style=\"font-size: medium;\"><span lang=\"en-US\">&nbsp;<\/span><\/span><\/span><\/span><\/h1>\n<ol>\n<li>\n<p class=\"western\"><span style=\"font-family: Calibri, sans-serif; color: #000000;\"><span style=\"font-size: medium;\"><span lang=\"en-US\">Text file \u2013 .doc format (Word 95 or later)<\/span><\/span><\/span><\/p>\n<\/li>\n<li>\n<p class=\"western\"><span style=\"font-family: Calibri, sans-serif; color: #000000;\"><span style=\"font-size: medium;\"><span lang=\"en-US\">Margins: standard for a Word document (2,5 cm on both sides, on the top and bottom)<\/span><\/span><\/span><\/p>\n<\/li>\n<li>\n<p class=\"western\"><span style=\"font-family: Calibri, sans-serif; color: #000000;\"><span style=\"font-size: medium;\"><span lang=\"en-US\">Main text: 12-point Times New Roman font, 1.5 line spacing, 1.25 cm indent. The text should be justified.<\/span><\/span><\/span><\/p>\n<\/li>\n<li>\n<p class=\"western\"><span style=\"font-family: Calibri, sans-serif; color: #000000;\"><span style=\"font-size: medium;\"><span lang=\"en\">If the article includes drawings, photographs, tables or fragments of texts that are someone else&#8217;s work, the author is obliged to indicate the source not only in references but also in the captions of the drawing, table, photograph, reproduction, etc.<\/span><\/span><\/span><\/p>\n<\/li>\n<li>\n<p class=\"western\"><span style=\"color: #000000;\"><span style=\"font-family: Calibri, sans-serif;\"><span style=\"font-size: medium;\"><span lang=\"en-US\">If authors use someone else\u2019s drawings, photographs, tables or fragments of texts that are beyond the fair use guideline, they are obliged to obtain written permission from the author (publishing house) of the borrowed fragment and submit it to the editorial board of the Annual Journal. Failure to provide the author\u2019s permission or to mention the source of borrowings will be considered copyright infringement and will be subject to legal action. T<\/span><\/span><\/span><span style=\"font-family: Calibri, sans-serif;\"><span style=\"font-size: medium;\"><span lang=\"en\">he provisions of copyrights apply both to borrowings from Polish and foreign works (Act of<\/span><\/span><\/span><span style=\"font-family: Calibri, sans-serif;\"><span style=\"font-size: medium;\"><span lang=\"en\"><br \/>\n<\/span><\/span><\/span><span style=\"font-family: Calibri, sans-serif;\"><span style=\"font-size: medium;\"><span lang=\"en\">4 February 1994 on copyright &#8211; Journal of Laws No. 24, item 83, art. 34).<\/span><\/span><\/span><\/span><\/p>\n<\/li>\n<li>\n<p class=\"western\"><span style=\"font-family: Calibri, sans-serif; color: #000000;\"><span style=\"font-size: medium;\"><span lang=\"en-US\">If the photograph intended for publication depicts a recognizable person, it is necessary to obtain written permission to use this person\u2019s image in the Annual Journal.<\/span><\/span><\/span><\/p>\n<\/li>\n<li>\n<p class=\"western\"><span style=\"font-family: Calibri, sans-serif; color: #000000;\"><span style=\"font-size: medium;\"><span lang=\"en\">Photographs, drawings, maps and tables should be attached as 300 dpi files (or bigger), saved in a tif format.<\/span><\/span><\/span><\/p>\n<\/li>\n<li>\n<p class=\"western\"><span style=\"font-family: Calibri, sans-serif; color: #000000;\"><span style=\"font-size: medium;\"><span lang=\"en-US\">Use 11-point Times New Roman font for footnotes and tables. Line spacing cannot be smaller than 1.5. <\/span><\/span><\/span><\/p>\n<\/li>\n<li>\n<p class=\"western\"><span style=\"color: #000000;\"><span style=\"font-family: Calibri, sans-serif;\"><span style=\"font-size: medium;\"><span lang=\"en-US\">Tables \u2013do not use a bold font for headings, do not align numerical data with spaces or tabulator key. <\/span><\/span><\/span><span style=\"font-family: Calibri, sans-serif;\"><span style=\"font-size: medium;\">In numerical data use a comma as a decimal separator.<\/span><\/span><\/span><\/p>\n<\/li>\n<li>\n<p class=\"western\"><span style=\"font-family: Calibri, sans-serif; color: #000000;\"><span style=\"font-size: medium;\"><span lang=\"en\">Only the following type treatments are allowed in the text: italic type &#8211; for publication titles, foreign-language expressions as well as words and expressions used as examples; bold type \u2013 for titles, terms and fragments of texts requiring highlighting.<\/span><\/span><\/span><\/p>\n<\/li>\n<li>\n<p class=\"western\"><span style=\"font-family: Calibri, sans-serif; color: #000000;\"><span style=\"font-size: medium;\"><span lang=\"en\">Longer quotations should be separated from the main text and should be written as a separate paragraph, without quotation marks, smaller than the main text (11-point Times).<\/span><\/span><\/span><\/p>\n<\/li>\n<li>\n<p class=\"western\"><span style=\"color: #000000;\"><span style=\"font-family: Calibri, sans-serif;\"><span style=\"font-size: medium;\"><span lang=\"en-US\">The omission of a fragment from a quoted passage, whether it is the beginning or the ending of the sentence, should be indicated by <\/span><\/span><\/span><span style=\"font-family: Calibri, sans-serif;\"><span style=\"font-size: medium;\"><span lang=\"en\">three dots<\/span><\/span><\/span> <span style=\"font-family: Calibri, sans-serif;\"><span style=\"font-size: medium;\"><span lang=\"en\">in square brackets [&#8230;].<\/span><\/span><\/span><\/span><\/p>\n<\/li>\n<li>\n<p class=\"western\"><span style=\"font-family: Calibri, sans-serif; color: #000000;\"><span style=\"font-size: medium;\"><span lang=\"en\">If a fragment of more than two pages is omitted between two parts of the quotation, the quotations should be divided into two separate parts, enclosed in separate quotation marks with their own references.<\/span><\/span><\/span><\/p>\n<\/li>\n<li>\n<p class=\"western\"><span style=\"font-family: Calibri, sans-serif; color: #000000;\"><span style=\"font-size: medium;\"><span lang=\"en\">Each paragraph must be completed by pressing the 'Enter&#8217; key on the keyboard.<\/span><\/span><\/span><\/p>\n<\/li>\n<li>\n<p class=\"western\"><span style=\"color: #000000;\"><span style=\"font-family: Calibri, sans-serif;\"><span style=\"font-size: medium;\"><span lang=\"en\">The paragraph indentation should be set by using the special indentation<\/span><\/span><\/span> <span style=\"font-family: Calibri, sans-serif;\"><span style=\"font-size: medium;\"><span lang=\"en\">in paragraph formatting options or by pressing the tabulator key. It is unacceptable to hit the space bar multiple times for this purpose.<\/span><\/span><\/span><\/span><\/p>\n<\/li>\n<li>\n<p class=\"western\"><span style=\"font-family: Calibri, sans-serif; color: #000000;\"><span style=\"font-size: medium;\"><span lang=\"en\">It is not allowed to align the text to the right and left margins using spaces.<\/span><\/span><\/span><\/p>\n<\/li>\n<\/ol>\n<p class=\"western\"><span style=\"font-family: Calibri, sans-serif; color: #000000;\"><span style=\"font-size: medium;\"><span lang=\"en-US\">17. Please follow the examples below for footnotes and references:<\/span><\/span><\/span><\/p>\n<p class=\"western\"><span style=\"font-family: Calibri, sans-serif; color: #000000;\"><span style=\"font-size: medium;\">J. D\u0105browski, <i>Dziennik 1914-1918<\/i>, Krak\u00f3w 1977.<\/span><\/span><\/p>\n<p class=\"western\"><span style=\"font-family: Calibri, sans-serif; color: #000000;\"><span style=\"font-size: medium;\">M. Klimecki, <i>Pierwsza wojna \u015bwiatowa na ziemi lubelskiej<\/i>, [in:] <i>Lubelszczyzna w najnowszej historii wojskowej<\/i>, Tarnobrzeg 1988, pp. 112-135.<\/span><\/span><\/p>\n<p class=\"western\"><span style=\"color: #000000;\"><span style=\"font-family: Calibri, sans-serif;\"><span style=\"font-size: medium;\">M. Mici\u0144ska<\/span><\/span><em><span style=\"font-family: Calibri, sans-serif;\"><span style=\"font-size: medium;\">, Czy istniej\u0105 angielscy intelektuali\u015bci? Problematyka elit intelektualnych<br \/>\nw historiografii brytyjskiej<\/span><\/span><\/em><span style=\"font-family: Calibri, sans-serif;\"><span style=\"font-size: medium;\">, \u201eKultura i Spo\u0142ecze\u0144stwo\u201d, 2\/2000, p. 103.<\/span><\/span><\/span><\/p>\n<p><span style=\"color: #000000;\"><span style=\"font-family: Calibri, sans-serif;\"><span style=\"font-size: medium;\">Miku\u0142owski-Pomorski J.,&nbsp;<\/span><\/span><em><span style=\"font-family: Calibri, sans-serif;\"><span style=\"font-size: medium;\">Etos warstw spo\u0142ecznych. Inteligencja. Mi\u0119dzy pa\u0144stwem<br \/>\na samodzielnym wyborem,<\/span><\/span><\/em><span style=\"font-family: Calibri, sans-serif;\"><span style=\"font-size: medium;\">&nbsp;[in:]&nbsp;<\/span><\/span><em><span style=\"font-family: Calibri, sans-serif;\"><span style=\"font-size: medium;\">Kondycja moralna spo\u0142ecze\u0144stwa polskiego<\/span><\/span><\/em><span style=\"font-family: Calibri, sans-serif;\"><span style=\"font-size: medium;\">,<br \/>\nJ. Maria\u0144ski (ed.), Warszawa 2002, pp.43 \u2013 66.<\/span><\/span><\/span><\/p>\n<p class=\"western\"><span style=\"font-family: Calibri, sans-serif; color: #000000;\"><span style=\"font-size: medium;\"><span lang=\"en\">Since we publish articles without the author\u2019s proofreading, please pay special attention to the text in terms of its form and content and provide the text in the final version.<\/span><\/span><\/span><\/p>\n","protected":false},"excerpt":{"rendered":"<p>J\u0119zyk polski J\u0119zyk angielski ADHIBENDA The Annual Journal of the Diocesan Archive in Zielona G\u00f3ra &nbsp; Current issue Archives Editors How to publish Contact AUTHOR SUBMISSION OF AN ARTICLE TO ADHIBENDA, PERMISSION TO USE PHOTOGRAPHS, IMAGE USE PERMISSION, INFORMATION ON THE PROCESSING OF PERSONAL DATA &#8211; download &nbsp; ADHIBENDA Annual Journal of the Diocesan Archive&#8230;<\/p>\n<p class=\"more-link\"><a href=\"https:\/\/archiwum.diecezjazg.pl\/index.php\/rocznik-adhibenda\/how-to-publish\/\"><span>Czytaj wi\u0119cej<\/span><i>&#43;<\/i><\/a><\/p>\n","protected":false},"author":1,"featured_media":0,"parent":49,"menu_order":0,"comment_status":"closed","ping_status":"closed","template":"","meta":{"ngg_post_thumbnail":0},"_links":{"self":[{"href":"https:\/\/archiwum.diecezjazg.pl\/index.php\/wp-json\/wp\/v2\/pages\/2098"}],"collection":[{"href":"https:\/\/archiwum.diecezjazg.pl\/index.php\/wp-json\/wp\/v2\/pages"}],"about":[{"href":"https:\/\/archiwum.diecezjazg.pl\/index.php\/wp-json\/wp\/v2\/types\/page"}],"author":[{"embeddable":true,"href":"https:\/\/archiwum.diecezjazg.pl\/index.php\/wp-json\/wp\/v2\/users\/1"}],"replies":[{"embeddable":true,"href":"https:\/\/archiwum.diecezjazg.pl\/index.php\/wp-json\/wp\/v2\/comments?post=2098"}],"version-history":[{"count":8,"href":"https:\/\/archiwum.diecezjazg.pl\/index.php\/wp-json\/wp\/v2\/pages\/2098\/revisions"}],"predecessor-version":[{"id":2890,"href":"https:\/\/archiwum.diecezjazg.pl\/index.php\/wp-json\/wp\/v2\/pages\/2098\/revisions\/2890"}],"up":[{"embeddable":true,"href":"https:\/\/archiwum.diecezjazg.pl\/index.php\/wp-json\/wp\/v2\/pages\/49"}],"wp:attachment":[{"href":"https:\/\/archiwum.diecezjazg.pl\/index.php\/wp-json\/wp\/v2\/media?parent=2098"}],"curies":[{"name":"wp","href":"https:\/\/api.w.org\/{rel}","templated":true}]}}