{"id":2097,"date":"2020-09-14T01:08:23","date_gmt":"2020-09-13T23:08:23","guid":{"rendered":"http:\/\/www.archiwum.diecezjazg.pl\/?page_id=2097"},"modified":"2023-11-22T18:40:40","modified_gmt":"2023-11-22T17:40:40","slug":"editors","status":"publish","type":"page","link":"https:\/\/archiwum.diecezjazg.pl\/index.php\/rocznik-adhibenda\/editors\/","title":{"rendered":"Editors"},"content":{"rendered":"<p><a href=\"http:\/\/archiwum.diecezjazg.pl\/index.php\/rocznik-adhibenda\/\">J\u0119zyk polski<\/a><\/p>\n<p><a href=\"http:\/\/archiwum.diecezjazg.pl\/index.php\/rocznik-adhibenda\/annual-journal-adhibenda\/\">J\u0119zyk angielski<\/a><\/p>\n<h1 style=\"text-align: center;\">ADHIBENDA<\/h1>\n<h3 style=\"text-align: center;\">The Annual Journal of the Diocesan Archive in Zielona G\u00f3ra<\/h3>\n<p>&nbsp;<\/p>\n<table>\n<tbody>\n<tr>\n<td>\n<h3><a href=\"http:\/\/archiwum.diecezjazg.pl\/index.php\/rocznik-adhibenda\/current-issue\/\"><strong>Current issue<\/strong><\/a><\/h3>\n<\/td>\n<td>\n<h3><a href=\"http:\/\/archiwum.diecezjazg.pl\/index.php\/rocznik-adhibenda\/archives\/\"><strong>Archives<\/strong><\/a><\/h3>\n<\/td>\n<td>\n<h3><a href=\"http:\/\/archiwum.diecezjazg.pl\/index.php\/rocznik-adhibenda\/editors\/\"><strong>Editors<\/strong><\/a><\/h3>\n<\/td>\n<td>\n<h3><a href=\"http:\/\/archiwum.diecezjazg.pl\/index.php\/rocznik-adhibenda\/how-to-publish\/\"><strong>How to publish<\/strong><\/a><\/h3>\n<\/td>\n<td>\n<h3><a href=\"http:\/\/archiwum.diecezjazg.pl\/index.php\/rocznik-adhibenda\/contact\/\"><strong>Contact<\/strong><\/a><\/h3>\n<\/td>\n<\/tr>\n<\/tbody>\n<\/table>\n<h3 style=\"text-align: center;\"><strong><a href=\"http:\/\/archiwum.diecezjazg.pl\/index.php\/rocznik-adhibenda\/editors-2\/\">Editors<\/a><\/strong><\/h3>\n<h3 style=\"text-align: center;\"><strong><a href=\"http:\/\/archiwum.diecezjazg.pl\/index.php\/rocznik-adhibenda\/the-scientific-council\/\">The scientific Council<\/a><\/strong><\/h3>\n<h3 style=\"text-align: center;\"><strong><a href=\"http:\/\/archiwum.diecezjazg.pl\/index.php\/rocznik-adhibenda\/reviewers\/\">Reviewers<\/a><\/strong><\/h3>\n<h3 style=\"text-align: center;\"><a href=\"https:\/\/archiwum.diecezjazg.pl\/wp-content\/uploads\/2021\/09\/Proces-recenzji-ang-9.8.21.docx\" target=\"_blank\" rel=\"noopener\">Review process<\/a><\/h3>\n<h3 style=\"text-align: center;\"><a href=\"https:\/\/archiwum.diecezjazg.pl\/wp-content\/uploads\/2021\/09\/Recenzja-formularz-ang-9.8.21.docx\" target=\"_blank\" rel=\"noopener\">Review form<\/a><\/h3>\n<h3 style=\"text-align: center;\"><strong><a href=\"http:\/\/archiwum.diecezjazg.pl\/index.php\/rocznik-adhibenda\/publishing-ethics\/\">Publication ethics<\/a><\/strong><\/h3>\n<h3 style=\"text-align: center;\"><a href=\"http:\/\/archiwum.diecezjazg.pl\/index.php\/rocznik-adhibenda\/privacy-policy\/\"><strong>Privacy policy<\/strong><\/a><\/h3>\n<p>&nbsp;<\/p>\n","protected":false},"excerpt":{"rendered":"<p>J\u0119zyk polski J\u0119zyk angielski ADHIBENDA The Annual Journal of the Diocesan Archive in Zielona G\u00f3ra &nbsp; Current issue Archives Editors How to publish Contact Editors The scientific Council Reviewers Review process Review form Publication ethics Privacy policy &nbsp;<\/p>\n","protected":false},"author":1,"featured_media":0,"parent":49,"menu_order":0,"comment_status":"closed","ping_status":"closed","template":"","meta":{"ngg_post_thumbnail":0},"_links":{"self":[{"href":"https:\/\/archiwum.diecezjazg.pl\/index.php\/wp-json\/wp\/v2\/pages\/2097"}],"collection":[{"href":"https:\/\/archiwum.diecezjazg.pl\/index.php\/wp-json\/wp\/v2\/pages"}],"about":[{"href":"https:\/\/archiwum.diecezjazg.pl\/index.php\/wp-json\/wp\/v2\/types\/page"}],"author":[{"embeddable":true,"href":"https:\/\/archiwum.diecezjazg.pl\/index.php\/wp-json\/wp\/v2\/users\/1"}],"replies":[{"embeddable":true,"href":"https:\/\/archiwum.diecezjazg.pl\/index.php\/wp-json\/wp\/v2\/comments?post=2097"}],"version-history":[{"count":9,"href":"https:\/\/archiwum.diecezjazg.pl\/index.php\/wp-json\/wp\/v2\/pages\/2097\/revisions"}],"predecessor-version":[{"id":2889,"href":"https:\/\/archiwum.diecezjazg.pl\/index.php\/wp-json\/wp\/v2\/pages\/2097\/revisions\/2889"}],"up":[{"embeddable":true,"href":"https:\/\/archiwum.diecezjazg.pl\/index.php\/wp-json\/wp\/v2\/pages\/49"}],"wp:attachment":[{"href":"https:\/\/archiwum.diecezjazg.pl\/index.php\/wp-json\/wp\/v2\/media?parent=2097"}],"curies":[{"name":"wp","href":"https:\/\/api.w.org\/{rel}","templated":true}]}}