{"id":2095,"date":"2020-09-14T01:07:55","date_gmt":"2020-09-13T23:07:55","guid":{"rendered":"http:\/\/www.archiwum.diecezjazg.pl\/?page_id=2095"},"modified":"2025-02-19T19:51:21","modified_gmt":"2025-02-19T18:51:21","slug":"current-issue","status":"publish","type":"page","link":"https:\/\/archiwum.diecezjazg.pl\/index.php\/rocznik-adhibenda\/current-issue\/","title":{"rendered":"Current issue"},"content":{"rendered":"<p><a href=\"http:\/\/archiwum.diecezjazg.pl\/index.php\/rocznik-adhibenda\/\">J\u0119zyk polski<\/a><\/p>\n<p><a href=\"http:\/\/archiwum.diecezjazg.pl\/index.php\/rocznik-adhibenda\/annual-journal-adhibenda\/\">J\u0119zyk angielski<\/a><\/p>\n<h1 style=\"text-align: center;\">ADHIBENDA<\/h1>\n<h3 style=\"text-align: center;\">The Annual Journal of the Diocesan Archive in Zielona G\u00f3ra<\/h3>\n<p>&nbsp;<\/p>\n<table>\n<tbody>\n<tr>\n<td>\n<h3><a href=\"http:\/\/archiwum.diecezjazg.pl\/index.php\/rocznik-adhibenda\/current-issue\/\"><strong>Current issue<\/strong><\/a><\/h3>\n<\/td>\n<td>\n<h3><a href=\"http:\/\/archiwum.diecezjazg.pl\/index.php\/rocznik-adhibenda\/archives\/\"><strong>Archives<\/strong><\/a><\/h3>\n<\/td>\n<td>\n<h3><a href=\"http:\/\/archiwum.diecezjazg.pl\/index.php\/rocznik-adhibenda\/editors\/\"><strong>Editors<\/strong><\/a><\/h3>\n<\/td>\n<td>\n<h3><a href=\"http:\/\/archiwum.diecezjazg.pl\/index.php\/rocznik-adhibenda\/how-to-publish\/\"><strong>How to publish<\/strong><\/a><\/h3>\n<\/td>\n<td>\n<h3><a href=\"http:\/\/archiwum.diecezjazg.pl\/index.php\/rocznik-adhibenda\/contact\/\"><strong>Contact<\/strong><\/a><\/h3>\n<\/td>\n<\/tr>\n<\/tbody>\n<\/table>\n<h2>The Annual Journal of the Diocesan Archive in Zielona G\u00f3ra &#8211; Volume XI<\/h2>\n<p><span class=\"tlid-translation translation\" lang=\"en\"><span class=\"\" title=\"\"><a href=\"https:\/\/archiwum.diecezjazg.pl\/index.php\/rocznik-adhibenda\/pl_adhibenda_aktualny\/okladka-adhibenda-2024\/#main\" rel=\"attachment wp-att-3325\"><img loading=\"lazy\" class=\"size-medium wp-image-3325 alignleft\" src=\"https:\/\/archiwum.diecezjazg.pl\/wp-content\/uploads\/2025\/02\/okladka-adhibenda-2024-209x300.png\" alt=\"\" width=\"209\" height=\"300\" srcset=\"https:\/\/archiwum.diecezjazg.pl\/wp-content\/uploads\/2025\/02\/okladka-adhibenda-2024-209x300.png 209w, https:\/\/archiwum.diecezjazg.pl\/wp-content\/uploads\/2025\/02\/okladka-adhibenda-2024.png 568w\" sizes=\"(max-width: 209px) 100vw, 209px\" \/><\/a>About the magazine<\/span><\/span><\/p>\n<p><span class=\"\" title=\"\">This year&#8217;s issue of our <\/span>Annual Journal <span class=\"tlid-translation translation\" lang=\"en\"><span class=\"\" title=\"\">has been divided into five sections:<\/span><\/span><\/p>\n<ul>\n<li><span class=\"HwtZe\" lang=\"en\"><span class=\"jCAhz ChMk0b\"><span class=\"ryNqvb\">Articles and studies, <\/span><\/span><\/span><\/li>\n<li><span class=\"HwtZe\" lang=\"en\"><span class=\"jCAhz ChMk0b\"><span class=\"ryNqvb\">Report, <\/span><\/span><\/span><\/li>\n<li><span class=\"HwtZe\" lang=\"en\"><span class=\"jCAhz ChMk0b\"><span class=\"ryNqvb\">Communique, <\/span><\/span><\/span><\/li>\n<li><span class=\"HwtZe\" lang=\"en\"><span class=\"jCAhz ChMk0b\"><span class=\"ryNqvb\">Documents, <\/span><\/span><\/span><\/li>\n<li><span class=\"HwtZe\" lang=\"en\"><span class=\"jCAhz ChMk0b\"><span class=\"ryNqvb\">Kresy Archive.<\/span><\/span><\/span><\/li>\n<\/ul>\n<p><strong>DOWNLOAD<\/strong><\/p>\n","protected":false},"excerpt":{"rendered":"<p>J\u0119zyk polski J\u0119zyk angielski ADHIBENDA The Annual Journal of the Diocesan Archive in Zielona G\u00f3ra &nbsp; Current issue Archives Editors How to publish Contact The Annual Journal of the Diocesan Archive in Zielona G\u00f3ra &#8211; Volume XI About the magazine This year&#8217;s issue of our Annual Journal has been divided into five sections: Articles and&#8230;<\/p>\n<p class=\"more-link\"><a href=\"https:\/\/archiwum.diecezjazg.pl\/index.php\/rocznik-adhibenda\/current-issue\/\"><span>Czytaj wi\u0119cej<\/span><i>&#43;<\/i><\/a><\/p>\n","protected":false},"author":1,"featured_media":0,"parent":49,"menu_order":0,"comment_status":"closed","ping_status":"closed","template":"","meta":{"ngg_post_thumbnail":0},"_links":{"self":[{"href":"https:\/\/archiwum.diecezjazg.pl\/index.php\/wp-json\/wp\/v2\/pages\/2095"}],"collection":[{"href":"https:\/\/archiwum.diecezjazg.pl\/index.php\/wp-json\/wp\/v2\/pages"}],"about":[{"href":"https:\/\/archiwum.diecezjazg.pl\/index.php\/wp-json\/wp\/v2\/types\/page"}],"author":[{"embeddable":true,"href":"https:\/\/archiwum.diecezjazg.pl\/index.php\/wp-json\/wp\/v2\/users\/1"}],"replies":[{"embeddable":true,"href":"https:\/\/archiwum.diecezjazg.pl\/index.php\/wp-json\/wp\/v2\/comments?post=2095"}],"version-history":[{"count":15,"href":"https:\/\/archiwum.diecezjazg.pl\/index.php\/wp-json\/wp\/v2\/pages\/2095\/revisions"}],"predecessor-version":[{"id":3334,"href":"https:\/\/archiwum.diecezjazg.pl\/index.php\/wp-json\/wp\/v2\/pages\/2095\/revisions\/3334"}],"up":[{"embeddable":true,"href":"https:\/\/archiwum.diecezjazg.pl\/index.php\/wp-json\/wp\/v2\/pages\/49"}],"wp:attachment":[{"href":"https:\/\/archiwum.diecezjazg.pl\/index.php\/wp-json\/wp\/v2\/media?parent=2095"}],"curies":[{"name":"wp","href":"https:\/\/api.w.org\/{rel}","templated":true}]}}