{"id":2088,"date":"2020-09-14T00:57:31","date_gmt":"2020-09-13T22:57:31","guid":{"rendered":"http:\/\/www.archiwum.diecezjazg.pl\/?page_id=2088"},"modified":"2023-11-22T18:37:51","modified_gmt":"2023-11-22T17:37:51","slug":"annual-journal-adhibenda","status":"publish","type":"page","link":"https:\/\/archiwum.diecezjazg.pl\/index.php\/rocznik-adhibenda\/annual-journal-adhibenda\/","title":{"rendered":"Annual Journal ADHIBENDA"},"content":{"rendered":"<p><a href=\"http:\/\/archiwum.diecezjazg.pl\/index.php\/rocznik-adhibenda\/\">J\u0119zyk polski<\/a><\/p>\n<p><a href=\"http:\/\/archiwum.diecezjazg.pl\/index.php\/rocznik-adhibenda\/annual-journal-adhibenda\/\">J\u0119zyk angielski<\/a><\/p>\n<h1 style=\"text-align: center;\">ADHIBENDA<\/h1>\n<h3 style=\"text-align: center;\">The Annual Journal of the Diocesan Archive in Zielona G\u00f3ra<\/h3>\n<p>&nbsp;<\/p>\n<table>\n<tbody>\n<tr>\n<td>\n<h3><a href=\"http:\/\/archiwum.diecezjazg.pl\/index.php\/rocznik-adhibenda\/current-issue\/\"><strong>Current issue<\/strong><\/a><\/h3>\n<\/td>\n<td>\n<h3><a href=\"http:\/\/archiwum.diecezjazg.pl\/index.php\/rocznik-adhibenda\/archives\/\"><strong>Archives<\/strong><\/a><\/h3>\n<\/td>\n<td>\n<h3><a href=\"http:\/\/archiwum.diecezjazg.pl\/index.php\/rocznik-adhibenda\/editors\/\"><strong>Editors<\/strong><\/a><\/h3>\n<\/td>\n<td>\n<h3><a href=\"http:\/\/archiwum.diecezjazg.pl\/index.php\/rocznik-adhibenda\/how-to-publish\/\"><strong>How to publish<\/strong><\/a><\/h3>\n<\/td>\n<td>\n<h3><a href=\"http:\/\/archiwum.diecezjazg.pl\/index.php\/rocznik-adhibenda\/contact\/\"><strong>Contact<\/strong><\/a><\/h3>\n<\/td>\n<\/tr>\n<\/tbody>\n<\/table>\n<h4 style=\"text-align: left;\">ADHIBENDA&nbsp; is an annual journal published by the Society of Polish Archivists. The journal focuses on research in the fields of archive studies, the history of the Church and other auxiliary sciences of history.<br \/>\n\u201cADHIBENDA\u201d publishes scholarly articles, review articles, reviews and reports, both in Polish and English. The submitted scholarly articles undergo a review procedure based on the principles of the double-blind peer review. Publications are available in both traditional and electronic forms, via a platform. The journal&#8217;s editorial activity is based on the principles of publication ethics defined in the Code of Conduct of the Committee on Publication Ethics (COPE). The journal is indexed on BazHum.<\/h4>\n<h2>The Annual Journal of the Diocesan Archives in Zielona G\u00f3ra ADHIBENDA is indexed on the list of humanities journals<\/h2>\n<p><a href=\"http:\/\/bazhum.pl\/bib\/list\/\"><img loading=\"lazy\" class=\"alignleft wp-image-1895 size-medium\" src=\"http:\/\/serwer1361595.home.pl\/www\/archiwum-site\/wp-content\/uploads\/2017\/08\/bazhum_logo-300x72.png\" alt=\"\" width=\"300\" height=\"72\" srcset=\"https:\/\/archiwum.diecezjazg.pl\/wp-content\/uploads\/2017\/08\/bazhum_logo-300x72.png 300w, https:\/\/archiwum.diecezjazg.pl\/wp-content\/uploads\/2017\/08\/bazhum_logo.png 536w\" sizes=\"(max-width: 300px) 100vw, 300px\" \/><\/a><\/p>\n<p>&nbsp;<\/p>\n<p>&nbsp;<\/p>\n<p>&nbsp;<\/p>\n","protected":false},"excerpt":{"rendered":"<p>J\u0119zyk polski J\u0119zyk angielski ADHIBENDA The Annual Journal of the Diocesan Archive in Zielona G\u00f3ra &nbsp; Current issue Archives Editors How to publish Contact ADHIBENDA&nbsp; is an annual journal published by the Society of Polish Archivists. The journal focuses on research in the fields of archive studies, the history of the Church and other auxiliary&#8230;<\/p>\n<p class=\"more-link\"><a href=\"https:\/\/archiwum.diecezjazg.pl\/index.php\/rocznik-adhibenda\/annual-journal-adhibenda\/\"><span>Czytaj wi\u0119cej<\/span><i>&#43;<\/i><\/a><\/p>\n","protected":false},"author":1,"featured_media":0,"parent":49,"menu_order":0,"comment_status":"closed","ping_status":"closed","template":"","meta":{"ngg_post_thumbnail":0},"_links":{"self":[{"href":"https:\/\/archiwum.diecezjazg.pl\/index.php\/wp-json\/wp\/v2\/pages\/2088"}],"collection":[{"href":"https:\/\/archiwum.diecezjazg.pl\/index.php\/wp-json\/wp\/v2\/pages"}],"about":[{"href":"https:\/\/archiwum.diecezjazg.pl\/index.php\/wp-json\/wp\/v2\/types\/page"}],"author":[{"embeddable":true,"href":"https:\/\/archiwum.diecezjazg.pl\/index.php\/wp-json\/wp\/v2\/users\/1"}],"replies":[{"embeddable":true,"href":"https:\/\/archiwum.diecezjazg.pl\/index.php\/wp-json\/wp\/v2\/comments?post=2088"}],"version-history":[{"count":7,"href":"https:\/\/archiwum.diecezjazg.pl\/index.php\/wp-json\/wp\/v2\/pages\/2088\/revisions"}],"predecessor-version":[{"id":2885,"href":"https:\/\/archiwum.diecezjazg.pl\/index.php\/wp-json\/wp\/v2\/pages\/2088\/revisions\/2885"}],"up":[{"embeddable":true,"href":"https:\/\/archiwum.diecezjazg.pl\/index.php\/wp-json\/wp\/v2\/pages\/49"}],"wp:attachment":[{"href":"https:\/\/archiwum.diecezjazg.pl\/index.php\/wp-json\/wp\/v2\/media?parent=2088"}],"curies":[{"name":"wp","href":"https:\/\/api.w.org\/{rel}","templated":true}]}}