{"id":2045,"date":"2020-09-14T00:05:40","date_gmt":"2020-09-13T22:05:40","guid":{"rendered":"http:\/\/www.archiwum.diecezjazg.pl\/?page_id=2045"},"modified":"2020-09-14T00:33:10","modified_gmt":"2020-09-13T22:33:10","slug":"polityka-prywatnosci","status":"publish","type":"page","link":"https:\/\/archiwum.diecezjazg.pl\/index.php\/rocznik-adhibenda\/polityka-prywatnosci\/","title":{"rendered":"Polityka prywatno\u015bci"},"content":{"rendered":"<p><a href=\"http:\/\/www.archiwum.diecezjazg.pl\/index.php\/rocznik-adhibenda\/\">J\u0119zyk polski<\/a><\/p>\n<p>J\u0119zyk angielski<\/p>\n<h1 style=\"text-align: center;\">ADHIBENDA<\/h1>\n<h3 style=\"text-align: center;\">Rocznik Archiwum Diecezji w Zielonej G\u00f3rze<\/h3>\n<p>&nbsp;<\/p>\n<table>\n<tbody>\n<tr>\n<td>\n<h3><a href=\"http:\/\/www.archiwum.diecezjazg.pl\/index.php\/rocznik-adhibenda\/pl_adhibenda_aktualny\/\"><strong>Aktualny numer<\/strong><\/a><\/h3>\n<\/td>\n<td>\n<h3><a href=\"http:\/\/www.archiwum.diecezjazg.pl\/index.php\/rocznik-adhibenda\/pl_adhibenda_archiwum\/\"><strong>Archiwum<\/strong><\/a><\/h3>\n<\/td>\n<td>\n<h3><a href=\"http:\/\/www.archiwum.diecezjazg.pl\/index.php\/pl_adhibenda_oczasopismie\/\"><strong>O czasopi\u015bmie<\/strong><\/a><\/h3>\n<\/td>\n<td>\n<h3><a href=\"http:\/\/www.archiwum.diecezjazg.pl\/index.php\/rocznik-adhibenda\/pl_adhibenda_przesylanie\/\"><strong>Przesy\u0142anie tekstu<\/strong><\/a><\/h3>\n<\/td>\n<td>\n<h3><a href=\"http:\/\/www.archiwum.diecezjazg.pl\/index.php\/rocznik-adhibenda\/pl_adhibenda_kontakt\/\"><strong>Kontakt<\/strong><\/a><\/h3>\n<\/td>\n<\/tr>\n<\/tbody>\n<\/table>\n<p style=\"text-align: left;\"><strong><span style=\"font-size: medium; color: #000000;\">Polityka prywatno\u015bci<\/span><\/strong><\/p>\n<p style=\"text-align: left;\"><span style=\"font-size: medium; color: #000000;\">Klauzula informacyjna dotycz\u0105ca zbierania danych osobowych autor\u00f3w i recenzent\u00f3w czasopisma naukowego &#8222;Adhibenda&#8221;<\/span><\/p>\n<p style=\"text-align: left;\"><span style=\"font-size: medium; color: #000000;\">Zgodnie z art. 13 ust. 1 i 2 i art. 14 ust. 1 i 2 Rozporz\u0105dzenia Parlamentu Europejskiego i Rady (UE) 2016\/679 z dnia 27 kwietnia 2016 r. w sprawie ochrony os\u00f3b fizycznych w zwi\u0105zku z przetwarzaniem danych osobowych i w sprawie swobodnego przep\u0142ywu takich danych oraz uchylenia dyrektywy 95\/46\/WE [RODO], informujemy, \u017ce:<\/span><\/p>\n<p style=\"text-align: left;\"><span style=\"font-size: medium; color: #000000;\">1. Administratorem danych osobowych autor\u00f3w i recenzent\u00f3w jest Archiwum Diecezjalne w Zielonej G\u00f3rze, os. Kaszubskie 8, 65-548 Zielona G\u00f3ra, tel. 666 028 237,<\/span><\/p>\n<p style=\"text-align: left;\"><span style=\"font-size: medium; color: #000000;\">www.archiwum.diecezjazg.pl<\/span><\/p>\n<p style=\"text-align: left;\"><span style=\"font-size: medium; color: #000000;\">2. Administrator wyznaczy\u0142 Diecezjalnego Inspektora Ochrony Danych, z kt\u00f3rym mo\u017cna si\u0119 skontaktowa\u0107 w sprawach ochrony swoich danych osobowych telefonicznie tel. 797 977 232.<\/span><\/p>\n<p style=\"text-align: left;\"><span style=\"font-size: medium; color: #000000;\">3. Pani\/Pana dane osobowe przetwarzane s\u0105 w celu wykonywania zada\u0144 zwi\u0105zanych z recenzowaniem artyku\u0142\u00f3w naukowych, wydawaniem artyku\u0142\u00f3w naukowych, ich publikacj\u0105 i rozpowszechnianiem oraz kontakt z autorami i recenzentami,<\/span><\/p>\n<p style=\"text-align: left;\"><span style=\"font-size: medium; color: #000000;\">4. Pani\/Pana dane osobowe, takie jak: imi\u0119 i nazwisko, numer telefonu, numer emaila przetwarzane s\u0105 na podstawie art. 6 ust. 1 lit. a (zgoda osoby).<\/span><\/p>\n<p style=\"text-align: left;\"><span style=\"font-size: medium; color: #000000;\">5. Odbiorcami Pani\/Pana danych s\u0105 upowa\u017cnieni pracownicy Archiwum Diecezjalnego oraz inne podmioty, kt\u00f3rym Administrator powierzy\u0142 dane osobowe.<\/span><\/p>\n<p style=\"text-align: left;\"><span style=\"font-size: medium; color: #000000;\">6. Pani\/Pana dane osobowe nie b\u0119d\u0105 przekazywane do pa\u0144stw trzecich lub organizacji mi\u0119dzynarodowych.<\/span><\/p>\n<p style=\"text-align: left;\"><span style=\"font-size: medium; color: #000000;\">7. Pani\/Pana dane osobowe b\u0119d\u0105 przetwarzane na podstawie przepis\u00f3w prawa, przez okres niezb\u0119dny do realizacji cel\u00f3w przetwarzania.<\/span><\/p>\n<p style=\"text-align: left;\"><span style=\"font-size: medium; color: #000000;\">8. Przys\u0142uguje Pani\/Panu prawo:<\/span><\/p>\n<p style=\"text-align: left;\"><span style=\"font-size: medium; color: #000000;\">a. dost\u0119pu do swoich danych oraz otrzymania ich kopii;<\/span><\/p>\n<p style=\"text-align: left;\"><span style=\"font-size: medium; color: #000000;\">b. sprostowania (poprawiania) swoich danych osobowych;<\/span><\/p>\n<p style=\"text-align: left;\"><span style=\"font-size: medium; color: #000000;\">c. ograniczenia przetwarzania danych osobowych;<\/span><\/p>\n<p style=\"text-align: left;\"><span style=\"font-size: medium; color: #000000;\">d. usuni\u0119cia danych osobowych;<\/span><\/p>\n<p style=\"text-align: left;\"><span style=\"font-size: medium; color: #000000;\">e. wniesienia skargi do Prezes UODO (na adres Urz\u0119du Ochrony Danych Osobowych, ul. Stawki 2, 00 &#8211; 193 Warszawa).<\/span><\/p>\n<p style=\"text-align: left;\"><span style=\"font-size: medium; color: #000000;\">9. Je\u017celi przetwarzanie odbywa si\u0119 na podstawie art.6 ust.1 lit. a lub art.9 ust.2 lit a RODO (zgoda osoby), przys\u0142uguje Pani\/Panu prawo do cofni\u0119cia zgody w dowolnym momencie bez wp\u0142ywu na zgodno\u015b\u0107 z prawem przetwarzania, kt\u00f3rego dokonano na podstawie zgody przed jej cofni\u0119ciem. O\u015bwiadczenie o cofni\u0119ciu zgody na przetwarzanie danych osobowych wymaga jego z\u0142o\u017cenia w formie pisemnej, na adres Administratora lub elektronicznie<\/span><\/p>\n<p style=\"text-align: left;\"><span style=\"font-size: medium; color: #000000;\">797 977 232.<\/span><\/p>\n<p style=\"text-align: left;\"><span style=\"font-size: medium; color: #000000;\">10. Pani\/Pana dane nie b\u0119d\u0105 przetwarzane w spos\u00f3b zautomatyzowany, w tym r\u00f3wnie\u017c w formie profilowania.<\/span><\/p>\n<p>&nbsp;<\/p>\n","protected":false},"excerpt":{"rendered":"<p>J\u0119zyk polski J\u0119zyk angielski ADHIBENDA Rocznik Archiwum Diecezji w Zielonej G\u00f3rze &nbsp; Aktualny numer Archiwum O czasopi\u015bmie Przesy\u0142anie tekstu Kontakt Polityka prywatno\u015bci Klauzula informacyjna dotycz\u0105ca zbierania danych osobowych autor\u00f3w i recenzent\u00f3w czasopisma naukowego &#8222;Adhibenda&#8221; Zgodnie z art. 13 ust. 1 i 2 i art. 14 ust. 1 i 2 Rozporz\u0105dzenia Parlamentu Europejskiego i Rady (UE)&#8230;<\/p>\n<p class=\"more-link\"><a href=\"https:\/\/archiwum.diecezjazg.pl\/index.php\/rocznik-adhibenda\/polityka-prywatnosci\/\"><span>Czytaj wi\u0119cej<\/span><i>&#43;<\/i><\/a><\/p>\n","protected":false},"author":1,"featured_media":0,"parent":49,"menu_order":0,"comment_status":"closed","ping_status":"closed","template":"","meta":{"ngg_post_thumbnail":0},"_links":{"self":[{"href":"https:\/\/archiwum.diecezjazg.pl\/index.php\/wp-json\/wp\/v2\/pages\/2045"}],"collection":[{"href":"https:\/\/archiwum.diecezjazg.pl\/index.php\/wp-json\/wp\/v2\/pages"}],"about":[{"href":"https:\/\/archiwum.diecezjazg.pl\/index.php\/wp-json\/wp\/v2\/types\/page"}],"author":[{"embeddable":true,"href":"https:\/\/archiwum.diecezjazg.pl\/index.php\/wp-json\/wp\/v2\/users\/1"}],"replies":[{"embeddable":true,"href":"https:\/\/archiwum.diecezjazg.pl\/index.php\/wp-json\/wp\/v2\/comments?post=2045"}],"version-history":[{"count":4,"href":"https:\/\/archiwum.diecezjazg.pl\/index.php\/wp-json\/wp\/v2\/pages\/2045\/revisions"}],"predecessor-version":[{"id":2071,"href":"https:\/\/archiwum.diecezjazg.pl\/index.php\/wp-json\/wp\/v2\/pages\/2045\/revisions\/2071"}],"up":[{"embeddable":true,"href":"https:\/\/archiwum.diecezjazg.pl\/index.php\/wp-json\/wp\/v2\/pages\/49"}],"wp:attachment":[{"href":"https:\/\/archiwum.diecezjazg.pl\/index.php\/wp-json\/wp\/v2\/media?parent=2045"}],"curies":[{"name":"wp","href":"https:\/\/api.w.org\/{rel}","templated":true}]}}