{"id":2044,"date":"2020-09-14T00:05:34","date_gmt":"2020-09-13T22:05:34","guid":{"rendered":"http:\/\/www.archiwum.diecezjazg.pl\/?page_id=2044"},"modified":"2020-12-14T09:36:09","modified_gmt":"2020-12-14T08:36:09","slug":"etyka-wydawnicza","status":"publish","type":"page","link":"https:\/\/archiwum.diecezjazg.pl\/index.php\/rocznik-adhibenda\/etyka-wydawnicza\/","title":{"rendered":"Etyka wydawnicza"},"content":{"rendered":"<p><a href=\"http:\/\/www.archiwum.diecezjazg.pl\/index.php\/rocznik-adhibenda\/\">J\u0119zyk polski<\/a><\/p>\n<p>J\u0119zyk angielski<\/p>\n<h1 style=\"text-align: center;\">ADHIBENDA<\/h1>\n<h3 style=\"text-align: center;\">Rocznik Archiwum Diecezji w Zielonej G\u00f3rze<\/h3>\n<p>&nbsp;<\/p>\n<table>\n<tbody>\n<tr>\n<td>\n<h3><a href=\"http:\/\/www.archiwum.diecezjazg.pl\/index.php\/rocznik-adhibenda\/pl_adhibenda_aktualny\/\"><strong>Aktualny numer<\/strong><\/a><\/h3>\n<\/td>\n<td>\n<h3><a href=\"http:\/\/www.archiwum.diecezjazg.pl\/index.php\/rocznik-adhibenda\/pl_adhibenda_archiwum\/\"><strong>Archiwum<\/strong><\/a><\/h3>\n<\/td>\n<td>\n<h3><a href=\"http:\/\/www.archiwum.diecezjazg.pl\/index.php\/pl_adhibenda_oczasopismie\/\"><strong>O czasopi\u015bmie<\/strong><\/a><\/h3>\n<\/td>\n<td>\n<h3><a href=\"http:\/\/www.archiwum.diecezjazg.pl\/index.php\/rocznik-adhibenda\/pl_adhibenda_przesylanie\/\"><strong>Przesy\u0142anie tekstu<\/strong><\/a><\/h3>\n<\/td>\n<td>\n<h3><a href=\"http:\/\/www.archiwum.diecezjazg.pl\/index.php\/rocznik-adhibenda\/pl_adhibenda_kontakt\/\"><strong>Kontakt<\/strong><\/a><\/h3>\n<\/td>\n<\/tr>\n<\/tbody>\n<\/table>\n<p style=\"text-align: left;\" align=\"center\"><span style=\"font-family: Times New Roman, serif; color: #000000;\"><span style=\"font-size: medium;\"><b><span style=\"font-family: Calibri, sans-serif;\">Etyka wydawnicza<\/span><\/b><\/span><\/span><\/p>\n<p style=\"text-align: left;\" align=\"justify\"><span style=\"font-family: Calibri, sans-serif; color: #000000;\"><span style=\"font-size: medium;\">Dzia\u0142alno\u015b\u0107 redakcyjna czasopisma \u201eADHIBENDA\u201d bazuje na zasadach etyki wydawniczej okre\u015blonych w Kodeksie Post\u0119powania Komitetu ds. Etyki Publikacyjnej (Committee on Publication Ethics \u00ad\u2013 COPE).<\/span><\/span><\/p>\n<p style=\"text-align: left;\"><span style=\"font-family: Times New Roman, serif; color: #000000;\"><span style=\"font-size: medium;\"><b><span style=\"font-family: Calibri, sans-serif;\">Autorzy<\/span><\/b><\/span><\/span><\/p>\n<p style=\"text-align: left;\" align=\"justify\"><span style=\"font-family: Times New Roman, serif; color: #000000;\"><span style=\"font-size: medium;\"><span style=\"font-family: Calibri, sans-serif;\">Autorzy zg\u0142aszaj\u0105 teksty przygotowane zgodnie z instrukcj\u0105 wydawnicz\u0105 zamieszczon\u0105 na stronie internetowej czasopisma. Zg\u0142aszane przez autor\u00f3w teksty stanowi\u0105 oryginalny wytw\u00f3r ich w\u0142asnej pracy naukowej, zawieraj\u0105 prawdziwe dane, nie zosta\u0142y wcze\u015bniej opublikowane, nie podlegaj\u0105 procedurze wydawniczej w innym czasopi\u015bmie oraz wolne s\u0105 od zagra\u017caj\u0105cych etyce wydawniczej zjawiskom <\/span><em><span style=\"font-family: Calibri, sans-serif;\">ghostwriting<\/span><\/em><span style=\"font-family: Calibri, sans-serif;\"> i <\/span><em><span style=\"font-family: Calibri, sans-serif;\">guest authorship<\/span><\/em><span style=\"font-family: Calibri, sans-serif;\">. Autorzy uczestnicz\u0105 w procesie recenzowania na zasadach <\/span><em><span style=\"font-family: Calibri, sans-serif;\">double-blind<\/span><\/em> <em><span style=\"font-family: Calibri, sans-serif;\">peer review<\/span><\/em><span style=\"font-family: Calibri, sans-serif;\"> oraz dokonuj\u0105 sugerowanych przez recenzent\u00f3w zmian w tek\u015bcie. W sytuacjach spornych autorzy mog\u0105 odwo\u0142a\u0107 si\u0119 do redakcji z w\u0142asnymi uwagami lub wycofa\u0107 artyku\u0142.<\/span><\/span><\/span><\/p>\n<p style=\"text-align: left;\"><span style=\"font-family: Times New Roman, serif; color: #000000;\"><span style=\"font-size: medium;\"><b><span style=\"font-family: Calibri, sans-serif;\">Recenzenci<\/span><\/b><\/span><\/span><\/p>\n<p style=\"text-align: left;\" align=\"justify\"><span style=\"font-family: Calibri, sans-serif; color: #000000;\"><span style=\"font-size: medium;\">Recenzenci dysponuj\u0105 niezb\u0119dn\u0105 wiedz\u0105 do przygotowania recenzji powierzonych im tekst\u00f3w. Recenzje sporz\u0105dzane s\u0105 w spos\u00f3b obiektywny i zrozumia\u0142y przy pomocy formularza zamieszczonego na stronie internetowej czasopisma. Recenzenci zobowi\u0105zani s\u0105 traktowa\u0107 powierzone teksty w spos\u00f3b poufny oraz nie mog\u0105 wykorzystywa\u0107 zawartych w nich informacji do osi\u0105gania korzy\u015bci w\u0142asnych b\u0105d\u017a innych.<\/span><\/span><\/p>\n<p style=\"text-align: left;\"><span style=\"font-family: Calibri, sans-serif; color: #000000;\"><span style=\"font-size: medium;\"><b><span style=\"font-family: Calibri, sans-serif;\">Zesp\u00f3\u0142 Redakcyjny<\/span><\/b><\/span><\/span><\/p>\n<p style=\"text-align: left;\" align=\"justify\"><span style=\"font-family: Calibri, sans-serif; color: #000000;\"><span style=\"font-size: medium;\">Zesp\u00f3\u0142 Redakcyjny publikuje obowi\u0105zuj\u0105ce instrukcje zwi\u0105zane z prac\u0105 redakcyjn\u0105, dokonuje stara\u0144 na rzecz podnoszenia jako\u015bci czasopisma oraz wspiera pluralizm i wolno\u015b\u0107 wypowiedzi na p\u0142aszczy\u017anie naukowej.<\/span><\/span><\/p>\n<p style=\"text-align: left;\"><span style=\"font-family: Calibri, sans-serif; color: #000000;\"><span style=\"font-size: medium;\"><b><span style=\"font-family: Calibri, sans-serif;\">Zabezpiecze\u0144 przed &#8222;ghostwriting&#8221; i &#8222;guest authorship&#8221;<\/span><\/b><\/span><\/span><\/p>\n<p style=\"text-align: left;\" align=\"justify\"><span style=\"font-family: Calibri, sans-serif; color: #000000;\"><span style=\"font-size: medium;\">Redakcja rocznika \u201eADHIBENDA&#8221; przestrzega i stosuje zalecenia Ministerstwa Nauki i Szkolnictwa Wy\u017cszego dotycz\u0105ce zabezpieczenia przed &#8222;ghostwriting&#8221; (nieujawnionym autorstwem lub wsp\u00f3\u0142autorstwem artyku\u0142u) i &#8222;guest authorship&#8221; (pozornym autorstwem lub wsp\u00f3\u0142autorstwem artyku\u0142u), kt\u00f3re s\u0105 traktowane jako nierzetelno\u015b\u0107 naukow\u0105. Pojawienie si\u0119 tego typu przypadk\u00f3w redakcja b\u0119dzie ujawnia\u0107, przekazuj\u0105c stosowne informacje do odpowiednich instytucji.<\/span><\/span><\/p>\n","protected":false},"excerpt":{"rendered":"<p>J\u0119zyk polski J\u0119zyk angielski ADHIBENDA Rocznik Archiwum Diecezji w Zielonej G\u00f3rze &nbsp; Aktualny numer Archiwum O czasopi\u015bmie Przesy\u0142anie tekstu Kontakt Etyka wydawnicza Dzia\u0142alno\u015b\u0107 redakcyjna czasopisma \u201eADHIBENDA\u201d bazuje na zasadach etyki wydawniczej okre\u015blonych w Kodeksie Post\u0119powania Komitetu ds. Etyki Publikacyjnej (Committee on Publication Ethics \u00ad\u2013 COPE). Autorzy Autorzy zg\u0142aszaj\u0105 teksty przygotowane zgodnie z instrukcj\u0105 wydawnicz\u0105 zamieszczon\u0105&#8230;<\/p>\n<p class=\"more-link\"><a href=\"https:\/\/archiwum.diecezjazg.pl\/index.php\/rocznik-adhibenda\/etyka-wydawnicza\/\"><span>Czytaj wi\u0119cej<\/span><i>&#43;<\/i><\/a><\/p>\n","protected":false},"author":1,"featured_media":0,"parent":49,"menu_order":0,"comment_status":"closed","ping_status":"closed","template":"","meta":{"ngg_post_thumbnail":0},"_links":{"self":[{"href":"https:\/\/archiwum.diecezjazg.pl\/index.php\/wp-json\/wp\/v2\/pages\/2044"}],"collection":[{"href":"https:\/\/archiwum.diecezjazg.pl\/index.php\/wp-json\/wp\/v2\/pages"}],"about":[{"href":"https:\/\/archiwum.diecezjazg.pl\/index.php\/wp-json\/wp\/v2\/types\/page"}],"author":[{"embeddable":true,"href":"https:\/\/archiwum.diecezjazg.pl\/index.php\/wp-json\/wp\/v2\/users\/1"}],"replies":[{"embeddable":true,"href":"https:\/\/archiwum.diecezjazg.pl\/index.php\/wp-json\/wp\/v2\/comments?post=2044"}],"version-history":[{"count":9,"href":"https:\/\/archiwum.diecezjazg.pl\/index.php\/wp-json\/wp\/v2\/pages\/2044\/revisions"}],"predecessor-version":[{"id":2274,"href":"https:\/\/archiwum.diecezjazg.pl\/index.php\/wp-json\/wp\/v2\/pages\/2044\/revisions\/2274"}],"up":[{"embeddable":true,"href":"https:\/\/archiwum.diecezjazg.pl\/index.php\/wp-json\/wp\/v2\/pages\/49"}],"wp:attachment":[{"href":"https:\/\/archiwum.diecezjazg.pl\/index.php\/wp-json\/wp\/v2\/media?parent=2044"}],"curies":[{"name":"wp","href":"https:\/\/api.w.org\/{rel}","templated":true}]}}