{"id":2042,"date":"2020-09-14T00:05:20","date_gmt":"2020-09-13T22:05:20","guid":{"rendered":"http:\/\/www.archiwum.diecezjazg.pl\/?page_id=2042"},"modified":"2021-09-22T11:28:58","modified_gmt":"2021-09-22T09:28:58","slug":"rada-naukowa","status":"publish","type":"page","link":"https:\/\/archiwum.diecezjazg.pl\/index.php\/rocznik-adhibenda\/rada-naukowa\/","title":{"rendered":"Rada naukowa"},"content":{"rendered":"<p><a href=\"http:\/\/www.archiwum.diecezjazg.pl\/index.php\/rocznik-adhibenda\/\">J\u0119zyk polski<\/a><\/p>\n<p>J\u0119zyk angielski<\/p>\n<h1 style=\"text-align: center;\">ADHIBENDA<\/h1>\n<h3 style=\"text-align: center;\">Rocznik Archiwum Diecezji w Zielonej G\u00f3rze<\/h3>\n<p>&nbsp;<\/p>\n<table>\n<tbody>\n<tr>\n<td>\n<h3><a href=\"http:\/\/www.archiwum.diecezjazg.pl\/index.php\/rocznik-adhibenda\/pl_adhibenda_aktualny\/\"><strong>Aktualny numer<\/strong><\/a><\/h3>\n<\/td>\n<td>\n<h3><a href=\"http:\/\/www.archiwum.diecezjazg.pl\/index.php\/rocznik-adhibenda\/pl_adhibenda_archiwum\/\"><strong>Archiwum<\/strong><\/a><\/h3>\n<\/td>\n<td>\n<h3><a href=\"http:\/\/www.archiwum.diecezjazg.pl\/index.php\/pl_adhibenda_oczasopismie\/\"><strong>O czasopi\u015bmie<\/strong><\/a><\/h3>\n<\/td>\n<td>\n<h3><a href=\"http:\/\/www.archiwum.diecezjazg.pl\/index.php\/rocznik-adhibenda\/pl_adhibenda_przesylanie\/\"><strong>Przesy\u0142anie tekstu<\/strong><\/a><\/h3>\n<\/td>\n<td>\n<h3><a href=\"http:\/\/www.archiwum.diecezjazg.pl\/index.php\/rocznik-adhibenda\/pl_adhibenda_kontakt\/\"><strong>Kontakt<\/strong><\/a><\/h3>\n<\/td>\n<\/tr>\n<\/tbody>\n<\/table>\n<h3 style=\"text-align: left;\">RADA NAUKOWA<\/h3>\n<h4>dr hab. Maria D\u0119bowska (ABMK Lublin)<\/h4>\n<h4>dr Tadeusz Dzwonkowski (AP Zielona G\u00f3ra)<\/h4>\n<h4>ks. dr hab. Adam Kalbarczyk (WTUAM Pozna\u0144)<\/h4>\n<h4>dr hab. Joanna Karczewska (UZ Zielona G\u00f3ra)<\/h4>\n<h4>bp dr hab. Jan Kopiec (Gliwice)<\/h4>\n<h4>bp dr hab. Mariusz Leszczy\u0144ski (Zamo\u015b\u0107)<\/h4>\n<h4>o. prof. dr hab. Piotr Neumann OCD (WTUAM)<\/h4>\n<h4>dr hab. Jerzy Pietrzak prof. dr hab. Roland Prejs OFMCap (KUL Lublin)<\/h4>\n<h4>dr hab. Dariusz A. Rymar (AP Gorz\u00f3w Wlkp.)<\/h4>\n<h4>ks. dr hab. Grzegorz Wejman (WTU Szczecin)<\/h4>\n","protected":false},"excerpt":{"rendered":"<p>J\u0119zyk polski J\u0119zyk angielski ADHIBENDA Rocznik Archiwum Diecezji w Zielonej G\u00f3rze &nbsp; Aktualny numer Archiwum O czasopi\u015bmie Przesy\u0142anie tekstu Kontakt RADA NAUKOWA dr hab. Maria D\u0119bowska (ABMK Lublin) dr Tadeusz Dzwonkowski (AP Zielona G\u00f3ra) ks. dr hab. Adam Kalbarczyk (WTUAM Pozna\u0144) dr hab. Joanna Karczewska (UZ Zielona G\u00f3ra) bp dr hab. Jan Kopiec (Gliwice) bp&#8230;<\/p>\n<p class=\"more-link\"><a href=\"https:\/\/archiwum.diecezjazg.pl\/index.php\/rocznik-adhibenda\/rada-naukowa\/\"><span>Czytaj wi\u0119cej<\/span><i>&#43;<\/i><\/a><\/p>\n","protected":false},"author":1,"featured_media":0,"parent":49,"menu_order":0,"comment_status":"closed","ping_status":"closed","template":"","meta":{"ngg_post_thumbnail":0},"_links":{"self":[{"href":"https:\/\/archiwum.diecezjazg.pl\/index.php\/wp-json\/wp\/v2\/pages\/2042"}],"collection":[{"href":"https:\/\/archiwum.diecezjazg.pl\/index.php\/wp-json\/wp\/v2\/pages"}],"about":[{"href":"https:\/\/archiwum.diecezjazg.pl\/index.php\/wp-json\/wp\/v2\/types\/page"}],"author":[{"embeddable":true,"href":"https:\/\/archiwum.diecezjazg.pl\/index.php\/wp-json\/wp\/v2\/users\/1"}],"replies":[{"embeddable":true,"href":"https:\/\/archiwum.diecezjazg.pl\/index.php\/wp-json\/wp\/v2\/comments?post=2042"}],"version-history":[{"count":5,"href":"https:\/\/archiwum.diecezjazg.pl\/index.php\/wp-json\/wp\/v2\/pages\/2042\/revisions"}],"predecessor-version":[{"id":2323,"href":"https:\/\/archiwum.diecezjazg.pl\/index.php\/wp-json\/wp\/v2\/pages\/2042\/revisions\/2323"}],"up":[{"embeddable":true,"href":"https:\/\/archiwum.diecezjazg.pl\/index.php\/wp-json\/wp\/v2\/pages\/49"}],"wp:attachment":[{"href":"https:\/\/archiwum.diecezjazg.pl\/index.php\/wp-json\/wp\/v2\/media?parent=2042"}],"curies":[{"name":"wp","href":"https:\/\/api.w.org\/{rel}","templated":true}]}}