{"id":2041,"date":"2020-09-14T00:05:11","date_gmt":"2020-09-13T22:05:11","guid":{"rendered":"http:\/\/www.archiwum.diecezjazg.pl\/?page_id=2041"},"modified":"2026-03-17T10:40:55","modified_gmt":"2026-03-17T09:40:55","slug":"redakcja","status":"publish","type":"page","link":"https:\/\/archiwum.diecezjazg.pl\/index.php\/rocznik-adhibenda\/redakcja\/","title":{"rendered":"Redakcja"},"content":{"rendered":"<p><a href=\"http:\/\/www.archiwum.diecezjazg.pl\/index.php\/rocznik-adhibenda\/\">J\u0119zyk polski<\/a><\/p>\n<p>J\u0119zyk angielski<\/p>\n<h1 style=\"text-align: center;\">ADHIBENDA<\/h1>\n<h3 style=\"text-align: center;\">Rocznik Archiwum Diecezji w Zielonej G\u00f3rze<\/h3>\n<p>&nbsp;<\/p>\n<table>\n<tbody>\n<tr>\n<td>\n<h3><a href=\"http:\/\/www.archiwum.diecezjazg.pl\/index.php\/rocznik-adhibenda\/pl_adhibenda_aktualny\/\"><strong>Aktualny numer<\/strong><\/a><\/h3>\n<\/td>\n<td>\n<h3><a href=\"http:\/\/www.archiwum.diecezjazg.pl\/index.php\/rocznik-adhibenda\/pl_adhibenda_archiwum\/\"><strong>Archiwum<\/strong><\/a><\/h3>\n<\/td>\n<td>\n<h3><a href=\"http:\/\/www.archiwum.diecezjazg.pl\/index.php\/pl_adhibenda_oczasopismie\/\"><strong>O czasopi\u015bmie<\/strong><\/a><\/h3>\n<\/td>\n<td>\n<h3><a href=\"http:\/\/www.archiwum.diecezjazg.pl\/index.php\/rocznik-adhibenda\/pl_adhibenda_przesylanie\/\"><strong>Przesy\u0142anie tekstu<\/strong><\/a><\/h3>\n<\/td>\n<td>\n<h3><a href=\"http:\/\/www.archiwum.diecezjazg.pl\/index.php\/rocznik-adhibenda\/pl_adhibenda_kontakt\/\"><strong>Kontakt<\/strong><\/a><\/h3>\n<\/td>\n<\/tr>\n<\/tbody>\n<\/table>\n<h3><strong>ZESP\u00d3\u0141 REDAKCYJNY<\/strong><\/h3>\n<h3>ks. prof. dr hab. Robert R. Kufel (ADZG) \u2013 redaktor naczelny<\/h3>\n<h3>Beata Mykiet\u00f3w (ADZG) \u2013 zast\u0119pca redaktora naczelnego<\/h3>\n<h3>prof. UZ dr hab. Leszek Jazownik (UZ)<\/h3>\n<h3>ks. prof. US dr hab. Jan Radkiewicz (US)<\/h3>\n<h3>dr Krzysztof Garbacz (NID)<\/h3>\n<h3>dr Juliusz Sikorski (AJP)<\/h3>\n<h3>ks. dr Adrian Put<\/h3>\n<h3>ks. dr Tomasz Tr\u0119bacz<\/h3>\n<h3>dr in\u017c. Marek Wr\u00f3blewski (UZ)<\/h3>\n","protected":false},"excerpt":{"rendered":"<p>J\u0119zyk polski J\u0119zyk angielski ADHIBENDA Rocznik Archiwum Diecezji w Zielonej G\u00f3rze &nbsp; Aktualny numer Archiwum O czasopi\u015bmie Przesy\u0142anie tekstu Kontakt ZESP\u00d3\u0141 REDAKCYJNY ks. prof. dr hab. Robert R. Kufel (ADZG) \u2013 redaktor naczelny Beata Mykiet\u00f3w (ADZG) \u2013 zast\u0119pca redaktora naczelnego prof. UZ dr hab. Leszek Jazownik (UZ) ks. prof. US dr hab. Jan Radkiewicz (US)&#8230;<\/p>\n<p class=\"more-link\"><a href=\"https:\/\/archiwum.diecezjazg.pl\/index.php\/rocznik-adhibenda\/redakcja\/\"><span>Czytaj wi\u0119cej<\/span><i>&#43;<\/i><\/a><\/p>\n","protected":false},"author":1,"featured_media":0,"parent":49,"menu_order":0,"comment_status":"closed","ping_status":"closed","template":"","meta":{"ngg_post_thumbnail":0},"_links":{"self":[{"href":"https:\/\/archiwum.diecezjazg.pl\/index.php\/wp-json\/wp\/v2\/pages\/2041"}],"collection":[{"href":"https:\/\/archiwum.diecezjazg.pl\/index.php\/wp-json\/wp\/v2\/pages"}],"about":[{"href":"https:\/\/archiwum.diecezjazg.pl\/index.php\/wp-json\/wp\/v2\/types\/page"}],"author":[{"embeddable":true,"href":"https:\/\/archiwum.diecezjazg.pl\/index.php\/wp-json\/wp\/v2\/users\/1"}],"replies":[{"embeddable":true,"href":"https:\/\/archiwum.diecezjazg.pl\/index.php\/wp-json\/wp\/v2\/comments?post=2041"}],"version-history":[{"count":11,"href":"https:\/\/archiwum.diecezjazg.pl\/index.php\/wp-json\/wp\/v2\/pages\/2041\/revisions"}],"predecessor-version":[{"id":3544,"href":"https:\/\/archiwum.diecezjazg.pl\/index.php\/wp-json\/wp\/v2\/pages\/2041\/revisions\/3544"}],"up":[{"embeddable":true,"href":"https:\/\/archiwum.diecezjazg.pl\/index.php\/wp-json\/wp\/v2\/pages\/49"}],"wp:attachment":[{"href":"https:\/\/archiwum.diecezjazg.pl\/index.php\/wp-json\/wp\/v2\/media?parent=2041"}],"curies":[{"name":"wp","href":"https:\/\/api.w.org\/{rel}","templated":true}]}}