{"id":2012,"date":"2020-09-13T23:37:30","date_gmt":"2020-09-13T21:37:30","guid":{"rendered":"http:\/\/www.archiwum.diecezjazg.pl\/?page_id=2012"},"modified":"2023-11-22T18:43:31","modified_gmt":"2023-11-22T17:43:31","slug":"pl_adhibenda_przesylanie","status":"publish","type":"page","link":"https:\/\/archiwum.diecezjazg.pl\/index.php\/rocznik-adhibenda\/pl_adhibenda_przesylanie\/","title":{"rendered":"Przesy\u0142anie tekstu"},"content":{"rendered":"<p><a href=\"http:\/\/archiwum.diecezjazg.pl\/index.php\/rocznik-adhibenda\/\">J\u0119zyk polski<\/a><\/p>\n<p>J\u0119zyk angielski<\/p>\n<h1 style=\"text-align: center;\">ADHIBENDA<\/h1>\n<h3 style=\"text-align: center;\">Rocznik Archiwum Diecezji w Zielonej G\u00f3rze<\/h3>\n<p>&nbsp;<\/p>\n<table>\n<tbody>\n<tr>\n<td>\n<h3><a href=\"http:\/\/archiwum.diecezjazg.pl\/index.php\/rocznik-adhibenda\/pl_adhibenda_aktualny\/\"><strong>Aktualny numer<\/strong><\/a><\/h3>\n<\/td>\n<td>\n<h3><a href=\"http:\/\/archiwum.diecezjazg.pl\/index.php\/rocznik-adhibenda\/pl_adhibenda_archiwum\/\"><strong>Archiwum<\/strong><\/a><\/h3>\n<\/td>\n<td>\n<h3><a href=\"http:\/\/archiwum.diecezjazg.pl\/index.php\/pl_adhibenda_oczasopismie\/\"><strong>O czasopi\u015bmie<\/strong><\/a><\/h3>\n<\/td>\n<td>\n<h3><a href=\"http:\/\/archiwum.diecezjazg.pl\/index.php\/rocznik-adhibenda\/pl_adhibenda_przesylanie\/\"><strong>Przesy\u0142anie tekstu<\/strong><\/a><\/h3>\n<\/td>\n<td>\n<h3><a href=\"http:\/\/archiwum.diecezjazg.pl\/index.php\/rocznik-adhibenda\/pl_adhibenda_kontakt\/\"><strong>Kontakt<\/strong><\/a><\/h3>\n<\/td>\n<\/tr>\n<\/tbody>\n<\/table>\n<h4><strong><span style=\"color: #000000;\"><a style=\"color: #000000;\" href=\"http:\/\/serwer1361595.home.pl\/www\/archiwum-site\/wp-content\/uploads\/2020\/09\/ZGODA-AUTORA-NA-PUBLIKACJ\u0118.pdf\" target=\"_blank\" rel=\"noopener noreferrer\">ZGODA AUTORA NA PUBLIKACJ\u0118 &#8211; pobierz<\/a><\/span><\/strong><\/h4>\n<h4><strong><span style=\"color: #000000;\"><a style=\"color: #000000;\" href=\"http:\/\/serwer1361595.home.pl\/www\/archiwum-site\/wp-content\/uploads\/2020\/09\/ZGODA-NA-ROZPOWSZECHNIANIE-WIZERUNKU.pdf\" target=\"_blank\" rel=\"noopener noreferrer\">ZGODA NA ROZPOWSZECHNIANIE WIZERUNKU &#8211; pobierz<\/a><\/span><\/strong><\/h4>\n<h4><strong><span style=\"color: #000000;\"><a style=\"color: #000000;\" href=\"http:\/\/serwer1361595.home.pl\/www\/archiwum-site\/wp-content\/uploads\/2020\/09\/ZGODA-NA-WYKORZYSTANIE-FOTOGRAFII.pdf\" target=\"_blank\" rel=\"noopener noreferrer\">ZGODA NA WYKORZYSTANIE FOTOGRAFII &#8211; pobierz<\/a><\/span><\/strong><\/h4>\n<h4><a href=\"http:\/\/serwer1361595.home.pl\/www\/archiwum-site\/wp-content\/uploads\/2020\/09\/AUTORSKIE-ZG\u0141OSZENIE-PROPOZYCJI-WYDAWNICZEJ.pdf\" target=\"_blank\" rel=\"noopener noreferrer\"><span style=\"color: #000000;\"><strong>AUTORSKIE ZG\u0141OSZENIE PROPOZYCJI WYDAWNICZEJ &#8211; pobierz<\/strong><\/span><\/a><\/h4>\n<h4><a href=\"http:\/\/serwer1361595.home.pl\/www\/archiwum-site\/wp-content\/uploads\/2020\/09\/pl-Druk-recenzji.doc\" target=\"_blank\" rel=\"noopener noreferrer\"><span style=\"color: #000000;\"><strong>DRUK RECENZJI &#8211; pobierz<\/strong><\/span><\/a><\/h4>\n<p>&nbsp;<\/p>\n<h3 style=\"text-align: left;\"><span style=\"color: #000000;\"><strong><span style=\"font-family: Calibri, sans-serif;\"><span style=\"font-size: medium;\">Informacje dla autor\u00f3w:<\/span><\/span><\/strong><\/span><\/h3>\n<p style=\"text-align: left;\"><span style=\"font-family: Calibri, sans-serif; color: #000000;\"><span style=\"font-size: medium;\">1. Plik tekstowy \u2013 format DOC (Word 95 lub nowszy)<\/span><\/span><\/p>\n<p style=\"text-align: left;\"><span style=\"font-family: Calibri, sans-serif; color: #000000;\"><span style=\"font-size: medium;\">2. Marginesy: standardowe Word (2,5 cm z obu stron, g\u00f3ry i do\u0142u)<\/span><\/span><\/p>\n<p style=\"text-align: left;\"><span style=\"font-family: Calibri, sans-serif; color: #000000;\"><span style=\"font-size: medium;\">3. Tekst g\u0142\u00f3wny: czcionka Times New Roman, rozmiar czcionki 12, interlinia 1,5, wci\u0119cie akapitowe 1,25 cm. Tekst nale\u017cy wyjustowa\u0107.<\/span><\/span><\/p>\n<p style=\"text-align: left;\"><span style=\"font-family: Calibri, sans-serif; color: #000000;\"><span style=\"font-size: medium;\">4. W przypadku zamieszczenia w artykule rysunk\u00f3w, fotografii, tabel, fragment\u00f3w tekst\u00f3w b\u0119d\u0105cych cudz\u0105 tw\u00f3rczo\u015bci\u0105 autor zobowi\u0105zany jest do wyra\u017anego wskazania \u017ar\u00f3d\u0142a nie tylko w wykazie literatury, lecz tak\u017ce w podpisie pod rysunkiem, tabel\u0105, fotografi\u0105, reprodukcj\u0105 itp.<\/span><\/span><\/p>\n<p style=\"text-align: left;\"><span style=\"font-family: Calibri, sans-serif; color: #000000;\"><span style=\"font-size: medium;\">5. Zamieszczaj\u0105c w artykule cudze rysunki, fotografie, tabele oraz fragmenty tekst\u00f3w o obj\u0119to\u015bci wykraczaj\u0105cej poza dozwolony u\u017cytek, autor artyku\u0142u ma obowi\u0105zek uzyska\u0107 na pi\u015bmie zezwolenie od autora (wydawnictwa) zapo\u017cyczonego fragmentu i przedstawi\u0107 redakcji przygotowuj\u0105cej wydanie Rocznika. Brak zgody autora oraz niepodanie \u017ar\u00f3d\u0142a zapo\u017cyczenia jest naruszeniem praw autorskich i poci\u0105ga za sob\u0105 wszelkie skutki prawne. Postanowienia prawa autorskiego dotycz\u0105 zar\u00f3wno zaczerpni\u0119\u0107 z dzie\u0142 polskich, jak i zagranicznych (Ustawa z dnia 4 luty 1994 r. oprawie autorskim \u2013 Dziennik Ustaw nr 24, poz. 83, art. 34).<\/span><\/span><\/p>\n<p style=\"text-align: left;\"><span style=\"font-family: Calibri, sans-serif; color: #000000;\"><span style=\"font-size: medium;\">6. W przypadku publikacji fotografii przedstawiaj\u0105cych osoby o rozpoznawalnym wizerunku nale\u017cy od tych os\u00f3b uzyska\u0107 na pi\u015bmie zezwolenie na rozpowszechnienie ich wizerunku w Roczniku.<\/span><\/span><\/p>\n<p style=\"text-align: left;\"><span style=\"font-family: Calibri, sans-serif; color: #000000;\"><span style=\"font-size: medium;\">7. Fotografie, rysunki, mapy i tabele prosimy do\u0142\u0105czy\u0107 w formie plik\u00f3w o rozdzielczo\u015bci 300 dpi (lub wi\u0119kszej), zapisanych w formacie tif.<\/span><\/span><\/p>\n<p style=\"text-align: left;\"><span style=\"font-family: Calibri, sans-serif; color: #000000;\"><span style=\"font-size: medium;\">8. Przypisy i tabele nale\u017cy wprowadzi\u0107 czcionk\u0105 11 pkt. Times New Roman. Odst\u0119p mi\u0119dzy liniami nie mo\u017ce by\u0107 mniejszy ni\u017c 1,5.<\/span><\/span><\/p>\n<p style=\"text-align: left;\"><span style=\"font-family: Calibri, sans-serif; color: #000000;\"><span style=\"font-size: medium;\">9. W przypadku tabel \u2013 nie stosujemy pogrubionej czcionki w g\u0142\u00f3wkach; nie wyr\u00f3wnujemy spacjami i tabulatorami danych liczbowych. W danych liczbowych stosujemy przecinek dla oddzielenia warto\u015bci dziesi\u0119tnych.<\/span><\/span><\/p>\n<p style=\"text-align: left;\"><span style=\"font-family: Calibri, sans-serif; color: #000000;\"><span style=\"font-size: medium;\">10. Dopuszczalne s\u0105 jedynie nast\u0119puj\u0105ce typy wyr\u00f3\u017cnie\u0144 w tek\u015bcie: kursy-wa \u2013 dla tytu\u0142\u00f3w publikacji, wyra\u017ce\u0144 obcoj\u0119zycznych oraz dla wyraz\u00f3w i wyra\u017ce\u0144 stanowi\u0105cych przyk\u0142ady, pogrubienie \u2013 dla tytu\u0142\u00f3w, termin\u00f3w i partii tekst\u00f3w wymagaj\u0105cych wyr\u00f3\u017cnienia.<\/span><\/span><\/p>\n<p style=\"text-align: left;\"><span style=\"font-family: Calibri, sans-serif; color: #000000;\"><span style=\"font-size: medium;\">11. Cytaty d\u0142u\u017csze nale\u017cy wydzieli\u0107 z tekstu g\u0142\u00f3wnego i pisa\u0107 od nowego akapitu, bez cudzys\u0142ow\u00f3w, mniejszym ni\u017c tekst g\u0142\u00f3wny stopniem pisma (Times 11).<\/span><\/span><\/p>\n<p style=\"text-align: left;\"><span style=\"font-family: Calibri, sans-serif; color: #000000;\"><span style=\"font-size: medium;\">12. Opuszczenie fragmentu tekstu w cytacie, rozpocz\u0119cie cytatu od \u015brodka zdania lub urwanie cytatu przed ko\u0144cem zdania nale\u017cy zasygnalizowa\u0107 trzema kropkami w nawiasie kwadratowym [&#8230;].<\/span><\/span><\/p>\n<p style=\"text-align: left;\"><span style=\"font-family: Calibri, sans-serif; color: #000000;\"><span style=\"font-size: medium;\">13. Je\u017celi mi\u0119dzy dwiema cz\u0119\u015bciami cytatu opuszczono fragment d\u0142u\u017cszy ni\u017c dwie strony, nale\u017cy traktowa\u0107 taki przypadek jako dwa odr\u0119bne cytaty, uj\u0105\u0107 w osobne cudzys\u0142owy i opatrzy\u0107 w\u0142asnymi odsy\u0142aczami.<\/span><\/span><\/p>\n<p style=\"text-align: left;\"><span style=\"font-family: Calibri, sans-serif; color: #000000;\"><span style=\"font-size: medium;\">14. Ka\u017cdy akapit nale\u017cy zako\u0144czy\u0107 przez naci\u015bni\u0119cie na klawiaturze klawisza \u201eEnter\u201d.<\/span><\/span><\/p>\n<p style=\"text-align: left;\"><span style=\"font-family: Calibri, sans-serif; color: #000000;\"><span style=\"font-size: medium;\">15. Efekt wci\u0119cia akapitowego nale\u017cy osi\u0105gn\u0105\u0107 przez zaprogramowanie wci\u0119cia specjalnego w opcjach formatowania akapitu lub przez wci\u015bni\u0119cie tabulatora. Niedopuszczalne jest stosowanie w tym celu wbicie kilku spacji.<\/span><\/span><\/p>\n<p style=\"text-align: left;\"><span style=\"font-family: Calibri, sans-serif; color: #000000;\"><span style=\"font-size: medium;\">16. Niedopuszczalne jest wyr\u00f3wnywanie tekstu do prawego i lewego marginesu spacjami.<\/span><\/span><\/p>\n<p style=\"text-align: left;\"><span style=\"font-family: Calibri, sans-serif; color: #000000;\"><span style=\"font-size: medium;\">17. Przypisy i bibliografi\u0119 prosimy sporz\u0105dzi\u0107 wed\u0142ug nast\u0119puj\u0105cych przyk\u0142ad\u00f3w:<\/span><\/span><\/p>\n<p>&nbsp;<\/p>\n<p style=\"text-align: left;\"><span style=\"font-family: Calibri, sans-serif; color: #000000;\"><span style=\"font-size: medium;\">D\u0105browski, Dziennik 1914-1918, Krak\u00f3w 1977. M. Klimecki, Pierwsza wojna \u015bwiatowa na ziemi lubelskiej, [w:] Lubelszczyzna w najnowszej historii wojskowej, Tarnobrzeg 1988, s. 112-135. <\/span><\/span><\/p>\n<p style=\"text-align: left;\"><span style=\"font-family: Calibri, sans-serif; color: #000000;\"><span style=\"font-size: medium;\">Mici\u0144ska, Czy istniej\u0105 angielscy intelektuali\u015bci? Problematyka elit intelektualnych w historiografii brytyjskiej, \u201eKultura i Spo\u0142ecze\u0144stwo\u201d, 2\/2000, s. 103. <\/span><\/span><\/p>\n<p style=\"text-align: left;\"><span style=\"font-family: Calibri, sans-serif;\"><span style=\"font-size: medium;\"><span style=\"color: #000000;\">Miku\u0142owski-Pomorski J., Etos warstw spo\u0142ecznych. Inteligencja. Mi\u0119dzy pa\u0144stwem a samodzielnym wyborem,[w:] Kondycja moralna spo\u0142ecze\u0144stwa polskiego, J. Maria\u0144ski (red.), Warszawa 2002, s.43 \u2013 66<\/span> <\/span><\/span><\/p>\n<p>&nbsp;<\/p>\n<p style=\"text-align: left;\"><span style=\"font-family: Calibri, sans-serif;\"><span style=\"font-size: medium;\"><span style=\"color: #000000;\">Poniewa\u017c nie przewiduje si\u0119 korekt autorskich, prosimy ozwr\u00f3cenie szczeg\u00f3lnej uwagi na opracowanie tekstu pod wzgl\u0119dem formy oraz tre\u015bci idostarczanie tekst\u00f3w wwersji uznane za definitywn\u0105.<\/span> <\/span><\/span><\/p>\n","protected":false},"excerpt":{"rendered":"<p>J\u0119zyk polski J\u0119zyk angielski ADHIBENDA Rocznik Archiwum Diecezji w Zielonej G\u00f3rze &nbsp; Aktualny numer Archiwum O czasopi\u015bmie Przesy\u0142anie tekstu Kontakt ZGODA AUTORA NA PUBLIKACJ\u0118 &#8211; pobierz ZGODA NA ROZPOWSZECHNIANIE WIZERUNKU &#8211; pobierz ZGODA NA WYKORZYSTANIE FOTOGRAFII &#8211; pobierz AUTORSKIE ZG\u0141OSZENIE PROPOZYCJI WYDAWNICZEJ &#8211; pobierz DRUK RECENZJI &#8211; pobierz &nbsp; Informacje dla autor\u00f3w: 1. Plik tekstowy&#8230;<\/p>\n<p class=\"more-link\"><a href=\"https:\/\/archiwum.diecezjazg.pl\/index.php\/rocznik-adhibenda\/pl_adhibenda_przesylanie\/\"><span>Czytaj wi\u0119cej<\/span><i>&#43;<\/i><\/a><\/p>\n","protected":false},"author":1,"featured_media":0,"parent":49,"menu_order":0,"comment_status":"closed","ping_status":"closed","template":"","meta":{"ngg_post_thumbnail":0},"_links":{"self":[{"href":"https:\/\/archiwum.diecezjazg.pl\/index.php\/wp-json\/wp\/v2\/pages\/2012"}],"collection":[{"href":"https:\/\/archiwum.diecezjazg.pl\/index.php\/wp-json\/wp\/v2\/pages"}],"about":[{"href":"https:\/\/archiwum.diecezjazg.pl\/index.php\/wp-json\/wp\/v2\/types\/page"}],"author":[{"embeddable":true,"href":"https:\/\/archiwum.diecezjazg.pl\/index.php\/wp-json\/wp\/v2\/users\/1"}],"replies":[{"embeddable":true,"href":"https:\/\/archiwum.diecezjazg.pl\/index.php\/wp-json\/wp\/v2\/comments?post=2012"}],"version-history":[{"count":19,"href":"https:\/\/archiwum.diecezjazg.pl\/index.php\/wp-json\/wp\/v2\/pages\/2012\/revisions"}],"predecessor-version":[{"id":2894,"href":"https:\/\/archiwum.diecezjazg.pl\/index.php\/wp-json\/wp\/v2\/pages\/2012\/revisions\/2894"}],"up":[{"embeddable":true,"href":"https:\/\/archiwum.diecezjazg.pl\/index.php\/wp-json\/wp\/v2\/pages\/49"}],"wp:attachment":[{"href":"https:\/\/archiwum.diecezjazg.pl\/index.php\/wp-json\/wp\/v2\/media?parent=2012"}],"curies":[{"name":"wp","href":"https:\/\/api.w.org\/{rel}","templated":true}]}}