{"id":2011,"date":"2020-09-13T23:36:58","date_gmt":"2020-09-13T21:36:58","guid":{"rendered":"http:\/\/www.archiwum.diecezjazg.pl\/?page_id=2011"},"modified":"2023-11-22T18:43:55","modified_gmt":"2023-11-22T17:43:55","slug":"pl_adhibenda_oczasopismie","status":"publish","type":"page","link":"https:\/\/archiwum.diecezjazg.pl\/index.php\/pl_adhibenda_oczasopismie\/","title":{"rendered":"O czasopi\u015bmie"},"content":{"rendered":"<p><a href=\"http:\/\/archiwum.diecezjazg.pl\/index.php\/rocznik-adhibenda\/\">J\u0119zyk polski<\/a><\/p>\n<p>J\u0119zyk angielski<\/p>\n<h1 style=\"text-align: center;\">ADHIBENDA<\/h1>\n<h3 style=\"text-align: center;\">Rocznik Archiwum Diecezji w Zielonej G\u00f3rze<\/h3>\n<p>&nbsp;<\/p>\n<table>\n<tbody>\n<tr>\n<td>\n<h3><a href=\"http:\/\/archiwum.diecezjazg.pl\/index.php\/rocznik-adhibenda\/pl_adhibenda_aktualny\/\"><strong>Aktualny numer<\/strong><\/a><\/h3>\n<\/td>\n<td>\n<h3><a href=\"http:\/\/archiwum.diecezjazg.pl\/index.php\/rocznik-adhibenda\/pl_adhibenda_archiwum\/\"><strong>Archiwum<\/strong><\/a><\/h3>\n<\/td>\n<td>\n<h3><a href=\"http:\/\/archiwum.diecezjazg.pl\/index.php\/pl_adhibenda_oczasopismie\/\"><strong>O czasopi\u015bmie<\/strong><\/a><\/h3>\n<\/td>\n<td>\n<h3><a href=\"http:\/\/archiwum.diecezjazg.pl\/index.php\/rocznik-adhibenda\/pl_adhibenda_przesylanie\/\"><strong>Przesy\u0142anie tekstu<\/strong><\/a><\/h3>\n<\/td>\n<td>\n<h3><a href=\"http:\/\/archiwum.diecezjazg.pl\/index.php\/rocznik-adhibenda\/pl_adhibenda_kontakt\/\"><strong>Kontakt<\/strong><\/a><\/h3>\n<\/td>\n<\/tr>\n<\/tbody>\n<\/table>\n<h3 style=\"text-align: center;\"><a href=\"http:\/\/archiwum.diecezjazg.pl\/index.php\/rocznik-adhibenda\/redakcja\/\">Redakcja<\/a><\/h3>\n<h3 style=\"text-align: center;\"><a href=\"http:\/\/archiwum.diecezjazg.pl\/index.php\/rocznik-adhibenda\/rada-naukowa\/\">Rada naukowa<\/a><\/h3>\n<h3 style=\"text-align: center;\"><a href=\"http:\/\/archiwum.diecezjazg.pl\/index.php\/rocznik-adhibenda\/recenzenci\/\">Recenzenci<\/a><\/h3>\n<h3 style=\"text-align: center;\"><a href=\"https:\/\/archiwum.diecezjazg.pl\/wp-content\/uploads\/2021\/09\/Proces-recenzji.docx\" target=\"_blank\" rel=\"noopener\">Proces recenzji<\/a><\/h3>\n<h3 style=\"text-align: center;\"><a href=\"https:\/\/archiwum.diecezjazg.pl\/wp-content\/uploads\/2021\/09\/Recenzja-formularz.docx\" target=\"_blank\" rel=\"noopener\">Formularz recenzji<\/a><\/h3>\n<h3 style=\"text-align: center;\"><a href=\"http:\/\/archiwum.diecezjazg.pl\/index.php\/rocznik-adhibenda\/etyka-wydawnicza\/\">Etyka wydawnicza<\/a><\/h3>\n<h3 style=\"text-align: center;\"><a href=\"http:\/\/archiwum.diecezjazg.pl\/index.php\/rocznik-adhibenda\/polityka-prywatnosci\/\">Polityka prywatno\u015bci<\/a><\/h3>\n","protected":false},"excerpt":{"rendered":"<p>J\u0119zyk polski J\u0119zyk angielski ADHIBENDA Rocznik Archiwum Diecezji w Zielonej G\u00f3rze &nbsp; Aktualny numer Archiwum O czasopi\u015bmie Przesy\u0142anie tekstu Kontakt Redakcja Rada naukowa Recenzenci Proces recenzji Formularz recenzji Etyka wydawnicza Polityka prywatno\u015bci<\/p>\n","protected":false},"author":1,"featured_media":0,"parent":0,"menu_order":0,"comment_status":"closed","ping_status":"closed","template":"","meta":{"ngg_post_thumbnail":0},"_links":{"self":[{"href":"https:\/\/archiwum.diecezjazg.pl\/index.php\/wp-json\/wp\/v2\/pages\/2011"}],"collection":[{"href":"https:\/\/archiwum.diecezjazg.pl\/index.php\/wp-json\/wp\/v2\/pages"}],"about":[{"href":"https:\/\/archiwum.diecezjazg.pl\/index.php\/wp-json\/wp\/v2\/types\/page"}],"author":[{"embeddable":true,"href":"https:\/\/archiwum.diecezjazg.pl\/index.php\/wp-json\/wp\/v2\/users\/1"}],"replies":[{"embeddable":true,"href":"https:\/\/archiwum.diecezjazg.pl\/index.php\/wp-json\/wp\/v2\/comments?post=2011"}],"version-history":[{"count":10,"href":"https:\/\/archiwum.diecezjazg.pl\/index.php\/wp-json\/wp\/v2\/pages\/2011\/revisions"}],"predecessor-version":[{"id":2895,"href":"https:\/\/archiwum.diecezjazg.pl\/index.php\/wp-json\/wp\/v2\/pages\/2011\/revisions\/2895"}],"wp:attachment":[{"href":"https:\/\/archiwum.diecezjazg.pl\/index.php\/wp-json\/wp\/v2\/media?parent=2011"}],"curies":[{"name":"wp","href":"https:\/\/api.w.org\/{rel}","templated":true}]}}