{"id":2010,"date":"2020-09-13T23:36:39","date_gmt":"2020-09-13T21:36:39","guid":{"rendered":"http:\/\/www.archiwum.diecezjazg.pl\/?page_id=2010"},"modified":"2025-02-19T19:36:24","modified_gmt":"2025-02-19T18:36:24","slug":"pl_adhibenda_archiwum","status":"publish","type":"page","link":"https:\/\/archiwum.diecezjazg.pl\/index.php\/rocznik-adhibenda\/pl_adhibenda_archiwum\/","title":{"rendered":"Archiwum"},"content":{"rendered":"<p><a href=\"http:\/\/archiwum.diecezjazg.pl\/index.php\/rocznik-adhibenda\/\">J\u0119zyk polski<\/a><\/p>\n<p>J\u0119zyk angielski<\/p>\n<h1 style=\"text-align: center;\">ADHIBENDA<\/h1>\n<h3 style=\"text-align: center;\">Rocznik Archiwum Diecezji w Zielonej G\u00f3rze<\/h3>\n<p>&nbsp;<\/p>\n<table>\n<tbody>\n<tr>\n<td>\n<h3><a href=\"http:\/\/archiwum.diecezjazg.pl\/index.php\/rocznik-adhibenda\/pl_adhibenda_aktualny\/\"><strong>Aktualny numer<\/strong><\/a><\/h3>\n<\/td>\n<td>\n<h3><a href=\"http:\/\/archiwum.diecezjazg.pl\/index.php\/rocznik-adhibenda\/pl_adhibenda_archiwum\/\"><strong>Archiwum<\/strong><\/a><\/h3>\n<\/td>\n<td>\n<h3><a href=\"http:\/\/archiwum.diecezjazg.pl\/index.php\/pl_adhibenda_oczasopismie\/\"><strong>O czasopi\u015bmie<\/strong><\/a><\/h3>\n<\/td>\n<td>\n<h3><a href=\"http:\/\/archiwum.diecezjazg.pl\/index.php\/rocznik-adhibenda\/pl_adhibenda_przesylanie\/\"><strong>Przesy\u0142anie tekstu<\/strong><\/a><\/h3>\n<\/td>\n<td>\n<h3><a href=\"http:\/\/archiwum.diecezjazg.pl\/index.php\/rocznik-adhibenda\/pl_adhibenda_kontakt\/\"><strong>Kontakt<\/strong><\/a><\/h3>\n<\/td>\n<\/tr>\n<\/tbody>\n<\/table>\n<p>&nbsp;<\/p>\n<table>\n<tbody>\n<tr>\n<td>\n<h2 class=\"article-title\" style=\"text-align: left;\">Rocznik Archiwum Diecezjalnego w Zielonej G\u00f3rze &#8211; tom I<\/h2>\n<p style=\"text-align: left;\"><img loading=\"lazy\" class=\"size-full wp-image-100 alignleft\" src=\"http:\/\/serwer1361595.home.pl\/www\/archiwum-site\/wp-content\/uploads\/2017\/08\/adhibenda2014.jpg\" alt=\"\" width=\"188\" height=\"273\"><\/p>\n<p style=\"text-align: left;\">Z ogromn\u0105 przyjemno\u015bci\u0105 i rado\u015bc i\u0105 mamy zaszczyt zaprezentowa\u0107 Szanownym Czytelnikom pierwszy tom \u201eAdhibendy. Rocznika Archiwum Diecezjalnego w Zielonej G\u00f3rze\u201d.<br \/>\nW zamy\u015ble autorskim ma on zainicjowa\u0107 seri\u0119, kt\u00f3ra w przysz\u0142o\u015bci systematycznie b\u0119dzie ukazywa\u0107 si\u0119 na rynku wydawniczym.<br \/>\nWyraz <i>adhibenda<\/i> pochodzi z j\u0119zyka \u0142aci\u0144skiego od czasownika <em>adhibere<\/em>: u\u017cywa\u0107, przyci\u0105ga\u0107, stosowa\u0107, dodawa\u0107, zajmowa\u0107 si\u0119 czym\u015b. W terminologii archiwalnej <i>acta adhibenda<\/i> to akta nale\u017c\u0105ce do sprawy. \u0141aci\u0144ska nazwa naszego Rocznika wskazuje na jego cel i zadanie. Zamiarem Rocznika jest skromny wk\u0142ad autor\u00f3w w dotychczasowy dorobek naukowy w dziedzinie archiwistyki. \u201eAdhibenda\u201d przeznaczona jest dla wszystkich, a szczeg\u00f3lnie dla tych, kt\u00f3rzy interesuj\u0105 si\u0119 archiwistyk\u0105 i archiwaliami oraz histori\u0105 Ko\u015bcio\u0142a, sztuki i regionu.<\/p>\n<p style=\"text-align: left;\"><strong><em>ks. dr hab. Robert Romuald Kufel &#8211; Dyrektor<\/em><\/strong><\/p>\n<p style=\"text-align: left;\">&nbsp;<\/p>\n<p style=\"text-align: left;\">&nbsp;<\/p>\n<p style=\"text-align: left;\"><a href=\"http:\/\/serwer1361595.home.pl\/www\/archiwum-site\/wp-content\/uploads\/2017\/08\/Adhibenda01_2014_internet.pdf\" target=\"_blank\" rel=\"noopener noreferrer\"><strong>POBIERZ TOM I ROCZNIK Adhibenda<\/strong><\/a><\/p>\n<\/td>\n<\/tr>\n<tr>\n<td style=\"text-align: left;\">\n<h2 class=\"article-title\" style=\"text-align: left;\">Rocznik Archiwum Diecezjalnego w Zielonej G\u00f3rze &#8211; tom II<\/h2>\n<section><img loading=\"lazy\" class=\"alignleft size-full wp-image-101\" src=\"http:\/\/serwer1361595.home.pl\/www\/archiwum-site\/wp-content\/uploads\/2017\/08\/adhibenda2015.jpg\" alt=\"\" width=\"188\" height=\"273\">Mamy przyjemno\u015b\u0107 zaprezentowa\u0107 Pa\u0144stwu kolejne wydanie \u201eAdhibendy. Rocznika Archiwum Diecezjalnego w Zielonej G\u00f3rze\u201d.Pierwszy dzia\u0142 rozpocz\u0105\u0142 tekst Marka Budniaka o lubuskich \u017bo\u0142nierzach Niez\u0142omnych skazanych na \u015bmier\u0107 w latach 1945-1955. Jaros\u0142aw Juszczak opracowa\u0142 spis ludno\u015bci parafii Ostrowite Prymasowskie, a bp Jan Kopiec przedstawi\u0142 powo\u0142ania kap\u0142a\u0144skie z Zielonej G\u00f3ry w latach 1650-1810. Ks. prof. Zdzis\u0142aw Lec po\u015bwi\u0119ci\u0142 si\u0119 tematowi m\u0105dro\u015bci prawniczej jezuit\u00f3w \u015bwidnickich w XVI-XVIII wieku. Rozpoznaniem archeologicznym obiekt\u00f3w sakralnych na terenie wojew\u00f3dztwa lubuskiego zaj\u0105\u0142 si\u0119 Jaros\u0142aw Lewczuk. Ks. Rafa\u0142 Mocny napisa\u0142 o sytuacji Ko\u015bcio\u0142a katolickiego w G\u0142ogowie w latach 1933-1945, ze szczeg\u00f3lnym uwzgl\u0119dnieniem okresu wojny i okupacji, natomiast Barbara Ratajewska zaj\u0119\u0142a si\u0119 odtworzeniem polskiej administracji we Wschowie w 1945 roku.W drugim dziale Wolfgang J. Brylla przedstawi\u0142 cenne dokumenty do bada\u0144 nad dziejami polskiego organomistrzostwa. Tematem grob\u00f3w \u017co\u0142nierskich zaj\u0105\u0142 si\u0119 ks. Robert Kufel, kt\u00f3ry po\u015bwi\u0119ci\u0142 dwa teksty poch\u00f3wkom z czas\u00f3w pierwszej i drugiej wojny \u015bwiatowej na katolickim cmentarzu we Wschowie. Ojciec prof. Roland Prejs OFMCap ukaza\u0142 sylwetki duchownych Pra\u0142atury Pilskiej, kt\u00f3rzy po wojnie pracowali na terenie administracji apostolskiej w Gorzowie Wlkp.W trzecim dziale Bogus\u0142aw Mykiet\u00f3w opowiedzia\u0142 o powstaniu archiwum rodzinnego i o w\u0142asnych do\u015bwiadczeniach przy tworzeniu drzewa genealogicznego. Nast\u0119pnie Kazimiera Urba\u0144ska przedstawi\u0142a \u015bwiadectwo ratowania \u017byd\u00f3w przez jej rodzic\u00f3w w miejscowo\u015bci Szyd\u0142owszczyzna, powiat Pru\u017cana, wojew\u00f3dztwo brzeskie, w czasie drugiej wojny \u015bwiatowej.Na przedostatni dzia\u0142 z\u0142o\u017cy\u0142y si\u0119 cztery sprawozdania z: obchod\u00f3w 700-lecia zielonog\u00f3rskiej kaplicy pw. Narodzenia NMP, dzia\u0142alno\u015bci Archiwum Diecezjalnego, Archiwum Instytutu Biskupa Wilhelma Pluty i Podkomisji Bibliotek i Archiw\u00f3w Ko\u015bcielnych za 2014 rok.Tom drugi \u201eAdhibendy\u201d zamkn\u0119\u0142a recenzja publikacji Antoniego Boka W naszej ma\u0142ej Ojczy\u017anie. Gmina Gr\u0119bocice. Podr\u0119cznik edukacji regionalnej na Wzg\u00f3rzach Dalkowskich (Gr\u0119bocice 2014).Ksi\u0105\u017cka dost\u0119pna jest w ksi\u0119garniach na terenie wojew\u00f3dztwa lubuskiego.<\/section>\n<section><strong>&nbsp;&nbsp;&nbsp;&nbsp;&nbsp;&nbsp;&nbsp;&nbsp;&nbsp;&nbsp;&nbsp;&nbsp;&nbsp;&nbsp;&nbsp;&nbsp;&nbsp;&nbsp;&nbsp;&nbsp;&nbsp;&nbsp;&nbsp;&nbsp;&nbsp;&nbsp;&nbsp;&nbsp;&nbsp;&nbsp;&nbsp;&nbsp;&nbsp;&nbsp;&nbsp;&nbsp;&nbsp;&nbsp;&nbsp;&nbsp;&nbsp;&nbsp;&nbsp;&nbsp;&nbsp;&nbsp;&nbsp; &nbsp;&nbsp;<\/strong><\/section>\n<section><a href=\"http:\/\/serwer1361595.home.pl\/www\/archiwum-site\/wp-content\/uploads\/2017\/08\/Adhibenda02_2015_internet.pdf\" target=\"_blank\" rel=\"noopener noreferrer\"><strong>POBIERZ TOM II ROCZNIK Adhibenda<\/strong><\/a><\/section>\n<\/td>\n<\/tr>\n<tr>\n<td style=\"text-align: left;\">\n<h2 style=\"text-align: left;\">&nbsp;ADHIBENDA Rocznik Archiwum Diecezjalnego w Zielonej G\u00f3rze &#8211; tom III<\/h2>\n<section class=\"article-content clearfix\"><a href=\"http:\/\/serwer1361595.home.pl\/www\/archiwum-site\/wp-content\/uploads\/2017\/08\/Adhibenda_3_srodek_2016-11-14.pdf\" target=\"_blank\" rel=\"noopener noreferrer\"><img loading=\"lazy\" class=\"alignleft size-full wp-image-102\" src=\"http:\/\/serwer1361595.home.pl\/www\/archiwum-site\/wp-content\/uploads\/2017\/08\/adhibenda2016.jpg\" alt=\"\" width=\"188\" height=\"273\"><\/a>Mamy przyjemno\u015b\u0107 zaprezentowa\u0107 Pa\u0144stwu kolejne wydanie \u201eAdhibendy. Rocznika Archiwum Diecezjalnego w Zielonej G\u00f3rze\u201d. Pierwszy dzia\u0142 otwiera artyku\u0142 <strong>Grzegorza Bosego<\/strong> &#8222;Dom Go\u015bcinny Jezuit\u00f3w w Klenicy&#8221;. Jet to pr\u00f3ba opisania los\u00f3w XVII-wiecznej fundacji oty\u0144skich zakonnik\u00f3w na tle dziej\u00f3w Klenicy. <strong>Tadeusz Dzwonkowski<\/strong> przedstawia histori\u0119 obecnej siedziby Kurii Biskupiej w Zielonej G\u00f3rze mieszcz\u0105cej si\u0119 na Placu Powsta\u0144c\u00f3w Wielkopolskich. <strong>Krzysztof Garbacz<\/strong> podaje przyk\u0142ady ma\u0142ej architektury sakralnej z wojew\u00f3dztwa lubuskiego na przyk\u0142adach zabytkowych figur.W drugim dziale Przyko\u015bcielne epitafia z XVIII w. w Sulechowie przedstawia ks. <strong>Robert Kufel<\/strong> a <strong>Weronika Zegzu\u0142a<\/strong> opisuje sakralne i zabytkowe obiekty w parafii Niegos\u0142awice w powiecie \u017caga\u0144skim. Tom trzeci \u201eAdhibendy\u201d zamkn\u0119\u0142a recenzja publikacji Jana Baranieckiego, Marka G\u00f3rniaka i \u0141ukasza Horbatowskiego: Osadnicy i ich nast\u0119pcy. Relacje i wspomnienia mieszka\u0144c\u00f3w gminy Kotla. <em><strong>ADHIBENDA<\/strong><\/em> Rocznik Archiwum Diecezjalnego w Zielonej G\u00f3rze dost\u0119pna jest w ksi\u0119garniach na terenie wojew\u00f3dztwa lubuskiego. &nbsp;&nbsp; &nbsp; &nbsp; &nbsp; &nbsp; &nbsp; &nbsp; &nbsp; &nbsp; &nbsp; &nbsp; &nbsp; &nbsp; &nbsp; &nbsp; &nbsp;<\/section>\n<section><\/section>\n<section><\/section>\n<section><\/section>\n<section><\/section>\n<section><\/section>\n<section><\/section>\n<section><\/section>\n<section><\/section>\n<section><\/section>\n<section><\/section>\n<section><\/section>\n<section><\/section>\n<section><\/section>\n<section><\/section>\n<section><\/section>\n<section><\/section>\n<section><\/section>\n<section><\/section>\n<section><\/section>\n<section><\/section>\n<section><\/section>\n<section><\/section>\n<section><\/section>\n<section><\/section>\n<section><\/section>\n<section class=\"article-content clearfix\"><strong><a href=\"http:\/\/serwer1361595.home.pl\/www\/archiwum-site\/wp-content\/uploads\/2017\/08\/Adhibenda_3_srodek_2016-11-14.pdf\" target=\"_blank\" rel=\"noopener noreferrer\">POBIERZ TOM III ROCZNIK Adhibenda<\/a><\/strong><\/section>\n<\/td>\n<\/tr>\n<tr>\n<td>\n<h2 class=\"article-title\" style=\"text-align: left;\">ADHIBENDA Rocznik Archiwum Diecezjalnego w Zielonej G\u00f3rze &#8211; tom IV<\/h2>\n<p style=\"text-align: left;\"><a href=\"http:\/\/serwer1361595.home.pl\/www\/archiwum-site\/wp-content\/uploads\/2017\/08\/ADHIBENDA2017.jpg\"><img loading=\"lazy\" class=\"alignleft wp-image-1878\" src=\"http:\/\/serwer1361595.home.pl\/www\/archiwum-site\/wp-content\/uploads\/2017\/08\/ADHIBENDA2017-209x300.jpg\" alt=\"\" width=\"191\" height=\"274\" srcset=\"https:\/\/archiwum.diecezjazg.pl\/wp-content\/uploads\/2017\/08\/ADHIBENDA2017-209x300.jpg 209w, https:\/\/archiwum.diecezjazg.pl\/wp-content\/uploads\/2017\/08\/ADHIBENDA2017-768x1104.jpg 768w, https:\/\/archiwum.diecezjazg.pl\/wp-content\/uploads\/2017\/08\/ADHIBENDA2017-712x1024.jpg 712w, https:\/\/archiwum.diecezjazg.pl\/wp-content\/uploads\/2017\/08\/ADHIBENDA2017.jpg 1890w\" sizes=\"(max-width: 191px) 100vw, 191px\" \/><\/a>Z ogromn\u0105 przyjemno\u015bci\u0105 oddajemy w Pa\u0144stwa r\u0119ce czwarty tom rocznika \u201eAdhibenda\u201d. Przy tej okazji dokonali\u015bmy kilka zmian. Poszerzyli\u015bmy o nowych cz\u0142onk\u00f3w dotychczasowy sk\u0142ad redakcji, rady naukowej i recenzent\u00f3w. Przet\u0142umaczyli\u015bmy na j\u0119zyk angielski spis tre\u015bci oraz streszczenia poszczeg\u00f3lnych artyku\u0142\u00f3w i materia\u0142\u00f3w.<\/p>\n<p style=\"text-align: left;\">&nbsp;<\/p>\n<p style=\"text-align: left;\">&nbsp;<\/p>\n<p style=\"text-align: left;\">&nbsp;<\/p>\n<p style=\"text-align: left;\">&nbsp;<\/p>\n<p style=\"text-align: left;\">&nbsp;<\/p>\n<p style=\"text-align: left;\">&nbsp;<\/p>\n<p style=\"text-align: left;\"><a href=\"http:\/\/serwer1361595.home.pl\/www\/archiwum-site\/wp-content\/uploads\/2017\/08\/Adhibenda_4_srodek_2017-12-05_internet.pdf\" target=\"_blank\" rel=\"noopener noreferrer\"><strong>POBIERZ TOM IV ROCZNIK Adhibenda<\/strong><\/a><\/p>\n<\/td>\n<\/tr>\n<tr>\n<td>\n<h2 class=\"article-title\" style=\"text-align: left;\">ADHIBENDA Rocznik Archiwum Diecezjalnego w Zielonej G\u00f3rze &#8211; tom V<\/h2>\n<p style=\"text-align: left;\"><a href=\"http:\/\/serwer1361595.home.pl\/www\/archiwum-site\/wp-content\/uploads\/2017\/08\/ADHIBENDA2018.jpg\"><img loading=\"lazy\" class=\"alignleft size-medium wp-image-1877\" src=\"http:\/\/serwer1361595.home.pl\/www\/archiwum-site\/wp-content\/uploads\/2017\/08\/ADHIBENDA2018-209x300.jpg\" alt=\"\" width=\"209\" height=\"300\" srcset=\"https:\/\/archiwum.diecezjazg.pl\/wp-content\/uploads\/2017\/08\/ADHIBENDA2018-209x300.jpg 209w, https:\/\/archiwum.diecezjazg.pl\/wp-content\/uploads\/2017\/08\/ADHIBENDA2018-768x1104.jpg 768w, https:\/\/archiwum.diecezjazg.pl\/wp-content\/uploads\/2017\/08\/ADHIBENDA2018-712x1024.jpg 712w\" sizes=\"(max-width: 209px) 100vw, 209px\" \/><\/a>Z ogromn\u0105 przyjemno\u015bci\u0105 oddajemy w Pa\u0144stwa r\u0119ce pi\u0105ty tom rocznika \u201eAdhibenda\u201d, kt\u00f3ry zosta\u0142 podzielony na nast\u0119puj\u0105ce dzia\u0142y:<\/p>\n<ul style=\"text-align: left;\">\n<li>Artyku\u0142y i opracowania<\/li>\n<li>Materia\u0142y i \u017ar\u00f3d\u0142a<\/li>\n<li>Wspomnienia<\/li>\n<li>Sprawozdania<\/li>\n<li>Dokumenty<\/li>\n<li>Recenzja.<\/li>\n<\/ul>\n<p style=\"text-align: left;\">Pierwszy dzia\u0142 rozpocz\u0105\u0142 tekst ks. Adama Kalbarczyka <i>W\u0105tki religijne i duszpasterskie bitwy pod Wschow\u0105<\/i> 1706, kt\u00f3ry ukaza\u0142 si\u0119 po raz pierwszy w \u201eTeologii Praktycznej\u201d 19 (2018). <a href=\"http:\/\/agencjawydawniczapdn.pl\/wlasciciel\/\">Krzysztof Garbacz<\/a> przedstawi\u0142 fragmenty ksi\u0105\u017cki <i><a href=\"http:\/\/agencjawydawniczapdn.pl\/ksiazki\/krzysztof-garbacz-wlodzimierza-rulikowskiego-albumy-pamieci\/\">W\u0142odzimierza Rulikowskiego albumy pami\u0119ci<\/a><\/i>, napisanej w oparciu o liczne fotografie pochodz\u0105ce z album\u00f3w mi\u0119dzywojennego dziedzica Poturzyna, a niedawno odkryte w\u015br\u00f3d pami\u0105tek rodzinnych autora tej publikacji. Tematem <i>Atrybucji obraz\u00f3w z ko\u015bcio\u0142a opackiego w Starym Dworku<\/i> zaj\u0119\u0142a si\u0119 Bo\u017cena Grabowska, kt\u00f3ra zainteresowa\u0142a si\u0119 malarstwem Szymona Czechowicza. Ks. Robert R. Kufel prze\u015bledzi\u0142 <i>Powojenne losy poch\u00f3wk\u00f3w w ko\u015bciele pojezuickim w Otyniu<\/i>. Jaros\u0142aw Lewczuk scharakteryzowa\u0142 <i>Poszukiwania p\u00f3\u017ano\u015bredniowiecznych poch\u00f3wk\u00f3w ksi\u0105\u017c\u0119cych w ko\u015bciele parafialnym pw. Oczyszczenia NMP w Ko\u017cuchowie, gm. loco, pow. nowosolski<\/i>. Ks. Adrian Put napisa\u0142 o <i>Powstaniu i dzia\u0142alno\u015bci Towarzystwa Teologicznego Diecezji Gorzowskiej<\/i>. Barbara Ratajewska poruszy\u0142a temat <i>Polskich mieszka\u0144c\u00f3w powiatu wschowskiego w walce z germanizacj\u0105 na pocz\u0105tku XX wieku<\/i>. O organizowaniu i przebiegu kurs\u00f3w duszpasterskich w diecezji gorzowskiej w latach 1983-1992 napisa\u0142 bp Pawe\u0142 Socha.<\/p>\n<p style=\"text-align: left;\"><strong><a href=\"http:\/\/serwer1361595.home.pl\/www\/archiwum-site\/wp-content\/uploads\/2017\/08\/Adhibenda_5_srodek_2018-10-21_internet.pdf\" target=\"_blank\" rel=\"noopener noreferrer\">POBIERZ TOM V ROCZNIK Adhibenda<\/a><\/strong><\/p>\n<\/td>\n<\/tr>\n<tr>\n<td>\n<h2 class=\"article-title\" style=\"text-align: left;\">ADHIBENDA Rocznik Archiwum Diecezjalnego w Zielonej G\u00f3rze &#8211; tom VI<\/h2>\n<p style=\"text-align: left;\"><a href=\"http:\/\/serwer1361595.home.pl\/www\/archiwum-site\/wp-content\/uploads\/2020\/09\/p-adhibenda-6.png\"><img loading=\"lazy\" class=\"size-medium wp-image-2036 alignleft\" src=\"http:\/\/serwer1361595.home.pl\/www\/archiwum-site\/wp-content\/uploads\/2020\/09\/p-adhibenda-6-209x300.png\" alt=\"\" width=\"209\" height=\"300\" srcset=\"https:\/\/archiwum.diecezjazg.pl\/wp-content\/uploads\/2020\/09\/p-adhibenda-6-209x300.png 209w, https:\/\/archiwum.diecezjazg.pl\/wp-content\/uploads\/2020\/09\/p-adhibenda-6-712x1024.png 712w, https:\/\/archiwum.diecezjazg.pl\/wp-content\/uploads\/2020\/09\/p-adhibenda-6-768x1104.png 768w, https:\/\/archiwum.diecezjazg.pl\/wp-content\/uploads\/2020\/09\/p-adhibenda-6-1069x1536.png 1069w, https:\/\/archiwum.diecezjazg.pl\/wp-content\/uploads\/2020\/09\/p-adhibenda-6-1425x2048.png 1425w, https:\/\/archiwum.diecezjazg.pl\/wp-content\/uploads\/2020\/09\/p-adhibenda-6.png 1781w\" sizes=\"(max-width: 209px) 100vw, 209px\" \/><\/a><\/p>\n<p style=\"text-align: left;\">Tegoroczny numer naszego Rocznika zosta\u0142 podzielony na siedem dzia\u0142\u00f3w:<\/p>\n<ul>\n<li style=\"text-align: left;\">Artyku\u0142y i opracowania,<\/li>\n<li style=\"text-align: left;\">Materia\u0142y i \u017ar\u00f3d\u0142a,<\/li>\n<li style=\"text-align: left;\">Wspomnienia,<\/li>\n<li style=\"text-align: left;\">Sprawozdania,<\/li>\n<li style=\"text-align: left;\">Dokumenty,<\/li>\n<li style=\"text-align: left;\">Recenzja,<\/li>\n<li style=\"text-align: left;\">Archiwum Kresowe.<\/li>\n<\/ul>\n<p>&nbsp;<\/p>\n<p>&nbsp;<\/p>\n<p>&nbsp;<\/p>\n<p style=\"text-align: left;\"><a href=\"http:\/\/serwer1361595.home.pl\/www\/archiwum-site\/wp-content\/uploads\/2020\/10\/Adhibenda_6_srodek_internet.pdf\" target=\"_blank\" rel=\"noopener noreferrer\"><strong>POBIERZ TOM VI ROCZNIK Adhibenda<\/strong><\/a><\/p>\n<\/td>\n<\/tr>\n<tr>\n<td>\n<h2 class=\"article-title\" style=\"text-align: left;\">ADHIBENDA Rocznik Archiwum Diecezjalnego w Zielonej G\u00f3rze &#8211; tom VII<\/h2>\n<p style=\"text-align: left;\"><a href=\"https:\/\/archiwum.diecezjazg.pl\/wp-content\/uploads\/2020\/10\/adginebda2020.png\"><img loading=\"lazy\" class=\"alignleft size-medium wp-image-2256\" src=\"https:\/\/archiwum.diecezjazg.pl\/wp-content\/uploads\/2020\/10\/adginebda2020-209x300.png\" alt=\"\" width=\"209\" height=\"300\" srcset=\"https:\/\/archiwum.diecezjazg.pl\/wp-content\/uploads\/2020\/10\/adginebda2020-209x300.png 209w, https:\/\/archiwum.diecezjazg.pl\/wp-content\/uploads\/2020\/10\/adginebda2020.png 621w\" sizes=\"(max-width: 209px) 100vw, 209px\" \/><\/a><\/p>\n<p style=\"text-align: left;\">Tegoroczny numer naszego Rocznika zosta\u0142 podzielony na sze\u015b\u0107 dzia\u0142\u00f3w:<\/p>\n<p style=\"text-align: left;\">\u2022 Artyku\u0142y i opracowania,<br \/>\n\u2022 Wspomnienia,<br \/>\n\u2022 Sprawozdanie,<br \/>\n\u2022 Recenzje,<br \/>\n\u2022 Dokumenty,<br \/>\n\u2022 Archiwum Kresowe.<\/p>\n<p>&nbsp;<\/p>\n<p>&nbsp;<\/p>\n<p>&nbsp;<\/p>\n<p>&nbsp;<\/p>\n<p style=\"text-align: left;\"><a href=\"http:\/\/serwer1361595.home.pl\/www\/archiwum-site\/wp-content\/uploads\/2020\/10\/Adhibenda_7_srodek_internet.pdf\" target=\"_blank\" rel=\"noopener noreferrer\"><strong>POBIERZ TOM VII ROCZNIK Adhibenda<\/strong><\/a><\/p>\n<\/td>\n<\/tr>\n<tr>\n<td>\n<h2 class=\"article-title\" style=\"text-align: left;\">ADHIBENDA Rocznik Archiwum Diecezjalnego w Zielonej G\u00f3rze &#8211; tom VIII<\/h2>\n<p style=\"text-align: left;\"><a href=\"https:\/\/archiwum.diecezjazg.pl\/wp-content\/uploads\/2021\/12\/red-ks-robert-romuald-kufel-adhibenda-rocznik-archiwum-diecezjalnego-w-zielonej-gorze-tom-viii-okladka.jpg\" target=\"_blank\" rel=\"noopener\"><img loading=\"lazy\" class=\"alignleft size-medium wp-image-2344\" src=\"https:\/\/archiwum.diecezjazg.pl\/wp-content\/uploads\/2021\/12\/red-ks-robert-romuald-kufel-adhibenda-rocznik-archiwum-diecezjalnego-w-zielonej-gorze-tom-viii-okladka-209x300.jpg\" alt=\"\" width=\"209\" height=\"300\" srcset=\"https:\/\/archiwum.diecezjazg.pl\/wp-content\/uploads\/2021\/12\/red-ks-robert-romuald-kufel-adhibenda-rocznik-archiwum-diecezjalnego-w-zielonej-gorze-tom-viii-okladka-209x300.jpg 209w, https:\/\/archiwum.diecezjazg.pl\/wp-content\/uploads\/2021\/12\/red-ks-robert-romuald-kufel-adhibenda-rocznik-archiwum-diecezjalnego-w-zielonej-gorze-tom-viii-okladka-712x1024.jpg 712w, https:\/\/archiwum.diecezjazg.pl\/wp-content\/uploads\/2021\/12\/red-ks-robert-romuald-kufel-adhibenda-rocznik-archiwum-diecezjalnego-w-zielonej-gorze-tom-viii-okladka-768x1104.jpg 768w, https:\/\/archiwum.diecezjazg.pl\/wp-content\/uploads\/2021\/12\/red-ks-robert-romuald-kufel-adhibenda-rocznik-archiwum-diecezjalnego-w-zielonej-gorze-tom-viii-okladka-1069x1536.jpg 1069w, https:\/\/archiwum.diecezjazg.pl\/wp-content\/uploads\/2021\/12\/red-ks-robert-romuald-kufel-adhibenda-rocznik-archiwum-diecezjalnego-w-zielonej-gorze-tom-viii-okladka.jpg 1260w\" sizes=\"(max-width: 209px) 100vw, 209px\" \/><\/a><\/p>\n<p style=\"text-align: left;\">Tegoroczny numer naszego Rocznika zosta\u0142 podzielony na sze\u015b\u0107 dzia\u0142\u00f3w:<\/p>\n<p style=\"text-align: left;\">\u2022 Artyku\u0142y i opracowania,<br \/>\n\u2022 Wspomnienia,<br \/>\n\u2022 Sprawozdanie,<br \/>\n\u2022 Recenzje,<br \/>\n\u2022 Dokumenty,<br \/>\n\u2022 Archiwum Kresowe.<\/p>\n<p>&nbsp;<\/p>\n<p>&nbsp;<\/p>\n<p style=\"text-align: left;\">&nbsp;<\/p>\n<p>&nbsp;<\/p>\n<p style=\"text-align: left;\"><a href=\"https:\/\/archiwum.diecezjazg.pl\/wp-content\/uploads\/2024\/03\/Adhibenda_8_srodek_internet.pdf\" target=\"_blank\" rel=\"noopener\"><strong>POBIERZ TOM VIII ROCZNIK Adhibenda<\/strong><\/a><\/p>\n<\/td>\n<\/tr>\n<tr>\n<td>\n<h2 class=\"article-title\" style=\"text-align: left;\">ADHIBENDA Rocznik Archiwum Diecezjalnego w Zielonej G\u00f3rze &#8211; tom IX<\/h2>\n<p style=\"text-align: left;\"><a href=\"https:\/\/archiwum.diecezjazg.pl\/wp-content\/uploads\/2024\/01\/red-ks-robert-romuald-kufel-adhibenda-rocznik-archiwum-diecezjalnego-w-zielonej-gorze-tom-9-okladka.jpg\" target=\"_blank\" rel=\"noopener\"><img loading=\"lazy\" class=\"alignleft size-medium wp-image-3055\" src=\"https:\/\/archiwum.diecezjazg.pl\/wp-content\/uploads\/2024\/01\/red-ks-robert-romuald-kufel-adhibenda-rocznik-archiwum-diecezjalnego-w-zielonej-gorze-tom-9-okladka-209x300.jpg\" alt=\"\" width=\"209\" height=\"300\" srcset=\"https:\/\/archiwum.diecezjazg.pl\/wp-content\/uploads\/2024\/01\/red-ks-robert-romuald-kufel-adhibenda-rocznik-archiwum-diecezjalnego-w-zielonej-gorze-tom-9-okladka-209x300.jpg 209w, https:\/\/archiwum.diecezjazg.pl\/wp-content\/uploads\/2024\/01\/red-ks-robert-romuald-kufel-adhibenda-rocznik-archiwum-diecezjalnego-w-zielonej-gorze-tom-9-okladka-712x1024.jpg 712w, https:\/\/archiwum.diecezjazg.pl\/wp-content\/uploads\/2024\/01\/red-ks-robert-romuald-kufel-adhibenda-rocznik-archiwum-diecezjalnego-w-zielonej-gorze-tom-9-okladka-768x1104.jpg 768w, https:\/\/archiwum.diecezjazg.pl\/wp-content\/uploads\/2024\/01\/red-ks-robert-romuald-kufel-adhibenda-rocznik-archiwum-diecezjalnego-w-zielonej-gorze-tom-9-okladka-1069x1536.jpg 1069w, https:\/\/archiwum.diecezjazg.pl\/wp-content\/uploads\/2024\/01\/red-ks-robert-romuald-kufel-adhibenda-rocznik-archiwum-diecezjalnego-w-zielonej-gorze-tom-9-okladka.jpg 1260w\" sizes=\"(max-width: 209px) 100vw, 209px\" \/><\/a>Tegoroczny numer naszego Rocznika zosta\u0142 podzielony na siedem dzia\u0142\u00f3w:<\/p>\n<p style=\"text-align: left;\">\u2022 Artyku\u0142y i opracowania,<br \/>\n\u2022 Wspomnienia,<br \/>\n\u2022 Komunikat,<br \/>\n\u2022 Sprawozdanie,<br \/>\n\u2022 Recenzje,<br \/>\n\u2022 Dokumenty,<br \/>\n\u2022 Archiwum Kresowe.<\/p>\n<p>&nbsp;<\/p>\n<p>&nbsp;<\/p>\n<p style=\"text-align: left;\">&nbsp;<\/p>\n<p style=\"text-align: left;\"><a href=\"https:\/\/archiwum.diecezjazg.pl\/wp-content\/uploads\/2024\/03\/Adhibenda_9_srodek_internet.pdf\" target=\"_blank\" rel=\"noopener\"><strong>POBIERZ TOM IX ROCZNIK Adhibenda<\/strong><\/a><\/p>\n<\/td>\n<\/tr>\n<tr>\n<td>\n<h2 class=\"article-title\" style=\"text-align: left;\">ADHIBENDA Rocznik Archiwum Diecezjalnego w Zielonej G\u00f3rze &#8211; tom X<\/h2>\n<p style=\"text-align: left;\"><img loading=\"lazy\" class=\"alignleft\" src=\"https:\/\/archiwum.diecezjazg.pl\/wp-content\/uploads\/2024\/01\/red-ks-robert-romuald-kufel-adhibenda-rocznik-archiwum-diecezjalnego-w-zielonej-gorze-tom-10-okladka.jpg\" width=\"209\" height=\"301\"><\/p>\n<p style=\"text-align: left;\">Tegoroczny numer naszego Rocznika zosta\u0142 podzielony na pi\u0119\u0107 dzia\u0142\u00f3w:<\/p>\n<p style=\"text-align: left;\">\u2022 Artyku\u0142y i opracowania,<br \/>\n\u2022 Wspomnienia,<br \/>\n\u2022 Sprawozdanie,<br \/>\n\u2022 Dokumenty,<br \/>\n\u2022 Archiwum Kresowe.<\/p>\n<p>&nbsp;<\/p>\n<p>&nbsp;<\/p>\n<p>&nbsp;<\/p>\n<p>&nbsp;<\/p>\n<p style=\"text-align: left;\"><a href=\"https:\/\/archiwum.diecezjazg.pl\/wp-content\/uploads\/2024\/03\/Adhibenda_10_srodek_2023-09-20-a.pdf\" target=\"_blank\" rel=\"noopener\"><strong>POBIERZ TOM X ROCZNIK Adhibenda<\/strong><\/a><\/p>\n<\/td>\n<\/tr>\n<\/tbody>\n<\/table>\n<h2>&nbsp;<\/h2>\n<h2>&nbsp;<\/h2>\n<h2>&nbsp;<\/h2>\n<p>&nbsp;<\/p>\n<h2>&nbsp;<\/h2>\n<section class=\"article-content clearfix\"><\/section>\n<section><\/section>\n<p>&nbsp;<\/p>\n<section><\/section>\n<p>&nbsp;<\/p>\n<p>&nbsp;<\/p>\n","protected":false},"excerpt":{"rendered":"<p>J\u0119zyk polski J\u0119zyk angielski ADHIBENDA Rocznik Archiwum Diecezji w Zielonej G\u00f3rze &nbsp; Aktualny numer Archiwum O czasopi\u015bmie Przesy\u0142anie tekstu Kontakt &nbsp; Rocznik Archiwum Diecezjalnego w Zielonej G\u00f3rze &#8211; tom I Z ogromn\u0105 przyjemno\u015bci\u0105 i rado\u015bc i\u0105 mamy zaszczyt zaprezentowa\u0107 Szanownym Czytelnikom pierwszy tom \u201eAdhibendy. Rocznika Archiwum Diecezjalnego w Zielonej G\u00f3rze\u201d. W zamy\u015ble autorskim ma on&#8230;<\/p>\n<p class=\"more-link\"><a href=\"https:\/\/archiwum.diecezjazg.pl\/index.php\/rocznik-adhibenda\/pl_adhibenda_archiwum\/\"><span>Czytaj wi\u0119cej<\/span><i>&#43;<\/i><\/a><\/p>\n","protected":false},"author":1,"featured_media":0,"parent":49,"menu_order":0,"comment_status":"closed","ping_status":"closed","template":"","meta":{"ngg_post_thumbnail":0},"_links":{"self":[{"href":"https:\/\/archiwum.diecezjazg.pl\/index.php\/wp-json\/wp\/v2\/pages\/2010"}],"collection":[{"href":"https:\/\/archiwum.diecezjazg.pl\/index.php\/wp-json\/wp\/v2\/pages"}],"about":[{"href":"https:\/\/archiwum.diecezjazg.pl\/index.php\/wp-json\/wp\/v2\/types\/page"}],"author":[{"embeddable":true,"href":"https:\/\/archiwum.diecezjazg.pl\/index.php\/wp-json\/wp\/v2\/users\/1"}],"replies":[{"embeddable":true,"href":"https:\/\/archiwum.diecezjazg.pl\/index.php\/wp-json\/wp\/v2\/comments?post=2010"}],"version-history":[{"count":23,"href":"https:\/\/archiwum.diecezjazg.pl\/index.php\/wp-json\/wp\/v2\/pages\/2010\/revisions"}],"predecessor-version":[{"id":3324,"href":"https:\/\/archiwum.diecezjazg.pl\/index.php\/wp-json\/wp\/v2\/pages\/2010\/revisions\/3324"}],"up":[{"embeddable":true,"href":"https:\/\/archiwum.diecezjazg.pl\/index.php\/wp-json\/wp\/v2\/pages\/49"}],"wp:attachment":[{"href":"https:\/\/archiwum.diecezjazg.pl\/index.php\/wp-json\/wp\/v2\/media?parent=2010"}],"curies":[{"name":"wp","href":"https:\/\/api.w.org\/{rel}","templated":true}]}}