{"id":2009,"date":"2020-09-13T23:36:07","date_gmt":"2020-09-13T21:36:07","guid":{"rendered":"http:\/\/www.archiwum.diecezjazg.pl\/?page_id=2009"},"modified":"2025-02-19T19:44:16","modified_gmt":"2025-02-19T18:44:16","slug":"pl_adhibenda_aktualny","status":"publish","type":"page","link":"https:\/\/archiwum.diecezjazg.pl\/index.php\/rocznik-adhibenda\/pl_adhibenda_aktualny\/","title":{"rendered":"Aktualny numer"},"content":{"rendered":"<p><a href=\"http:\/\/archiwum.diecezjazg.pl\/index.php\/rocznik-adhibenda\/\">J\u0119zyk polski<\/a><\/p>\n<p>J\u0119zyk angielski<\/p>\n<h1 style=\"text-align: center;\">ADHIBENDA<\/h1>\n<h3 style=\"text-align: center;\">Rocznik Archiwum Diecezji w Zielonej G\u00f3rze<\/h3>\n<p>&nbsp;<\/p>\n<table>\n<tbody>\n<tr>\n<td>\n<h3><a href=\"http:\/\/archiwum.diecezjazg.pl\/index.php\/rocznik-adhibenda\/pl_adhibenda_aktualny\/\"><strong>Aktualny numer<\/strong><\/a><\/h3>\n<\/td>\n<td>\n<h3><a href=\"http:\/\/archiwum.diecezjazg.pl\/index.php\/rocznik-adhibenda\/pl_adhibenda_archiwum\/\"><strong>Archiwum<\/strong><\/a><\/h3>\n<\/td>\n<td>\n<h3><a href=\"http:\/\/archiwum.diecezjazg.pl\/index.php\/pl_adhibenda_oczasopismie\/\"><strong>O czasopi\u015bmie<\/strong><\/a><\/h3>\n<\/td>\n<td>\n<h3><a href=\"http:\/\/archiwum.diecezjazg.pl\/index.php\/rocznik-adhibenda\/pl_adhibenda_przesylanie\/\"><strong>Przesy\u0142anie tekstu<\/strong><\/a><\/h3>\n<\/td>\n<td>\n<h3><a href=\"http:\/\/archiwum.diecezjazg.pl\/index.php\/rocznik-adhibenda\/pl_adhibenda_kontakt\/\"><strong>Kontakt<\/strong><\/a><\/h3>\n<\/td>\n<\/tr>\n<\/tbody>\n<\/table>\n<h2 class=\"article-title\">Rocznik Archiwum Diecezjalnego w Zielonej G\u00f3rze &#8211; tom XI<\/h2>\n<p><img loading=\"lazy\" class=\"alignleft wp-image-3325 size-medium\" src=\"https:\/\/archiwum.diecezjazg.pl\/wp-content\/uploads\/2025\/02\/okladka-adhibenda-2024-209x300.png\" alt=\"\" width=\"209\" height=\"300\" srcset=\"https:\/\/archiwum.diecezjazg.pl\/wp-content\/uploads\/2025\/02\/okladka-adhibenda-2024-209x300.png 209w, https:\/\/archiwum.diecezjazg.pl\/wp-content\/uploads\/2025\/02\/okladka-adhibenda-2024.png 568w\" sizes=\"(max-width: 209px) 100vw, 209px\" \/>Tegoroczny numer naszego Rocznika zosta\u0142 podzielony na pi\u0119\u0107 dzia\u0142\u00f3w:<\/p>\n<ul>\n<li>Artyku\u0142y i opracowania,<\/li>\n<li>Sprawozdanie,<\/li>\n<li>Komunikat,<\/li>\n<li>Dokumenty,<\/li>\n<li>Archiwum Kresowe.<\/li>\n<\/ul>\n<p><strong>DOWNLOAD<\/strong><\/p>\n<p>&nbsp;<\/p>\n<p>&nbsp;<\/p>\n","protected":false},"excerpt":{"rendered":"<p>J\u0119zyk polski J\u0119zyk angielski ADHIBENDA Rocznik Archiwum Diecezji w Zielonej G\u00f3rze &nbsp; Aktualny numer Archiwum O czasopi\u015bmie Przesy\u0142anie tekstu Kontakt Rocznik Archiwum Diecezjalnego w Zielonej G\u00f3rze &#8211; tom XI Tegoroczny numer naszego Rocznika zosta\u0142 podzielony na pi\u0119\u0107 dzia\u0142\u00f3w: Artyku\u0142y i opracowania, Sprawozdanie, Komunikat, Dokumenty, Archiwum Kresowe. DOWNLOAD &nbsp; &nbsp;<\/p>\n","protected":false},"author":1,"featured_media":0,"parent":49,"menu_order":0,"comment_status":"closed","ping_status":"closed","template":"","meta":{"ngg_post_thumbnail":0},"_links":{"self":[{"href":"https:\/\/archiwum.diecezjazg.pl\/index.php\/wp-json\/wp\/v2\/pages\/2009"}],"collection":[{"href":"https:\/\/archiwum.diecezjazg.pl\/index.php\/wp-json\/wp\/v2\/pages"}],"about":[{"href":"https:\/\/archiwum.diecezjazg.pl\/index.php\/wp-json\/wp\/v2\/types\/page"}],"author":[{"embeddable":true,"href":"https:\/\/archiwum.diecezjazg.pl\/index.php\/wp-json\/wp\/v2\/users\/1"}],"replies":[{"embeddable":true,"href":"https:\/\/archiwum.diecezjazg.pl\/index.php\/wp-json\/wp\/v2\/comments?post=2009"}],"version-history":[{"count":18,"href":"https:\/\/archiwum.diecezjazg.pl\/index.php\/wp-json\/wp\/v2\/pages\/2009\/revisions"}],"predecessor-version":[{"id":3328,"href":"https:\/\/archiwum.diecezjazg.pl\/index.php\/wp-json\/wp\/v2\/pages\/2009\/revisions\/3328"}],"up":[{"embeddable":true,"href":"https:\/\/archiwum.diecezjazg.pl\/index.php\/wp-json\/wp\/v2\/pages\/49"}],"wp:attachment":[{"href":"https:\/\/archiwum.diecezjazg.pl\/index.php\/wp-json\/wp\/v2\/media?parent=2009"}],"curies":[{"name":"wp","href":"https:\/\/api.w.org\/{rel}","templated":true}]}}