{"id":1739,"date":"2017-10-16T15:47:07","date_gmt":"2017-10-16T13:47:07","guid":{"rendered":"http:\/\/www.archiwum.diecezjazg.pl\/?page_id=1739"},"modified":"2017-10-16T15:47:11","modified_gmt":"2017-10-16T13:47:11","slug":"akta-kosciola-ewangelickiego-nowogrod-bobrzanski-naumburg-am-bober-zespol-163-sygnatura-pnb-ew","status":"publish","type":"page","link":"https:\/\/archiwum.diecezjazg.pl\/index.php\/zasoby-archiwalne\/akta-kosciola-ewangelickiego-nowogrod-bobrzanski-naumburg-am-bober-zespol-163-sygnatura-pnb-ew\/","title":{"rendered":"Akta ko\u015bcio\u0142a ewangelickiego Nowogr\u00f3d Bobrza\u0144ski Naumburg am Bober, zesp\u00f3\u0142 163, sygnatura PNB-ew"},"content":{"rendered":"\n<table id=\"tablepress-2151\" class=\"tablepress tablepress-id-2151\">\n<thead>\n<tr class=\"row-1 odd\">\n\t<th class=\"column-1\">Sygn<\/th><th class=\"column-2\">Zesp\u00f3\u0142 163<\/th><th class=\"column-3\">Tytu\u0142<\/th><th class=\"column-4\">Rok_ant<\/th><th class=\"column-5\">Rok_p<\/th><th class=\"column-6\">Rok_k<\/th><th class=\"column-7\">Rok_pos<\/th><th class=\"column-8\">Opis_fizyczny<\/th><th class=\"column-9\">ilo\u015b\u0107 stron<\/th><th class=\"column-10\">wymiar<\/th><th class=\"column-11\">j\u0119zyk<\/th><th class=\"column-12\">Sygnatury dawne<\/th><th class=\"column-13\">Uwagi<\/th>\n<\/tr>\n<\/thead>\n<tbody class=\"row-hover\">\n<tr class=\"row-2 even\">\n\t<td class=\"column-1\">PNB-ew 1<\/td><td class=\"column-2\">Ko\u015bci\u00f3\u0142 ewangelicki Nowogr\u00f3d Bobrza\u0144ski (Naumburg am Bober)<\/td><td class=\"column-3\">Duplicat des Trauunungs, Tauf und Begraebniss Buches<\/td><td class=\"column-4\"><\/td><td class=\"column-5\">1795<\/td><td class=\"column-6\">1796<\/td><td class=\"column-7\"><\/td><td class=\"column-8\">poszyt<\/td><td class=\"column-9\"><\/td><td class=\"column-10\"><\/td><td class=\"column-11\">niem<\/td><td class=\"column-12\"><\/td><td class=\"column-13\">Archiwum Parafii p.w. Wniebowzi\u0119cia NMP \u017baga\u0144<\/td>\n<\/tr>\n<tr class=\"row-3 odd\">\n\t<td class=\"column-1\">PNB-ew 2<\/td><td class=\"column-2\">Ko\u015bci\u00f3\u0142 ewangelicki Nowogr\u00f3d Bobrza\u0144ski (Naumburg am Bober)<\/td><td class=\"column-3\">Duplicat zum Trauunungs, Tauf und Begraebnissbuche der ewangel. Kirche zu Naumburg am Bober<\/td><td class=\"column-4\"><\/td><td class=\"column-5\">1832<\/td><td class=\"column-6\">1832<\/td><td class=\"column-7\"><\/td><td class=\"column-8\">poszyt<\/td><td class=\"column-9\"><\/td><td class=\"column-10\"><\/td><td class=\"column-11\">niem<\/td><td class=\"column-12\"><\/td><td class=\"column-13\">Archiwum Parafii p.w. Wniebowzi\u0119cia NMP \u017baga\u0144<\/td>\n<\/tr>\n<tr class=\"row-4 even\">\n\t<td class=\"column-1\">PNB-ew 3<\/td><td class=\"column-2\">Ko\u015bci\u00f3\u0142 ewangelicki Nowogr\u00f3d Bobrza\u0144ski (Naumburg am Bober)<\/td><td class=\"column-3\">Duplicat zum Trauunungs, Tauf und Begraebnissbuche der ewangel. Kirche zu Naumburg am Bober<\/td><td class=\"column-4\"><\/td><td class=\"column-5\">1833<\/td><td class=\"column-6\">1833<\/td><td class=\"column-7\"><\/td><td class=\"column-8\">poszyt<\/td><td class=\"column-9\"><\/td><td class=\"column-10\"><\/td><td class=\"column-11\">niem<\/td><td class=\"column-12\"><\/td><td class=\"column-13\">Archiwum Parafii p.w. Wniebowzi\u0119cia NMP \u017baga\u0144<\/td>\n<\/tr>\n<tr class=\"row-5 odd\">\n\t<td class=\"column-1\">PNB-ew 4<\/td><td class=\"column-2\">Ko\u015bci\u00f3\u0142 ewangelicki Nowogr\u00f3d Bobrza\u0144ski (Naumburg am Bober)<\/td><td class=\"column-3\">Duplicat zum Trauunungs, Tauf und Begraebnissbuche der ewangel. Kirche zu Naumburg am Bober<\/td><td class=\"column-4\"><\/td><td class=\"column-5\">1838<\/td><td class=\"column-6\">1838<\/td><td class=\"column-7\"><\/td><td class=\"column-8\">poszyt<\/td><td class=\"column-9\"><\/td><td class=\"column-10\"><\/td><td class=\"column-11\">niem<\/td><td class=\"column-12\"><\/td><td class=\"column-13\">Archiwum Parafii p.w. Wniebowzi\u0119cia NMP \u017baga\u0144<\/td>\n<\/tr>\n<tr class=\"row-6 even\">\n\t<td class=\"column-1\">PNB-ew 5<\/td><td class=\"column-2\">Ko\u015bci\u00f3\u0142 ewangelicki Nowogr\u00f3d Bobrza\u0144ski (Naumburg am Bober)<\/td><td class=\"column-3\">Duplicat zum Trauunungs, Tauf und Begraebnissbuche der ewangel. Kirche zu Naumburg am Bober<\/td><td class=\"column-4\"><\/td><td class=\"column-5\">1843<\/td><td class=\"column-6\">1843<\/td><td class=\"column-7\"><\/td><td class=\"column-8\">poszyt<\/td><td class=\"column-9\"><\/td><td class=\"column-10\"><\/td><td class=\"column-11\">niem<\/td><td class=\"column-12\"><\/td><td class=\"column-13\">Archiwum Parafii p.w. Wniebowzi\u0119cia NMP \u017baga\u0144<\/td>\n<\/tr>\n<tr class=\"row-7 odd\">\n\t<td class=\"column-1\">PNB-ew 6<\/td><td class=\"column-2\">Ko\u015bci\u00f3\u0142 ewangelicki Nowogr\u00f3d Bobrza\u0144ski (Naumburg am Bober)<\/td><td class=\"column-3\">Duplicat zum Trauunungs, Tauf und Begraebnissbuche der ewangel. Kirche zu Naumburg am Bober<\/td><td class=\"column-4\"><\/td><td class=\"column-5\">1844<\/td><td class=\"column-6\">1844<\/td><td class=\"column-7\"><\/td><td class=\"column-8\">poszyt<\/td><td class=\"column-9\"><\/td><td class=\"column-10\"><\/td><td class=\"column-11\">niem<\/td><td class=\"column-12\"><\/td><td class=\"column-13\">Archiwum Parafii p.w. Wniebowzi\u0119cia NMP \u017baga\u0144<\/td>\n<\/tr>\n<tr class=\"row-8 even\">\n\t<td class=\"column-1\">PNB-ew 7<\/td><td class=\"column-2\">Ko\u015bci\u00f3\u0142 ewangelicki Nowogr\u00f3d Bobrza\u0144ski (Naumburg am Bober)<\/td><td class=\"column-3\">Duplicat zum Trauunungs, Tauf und Begraebnissbuche der ewangel. Kirche zu Naumburg am Bober<\/td><td class=\"column-4\"><\/td><td class=\"column-5\">1850<\/td><td class=\"column-6\">1850<\/td><td class=\"column-7\"><\/td><td class=\"column-8\">poszyt<\/td><td class=\"column-9\"><\/td><td class=\"column-10\"><\/td><td class=\"column-11\">niem<\/td><td class=\"column-12\"><\/td><td class=\"column-13\">Archiwum Parafii p.w. Wniebowzi\u0119cia NMP \u017baga\u0144<\/td>\n<\/tr>\n<tr class=\"row-9 odd\">\n\t<td class=\"column-1\">PNB-ew 8<\/td><td class=\"column-2\">Ko\u015bci\u00f3\u0142 ewangelicki Nowogr\u00f3d Bobrza\u0144ski (Naumburg am Bober)<\/td><td class=\"column-3\">Duplicat zum Trauunungs, Tauf und Begraebnissbuche der ewangel. Kirche zu Naumburg am Bober<\/td><td class=\"column-4\"><\/td><td class=\"column-5\">1852<\/td><td class=\"column-6\">1852<\/td><td class=\"column-7\"><\/td><td class=\"column-8\">poszyt<\/td><td class=\"column-9\"><\/td><td class=\"column-10\"><\/td><td class=\"column-11\">niem<\/td><td class=\"column-12\"><\/td><td class=\"column-13\">Archiwum Parafii p.w. Wniebowzi\u0119cia NMP \u017baga\u0144<\/td>\n<\/tr>\n<tr class=\"row-10 even\">\n\t<td class=\"column-1\">PNB-ew 9<\/td><td class=\"column-2\">Ko\u015bci\u00f3\u0142 ewangelicki Nowogr\u00f3d Bobrza\u0144ski (Naumburg am Bober)<\/td><td class=\"column-3\">Trauunungen<\/td><td class=\"column-4\"><\/td><td class=\"column-5\">1870<\/td><td class=\"column-6\">1870<\/td><td class=\"column-7\"><\/td><td class=\"column-8\">poszyt<\/td><td class=\"column-9\"><\/td><td class=\"column-10\"><\/td><td class=\"column-11\">niem<\/td><td class=\"column-12\"><\/td><td class=\"column-13\">Archiwum Parafii p.w. Wniebowzi\u0119cia NMP \u017baga\u0144<\/td>\n<\/tr>\n<tr class=\"row-11 odd\">\n\t<td class=\"column-1\">PNB-ew 10<\/td><td class=\"column-2\">Ko\u015bci\u00f3\u0142 ewangelicki Nowogr\u00f3d Bobrza\u0144ski (Naumburg am Bober)<\/td><td class=\"column-3\">Begraebnisse<\/td><td class=\"column-4\"><\/td><td class=\"column-5\">1870<\/td><td class=\"column-6\">1870<\/td><td class=\"column-7\"><\/td><td class=\"column-8\">poszyt<\/td><td class=\"column-9\"><\/td><td class=\"column-10\"><\/td><td class=\"column-11\">niem<\/td><td class=\"column-12\"><\/td><td class=\"column-13\">Archiwum Parafii p.w. Wniebowzi\u0119cia NMP \u017baga\u0144<\/td>\n<\/tr>\n<\/tbody>\n<\/table>\n<!-- #tablepress-2151 from cache -->\n","protected":false},"excerpt":{"rendered":"","protected":false},"author":1,"featured_media":0,"parent":46,"menu_order":0,"comment_status":"closed","ping_status":"closed","template":"","meta":{"ngg_post_thumbnail":0},"_links":{"self":[{"href":"https:\/\/archiwum.diecezjazg.pl\/index.php\/wp-json\/wp\/v2\/pages\/1739"}],"collection":[{"href":"https:\/\/archiwum.diecezjazg.pl\/index.php\/wp-json\/wp\/v2\/pages"}],"about":[{"href":"https:\/\/archiwum.diecezjazg.pl\/index.php\/wp-json\/wp\/v2\/types\/page"}],"author":[{"embeddable":true,"href":"https:\/\/archiwum.diecezjazg.pl\/index.php\/wp-json\/wp\/v2\/users\/1"}],"replies":[{"embeddable":true,"href":"https:\/\/archiwum.diecezjazg.pl\/index.php\/wp-json\/wp\/v2\/comments?post=1739"}],"version-history":[{"count":1,"href":"https:\/\/archiwum.diecezjazg.pl\/index.php\/wp-json\/wp\/v2\/pages\/1739\/revisions"}],"predecessor-version":[{"id":1740,"href":"https:\/\/archiwum.diecezjazg.pl\/index.php\/wp-json\/wp\/v2\/pages\/1739\/revisions\/1740"}],"up":[{"embeddable":true,"href":"https:\/\/archiwum.diecezjazg.pl\/index.php\/wp-json\/wp\/v2\/pages\/46"}],"wp:attachment":[{"href":"https:\/\/archiwum.diecezjazg.pl\/index.php\/wp-json\/wp\/v2\/media?parent=1739"}],"curies":[{"name":"wp","href":"https:\/\/api.w.org\/{rel}","templated":true}]}}