{"id":1724,"date":"2017-09-26T18:46:59","date_gmt":"2017-09-26T16:46:59","guid":{"rendered":"http:\/\/www.archiwum.diecezjazg.pl\/?page_id=1724"},"modified":"2017-09-26T18:46:59","modified_gmt":"2017-09-26T16:46:59","slug":"akta-kosciola-ewangelickiego-zwierzyn-neu-mecklenburg-zespol-216-sygnatura-pzw-ew","status":"publish","type":"page","link":"https:\/\/archiwum.diecezjazg.pl\/index.php\/zasoby-archiwalne\/akta-kosciola-ewangelickiego-zwierzyn-neu-mecklenburg-zespol-216-sygnatura-pzw-ew\/","title":{"rendered":"Akta ko\u015bcio\u0142a ewangelickiego Zwierzy\u0144 Neu Mecklenburg, zesp\u00f3\u0142 216, sygnatura PZw-ew"},"content":{"rendered":"\n<table id=\"tablepress-2146\" class=\"tablepress tablepress-id-2146\">\n<thead>\n<tr class=\"row-1 odd\">\n\t<th class=\"column-1\">Sygn<\/th><th class=\"column-2\">Zesp\u00f3\u0142 216<\/th><th class=\"column-3\">Tytu\u0142<\/th><th class=\"column-4\">Rok_ant<\/th><th class=\"column-5\">Rok_p<\/th><th class=\"column-6\">Rok_k<\/th><th class=\"column-7\">Rok_pos<\/th><th class=\"column-8\">Opis_fizyczny<\/th><th class=\"column-9\">ilo\u015b\u0107 stron<\/th><th class=\"column-10\">wymiar<\/th><th class=\"column-11\">j\u0119zyk<\/th><th class=\"column-12\">Sygnatury dawne<\/th><th class=\"column-13\">Uwagi<\/th>\n<\/tr>\n<\/thead>\n<tbody class=\"row-hover\">\n<tr class=\"row-2 even\">\n\t<td class=\"column-1\">PZw-ew 1<\/td><td class=\"column-2\">Ko\u015bci\u00f3\u0142 ewangelicki Zwierzy\u0144 (Neu Mecklenburg)<\/td><td class=\"column-3\">[Ksi\u0119ga \u015blub\u00f3w (od 1841 do 1856), chrzt\u00f3w i zgon\u00f3w 1821-1857]<\/td><td class=\"column-4\"><\/td><td class=\"column-5\">1821<\/td><td class=\"column-6\">1857<\/td><td class=\"column-7\"><\/td><td class=\"column-8\">ksi\u0119ga powa\u017cnie zniszczona<\/td><td class=\"column-9\"><\/td><td class=\"column-10\">200x330<\/td><td class=\"column-11\">niem<\/td><td class=\"column-12\"><\/td><td class=\"column-13\">AP Zwierzy\u0144<\/td>\n<\/tr>\n<\/tbody>\n<\/table>\n<!-- #tablepress-2146 from cache -->\n","protected":false},"excerpt":{"rendered":"","protected":false},"author":1,"featured_media":0,"parent":46,"menu_order":0,"comment_status":"closed","ping_status":"closed","template":"","meta":{"ngg_post_thumbnail":0},"_links":{"self":[{"href":"https:\/\/archiwum.diecezjazg.pl\/index.php\/wp-json\/wp\/v2\/pages\/1724"}],"collection":[{"href":"https:\/\/archiwum.diecezjazg.pl\/index.php\/wp-json\/wp\/v2\/pages"}],"about":[{"href":"https:\/\/archiwum.diecezjazg.pl\/index.php\/wp-json\/wp\/v2\/types\/page"}],"author":[{"embeddable":true,"href":"https:\/\/archiwum.diecezjazg.pl\/index.php\/wp-json\/wp\/v2\/users\/1"}],"replies":[{"embeddable":true,"href":"https:\/\/archiwum.diecezjazg.pl\/index.php\/wp-json\/wp\/v2\/comments?post=1724"}],"version-history":[{"count":1,"href":"https:\/\/archiwum.diecezjazg.pl\/index.php\/wp-json\/wp\/v2\/pages\/1724\/revisions"}],"predecessor-version":[{"id":1725,"href":"https:\/\/archiwum.diecezjazg.pl\/index.php\/wp-json\/wp\/v2\/pages\/1724\/revisions\/1725"}],"up":[{"embeddable":true,"href":"https:\/\/archiwum.diecezjazg.pl\/index.php\/wp-json\/wp\/v2\/pages\/46"}],"wp:attachment":[{"href":"https:\/\/archiwum.diecezjazg.pl\/index.php\/wp-json\/wp\/v2\/media?parent=1724"}],"curies":[{"name":"wp","href":"https:\/\/api.w.org\/{rel}","templated":true}]}}