{"id":1720,"date":"2017-09-26T18:44:54","date_gmt":"2017-09-26T16:44:54","guid":{"rendered":"http:\/\/www.archiwum.diecezjazg.pl\/?page_id=1720"},"modified":"2017-09-26T18:45:09","modified_gmt":"2017-09-26T16:45:09","slug":"akta-parafii-katolickiej-zazule-kozaki-zespol-214-sygnatura-pzk-kat","status":"publish","type":"page","link":"https:\/\/archiwum.diecezjazg.pl\/index.php\/zasoby-archiwalne\/akta-parafii-katolickiej-zazule-kozaki-zespol-214-sygnatura-pzk-kat\/","title":{"rendered":"Akta parafii katolickiej Zazule-Kozaki, zesp\u00f3\u0142 214, sygnatura PZK-kat"},"content":{"rendered":"\n<table id=\"tablepress-2144\" class=\"tablepress tablepress-id-2144\">\n<thead>\n<tr class=\"row-1 odd\">\n\t<th class=\"column-1\">Sygn<\/th><th class=\"column-2\">Zesp\u00f3\u0142 214<\/th><th class=\"column-3\">Tytu\u0142<\/th><th class=\"column-4\">Rok_ant<\/th><th class=\"column-5\">Rok_p<\/th><th class=\"column-6\">Rok_k<\/th><th class=\"column-7\">Rok_pos<\/th><th class=\"column-8\">Opis_fizyczny<\/th><th class=\"column-9\">ilo\u015b\u0107 stron<\/th><th class=\"column-10\">wymiar<\/th><th class=\"column-11\">j\u0119zyk<\/th><th class=\"column-12\">Sygnatury dawne<\/th><th class=\"column-13\">Uwagi<\/th>\n<\/tr>\n<\/thead>\n<tbody class=\"row-hover\">\n<tr class=\"row-2 even\">\n\t<td class=\"column-1\">PZK-kat 1<\/td><td class=\"column-2\">Parafia rzymskokatolicka Zazule-Kozaki<\/td><td class=\"column-3\">Metrices Zazule. Natorum 1930-1944, Copul 1930-1942, Mort 1930-1944<\/td><td class=\"column-4\"><\/td><td class=\"column-5\">1930<\/td><td class=\"column-6\">1944<\/td><td class=\"column-7\"><\/td><td class=\"column-8\">ksi\u0119ga<\/td><td class=\"column-9\"><\/td><td class=\"column-10\">260x415<\/td><td class=\"column-11\">\u0142ac, pol<\/td><td class=\"column-12\"><\/td><td class=\"column-13\">AP Pyrzany<\/td>\n<\/tr>\n<tr class=\"row-3 odd\">\n\t<td class=\"column-1\">PZK-kat 2<\/td><td class=\"column-2\">Parafia rzymskokatolicka Zazule-Kozaki<\/td><td class=\"column-3\">Ksi\u0119ga zapowiedzi 1907-1924; 1929-1937<\/td><td class=\"column-4\"><\/td><td class=\"column-5\">1907<\/td><td class=\"column-6\">1944<\/td><td class=\"column-7\"><\/td><td class=\"column-8\">ksi\u0119ga<\/td><td class=\"column-9\"><\/td><td class=\"column-10\">260x415<\/td><td class=\"column-11\">\u0142ac, pol<\/td><td class=\"column-12\"><\/td><td class=\"column-13\">AP Pyrzany<\/td>\n<\/tr>\n<tr class=\"row-4 even\">\n\t<td class=\"column-1\">PZK-kat 3<\/td><td class=\"column-2\">Parafia rzymskokatolicka Zazule-Kozaki<\/td><td class=\"column-3\">Ksi\u0119ga zapowiedzi. Tom II<\/td><td class=\"column-4\"><\/td><td class=\"column-5\">1938<\/td><td class=\"column-6\">1943<\/td><td class=\"column-7\"><\/td><td class=\"column-8\">ksi\u0119ga<\/td><td class=\"column-9\">16<\/td><td class=\"column-10\">250x400<\/td><td class=\"column-11\">\u0142ac, pol<\/td><td class=\"column-12\"><\/td><td class=\"column-13\">AP Pyrzany<\/td>\n<\/tr>\n<tr class=\"row-5 odd\">\n\t<td class=\"column-1\">PZK-kat 4<\/td><td class=\"column-2\">Parafia rzymskokatolicka Zazule-Kozaki. Ko\u015bci\u00f3\u0142 filialny Luka (1823-1944)<\/td><td class=\"column-3\">Metrices Pagi Luka. Natorum 1824-1928, Copul 1823-1942, Mort 1821-1943<\/td><td class=\"column-4\"><\/td><td class=\"column-5\">1823<\/td><td class=\"column-6\">1943<\/td><td class=\"column-7\"><\/td><td class=\"column-8\">ksi\u0119ga<\/td><td class=\"column-9\"><\/td><td class=\"column-10\">230x350<\/td><td class=\"column-11\">\u0142ac, pol<\/td><td class=\"column-12\"><\/td><td class=\"column-13\">AP Pyrzany<\/td>\n<\/tr>\n<tr class=\"row-6 even\">\n\t<td class=\"column-1\">PZK-kat 5<\/td><td class=\"column-2\">Parafia rzymskokatolicka Zazule-Kozaki. Ko\u015bci\u00f3\u0142 filialny Luka (1823-1944)<\/td><td class=\"column-3\">[Liber baptizatorum Luka<\/td><td class=\"column-4\"><\/td><td class=\"column-5\">1929<\/td><td class=\"column-6\">1944<\/td><td class=\"column-7\"><\/td><td class=\"column-8\">ksi\u0119ga<\/td><td class=\"column-9\"><\/td><td class=\"column-10\">260x415<\/td><td class=\"column-11\">\u0142ac, pol<\/td><td class=\"column-12\"><\/td><td class=\"column-13\">AP Pyrzany<\/td>\n<\/tr>\n<tr class=\"row-7 odd\">\n\t<td class=\"column-1\">PZK-kat 6<\/td><td class=\"column-2\">Parafia rzymskokatolicka Zazule-Kozaki. Ko\u015bci\u00f3\u0142 filialny Podlipce <\/td><td class=\"column-3\">Metrices Pagi Podlipce. Natorum 1930-1944, Copul 1930-1943, Mort 1929-1942<\/td><td class=\"column-4\"><\/td><td class=\"column-5\">1929<\/td><td class=\"column-6\">1944<\/td><td class=\"column-7\"><\/td><td class=\"column-8\">ksi\u0119ga<\/td><td class=\"column-9\"><\/td><td class=\"column-10\">260x415<\/td><td class=\"column-11\">\u0142ac, pol<\/td><td class=\"column-12\"><\/td><td class=\"column-13\">AP Pyrzany<\/td>\n<\/tr>\n<tr class=\"row-8 even\">\n\t<td class=\"column-1\">PZK-kat 7<\/td><td class=\"column-2\">Parafia rzymskokatolicka Zazule-Kozaki. Ko\u015bci\u00f3\u0142 filialny Tro\u015bcianiec Ma\u0142y (1926-1944)<\/td><td class=\"column-3\">Liber metricalis pagi Tro\u015bcianiec Ma\u0142y. Natorum 1926-1944, Copulatorum 1926-1943, Mortuorum -19261943<\/td><td class=\"column-4\"><\/td><td class=\"column-5\">1926<\/td><td class=\"column-6\">1944<\/td><td class=\"column-7\"><\/td><td class=\"column-8\">ksi\u0119ga<\/td><td class=\"column-9\"><\/td><td class=\"column-10\">265x420<\/td><td class=\"column-11\">\u0142ac, pol<\/td><td class=\"column-12\"><\/td><td class=\"column-13\">AP Pyrzany<\/td>\n<\/tr>\n<\/tbody>\n<\/table>\n<!-- #tablepress-2144 from cache -->\n","protected":false},"excerpt":{"rendered":"","protected":false},"author":1,"featured_media":0,"parent":46,"menu_order":0,"comment_status":"closed","ping_status":"closed","template":"","meta":{"ngg_post_thumbnail":0},"_links":{"self":[{"href":"https:\/\/archiwum.diecezjazg.pl\/index.php\/wp-json\/wp\/v2\/pages\/1720"}],"collection":[{"href":"https:\/\/archiwum.diecezjazg.pl\/index.php\/wp-json\/wp\/v2\/pages"}],"about":[{"href":"https:\/\/archiwum.diecezjazg.pl\/index.php\/wp-json\/wp\/v2\/types\/page"}],"author":[{"embeddable":true,"href":"https:\/\/archiwum.diecezjazg.pl\/index.php\/wp-json\/wp\/v2\/users\/1"}],"replies":[{"embeddable":true,"href":"https:\/\/archiwum.diecezjazg.pl\/index.php\/wp-json\/wp\/v2\/comments?post=1720"}],"version-history":[{"count":1,"href":"https:\/\/archiwum.diecezjazg.pl\/index.php\/wp-json\/wp\/v2\/pages\/1720\/revisions"}],"predecessor-version":[{"id":1721,"href":"https:\/\/archiwum.diecezjazg.pl\/index.php\/wp-json\/wp\/v2\/pages\/1720\/revisions\/1721"}],"up":[{"embeddable":true,"href":"https:\/\/archiwum.diecezjazg.pl\/index.php\/wp-json\/wp\/v2\/pages\/46"}],"wp:attachment":[{"href":"https:\/\/archiwum.diecezjazg.pl\/index.php\/wp-json\/wp\/v2\/media?parent=1720"}],"curies":[{"name":"wp","href":"https:\/\/api.w.org\/{rel}","templated":true}]}}