{"id":1714,"date":"2017-09-26T18:41:41","date_gmt":"2017-09-26T16:41:41","guid":{"rendered":"http:\/\/www.archiwum.diecezjazg.pl\/?page_id=1714"},"modified":"2017-09-26T18:41:41","modified_gmt":"2017-09-26T16:41:41","slug":"akta-parafii-katolickiej-zablotow-zespol-211-sygnatura-pz-kat","status":"publish","type":"page","link":"https:\/\/archiwum.diecezjazg.pl\/index.php\/zasoby-archiwalne\/akta-parafii-katolickiej-zablotow-zespol-211-sygnatura-pz-kat\/","title":{"rendered":"Akta parafii katolickiej Zab\u0142ot\u00f3w, zesp\u00f3\u0142 211, sygnatura PZ-kat"},"content":{"rendered":"\n<table id=\"tablepress-2141\" class=\"tablepress tablepress-id-2141\">\n<thead>\n<tr class=\"row-1 odd\">\n\t<th class=\"column-1\">Sygn<\/th><th class=\"column-2\">Zesp\u00f3\u0142 211<\/th><th class=\"column-3\">Tytu\u0142<\/th><th class=\"column-4\">Rok_ant<\/th><th class=\"column-5\">Rok_p<\/th><th class=\"column-6\">Rok_k<\/th><th class=\"column-7\">Rok_pos<\/th><th class=\"column-8\">Opis_fizyczny<\/th><th class=\"column-9\">ilo\u015b\u0107 stron<\/th><th class=\"column-10\">wymiar<\/th><th class=\"column-11\">j\u0119zyk<\/th><th class=\"column-12\">Sygnatury dawne<\/th><th class=\"column-13\">Uwagi<\/th>\n<\/tr>\n<\/thead>\n<tbody class=\"row-hover\">\n<tr class=\"row-2 even\">\n\t<td class=\"column-1\">PZ-kat 1<\/td><td class=\"column-2\">Parafia rzymskokatolicka Zab\u0142ot\u00f3w (powiat \u015aniaty\u0144, woj.stanis\u0142awowskie)<\/td><td class=\"column-3\">Liber Contrahentum\u2026<\/td><td class=\"column-4\"><\/td><td class=\"column-5\">1751<\/td><td class=\"column-6\">1760<\/td><td class=\"column-7\"><\/td><td class=\"column-8\">akta lu\u017ane<\/td><td class=\"column-9\">brak pag.<\/td><td class=\"column-10\"> <\/td><td class=\"column-11\">pol, \u0142ac<\/td><td class=\"column-12\"><\/td><td class=\"column-13\"><\/td>\n<\/tr>\n<tr class=\"row-3 odd\">\n\t<td class=\"column-1\">PZ-kat 2<\/td><td class=\"column-2\">Parafia rzymskokatolicka Zab\u0142ot\u00f3w (powiat \u015aniaty\u0144, woj.stanis\u0142awowskie)<\/td><td class=\"column-3\">Liber exursionium\u2026<\/td><td class=\"column-4\"><\/td><td class=\"column-5\">1839<\/td><td class=\"column-6\">1906<\/td><td class=\"column-7\"><\/td><td class=\"column-8\">ksi\u0119ga<\/td><td class=\"column-9\">brak pag.<\/td><td class=\"column-10\"> <\/td><td class=\"column-11\">pol, \u0142ac<\/td><td class=\"column-12\"><\/td><td class=\"column-13\"><\/td>\n<\/tr>\n<tr class=\"row-4 even\">\n\t<td class=\"column-1\">PZ-kat 3<\/td><td class=\"column-2\">Parafia rzymskokatolicka Zab\u0142ot\u00f3w (powiat \u015aniaty\u0144, woj.stanis\u0142awowskie)<\/td><td class=\"column-3\">Obligationes fundata<\/td><td class=\"column-4\"><\/td><td class=\"column-5\">1839<\/td><td class=\"column-6\">1897<\/td><td class=\"column-7\"><\/td><td class=\"column-8\">ksi\u0119ga<\/td><td class=\"column-9\">brak pag.<\/td><td class=\"column-10\"> <\/td><td class=\"column-11\">pol, \u0142ac<\/td><td class=\"column-12\"><\/td><td class=\"column-13\"><\/td>\n<\/tr>\n<tr class=\"row-5 odd\">\n\t<td class=\"column-1\">PZ-kat 4<\/td><td class=\"column-2\">Parafia rzymskokatolicka Zab\u0142ot\u00f3w (powiat \u015aniaty\u0144, woj.stanis\u0142awowskie)<\/td><td class=\"column-3\">Ksi\u0119ga Narodze\u0144 Tr\u00f3jca<\/td><td class=\"column-4\"><\/td><td class=\"column-5\">1883<\/td><td class=\"column-6\">1897<\/td><td class=\"column-7\"><\/td><td class=\"column-8\">ksi\u0119ga<\/td><td class=\"column-9\">brak pag.<\/td><td class=\"column-10\"> <\/td><td class=\"column-11\">pol, \u0142ac<\/td><td class=\"column-12\"><\/td><td class=\"column-13\"><\/td>\n<\/tr>\n<tr class=\"row-6 even\">\n\t<td class=\"column-1\">PZ-kat 5<\/td><td class=\"column-2\">Parafia rzymskokatolicka Zab\u0142ot\u00f3w (powiat \u015aniaty\u0144, woj.stanis\u0142awowskie)<\/td><td class=\"column-3\">Index Copulatorum<\/td><td class=\"column-4\"><\/td><td class=\"column-5\"> <\/td><td class=\"column-6\"> <\/td><td class=\"column-7\"><\/td><td class=\"column-8\">ksi\u0119ga<\/td><td class=\"column-9\">brak pag.<\/td><td class=\"column-10\"> <\/td><td class=\"column-11\">pol, \u0142ac<\/td><td class=\"column-12\"><\/td><td class=\"column-13\"><\/td>\n<\/tr>\n<tr class=\"row-7 odd\">\n\t<td class=\"column-1\">PZ-kat 6<\/td><td class=\"column-2\">Parafia rzymskokatolicka Zab\u0142ot\u00f3w (powiat \u015aniaty\u0144, woj.stanis\u0142awowskie)<\/td><td class=\"column-3\">[Wypisy z akt metrykalnych z r\u00f3\u017cnych parafii, za\u015bwiadczenia ewakuacyjne]<\/td><td class=\"column-4\"><\/td><td class=\"column-5\">1933<\/td><td class=\"column-6\">1976<\/td><td class=\"column-7\"><\/td><td class=\"column-8\">akta lu\u017ane<\/td><td class=\"column-9\">brak pag.<\/td><td class=\"column-10\"> <\/td><td class=\"column-11\">pol, \u0142ac, niem, ukr, ros.<\/td><td class=\"column-12\"><\/td><td class=\"column-13\"><\/td>\n<\/tr>\n<\/tbody>\n<\/table>\n<!-- #tablepress-2141 from cache -->\n","protected":false},"excerpt":{"rendered":"","protected":false},"author":1,"featured_media":0,"parent":46,"menu_order":0,"comment_status":"closed","ping_status":"closed","template":"","meta":{"ngg_post_thumbnail":0},"_links":{"self":[{"href":"https:\/\/archiwum.diecezjazg.pl\/index.php\/wp-json\/wp\/v2\/pages\/1714"}],"collection":[{"href":"https:\/\/archiwum.diecezjazg.pl\/index.php\/wp-json\/wp\/v2\/pages"}],"about":[{"href":"https:\/\/archiwum.diecezjazg.pl\/index.php\/wp-json\/wp\/v2\/types\/page"}],"author":[{"embeddable":true,"href":"https:\/\/archiwum.diecezjazg.pl\/index.php\/wp-json\/wp\/v2\/users\/1"}],"replies":[{"embeddable":true,"href":"https:\/\/archiwum.diecezjazg.pl\/index.php\/wp-json\/wp\/v2\/comments?post=1714"}],"version-history":[{"count":1,"href":"https:\/\/archiwum.diecezjazg.pl\/index.php\/wp-json\/wp\/v2\/pages\/1714\/revisions"}],"predecessor-version":[{"id":1715,"href":"https:\/\/archiwum.diecezjazg.pl\/index.php\/wp-json\/wp\/v2\/pages\/1714\/revisions\/1715"}],"up":[{"embeddable":true,"href":"https:\/\/archiwum.diecezjazg.pl\/index.php\/wp-json\/wp\/v2\/pages\/46"}],"wp:attachment":[{"href":"https:\/\/archiwum.diecezjazg.pl\/index.php\/wp-json\/wp\/v2\/media?parent=1714"}],"curies":[{"name":"wp","href":"https:\/\/api.w.org\/{rel}","templated":true}]}}